{"id":93,"date":"2021-02-15T12:28:00","date_gmt":"2021-02-15T12:28:00","guid":{"rendered":"https:\/\/oxygiene.pt\/loja\/?post_type=product&#038;p=93"},"modified":"2021-05-28T15:06:29","modified_gmt":"2021-05-28T15:06:29","slug":"bico-de-pulverizacao-40-80-110-microns-vp50","status":"publish","type":"product","link":"https:\/\/oxygiene.pt\/loja\/product\/bico-de-pulverizacao-40-80-110-microns-vp50\/","title":{"rendered":"Bico de Pulveriza\u00e7\u00e3o 40 \/ 80 \/ 110 Microns VP50"},"content":{"rendered":"<p>O bico 3 em 1 Victory \u00e9 constru\u00eddo com 3 pontas de spray de a\u00e7o inoxid\u00e1vel para resistir \u00e0 corros\u00e3o dos produtos qu\u00edmicos mais severos.<br \/>\nCont\u00e9m 2 bicos de &#8220;full cone&#8221; em 40 e 80 m\u00edcrons e um bico de \u00e2ngulo 120\u00b0 com 110 m\u00edcrons para aplica\u00e7\u00f5es mais humedecidas.<br \/>\nCompat\u00edvel com pulverizadores port\u00e1teis (VP200ES) e Mochila (VP300ES).<\/p>\n","protected":false},"excerpt":{"rendered":"<p>O bico 3 em 1 Victory \u00e9 constru\u00eddo com 3 pontas de spray de a\u00e7o inoxid\u00e1vel para resistir \u00e0 corros\u00e3o dos produtos qu\u00edmicos mais severos. Cont\u00e9m 2 bicos de &#8220;full cone&#8221; em 40 e 80 m\u00edcrons e um bico de \u00e2ngulo 120\u00b0 com 110 m\u00edcrons para aplica\u00e7\u00f5es mais humedecidas. Compat\u00edvel com pulverizadores port\u00e1teis (VP200ES) e Mochila (VP300ES).<\/p>\n","protected":false},"featured_media":95,"comment_status":"open","ping_status":"closed","template":"","meta":[],"yoast_head":"<!-- This site is optimized with the Yoast SEO plugin v16.1.1 - https:\/\/yoast.com\/wordpress\/plugins\/seo\/ -->\n<title>Bico de Pulveriza\u00e7\u00e3o 40 \/ 80 \/ 110 Microns VP50 - Oxygiene<\/title>\n<link rel=\"canonical\" href=\"https:\/\/oxygiene.pt\/loja\/product\/bico-de-pulverizacao-40-80-110-microns-vp50\/\" \/>\n<meta property=\"og:locale\" content=\"pt_PT\" \/>\n<meta property=\"og:type\" content=\"article\" \/>\n<meta property=\"og:title\" content=\"Bico de Pulveriza\u00e7\u00e3o 40 \/ 80 \/ 110 Microns VP50 - Oxygiene\" \/>\n<meta property=\"og:description\" content=\"O bico 3 em 1 Victory \u00e9 constru\u00eddo com 3 pontas de spray de a\u00e7o inoxid\u00e1vel para resistir \u00e0 corros\u00e3o dos produtos qu\u00edmicos mais severos. Cont\u00e9m 2 bicos de &#8220;full cone&#8221; em 40 e 80 m\u00edcrons e um bico de \u00e2ngulo 120\u00b0 com 110 m\u00edcrons para aplica\u00e7\u00f5es mais humedecidas. Compat\u00edvel com pulverizadores port\u00e1teis (VP200ES) e Mochila (VP300ES).\" \/>\n<meta property=\"og:url\" content=\"https:\/\/oxygiene.pt\/loja\/product\/bico-de-pulverizacao-40-80-110-microns-vp50\/\" \/>\n<meta property=\"og:site_name\" content=\"Oxygiene\" \/>\n<meta property=\"article:modified_time\" content=\"2021-05-28T15:06:29+00:00\" \/>\n<meta property=\"og:image\" content=\"https:\/\/oxygiene.pt\/loja\/wp-content\/uploads\/2021\/02\/Bico-de-Pulverizac\u0327a\u0303o-40-80-110-Microns-VP50.png\" \/>\n\t<meta property=\"og:image:width\" content=\"2000\" \/>\n\t<meta property=\"og:image:height\" content=\"2000\" \/>\n<meta name=\"twitter:card\" content=\"summary_large_image\" \/>\n<script type=\"application\/ld+json\" class=\"yoast-schema-graph\">{\"@context\":\"https:\/\/schema.org\",\"@graph\":[{\"@type\":\"WebSite\",\"@id\":\"https:\/\/oxygiene.pt\/loja\/#website\",\"url\":\"https:\/\/oxygiene.pt\/loja\/\",\"name\":\"Oxygiene\",\"description\":\"Solu\\u00e7\\u00f5es de desinfe\\u00e7\\u00e3o e limpeza\",\"potentialAction\":[{\"@type\":\"SearchAction\",\"target\":\"https:\/\/oxygiene.pt\/loja\/?s={search_term_string}\",\"query-input\":\"required name=search_term_string\"}],\"inLanguage\":\"pt-PT\"},{\"@type\":\"ImageObject\",\"@id\":\"https:\/\/oxygiene.pt\/loja\/product\/bico-de-pulverizacao-40-80-110-microns-vp50\/#primaryimage\",\"inLanguage\":\"pt-PT\",\"url\":\"https:\/\/oxygiene.pt\/loja\/wp-content\/uploads\/2021\/02\/Bico-de-Pulverizac\\u0327a\\u0303o-40-80-110-Microns-VP50.png\",\"contentUrl\":\"https:\/\/oxygiene.pt\/loja\/wp-content\/uploads\/2021\/02\/Bico-de-Pulverizac\\u0327a\\u0303o-40-80-110-Microns-VP50.png\",\"width\":2000,\"height\":2000,\"caption\":\"Bico de Pulverizac\\u0327a\\u0303o 40 : 80 : 110 Microns VP50\"},{\"@type\":\"WebPage\",\"@id\":\"https:\/\/oxygiene.pt\/loja\/product\/bico-de-pulverizacao-40-80-110-microns-vp50\/#webpage\",\"url\":\"https:\/\/oxygiene.pt\/loja\/product\/bico-de-pulverizacao-40-80-110-microns-vp50\/\",\"name\":\"Bico de Pulveriza\\u00e7\\u00e3o 40 \/ 80 \/ 110 Microns VP50 - Oxygiene\",\"isPartOf\":{\"@id\":\"https:\/\/oxygiene.pt\/loja\/#website\"},\"primaryImageOfPage\":{\"@id\":\"https:\/\/oxygiene.pt\/loja\/product\/bico-de-pulverizacao-40-80-110-microns-vp50\/#primaryimage\"},\"datePublished\":\"2021-02-15T12:28:00+00:00\",\"dateModified\":\"2021-05-28T15:06:29+00:00\",\"breadcrumb\":{\"@id\":\"https:\/\/oxygiene.pt\/loja\/product\/bico-de-pulverizacao-40-80-110-microns-vp50\/#breadcrumb\"},\"inLanguage\":\"pt-PT\",\"potentialAction\":[{\"@type\":\"ReadAction\",\"target\":[\"https:\/\/oxygiene.pt\/loja\/product\/bico-de-pulverizacao-40-80-110-microns-vp50\/\"]}]},{\"@type\":\"BreadcrumbList\",\"@id\":\"https:\/\/oxygiene.pt\/loja\/product\/bico-de-pulverizacao-40-80-110-microns-vp50\/#breadcrumb\",\"itemListElement\":[{\"@type\":\"ListItem\",\"position\":1,\"item\":{\"@type\":\"WebPage\",\"@id\":\"https:\/\/oxygiene.pt\/loja\/\",\"url\":\"https:\/\/oxygiene.pt\/loja\/\",\"name\":\"In\\u00edcio\"}},{\"@type\":\"ListItem\",\"position\":2,\"item\":{\"@type\":\"WebPage\",\"@id\":\"https:\/\/oxygiene.pt\/loja\/?page_id=8\",\"url\":\"https:\/\/oxygiene.pt\/loja\/?page_id=8\",\"name\":\"Produtos_antigo\"}},{\"@type\":\"ListItem\",\"position\":3,\"item\":{\"@type\":\"WebPage\",\"@id\":\"https:\/\/oxygiene.pt\/loja\/product\/bico-de-pulverizacao-40-80-110-microns-vp50\/\",\"url\":\"https:\/\/oxygiene.pt\/loja\/product\/bico-de-pulverizacao-40-80-110-microns-vp50\/\",\"name\":\"Bico de Pulveriza\\u00e7\\u00e3o 40 \/ 80 \/ 110 Microns VP50\"}}]}]}<\/script>\n<!-- \/ Yoast SEO plugin. -->","_links":{"self":[{"href":"https:\/\/oxygiene.pt\/loja\/wp-json\/wp\/v2\/product\/93"}],"collection":[{"href":"https:\/\/oxygiene.pt\/loja\/wp-json\/wp\/v2\/product"}],"about":[{"href":"https:\/\/oxygiene.pt\/loja\/wp-json\/wp\/v2\/types\/product"}],"replies":[{"embeddable":true,"href":"https:\/\/oxygiene.pt\/loja\/wp-json\/wp\/v2\/comments?post=93"}],"wp:featuredmedia":[{"embeddable":true,"href":"https:\/\/oxygiene.pt\/loja\/wp-json\/wp\/v2\/media\/95"}],"wp:attachment":[{"href":"https:\/\/oxygiene.pt\/loja\/wp-json\/wp\/v2\/media?parent=93"}],"curies":[{"name":"wp","href":"https:\/\/api.w.org\/{rel}","templated":true}]}}