{"id":80,"date":"2021-02-15T12:16:43","date_gmt":"2021-02-15T12:16:43","guid":{"rendered":"https:\/\/oxygiene.pt\/loja\/?post_type=product&#038;p=80"},"modified":"2022-11-11T17:17:02","modified_gmt":"2022-11-11T17:17:02","slug":"vareta-de-extensao-de-12-vp72","status":"publish","type":"product","link":"https:\/\/oxygiene.pt\/loja\/product\/vareta-de-extensao-de-12-vp72\/","title":{"rendered":"Vareta de Extens\u00e3o de 12&#8243; VP72"},"content":{"rendered":"","protected":false},"excerpt":{"rendered":"<p>A vareta de Extens\u00e3o da Victory foi constru\u00edda para dar um alcance extra aos pulverizadores da Victory Innovations. A vareta \u00e9 constru\u00edda a partir de materiais n\u00e3o condutores e n\u00e3o corrosivos e \u00e9 compat\u00edvel todos os bicos\/bocais de spray incluindo nosso bico padr\u00e3o VP50 3-em-1.<\/p>\n<p>Compat\u00edvel com Pistola VP200 e Mochila VP300.<\/p>\n<p>&nbsp;<\/p>\n","protected":false},"featured_media":81,"comment_status":"open","ping_status":"closed","template":"","meta":[],"yoast_head":"<!-- This site is optimized with the Yoast SEO plugin v16.1.1 - https:\/\/yoast.com\/wordpress\/plugins\/seo\/ -->\n<title>Vareta de Extens\u00e3o de 12&quot; VP72 - Oxygiene<\/title>\n<link rel=\"canonical\" href=\"https:\/\/oxygiene.pt\/loja\/product\/vareta-de-extensao-de-12-vp72\/\" \/>\n<meta property=\"og:locale\" content=\"pt_PT\" \/>\n<meta property=\"og:type\" content=\"article\" \/>\n<meta property=\"og:title\" content=\"Vareta de Extens\u00e3o de 12&quot; VP72 - Oxygiene\" \/>\n<meta property=\"og:description\" content=\"A vareta de Extens\u00e3o da Victory foi constru\u00edda para dar um alcance extra aos pulverizadores da Victory Innovations. A vareta \u00e9 constru\u00edda a partir de materiais n\u00e3o condutores e n\u00e3o corrosivos e \u00e9 compat\u00edvel todos os bicos\/bocais de spray incluindo nosso bico padr\u00e3o VP50 3-em-1.  Compat\u00edvel com Pistola VP200 e Mochila VP300.  &nbsp;\" \/>\n<meta property=\"og:url\" content=\"https:\/\/oxygiene.pt\/loja\/product\/vareta-de-extensao-de-12-vp72\/\" \/>\n<meta property=\"og:site_name\" content=\"Oxygiene\" \/>\n<meta property=\"article:modified_time\" content=\"2022-11-11T17:17:02+00:00\" \/>\n<meta property=\"og:image\" content=\"https:\/\/oxygiene.pt\/loja\/wp-content\/uploads\/2021\/02\/Vareta-de-Extensa\u0303o-de-1222-VP72-.png\" \/>\n\t<meta property=\"og:image:width\" content=\"2000\" \/>\n\t<meta property=\"og:image:height\" content=\"2000\" \/>\n<meta name=\"twitter:card\" content=\"summary_large_image\" \/>\n<script type=\"application\/ld+json\" class=\"yoast-schema-graph\">{\"@context\":\"https:\/\/schema.org\",\"@graph\":[{\"@type\":\"WebSite\",\"@id\":\"https:\/\/oxygiene.pt\/loja\/#website\",\"url\":\"https:\/\/oxygiene.pt\/loja\/\",\"name\":\"Oxygiene\",\"description\":\"Solu\\u00e7\\u00f5es de desinfe\\u00e7\\u00e3o e limpeza\",\"potentialAction\":[{\"@type\":\"SearchAction\",\"target\":\"https:\/\/oxygiene.pt\/loja\/?s={search_term_string}\",\"query-input\":\"required name=search_term_string\"}],\"inLanguage\":\"pt-PT\"},{\"@type\":\"ImageObject\",\"@id\":\"https:\/\/oxygiene.pt\/loja\/product\/vareta-de-extensao-de-12-vp72\/#primaryimage\",\"inLanguage\":\"pt-PT\",\"url\":\"https:\/\/oxygiene.pt\/loja\/wp-content\/uploads\/2021\/02\/Vareta-de-Extensa\\u0303o-de-1222-VP72-.png\",\"contentUrl\":\"https:\/\/oxygiene.pt\/loja\/wp-content\/uploads\/2021\/02\/Vareta-de-Extensa\\u0303o-de-1222-VP72-.png\",\"width\":2000,\"height\":2000,\"caption\":\"Vareta de Extensa\\u0303o de 12 VP72\"},{\"@type\":\"WebPage\",\"@id\":\"https:\/\/oxygiene.pt\/loja\/product\/vareta-de-extensao-de-12-vp72\/#webpage\",\"url\":\"https:\/\/oxygiene.pt\/loja\/product\/vareta-de-extensao-de-12-vp72\/\",\"name\":\"Vareta de Extens\\u00e3o de 12\\\" VP72 - Oxygiene\",\"isPartOf\":{\"@id\":\"https:\/\/oxygiene.pt\/loja\/#website\"},\"primaryImageOfPage\":{\"@id\":\"https:\/\/oxygiene.pt\/loja\/product\/vareta-de-extensao-de-12-vp72\/#primaryimage\"},\"datePublished\":\"2021-02-15T12:16:43+00:00\",\"dateModified\":\"2022-11-11T17:17:02+00:00\",\"breadcrumb\":{\"@id\":\"https:\/\/oxygiene.pt\/loja\/product\/vareta-de-extensao-de-12-vp72\/#breadcrumb\"},\"inLanguage\":\"pt-PT\",\"potentialAction\":[{\"@type\":\"ReadAction\",\"target\":[\"https:\/\/oxygiene.pt\/loja\/product\/vareta-de-extensao-de-12-vp72\/\"]}]},{\"@type\":\"BreadcrumbList\",\"@id\":\"https:\/\/oxygiene.pt\/loja\/product\/vareta-de-extensao-de-12-vp72\/#breadcrumb\",\"itemListElement\":[{\"@type\":\"ListItem\",\"position\":1,\"item\":{\"@type\":\"WebPage\",\"@id\":\"https:\/\/oxygiene.pt\/loja\/\",\"url\":\"https:\/\/oxygiene.pt\/loja\/\",\"name\":\"In\\u00edcio\"}},{\"@type\":\"ListItem\",\"position\":2,\"item\":{\"@type\":\"WebPage\",\"@id\":\"https:\/\/oxygiene.pt\/loja\/?page_id=8\",\"url\":\"https:\/\/oxygiene.pt\/loja\/?page_id=8\",\"name\":\"Produtos_antigo\"}},{\"@type\":\"ListItem\",\"position\":3,\"item\":{\"@type\":\"WebPage\",\"@id\":\"https:\/\/oxygiene.pt\/loja\/product\/vareta-de-extensao-de-12-vp72\/\",\"url\":\"https:\/\/oxygiene.pt\/loja\/product\/vareta-de-extensao-de-12-vp72\/\",\"name\":\"Vareta de Extens\\u00e3o de 12&#8243; VP72\"}}]}]}<\/script>\n<!-- \/ Yoast SEO plugin. -->","_links":{"self":[{"href":"https:\/\/oxygiene.pt\/loja\/wp-json\/wp\/v2\/product\/80"}],"collection":[{"href":"https:\/\/oxygiene.pt\/loja\/wp-json\/wp\/v2\/product"}],"about":[{"href":"https:\/\/oxygiene.pt\/loja\/wp-json\/wp\/v2\/types\/product"}],"replies":[{"embeddable":true,"href":"https:\/\/oxygiene.pt\/loja\/wp-json\/wp\/v2\/comments?post=80"}],"wp:featuredmedia":[{"embeddable":true,"href":"https:\/\/oxygiene.pt\/loja\/wp-json\/wp\/v2\/media\/81"}],"wp:attachment":[{"href":"https:\/\/oxygiene.pt\/loja\/wp-json\/wp\/v2\/media?parent=80"}],"curies":[{"name":"wp","href":"https:\/\/api.w.org\/{rel}","templated":true}]}}