{"id":78,"date":"2021-02-15T12:13:28","date_gmt":"2021-02-15T12:13:28","guid":{"rendered":"https:\/\/oxygiene.pt\/loja\/?post_type=product&#038;p=78"},"modified":"2022-10-20T11:00:05","modified_gmt":"2022-10-20T11:00:05","slug":"reservatorio-suplente-capacidade-8l-vp31","status":"publish","type":"product","link":"https:\/\/oxygiene.pt\/loja\/product\/reservatorio-suplente-capacidade-8l-vp31\/","title":{"rendered":"Reservat\u00f3rio Suplente Capacidade 8L VP31"},"content":{"rendered":"","protected":false},"excerpt":{"rendered":"<p>Um excelente acess\u00f3rio para lhe dar a comodidade de mudar o reservat\u00f3rio de forma r\u00e1pida e eficaz. Ideal para a troca de flu\u00eddos nos protocolos de desinfe\u00e7\u00e3o.<\/p>\n<p>Para Mochila VP300.<\/p>\n","protected":false},"featured_media":79,"comment_status":"open","ping_status":"closed","template":"","meta":[],"yoast_head":"<!-- This site is optimized with the Yoast SEO plugin v16.1.1 - https:\/\/yoast.com\/wordpress\/plugins\/seo\/ -->\n<title>Reservat\u00f3rio Suplente Capacidade 8L VP31 - Oxygiene<\/title>\n<link rel=\"canonical\" href=\"https:\/\/oxygiene.pt\/loja\/product\/reservatorio-suplente-capacidade-8l-vp31\/\" \/>\n<meta property=\"og:locale\" content=\"pt_PT\" \/>\n<meta property=\"og:type\" content=\"article\" \/>\n<meta property=\"og:title\" content=\"Reservat\u00f3rio Suplente Capacidade 8L VP31 - Oxygiene\" \/>\n<meta property=\"og:description\" content=\"Um excelente acess\u00f3rio para lhe dar a comodidade de mudar o reservat\u00f3rio de forma r\u00e1pida e eficaz. Ideal para a troca de flu\u00eddos nos protocolos de desinfe\u00e7\u00e3o.  Para Mochila VP300.\" \/>\n<meta property=\"og:url\" content=\"https:\/\/oxygiene.pt\/loja\/product\/reservatorio-suplente-capacidade-8l-vp31\/\" \/>\n<meta property=\"og:site_name\" content=\"Oxygiene\" \/>\n<meta property=\"article:modified_time\" content=\"2022-10-20T11:00:05+00:00\" \/>\n<meta property=\"og:image\" content=\"https:\/\/oxygiene.pt\/loja\/wp-content\/uploads\/2021\/02\/Reservato\u0301rio-Suplente-Capacidade-8L-VP31.png\" \/>\n\t<meta property=\"og:image:width\" content=\"1000\" \/>\n\t<meta property=\"og:image:height\" content=\"1000\" \/>\n<meta name=\"twitter:card\" content=\"summary_large_image\" \/>\n<script type=\"application\/ld+json\" class=\"yoast-schema-graph\">{\"@context\":\"https:\/\/schema.org\",\"@graph\":[{\"@type\":\"WebSite\",\"@id\":\"https:\/\/oxygiene.pt\/loja\/#website\",\"url\":\"https:\/\/oxygiene.pt\/loja\/\",\"name\":\"Oxygiene\",\"description\":\"Solu\\u00e7\\u00f5es de desinfe\\u00e7\\u00e3o e limpeza\",\"potentialAction\":[{\"@type\":\"SearchAction\",\"target\":\"https:\/\/oxygiene.pt\/loja\/?s={search_term_string}\",\"query-input\":\"required name=search_term_string\"}],\"inLanguage\":\"pt-PT\"},{\"@type\":\"ImageObject\",\"@id\":\"https:\/\/oxygiene.pt\/loja\/product\/reservatorio-suplente-capacidade-8l-vp31\/#primaryimage\",\"inLanguage\":\"pt-PT\",\"url\":\"https:\/\/oxygiene.pt\/loja\/wp-content\/uploads\/2021\/02\/Reservato\\u0301rio-Suplente-Capacidade-8L-VP31.png\",\"contentUrl\":\"https:\/\/oxygiene.pt\/loja\/wp-content\/uploads\/2021\/02\/Reservato\\u0301rio-Suplente-Capacidade-8L-VP31.png\",\"width\":1000,\"height\":1000,\"caption\":\"Reservato\\u0301rio Suplente Capacidade 8L VP31\"},{\"@type\":\"WebPage\",\"@id\":\"https:\/\/oxygiene.pt\/loja\/product\/reservatorio-suplente-capacidade-8l-vp31\/#webpage\",\"url\":\"https:\/\/oxygiene.pt\/loja\/product\/reservatorio-suplente-capacidade-8l-vp31\/\",\"name\":\"Reservat\\u00f3rio Suplente Capacidade 8L VP31 - Oxygiene\",\"isPartOf\":{\"@id\":\"https:\/\/oxygiene.pt\/loja\/#website\"},\"primaryImageOfPage\":{\"@id\":\"https:\/\/oxygiene.pt\/loja\/product\/reservatorio-suplente-capacidade-8l-vp31\/#primaryimage\"},\"datePublished\":\"2021-02-15T12:13:28+00:00\",\"dateModified\":\"2022-10-20T11:00:05+00:00\",\"breadcrumb\":{\"@id\":\"https:\/\/oxygiene.pt\/loja\/product\/reservatorio-suplente-capacidade-8l-vp31\/#breadcrumb\"},\"inLanguage\":\"pt-PT\",\"potentialAction\":[{\"@type\":\"ReadAction\",\"target\":[\"https:\/\/oxygiene.pt\/loja\/product\/reservatorio-suplente-capacidade-8l-vp31\/\"]}]},{\"@type\":\"BreadcrumbList\",\"@id\":\"https:\/\/oxygiene.pt\/loja\/product\/reservatorio-suplente-capacidade-8l-vp31\/#breadcrumb\",\"itemListElement\":[{\"@type\":\"ListItem\",\"position\":1,\"item\":{\"@type\":\"WebPage\",\"@id\":\"https:\/\/oxygiene.pt\/loja\/\",\"url\":\"https:\/\/oxygiene.pt\/loja\/\",\"name\":\"In\\u00edcio\"}},{\"@type\":\"ListItem\",\"position\":2,\"item\":{\"@type\":\"WebPage\",\"@id\":\"https:\/\/oxygiene.pt\/loja\/?page_id=8\",\"url\":\"https:\/\/oxygiene.pt\/loja\/?page_id=8\",\"name\":\"Produtos_antigo\"}},{\"@type\":\"ListItem\",\"position\":3,\"item\":{\"@type\":\"WebPage\",\"@id\":\"https:\/\/oxygiene.pt\/loja\/product\/reservatorio-suplente-capacidade-8l-vp31\/\",\"url\":\"https:\/\/oxygiene.pt\/loja\/product\/reservatorio-suplente-capacidade-8l-vp31\/\",\"name\":\"Reservat\\u00f3rio Suplente Capacidade 8L VP31\"}}]}]}<\/script>\n<!-- \/ Yoast SEO plugin. -->","_links":{"self":[{"href":"https:\/\/oxygiene.pt\/loja\/wp-json\/wp\/v2\/product\/78"}],"collection":[{"href":"https:\/\/oxygiene.pt\/loja\/wp-json\/wp\/v2\/product"}],"about":[{"href":"https:\/\/oxygiene.pt\/loja\/wp-json\/wp\/v2\/types\/product"}],"replies":[{"embeddable":true,"href":"https:\/\/oxygiene.pt\/loja\/wp-json\/wp\/v2\/comments?post=78"}],"wp:featuredmedia":[{"embeddable":true,"href":"https:\/\/oxygiene.pt\/loja\/wp-json\/wp\/v2\/media\/79"}],"wp:attachment":[{"href":"https:\/\/oxygiene.pt\/loja\/wp-json\/wp\/v2\/media?parent=78"}],"curies":[{"name":"wp","href":"https:\/\/api.w.org\/{rel}","templated":true}]}}