{"id":67,"date":"2021-02-15T11:56:00","date_gmt":"2021-02-15T11:56:00","guid":{"rendered":"https:\/\/oxygiene.pt\/loja\/?post_type=product&#038;p=67"},"modified":"2024-09-03T17:08:00","modified_gmt":"2024-09-03T17:08:00","slug":"pistola-de-pulverizacao-electroestatica-victory-innovations-vp200","status":"publish","type":"product","link":"https:\/\/oxygiene.pt\/loja\/product\/pistola-de-pulverizacao-electroestatica-victory-innovations-vp200\/","title":{"rendered":"Pistola de Pulveriza\u00e7\u00e3o Electroest\u00e1tica Victory Innovations VP200"},"content":{"rendered":"<p><strong>Benef\u00edcios da Tecnologia Electroest\u00e1tica<\/strong><\/p>\n<p><img loading=\"lazy\" class=\"alignnone size-full wp-image-164\" src=\"https:\/\/oxygiene.pt\/loja\/wp-content\/uploads\/2021\/02\/beneficios-tecnologia-eletrostatica.png\" alt=\"\" width=\"185\" height=\"74\" srcset=\"https:\/\/oxygiene.pt\/loja\/wp-content\/uploads\/2021\/02\/beneficios-tecnologia-eletrostatica.png 185w, https:\/\/oxygiene.pt\/loja\/wp-content\/uploads\/2021\/02\/beneficios-tecnologia-eletrostatica-120x48.png 120w, https:\/\/oxygiene.pt\/loja\/wp-content\/uploads\/2021\/02\/beneficios-tecnologia-eletrostatica-81x32.png 81w\" sizes=\"(max-width: 185px) 100vw, 185px\" \/><\/p>\n<p>A revolucion\u00e1ria e exclusiva tecnologia de pulveriza\u00e7\u00e3o electroest\u00e1tica da OXYGIENE, garante uma cobertura ideal de todas as superf\u00edcies ou ambientes, ao adicionar o fen\u00f3meno f\u00edsico da electroest\u00e1tica a cada got\u00edcula pulverizada.<\/p>\n<p>\u00c9 com recurso \u00e0 eletrost\u00e1tica que \u00e9 poss\u00edvel lan\u00e7ar o desinfetante sobre as superf\u00edcies, com uma carga positiva. Uma vez que, todos os objetos que se encontram em contacto com o solo s\u00e3o carregados negativamente, as got\u00edculas de desinfetante pulverizadas (carga positiva), v\u00e3o ser fortemente atra\u00eddas por estas.<\/p>\n<p>Com estas caracter\u00edsticas \u00edmpares, garante-se assim uma\u00a0<strong>ades\u00e3o ainda mais forte do flu\u00eddo biocida \u00e1s superf\u00edcies e uma cobertura integral de 360\u00ba\u00a0por<\/strong>\u00a0<strong>ader\u00eancia deste,\u00a0inclusiv\u00e9, a \u00e1reas ocultas dos objetos.<\/strong><\/p>\n<p>Estes dois fatores proporcionam assim uma desinfe\u00e7\u00e3o mais r\u00e1pida e eficaz em todas as superf\u00edcies e \u00e1reas, garantindo a\u00a0<strong>seguran\u00e7a de que todos os espa\u00e7os e objetos s\u00e3o completamente desinfetados.<\/strong><\/p>\n<p><img loading=\"lazy\" class=\"alignnone wp-image-165\" src=\"https:\/\/oxygiene.pt\/loja\/wp-content\/uploads\/2021\/02\/pistola-pulverizac\u0327ao-eletrostatica-300x123.png\" alt=\"\" width=\"332\" height=\"136\" srcset=\"https:\/\/oxygiene.pt\/loja\/wp-content\/uploads\/2021\/02\/pistola-pulverizac\u0327ao-eletrostatica-300x123.png 300w, https:\/\/oxygiene.pt\/loja\/wp-content\/uploads\/2021\/02\/pistola-pulverizac\u0327ao-eletrostatica-120x49.png 120w, https:\/\/oxygiene.pt\/loja\/wp-content\/uploads\/2021\/02\/pistola-pulverizac\u0327ao-eletrostatica-81x33.png 81w, https:\/\/oxygiene.pt\/loja\/wp-content\/uploads\/2021\/02\/pistola-pulverizac\u0327ao-eletrostatica.png 389w\" sizes=\"(max-width: 332px) 100vw, 332px\" \/><\/p>\n<p><strong>Principais Vantagens dos Pulverizadores Electroest\u00e1ticos Oxygiene :<\/strong><\/p>\n<p><strong>EFIC\u00c1CIA, ECOLOGIA, ECONOMIA\u00a0\u00a0\u00a0\u00a0\u00a0<\/strong><\/p>\n<p>&#8211;\u00a0<strong>menor consumo de flu\u00eddo\u00a0<\/strong>\u2013\u00a0<strong>-66%<\/strong>\u00a0vs. solu\u00e7\u00f5es convencionais;<\/p>\n<p>&#8211; maior\u00a0<strong>efic\u00e1cia no efeito biocida, devido \u00e0 ades\u00e3o do flu\u00eddo\u00a0<\/strong>\u00e0s superf\u00edcies, que se fixa como um \u201c\u00edman\u201d;<\/p>\n<p>&#8211;\u00a0<strong>cobertura completa de todos os recantos\u00a0<\/strong>do espa\u00e7o incluindo os ocultos e que normalmente n\u00e3o s\u00e3o desinfetados;<\/p>\n<p>&#8211; sistema\u00a0<strong>&#8220;Touchless&#8221;<\/strong>\u00a0o que faz com que se\u00a0<strong>reduza o risco de contamina\u00e7\u00e3o cruzada;<\/strong><\/p>\n<p>&#8211;\u00a0<strong>rapidez na execu\u00e7\u00e3o do servi\u00e7o<\/strong>\u00a0\u2013 3x mais r\u00e1pido vs. solu\u00e7\u00f5es convencionais de desinfe\u00e7\u00e3o;<\/p>\n<p>&#8211;\u00a0<strong>rapidez na liberta\u00e7\u00e3o do espa\u00e7o<\/strong>\u00a0equivalente ao tempo de secagem &#8211; aproximadamente 20 minutos. As solu\u00e7\u00f5es alternativas de desinfe\u00e7\u00e3o por nebuliza\u00e7\u00e3o ou ozono podem levar horas a libertar o espa\u00e7o*<\/p>\n<p>(*O Ozono \u00e9 um elemento nocivo \u00e0 sa\u00fade pelo que o espa\u00e7o ou tem de ser arejado ou a tecnologia ter\u00e1 que reverter o Ozono 03 em Oxig\u00e9nio 02 &#8211; demora bastante tempo quer na emiss\u00e3o de ozono para \u201cencher\u201d a volumetria do espa\u00e7o quer na desmobiliza\u00e7\u00e3o do ozono em processo de revers\u00e3o |* A nebuliza\u00e7\u00e3o promove a pulveriza\u00e7\u00e3o em finas part\u00edculas 20-50 microns que criam uma neblina no ambiente tendo que esta assentar totalmente para que o espa\u00e7o seja utilizado e o ar respir\u00e1vel)<\/p>\n<p>&#8211;\u00a0<strong>Port\u00e1til\u00a0<\/strong>e f\u00e1cil de operar.<\/p>\n<p><strong><a href=\"https:\/\/oxygiene.pt\/service\/12\/Tecnologia-de-Pulveriza\u00e7\u00e3o-Electroest\u00e1tica\" target=\"_blank\" rel=\"noopener noreferrer\">Saiba mais sobre a tecnologia electroest\u00e1tica<\/a>\u00a0<\/strong><\/p>\n<p><strong>Caracter\u00edsticas T\u00e9cnicas Principais da Pistola de Pulveriza\u00e7\u00e3o Electroest\u00e1tica Victory Innovations VP200<\/strong><\/p>\n<p>&#8211; Carga electroest\u00e1tica patenteada que penetra nas got\u00edculas do l\u00edquido pulverizado, criando uma atrac\u00e3o magn\u00e9tica \u00e0s superf\u00edcies, permitindo um efeito de cobertura otimizado.<\/p>\n<p>&#8211; Pesa somente 2.7kg com o reservat\u00f3rio cheio;<\/p>\n<p>&#8211; Pulverizador sem fios o que permite uma liberdade total de movimentos para o utilizador;<\/p>\n<p>&#8211; Reservat\u00f3rio de 1L de alta resist\u00eancia HDPE e de f\u00e1cil remo\u00e7\u00e3o, permite uma cobertura de 260m2 com os seletor de part\u00edculas nos 40 microns;<\/p>\n<p>&#8211; Bico 3 em 1 que d\u00e1 a op\u00e7\u00e3o de escolha do tamanho de part\u00edculas pulverizadas para uma pulveriza\u00e7\u00e3o mais conveniente face ao tipo de servi\u00e7o;<\/p>\n<p>&#8211; Bateria Victory de Lithium-Ion de 16.8V que permite uma pulveriza\u00e7\u00e3o de 20 a 80 reservat\u00f3rios numa \u00fanica carga.<\/p>\n<p><img loading=\"lazy\" class=\"alignnone wp-image-168 \" src=\"https:\/\/oxygiene.pt\/loja\/wp-content\/uploads\/2021\/02\/pistola-pulverizacao-itens-1024x522.png\" alt=\"\" width=\"744\" height=\"379\" srcset=\"https:\/\/oxygiene.pt\/loja\/wp-content\/uploads\/2021\/02\/pistola-pulverizacao-itens-1024x522.png 1024w, https:\/\/oxygiene.pt\/loja\/wp-content\/uploads\/2021\/02\/pistola-pulverizacao-itens-300x153.png 300w, https:\/\/oxygiene.pt\/loja\/wp-content\/uploads\/2021\/02\/pistola-pulverizacao-itens-768x391.png 768w, https:\/\/oxygiene.pt\/loja\/wp-content\/uploads\/2021\/02\/pistola-pulverizacao-itens-1536x782.png 1536w, https:\/\/oxygiene.pt\/loja\/wp-content\/uploads\/2021\/02\/pistola-pulverizacao-itens-1200x611.png 1200w, https:\/\/oxygiene.pt\/loja\/wp-content\/uploads\/2021\/02\/pistola-pulverizacao-itens-120x61.png 120w, https:\/\/oxygiene.pt\/loja\/wp-content\/uploads\/2021\/02\/pistola-pulverizacao-itens-81x41.png 81w, https:\/\/oxygiene.pt\/loja\/wp-content\/uploads\/2021\/02\/pistola-pulverizacao-itens-600x306.png 600w, https:\/\/oxygiene.pt\/loja\/wp-content\/uploads\/2021\/02\/pistola-pulverizacao-itens.png 1881w\" sizes=\"(max-width: 744px) 100vw, 744px\" \/><\/p>\n<p><strong>Especifica\u00e7\u00f5es T\u00e9cnicas<\/strong><\/p>\n<p><img loading=\"lazy\" class=\"alignnone wp-image-169 \" src=\"https:\/\/oxygiene.pt\/loja\/wp-content\/uploads\/2021\/02\/Imagem1-e1614681195434-1024x578.png\" alt=\"\" width=\"659\" height=\"372\" srcset=\"https:\/\/oxygiene.pt\/loja\/wp-content\/uploads\/2021\/02\/Imagem1-e1614681195434-1024x578.png 1024w, https:\/\/oxygiene.pt\/loja\/wp-content\/uploads\/2021\/02\/Imagem1-e1614681195434-300x169.png 300w, https:\/\/oxygiene.pt\/loja\/wp-content\/uploads\/2021\/02\/Imagem1-e1614681195434-768x433.png 768w, https:\/\/oxygiene.pt\/loja\/wp-content\/uploads\/2021\/02\/Imagem1-e1614681195434-1200x677.png 1200w, https:\/\/oxygiene.pt\/loja\/wp-content\/uploads\/2021\/02\/Imagem1-e1614681195434-120x68.png 120w, https:\/\/oxygiene.pt\/loja\/wp-content\/uploads\/2021\/02\/Imagem1-e1614681195434-81x46.png 81w, https:\/\/oxygiene.pt\/loja\/wp-content\/uploads\/2021\/02\/Imagem1-e1614681195434-600x339.png 600w, https:\/\/oxygiene.pt\/loja\/wp-content\/uploads\/2021\/02\/Imagem1-e1614681195434.png 1506w\" sizes=\"(max-width: 659px) 100vw, 659px\" \/><\/p>\n<p>*Tempos m\u00e9dios de secagem podem variar mediante as condi\u00e7\u00f5es atmosf\u00e9ricas de humidade, temperatura, bem como a velocidade e dist\u00e2ncia de pulveriza\u00e7\u00e3o. Veja o seguinte v\u00eddeo <a href=\"https:\/\/youtu.be\/ItndX7YBQ20\">https:\/\/youtu.be\/ItndX7YBQ20<\/a><\/p>\n<p>**Atrav\u00e9s de estudos internos influenciados pelo tamanho da particular e caudal de consumo<\/p>\n<p>&nbsp;<\/p>\n<p><strong>Voltagem<\/strong>: 16.8V<\/p>\n<p><strong>Bateria<\/strong>: 16.8V 3400mAh Lithium-Ion<\/p>\n<p><strong>Peso<\/strong>: 1.7 kg (2.7 kg cheio)<\/p>\n<p><strong>Dist\u00e2ncia \u00f3tima de pulveriza\u00e7\u00e3o<\/strong>: 0.6 a 1 metros<\/p>\n<p><strong>Capacidade do reservat\u00f3rio<\/strong>:\u00a0 1 Litro<\/p>\n<p><strong>N\u00edvel Sonoro<\/strong> [Per ISSO 11203 a 1metro): 58.5dBa<\/p>\n<p><strong>Autonomia da Bateria<\/strong>: 4 horas em pulveriza\u00e7\u00e3o ininterrupta<\/p>\n<p><strong>Tempo para Carga Completa<\/strong>: 90 Minutos<\/p>\n<p><strong>Garantia<\/strong>: 1 ano de garantia limitada<\/p>\n<p>&nbsp;<\/p>\n<p><strong>O Que Est\u00e1 Inclu\u00eddo na Embalagem<\/strong><\/p>\n<ul>\n<li>(1) VP200ES Pistola Profissional de Pulveriza\u00e7\u00e3o Electroest\u00e1tica<\/li>\n<li>(1) VP20A Bateria Professional de Lithium-Ion 16.8V 3400mAh<\/li>\n<li>(1) VP10 Carregador de Baterias Professional 16.8V<\/li>\n<li>(1) VP49 Chave de Remo\u00e7\u00e3o do Bico<\/li>\n<li>(1) VP50 Bico 3-in-1 (40\/80\/110 Microns)<\/li>\n<li>(1) VP31 Reservat\u00f3rio de 1<\/li>\n<li>(1) Bolsa de Transporte<\/li>\n<\/ul>\n<p>&nbsp;<\/p>\n<p><strong>Veja os seguintes v\u00eddeos:<\/strong><\/p>\n<p><strong><a href=\"https:\/\/www.youtube.com\/watch?v=-vT9q4RZfAM&amp;feature=youtu.be\" target=\"_blank\" rel=\"noopener noreferrer\">Backpack Sprayer Vs Handheld Sprayer<\/a><\/strong><\/p>\n<p><strong><a href=\"https:\/\/youtu.be\/rE7Jit-NCI8\" target=\"_blank\" rel=\"noopener noreferrer\">Victory Innovations &#8211; How to Use the Handheld Electrostatic Sprayer<\/a><\/strong><\/p>\n<p><strong><a href=\"https:\/\/youtu.be\/TOhXaBHT3Ho\" target=\"_blank\" rel=\"noopener noreferrer\">Victory Innovations &#8211; Using the Victory Handheld Electrostatic Sprayer<\/a><\/strong><\/p>\n<p><strong><a href=\"https:\/\/youtu.be\/Rmp9v1rx4wc\" target=\"_blank\" rel=\"noopener noreferrer\">Victory Innovations: World\u2019s First Cordless Electrostatic Sprayers<\/a><\/strong><\/p>\n<p>&nbsp;<\/p>\n<p><strong>Mais informa\u00e7\u00f5es em:<\/strong><\/p>\n<p><a href=\"https:\/\/oxygiene.pt\/loja\/wp-content\/uploads\/2021\/03\/Handheld-Manual-08042020.pdf\" target=\"_blank\" rel=\"noopener\">Manual<\/a><\/p>\n<p><a href=\"https:\/\/oxygiene.pt\/loja\/wp-content\/uploads\/2021\/03\/Victory-Handheld-QuickstartGuide-English.pdf\" target=\"_blank\" rel=\"noopener\">Guia de uso<\/a><\/p>\n<p><a href=\"https:\/\/oxygiene.pt\/loja\/wp-content\/uploads\/2021\/03\/Victory-Handheld-Sell-Sheet-English.pdf\" target=\"_blank\" rel=\"noopener\">Outros<\/a><\/p>\n","protected":false},"excerpt":{"rendered":"<p>A Pistola de Pulveriza\u00e7\u00e3o Electroest\u00e1tica, \u00e9 um sistema de desinfe\u00e7\u00e3o port\u00e1til e wireless e permite ao utilizador horas de pulveriza\u00e7\u00e3o sem o inc\u00f3modo de arrastar atr\u00e1s de si um cabo. Bastante f\u00e1cil de utilizar e com uma capacidade impressionante de pulveriza\u00e7\u00e3o, este pulverizador \u00e9 o indicado para a desinfe\u00e7\u00e3o ou tratamento de pequenos e m\u00e9dios espa\u00e7os.<\/p>\n<p>Adicionalmente, est\u00e1 desenhada para economizar tempo e trabalho, pulverizar menos l\u00edquido e cobrir de uma forma inigual\u00e1vel mais superf\u00edcie a descontaminar. Os Pulverizadores da Victory Innovations tem uma tecnologia \u00fanica e patenteada que promove uma descarga el\u00e9trica de forma a carregar as part\u00edculas de fluido, permitindo assim que estas envolvam e revistam as superf\u00edcies condutoras com extrema efic\u00e1cia e poder de cobertura. As part\u00edculas com dupla carga envolvem todas as superf\u00edcies condutoras, mesmo as partes escondidas e ocultas de objetos ou elementos verticais.<\/p>\n","protected":false},"featured_media":68,"comment_status":"open","ping_status":"closed","template":"","meta":[],"yoast_head":"<!-- This site is optimized with the Yoast SEO plugin v16.1.1 - https:\/\/yoast.com\/wordpress\/plugins\/seo\/ -->\n<title>Pistola de Pulveriza\u00e7\u00e3o Electroest\u00e1tica Victory Innovations VP200 - Oxygiene<\/title>\n<link rel=\"canonical\" href=\"https:\/\/oxygiene.pt\/loja\/product\/pistola-de-pulverizacao-electroestatica-victory-innovations-vp200\/\" \/>\n<meta property=\"og:locale\" content=\"pt_PT\" \/>\n<meta property=\"og:type\" content=\"article\" \/>\n<meta property=\"og:title\" content=\"Pistola de Pulveriza\u00e7\u00e3o Electroest\u00e1tica Victory Innovations VP200 - Oxygiene\" \/>\n<meta property=\"og:description\" content=\"A Pistola de Pulveriza\u00e7\u00e3o Electroest\u00e1tica, \u00e9 um sistema de desinfe\u00e7\u00e3o port\u00e1til e wireless e permite ao utilizador horas de pulveriza\u00e7\u00e3o sem o inc\u00f3modo de arrastar atr\u00e1s de si um cabo. Bastante f\u00e1cil de utilizar e com uma capacidade impressionante de pulveriza\u00e7\u00e3o, este pulverizador \u00e9 o indicado para a desinfe\u00e7\u00e3o ou tratamento de pequenos e m\u00e9dios espa\u00e7os.  Adicionalmente, est\u00e1 desenhada para economizar tempo e trabalho, pulverizar menos l\u00edquido e cobrir de uma forma inigual\u00e1vel mais superf\u00edcie a descontaminar. Os Pulverizadores da Victory Innovations tem uma tecnologia \u00fanica e patenteada que promove uma descarga el\u00e9trica de forma a carregar as part\u00edculas de fluido, permitindo assim que estas envolvam e revistam as superf\u00edcies condutoras com extrema efic\u00e1cia e poder de cobertura. As part\u00edculas com dupla carga envolvem todas as superf\u00edcies condutoras, mesmo as partes escondidas e ocultas de objetos ou elementos verticais.\" \/>\n<meta property=\"og:url\" content=\"https:\/\/oxygiene.pt\/loja\/product\/pistola-de-pulverizacao-electroestatica-victory-innovations-vp200\/\" \/>\n<meta property=\"og:site_name\" content=\"Oxygiene\" \/>\n<meta property=\"article:modified_time\" content=\"2024-09-03T17:08:00+00:00\" \/>\n<meta property=\"og:image\" content=\"https:\/\/oxygiene.pt\/loja\/wp-content\/uploads\/2021\/02\/hand-held-sprayer-2.png\" \/>\n\t<meta property=\"og:image:width\" content=\"898\" \/>\n\t<meta property=\"og:image:height\" content=\"898\" \/>\n<meta name=\"twitter:card\" content=\"summary_large_image\" \/>\n<meta name=\"twitter:label1\" content=\"Tempo estimado de leitura\">\n\t<meta name=\"twitter:data1\" content=\"4 minutos\">\n<script type=\"application\/ld+json\" class=\"yoast-schema-graph\">{\"@context\":\"https:\/\/schema.org\",\"@graph\":[{\"@type\":\"WebSite\",\"@id\":\"https:\/\/oxygiene.pt\/loja\/#website\",\"url\":\"https:\/\/oxygiene.pt\/loja\/\",\"name\":\"Oxygiene\",\"description\":\"Solu\\u00e7\\u00f5es de desinfe\\u00e7\\u00e3o e limpeza\",\"potentialAction\":[{\"@type\":\"SearchAction\",\"target\":\"https:\/\/oxygiene.pt\/loja\/?s={search_term_string}\",\"query-input\":\"required name=search_term_string\"}],\"inLanguage\":\"pt-PT\"},{\"@type\":\"ImageObject\",\"@id\":\"https:\/\/oxygiene.pt\/loja\/product\/pistola-de-pulverizacao-electroestatica-victory-innovations-vp200\/#primaryimage\",\"inLanguage\":\"pt-PT\",\"url\":\"https:\/\/oxygiene.pt\/loja\/wp-content\/uploads\/2021\/02\/hand-held-sprayer-2.png\",\"contentUrl\":\"https:\/\/oxygiene.pt\/loja\/wp-content\/uploads\/2021\/02\/hand-held-sprayer-2.png\",\"width\":898,\"height\":898,\"caption\":\"Oxygiene-Produtos-Pistola-de-Pulveriza\\u00e7\\u00e3o Electroest\\u00e1tica Victory-Innovations-VP200\"},{\"@type\":\"WebPage\",\"@id\":\"https:\/\/oxygiene.pt\/loja\/product\/pistola-de-pulverizacao-electroestatica-victory-innovations-vp200\/#webpage\",\"url\":\"https:\/\/oxygiene.pt\/loja\/product\/pistola-de-pulverizacao-electroestatica-victory-innovations-vp200\/\",\"name\":\"Pistola de Pulveriza\\u00e7\\u00e3o Electroest\\u00e1tica Victory Innovations VP200 - Oxygiene\",\"isPartOf\":{\"@id\":\"https:\/\/oxygiene.pt\/loja\/#website\"},\"primaryImageOfPage\":{\"@id\":\"https:\/\/oxygiene.pt\/loja\/product\/pistola-de-pulverizacao-electroestatica-victory-innovations-vp200\/#primaryimage\"},\"datePublished\":\"2021-02-15T11:56:00+00:00\",\"dateModified\":\"2024-09-03T17:08:00+00:00\",\"breadcrumb\":{\"@id\":\"https:\/\/oxygiene.pt\/loja\/product\/pistola-de-pulverizacao-electroestatica-victory-innovations-vp200\/#breadcrumb\"},\"inLanguage\":\"pt-PT\",\"potentialAction\":[{\"@type\":\"ReadAction\",\"target\":[\"https:\/\/oxygiene.pt\/loja\/product\/pistola-de-pulverizacao-electroestatica-victory-innovations-vp200\/\"]}]},{\"@type\":\"BreadcrumbList\",\"@id\":\"https:\/\/oxygiene.pt\/loja\/product\/pistola-de-pulverizacao-electroestatica-victory-innovations-vp200\/#breadcrumb\",\"itemListElement\":[{\"@type\":\"ListItem\",\"position\":1,\"item\":{\"@type\":\"WebPage\",\"@id\":\"https:\/\/oxygiene.pt\/loja\/\",\"url\":\"https:\/\/oxygiene.pt\/loja\/\",\"name\":\"In\\u00edcio\"}},{\"@type\":\"ListItem\",\"position\":2,\"item\":{\"@type\":\"WebPage\",\"@id\":\"https:\/\/oxygiene.pt\/loja\/?page_id=8\",\"url\":\"https:\/\/oxygiene.pt\/loja\/?page_id=8\",\"name\":\"Produtos_antigo\"}},{\"@type\":\"ListItem\",\"position\":3,\"item\":{\"@type\":\"WebPage\",\"@id\":\"https:\/\/oxygiene.pt\/loja\/product\/pistola-de-pulverizacao-electroestatica-victory-innovations-vp200\/\",\"url\":\"https:\/\/oxygiene.pt\/loja\/product\/pistola-de-pulverizacao-electroestatica-victory-innovations-vp200\/\",\"name\":\"Pistola de Pulveriza\\u00e7\\u00e3o Electroest\\u00e1tica Victory Innovations VP200\"}}]}]}<\/script>\n<!-- \/ Yoast SEO plugin. -->","_links":{"self":[{"href":"https:\/\/oxygiene.pt\/loja\/wp-json\/wp\/v2\/product\/67"}],"collection":[{"href":"https:\/\/oxygiene.pt\/loja\/wp-json\/wp\/v2\/product"}],"about":[{"href":"https:\/\/oxygiene.pt\/loja\/wp-json\/wp\/v2\/types\/product"}],"replies":[{"embeddable":true,"href":"https:\/\/oxygiene.pt\/loja\/wp-json\/wp\/v2\/comments?post=67"}],"wp:featuredmedia":[{"embeddable":true,"href":"https:\/\/oxygiene.pt\/loja\/wp-json\/wp\/v2\/media\/68"}],"wp:attachment":[{"href":"https:\/\/oxygiene.pt\/loja\/wp-json\/wp\/v2\/media?parent=67"}],"curies":[{"name":"wp","href":"https:\/\/api.w.org\/{rel}","templated":true}]}}