{"id":578,"date":"2021-04-14T15:18:12","date_gmt":"2021-04-14T15:18:12","guid":{"rendered":"https:\/\/oxygiene.pt\/loja\/?post_type=product&#038;p=578"},"modified":"2023-01-12T11:20:56","modified_gmt":"2023-01-12T11:20:56","slug":"fluido-biocida-ecologico-bacoban-pronto-a-usar-500ml","status":"publish","type":"product","link":"https:\/\/oxygiene.pt\/loja\/product\/fluido-biocida-ecologico-bacoban-pronto-a-usar-500ml\/","title":{"rendered":"Flu\u00eddo Biocida Ecol\u00f3gico Bacoban Pronto a Usar 500ml"},"content":{"rendered":"<p>Conhe\u00e7a neste documento a ficha de Dados de Seguran\u00e7a<\/p>\n<p><a href=\"https:\/\/oxygiene.pt\/page\/Bacoban\">Saiba mais acerca das caracter\u00edsticas do Bacoban<\/a><\/p>\n<p>Produto desinfetante pronto para usar, com efic\u00e1cia de longo prazo.<\/p>\n<p>Desempenho antiviral e antimicrobiano de longa dura\u00e7\u00e3o. Eficaz por at\u00e9 10 dias. Est\u00e1 em conformidade com as normas ASTM E 2180<\/p>\n<p>N\u00e3o cont\u00e9m Alde\u00eddo ou Fenol.<\/p>\n<p>Testado de acordo com as diretrizes VAH.<\/p>\n<p>Usos<\/p>\n<p>Para a desinfec\u00e7\u00e3o de \u00e1reas &#8220;m\u00e9dicas&#8221; de acordo com a Diretiva 93\/42 \/ CEE (Dispositivos M\u00e9dicos) e todos os tipos de superf\u00edcies em<\/p>\n<p>hospitais, consult\u00f3rios m\u00e9dicos, centros de reabilita\u00e7\u00e3o e aposentadoria<\/p>\n<p>casas. Especialmente \u00fatil em \u00e1reas que exigem higiene eficaz e duradoura.<\/p>\n<p>Particularmente adequado para \u00e1reas onde odores desagrad\u00e1veis causados por<\/p>\n<p>microrganismos se formam, como banheiros e instala\u00e7\u00f5es sanit\u00e1rias. Bacoban WB pode ser usado em \u00e1reas cr\u00edticas e sens\u00edveis das ind\u00fastrias farmac\u00eautica e cosm\u00e9tica.<\/p>\n<p>Composi\u00e7\u00e3o<\/p>\n<p>Solu\u00e7\u00e3o de 100 g cont\u00e9m: cloreto de benzalc\u00f4nio 0,26 g, s\u00f3dio<\/p>\n<p>piritiona 0,025g, polycondenstaes, subst\u00e2ncias perfumadas, \u00e1gua purificada<\/p>\n<p>Efic\u00e1cia microbiol\u00f3gica<\/p>\n<p>Bacoban\u00ae DL \u00e9 eficaz contra: bact\u00e9rias, fungos, v\u00edrus (hepatite B e C, HIV, influenza incluindo H5N1 e H1N1, rotav\u00edrus e adenov\u00edrus, Coronav\u00edrus).<\/p>\n<p><strong>Efic\u00e1cia<\/strong><\/p>\n<p>DIN EN 1040 \u00a0\u00a0\u00a0\u00a0 5 min.<\/p>\n<p>DIN EN 1275 \u00a0\u00a0\u00a0\u00a0 5 min.<\/p>\n<p>DIN EN 1276 \u00a0\u00a0\u00a0\u00a0 5 min.<\/p>\n<p>DIN EN 1650 \u00a0\u00a0\u00a0\u00a0 5 min.<\/p>\n<p>DIN EN 13697 \u00a0\u00a0 5 min.<\/p>\n","protected":false},"excerpt":{"rendered":"<div>\n<p><strong>Desinfectante de Superf\u00edcies de Longo Prazo at\u00e9 10 Dias.\u00a0<\/strong><\/p>\n<p><strong>Limpeza. Desinfe\u00e7\u00e3o. Revestimento. Higiene Total 3 Em 1.<\/strong><\/p>\n<\/div>\n<div>&#8211; Desinfetante de longa dura\u00e7\u00e3o de libera\u00e7\u00e3o lenta que permanece ativo at\u00e9 10 dias<br \/>\n&#8211; Eficaz contra MERS, SARS e Coronavirus entre outros distintos virus, bat\u00e9rias e fungos. Desinfetante de \u00edndole hospitalar e de extrema qualidade e efic\u00e1cia.<br \/>\n&#8211; Quando a superf\u00edcie tratada \u00e9 tocada ou limpa, libera o desinfetante por meio de um processo denominado elus\u00e3o, evitando a reinfec\u00e7\u00e3o da mesma pelo per\u00edodo comprovado de 10 dias.<\/div>\n<div>&#8211; Efeito de detergente e sistema facilitador de limpeza<\/div>\n<div>&#8211; Espectro de letalidade como desinfetante de superf\u00edcies<\/div>\n<div>&#8211; Compatibilidade extrema de materiais<\/div>\n<div>&#8211; Biocompatibilidade<\/div>\n<div>\n<p>Contem 500mL de Bacoban DL Pronto a Usar<\/p>\n<div class=\"FFpbKc\"><\/div>\n<\/div>\n","protected":false},"featured_media":581,"comment_status":"open","ping_status":"closed","template":"","meta":[],"yoast_head":"<!-- This site is optimized with the Yoast SEO plugin v16.1.1 - https:\/\/yoast.com\/wordpress\/plugins\/seo\/ -->\n<title>Flu\u00eddo Biocida Ecol\u00f3gico Bacoban Pronto a Usar 500ml - Oxygiene<\/title>\n<meta name=\"description\" content=\"Desinfetante de elite - Bactericida, Fungicida, Virucida, Algicida e EsporicidaBiocida de comprovada efic\u00e1cia virucida, nomeadamente no combate a v\u00edrus encapsulados, de acordo com a Norma Europeia UNE EN 14476.Registado na DGAV com o ACM n.\u00ba 088\/00\/11NBVPT e com Certificado de Conformidade pela Direc\u00e7\u00e3o-Geral da Sa\u00fade (tipo de produto 2, 4 e 5).\" \/>\n<link rel=\"canonical\" href=\"https:\/\/oxygiene.pt\/loja\/product\/fluido-biocida-ecologico-bacoban-pronto-a-usar-500ml\/\" \/>\n<meta property=\"og:locale\" content=\"pt_PT\" \/>\n<meta property=\"og:type\" content=\"article\" \/>\n<meta property=\"og:title\" content=\"Flu\u00eddo Biocida Ecol\u00f3gico Bacoban Pronto a Usar 500ml - Oxygiene\" \/>\n<meta property=\"og:description\" content=\"Desinfetante de elite - Bactericida, Fungicida, Virucida, Algicida e EsporicidaBiocida de comprovada efic\u00e1cia virucida, nomeadamente no combate a v\u00edrus encapsulados, de acordo com a Norma Europeia UNE EN 14476.Registado na DGAV com o ACM n.\u00ba 088\/00\/11NBVPT e com Certificado de Conformidade pela Direc\u00e7\u00e3o-Geral da Sa\u00fade (tipo de produto 2, 4 e 5).\" \/>\n<meta property=\"og:url\" content=\"https:\/\/oxygiene.pt\/loja\/product\/fluido-biocida-ecologico-bacoban-pronto-a-usar-500ml\/\" \/>\n<meta property=\"og:site_name\" content=\"Oxygiene\" \/>\n<meta property=\"article:modified_time\" content=\"2023-01-12T11:20:56+00:00\" \/>\n<meta property=\"og:image\" content=\"https:\/\/oxygiene.pt\/loja\/wp-content\/uploads\/2021\/04\/Bacoban-500ml-RFU-1.png\" \/>\n\t<meta property=\"og:image:width\" content=\"570\" \/>\n\t<meta property=\"og:image:height\" content=\"620\" \/>\n<meta name=\"twitter:card\" content=\"summary_large_image\" \/>\n<meta name=\"twitter:label1\" content=\"Tempo estimado de leitura\">\n\t<meta name=\"twitter:data1\" content=\"1 minuto\">\n<script type=\"application\/ld+json\" class=\"yoast-schema-graph\">{\"@context\":\"https:\/\/schema.org\",\"@graph\":[{\"@type\":\"WebSite\",\"@id\":\"https:\/\/oxygiene.pt\/loja\/#website\",\"url\":\"https:\/\/oxygiene.pt\/loja\/\",\"name\":\"Oxygiene\",\"description\":\"Solu\\u00e7\\u00f5es de desinfe\\u00e7\\u00e3o e limpeza\",\"potentialAction\":[{\"@type\":\"SearchAction\",\"target\":\"https:\/\/oxygiene.pt\/loja\/?s={search_term_string}\",\"query-input\":\"required name=search_term_string\"}],\"inLanguage\":\"pt-PT\"},{\"@type\":\"ImageObject\",\"@id\":\"https:\/\/oxygiene.pt\/loja\/product\/fluido-biocida-ecologico-bacoban-pronto-a-usar-500ml\/#primaryimage\",\"inLanguage\":\"pt-PT\",\"url\":\"https:\/\/oxygiene.pt\/loja\/wp-content\/uploads\/2021\/04\/Bacoban-500ml-RFU-1.png\",\"contentUrl\":\"https:\/\/oxygiene.pt\/loja\/wp-content\/uploads\/2021\/04\/Bacoban-500ml-RFU-1.png\",\"width\":570,\"height\":620,\"caption\":\"Bacoban 500ml RFU\"},{\"@type\":\"WebPage\",\"@id\":\"https:\/\/oxygiene.pt\/loja\/product\/fluido-biocida-ecologico-bacoban-pronto-a-usar-500ml\/#webpage\",\"url\":\"https:\/\/oxygiene.pt\/loja\/product\/fluido-biocida-ecologico-bacoban-pronto-a-usar-500ml\/\",\"name\":\"Flu\\u00eddo Biocida Ecol\\u00f3gico Bacoban Pronto a Usar 500ml - Oxygiene\",\"isPartOf\":{\"@id\":\"https:\/\/oxygiene.pt\/loja\/#website\"},\"primaryImageOfPage\":{\"@id\":\"https:\/\/oxygiene.pt\/loja\/product\/fluido-biocida-ecologico-bacoban-pronto-a-usar-500ml\/#primaryimage\"},\"datePublished\":\"2021-04-14T15:18:12+00:00\",\"dateModified\":\"2023-01-12T11:20:56+00:00\",\"description\":\"Desinfetante de elite - Bactericida, Fungicida, Virucida, Algicida e EsporicidaBiocida de comprovada efic\\u00e1cia virucida, nomeadamente no combate a v\\u00edrus encapsulados, de acordo com a Norma Europeia UNE EN 14476.Registado na DGAV com o ACM n.\\u00ba 088\/00\/11NBVPT e com Certificado de Conformidade pela Direc\\u00e7\\u00e3o-Geral da Sa\\u00fade (tipo de produto 2, 4 e 5).\",\"breadcrumb\":{\"@id\":\"https:\/\/oxygiene.pt\/loja\/product\/fluido-biocida-ecologico-bacoban-pronto-a-usar-500ml\/#breadcrumb\"},\"inLanguage\":\"pt-PT\",\"potentialAction\":[{\"@type\":\"ReadAction\",\"target\":[\"https:\/\/oxygiene.pt\/loja\/product\/fluido-biocida-ecologico-bacoban-pronto-a-usar-500ml\/\"]}]},{\"@type\":\"BreadcrumbList\",\"@id\":\"https:\/\/oxygiene.pt\/loja\/product\/fluido-biocida-ecologico-bacoban-pronto-a-usar-500ml\/#breadcrumb\",\"itemListElement\":[{\"@type\":\"ListItem\",\"position\":1,\"item\":{\"@type\":\"WebPage\",\"@id\":\"https:\/\/oxygiene.pt\/loja\/\",\"url\":\"https:\/\/oxygiene.pt\/loja\/\",\"name\":\"In\\u00edcio\"}},{\"@type\":\"ListItem\",\"position\":2,\"item\":{\"@type\":\"WebPage\",\"@id\":\"https:\/\/oxygiene.pt\/loja\/?page_id=8\",\"url\":\"https:\/\/oxygiene.pt\/loja\/?page_id=8\",\"name\":\"Produtos_antigo\"}},{\"@type\":\"ListItem\",\"position\":3,\"item\":{\"@type\":\"WebPage\",\"@id\":\"https:\/\/oxygiene.pt\/loja\/product\/fluido-biocida-ecologico-bacoban-pronto-a-usar-500ml\/\",\"url\":\"https:\/\/oxygiene.pt\/loja\/product\/fluido-biocida-ecologico-bacoban-pronto-a-usar-500ml\/\",\"name\":\"Flu\\u00eddo Biocida Ecol\\u00f3gico Bacoban Pronto a Usar 500ml\"}}]}]}<\/script>\n<!-- \/ Yoast SEO plugin. -->","_links":{"self":[{"href":"https:\/\/oxygiene.pt\/loja\/wp-json\/wp\/v2\/product\/578"}],"collection":[{"href":"https:\/\/oxygiene.pt\/loja\/wp-json\/wp\/v2\/product"}],"about":[{"href":"https:\/\/oxygiene.pt\/loja\/wp-json\/wp\/v2\/types\/product"}],"replies":[{"embeddable":true,"href":"https:\/\/oxygiene.pt\/loja\/wp-json\/wp\/v2\/comments?post=578"}],"wp:featuredmedia":[{"embeddable":true,"href":"https:\/\/oxygiene.pt\/loja\/wp-json\/wp\/v2\/media\/581"}],"wp:attachment":[{"href":"https:\/\/oxygiene.pt\/loja\/wp-json\/wp\/v2\/media?parent=578"}],"curies":[{"name":"wp","href":"https:\/\/api.w.org\/{rel}","templated":true}]}}