{"id":564,"date":"2021-04-14T01:08:42","date_gmt":"2021-04-14T01:08:42","guid":{"rendered":"https:\/\/oxygiene.pt\/loja\/?post_type=product&#038;p=564"},"modified":"2025-02-21T11:35:41","modified_gmt":"2025-02-21T11:35:41","slug":"fluido-biocida-ecologico-bacoban-50ml-oncentrado","status":"publish","type":"product","link":"https:\/\/oxygiene.pt\/loja\/product\/fluido-biocida-ecologico-bacoban-50ml-oncentrado\/","title":{"rendered":"Flu\u00eddo Biocida Ecol\u00f3gico Bacoban 50ml Concentrado Garraf\u00e3o 5L"},"content":{"rendered":"<p>Conhe\u00e7a neste documento a ficha de Dados de Seguran\u00e7a<\/p>\n<p><a href=\"https:\/\/oxygiene.pt\/page\/Bacoban\">Saiba mais acerca das caracter\u00edsticas do Bacoban<\/a><\/p>\n<p>Concentrado desinfetante de superf\u00edcies \u00e0 base de \u00e1gua contendo um policondensado, um composto de quatern\u00e1rio de am\u00f4nio e piritiona de s\u00f3dio. Bacoban WB \u00e9 isento de alde\u00eddos e fenol.<\/p>\n<p>Usos<\/p>\n<p>Para a desinfec\u00e7\u00e3o de \u00e1reas &#8220;m\u00e9dicas&#8221; de acordo com a Diretiva 93\/42 \/ EEC (Dispositivos M\u00e9dicos) e todos os tipos de superf\u00edcies existentes em hospitais, consult\u00f3rios m\u00e9dicos, reabilita\u00e7\u00e3o, centros e lares de idosos. Especialmente \u00fatil em \u00e1reas que exigem efic\u00e1cia e higiene de longa dura\u00e7\u00e3o.<\/p>\n<p>Particularmente adequado para \u00e1reas onde odores desagrad\u00e1veis \u200b\u200bcausados \u200b\u200bpor micro-organismos<\/p>\n<p>forma, como casas de banho e instala\u00e7\u00f5es sanit\u00e1rias.<\/p>\n<p>Bacoban WB pode ser usado em situa\u00e7\u00f5es cr\u00edticas e \u00e1reas sens\u00edveis da ind\u00fastria farmac\u00eautica e<\/p>\n<p>ind\u00fastrias cosm\u00e9ticas.<\/p>\n<p><strong>Efic\u00e1cia microbiol\u00f3gica<\/strong><\/p>\n<p>Bacoban\u00ae WB \u00e9 eficaz contra: bact\u00e9rias, fungos, Coronav\u00edrus e demais v\u00edrus tais como da hepatite B e C, HIV, v\u00edrus da influenza, incluindo H5N1, rotav\u00edrus e adenov\u00edrus.<\/p>\n<p>Composi\u00e7\u00e3o do produto:<\/p>\n<p>Solu\u00e7\u00e3o de 100 g cont\u00e9m: cloreto de benzalc\u00f4nio 26 g, piritiona de s\u00f3dio 2,5 g, policondensados, subst\u00e2ncias perfumadas, \u00e1gua purificada.<\/p>\n<p>Dados f\u00edsico-qu\u00edmicos:<\/p>\n<p>Apar\u00eancia: amarelo, l\u00edquido claro<\/p>\n<p>Viscosidade (DIN 53211): 110 seg. Em 2 mm de abertura<\/p>\n<p>Concentrado de valor de pH: 5,3<\/p>\n<p>Solu\u00e7\u00e3o de valor de pH a 1%: 7,0<\/p>\n<p>Densidade: 1,04 g \/ cm3<\/p>\n<p>Testado de acordo com as diretrizes VAH<\/p>\n<p>(alta carga org\u00e2nica)<\/p>\n<p>Efic\u00e1cia<\/p>\n<p>5 min \u00a0\u00a0\u00a0\u00a0\u00a0\u00a0\u00a0\u00a0\u00a0\u00a0\u00a0\u00a0\u00a0\u00a0\u00a0\u00a0 15 min<\/p>\n<p>DIN EN 1040 \u00a0\u00a0\u00a0\u00a0 0,25%<\/p>\n<p>DIN EN 1275 \u00a0\u00a0\u00a0\u00a0 0,25%<\/p>\n<p>DIN EN 1276 \u00a0\u00a0\u00a0\u00a0 0,75% \u00a0\u00a0\u00a0\u00a0\u00a0\u00a0\u00a0\u00a0\u00a0\u00a0\u00a0\u00a0\u00a0\u00a0\u00a0 0,5%<\/p>\n<p>DIN EN 1650 \u00a0\u00a0\u00a0\u00a0 0,5% \u00a0\u00a0\u00a0\u00a0\u00a0\u00a0\u00a0\u00a0\u00a0\u00a0\u00a0\u00a0\u00a0\u00a0\u00a0\u00a0\u00a0 0,25%<\/p>\n<p>DIN EN13697\u00a0\u00a0\u00a0\u00a0 0,5%<\/p>\n","protected":false},"excerpt":{"rendered":"<div>\n<p><strong>Desinfectante de Superf\u00edcies de Longo Prazo at\u00e9 10 Dias.\u00a0<\/strong><\/p>\n<p><strong>Limpeza. Desinfe\u00e7\u00e3o. Revestimento. Higiene Total 3 Em 1.<\/strong><\/p>\n<\/div>\n<div>&#8211; Desinfetante de longa dura\u00e7\u00e3o de libera\u00e7\u00e3o lenta que permanece ativo at\u00e9 10 dias<br \/>\n&#8211; Eficaz contra MERS, SARS e Coronavirus entre outros distintos virus, bat\u00e9rias e fyngus. Desinfetante de \u00edndole hospitalar e de extrema qualidade e efic\u00e1cia.<br \/>\n&#8211; Quando a superf\u00edcie tratada \u00e9 tocada ou limpa, libera o desinfetante por meio de um processo denominado elus\u00e3o, evitando a reinfec\u00e7\u00e3o da mesma pelo per\u00edodo comprovado de 10 dias.<\/div>\n<div>&#8211; Efeito de detergente e sistema facilitador de limpeza<\/div>\n<div>&#8211; Espectro de letalidade como desinfetante de superf\u00edcies<\/div>\n<div>&#8211; Compatibilidade extrema de materiais<\/div>\n<div>&#8211; Biocompatibilidade<\/div>\n<div>\n<p>Contem 50ml de Bacoban WB &#8211;\u00a0Adicionar 4950ml \u00e1gua pot\u00e1vel perfazendo os 5L do Garraf\u00e3o.Validade: 3 meses n\u00e3o diluido e 48 horas ap\u00f3s dilui\u00e7\u00e3o a 1% com \u00e1gua pot\u00e1vel<\/p>\n<\/div>\n","protected":false},"featured_media":574,"comment_status":"open","ping_status":"closed","template":"","meta":[],"yoast_head":"<!-- This site is optimized with the Yoast SEO plugin v16.1.1 - https:\/\/yoast.com\/wordpress\/plugins\/seo\/ -->\n<title>Flu\u00eddo Biocida Ecol\u00f3gico Bacoban 50ml Concentrado Garraf\u00e3o 5L - Oxygiene<\/title>\n<meta name=\"description\" content=\"Desinfetante de elite - Bactericida, Fungicida, Virucida, Algicida e EsporicidaBiocida de comprovada efic\u00e1cia virucida, nomeadamente no combate a v\u00edrus encapsulados, de acordo com a Norma Europeia UNE EN 14476.Registado na DGAV com o ACM n.\u00ba 088\/00\/11NBVPT e com Certificado de Conformidade pela Direc\u00e7\u00e3o-Geral da Sa\u00fade (tipo de produto 2, 4 e 5).\" \/>\n<link rel=\"canonical\" href=\"https:\/\/oxygiene.pt\/loja\/product\/fluido-biocida-ecologico-bacoban-50ml-oncentrado\/\" \/>\n<meta property=\"og:locale\" content=\"pt_PT\" \/>\n<meta property=\"og:type\" content=\"article\" \/>\n<meta property=\"og:title\" content=\"Flu\u00eddo Biocida Ecol\u00f3gico Bacoban 50ml Concentrado Garraf\u00e3o 5L - Oxygiene\" \/>\n<meta property=\"og:description\" content=\"Desinfetante de elite - Bactericida, Fungicida, Virucida, Algicida e EsporicidaBiocida de comprovada efic\u00e1cia virucida, nomeadamente no combate a v\u00edrus encapsulados, de acordo com a Norma Europeia UNE EN 14476.Registado na DGAV com o ACM n.\u00ba 088\/00\/11NBVPT e com Certificado de Conformidade pela Direc\u00e7\u00e3o-Geral da Sa\u00fade (tipo de produto 2, 4 e 5).\" \/>\n<meta property=\"og:url\" content=\"https:\/\/oxygiene.pt\/loja\/product\/fluido-biocida-ecologico-bacoban-50ml-oncentrado\/\" \/>\n<meta property=\"og:site_name\" content=\"Oxygiene\" \/>\n<meta property=\"article:modified_time\" content=\"2025-02-21T11:35:41+00:00\" \/>\n<meta property=\"og:image\" content=\"https:\/\/oxygiene.pt\/loja\/wp-content\/uploads\/2021\/04\/bacoban-50ml-3.png\" \/>\n\t<meta property=\"og:image:width\" content=\"571\" \/>\n\t<meta property=\"og:image:height\" content=\"619\" \/>\n<meta name=\"twitter:card\" content=\"summary_large_image\" \/>\n<meta name=\"twitter:label1\" content=\"Tempo estimado de leitura\">\n\t<meta name=\"twitter:data1\" content=\"2 minutos\">\n<script type=\"application\/ld+json\" class=\"yoast-schema-graph\">{\"@context\":\"https:\/\/schema.org\",\"@graph\":[{\"@type\":\"WebSite\",\"@id\":\"https:\/\/oxygiene.pt\/loja\/#website\",\"url\":\"https:\/\/oxygiene.pt\/loja\/\",\"name\":\"Oxygiene\",\"description\":\"Solu\\u00e7\\u00f5es de desinfe\\u00e7\\u00e3o e limpeza\",\"potentialAction\":[{\"@type\":\"SearchAction\",\"target\":\"https:\/\/oxygiene.pt\/loja\/?s={search_term_string}\",\"query-input\":\"required name=search_term_string\"}],\"inLanguage\":\"pt-PT\"},{\"@type\":\"ImageObject\",\"@id\":\"https:\/\/oxygiene.pt\/loja\/product\/fluido-biocida-ecologico-bacoban-50ml-oncentrado\/#primaryimage\",\"inLanguage\":\"pt-PT\",\"url\":\"https:\/\/oxygiene.pt\/loja\/wp-content\/uploads\/2021\/04\/bacoban-50ml-3.png\",\"contentUrl\":\"https:\/\/oxygiene.pt\/loja\/wp-content\/uploads\/2021\/04\/bacoban-50ml-3.png\",\"width\":571,\"height\":619},{\"@type\":\"WebPage\",\"@id\":\"https:\/\/oxygiene.pt\/loja\/product\/fluido-biocida-ecologico-bacoban-50ml-oncentrado\/#webpage\",\"url\":\"https:\/\/oxygiene.pt\/loja\/product\/fluido-biocida-ecologico-bacoban-50ml-oncentrado\/\",\"name\":\"Flu\\u00eddo Biocida Ecol\\u00f3gico Bacoban 50ml Concentrado Garraf\\u00e3o 5L - Oxygiene\",\"isPartOf\":{\"@id\":\"https:\/\/oxygiene.pt\/loja\/#website\"},\"primaryImageOfPage\":{\"@id\":\"https:\/\/oxygiene.pt\/loja\/product\/fluido-biocida-ecologico-bacoban-50ml-oncentrado\/#primaryimage\"},\"datePublished\":\"2021-04-14T01:08:42+00:00\",\"dateModified\":\"2025-02-21T11:35:41+00:00\",\"description\":\"Desinfetante de elite - Bactericida, Fungicida, Virucida, Algicida e EsporicidaBiocida de comprovada efic\\u00e1cia virucida, nomeadamente no combate a v\\u00edrus encapsulados, de acordo com a Norma Europeia UNE EN 14476.Registado na DGAV com o ACM n.\\u00ba 088\/00\/11NBVPT e com Certificado de Conformidade pela Direc\\u00e7\\u00e3o-Geral da Sa\\u00fade (tipo de produto 2, 4 e 5).\",\"breadcrumb\":{\"@id\":\"https:\/\/oxygiene.pt\/loja\/product\/fluido-biocida-ecologico-bacoban-50ml-oncentrado\/#breadcrumb\"},\"inLanguage\":\"pt-PT\",\"potentialAction\":[{\"@type\":\"ReadAction\",\"target\":[\"https:\/\/oxygiene.pt\/loja\/product\/fluido-biocida-ecologico-bacoban-50ml-oncentrado\/\"]}]},{\"@type\":\"BreadcrumbList\",\"@id\":\"https:\/\/oxygiene.pt\/loja\/product\/fluido-biocida-ecologico-bacoban-50ml-oncentrado\/#breadcrumb\",\"itemListElement\":[{\"@type\":\"ListItem\",\"position\":1,\"item\":{\"@type\":\"WebPage\",\"@id\":\"https:\/\/oxygiene.pt\/loja\/\",\"url\":\"https:\/\/oxygiene.pt\/loja\/\",\"name\":\"In\\u00edcio\"}},{\"@type\":\"ListItem\",\"position\":2,\"item\":{\"@type\":\"WebPage\",\"@id\":\"https:\/\/oxygiene.pt\/loja\/?page_id=8\",\"url\":\"https:\/\/oxygiene.pt\/loja\/?page_id=8\",\"name\":\"Produtos_antigo\"}},{\"@type\":\"ListItem\",\"position\":3,\"item\":{\"@type\":\"WebPage\",\"@id\":\"https:\/\/oxygiene.pt\/loja\/product\/fluido-biocida-ecologico-bacoban-50ml-oncentrado\/\",\"url\":\"https:\/\/oxygiene.pt\/loja\/product\/fluido-biocida-ecologico-bacoban-50ml-oncentrado\/\",\"name\":\"Flu\\u00eddo Biocida Ecol\\u00f3gico Bacoban 50ml Concentrado Garraf\\u00e3o 5L\"}}]}]}<\/script>\n<!-- \/ Yoast SEO plugin. -->","_links":{"self":[{"href":"https:\/\/oxygiene.pt\/loja\/wp-json\/wp\/v2\/product\/564"}],"collection":[{"href":"https:\/\/oxygiene.pt\/loja\/wp-json\/wp\/v2\/product"}],"about":[{"href":"https:\/\/oxygiene.pt\/loja\/wp-json\/wp\/v2\/types\/product"}],"replies":[{"embeddable":true,"href":"https:\/\/oxygiene.pt\/loja\/wp-json\/wp\/v2\/comments?post=564"}],"wp:featuredmedia":[{"embeddable":true,"href":"https:\/\/oxygiene.pt\/loja\/wp-json\/wp\/v2\/media\/574"}],"wp:attachment":[{"href":"https:\/\/oxygiene.pt\/loja\/wp-json\/wp\/v2\/media?parent=564"}],"curies":[{"name":"wp","href":"https:\/\/api.w.org\/{rel}","templated":true}]}}