{"id":556,"date":"2021-04-14T00:25:39","date_gmt":"2021-04-14T00:25:39","guid":{"rendered":"https:\/\/oxygiene.pt\/loja\/?post_type=product&#038;p=556"},"modified":"2022-10-20T10:21:34","modified_gmt":"2022-10-20T10:21:34","slug":"fluido-biocida-ecologico-ox-virin-concentrado-1kg","status":"publish","type":"product","link":"https:\/\/oxygiene.pt\/loja\/product\/fluido-biocida-ecologico-ox-virin-concentrado-1kg\/","title":{"rendered":"Flu\u00eddo Biocida Ecol\u00f3gico OX-Virin Concentrado 1Kg"},"content":{"rendered":"<p><a href=\"https:\/\/oxygiene.pt\/public\/web\/img\/096f5-ox-virin-ficha-de-dados-de-seguranca.pdf\">Conhe\u00e7a neste documento a ficha de Dados de Seguran\u00e7a<\/a><\/p>\n<p><a href=\"https:\/\/oxygiene.pt\/page\/Ox-Virin\">Saiba mais acerca das caracter\u00edsticas do OX-Virin<\/a><\/p>\n<p><strong>VANTAGENS<\/strong><\/p>\n<ul>\n<li>Efeito bactericida, fungicida, virucida, algicida, esporicida e ativo.<\/li>\n<li>A\u00e7\u00e3o desinfetante r\u00e1pida e eficaz. Previne a difus\u00e3o de v\u00edrus e bact\u00e9rias.<\/li>\n<li>A sua utiliza\u00e7\u00e3o continuada n\u00e3o provoca resist\u00eancias nos microrganismos, n\u00e3o sendo necess\u00e1ria a rota\u00e7\u00e3o do desinfetante.<\/li>\n<li>Elimina o biofilme das superf\u00edcies.<\/li>\n<li>N\u00e3o necessita de enxaguamento.<\/li>\n<li>\u00c9 in\u00f3cuo e respeita o meio ambiente<\/li>\n<li>N\u00e3o \u00e9 corrosivo nem t\u00f3xico e \u00e9 100% biodegrad\u00e1vel.<\/li>\n<li>As suas propriedades permanecem inalteradas durante 2 anos.<\/li>\n<li>Elevada estabilidade quando dilu\u00eddo.<\/li>\n<li>A sua atividade \u00e9 independente da temperatura de trabalho e dos par\u00e2metros f\u00edsico-qu\u00edmicos da \u00e1gua utilizada.<\/li>\n<li>Controlo de residual f\u00e1cil e c\u00f3modo atrav\u00e9s das tiras reativas colorim\u00e9tricas<\/li>\n<\/ul>\n<p><strong>BENEF\u00cdCIOS<\/strong><\/p>\n<p><strong>Redu\u00e7\u00e3o de custos:<\/strong><\/p>\n<ul>\n<li>Redu\u00e7\u00e3o do consumo de \u00e1gua e tempo de limpeza \u2013 n\u00e3o requer enxaguamento. ?<\/li>\n<li>Poupan\u00e7a de tempo \u2013 \u00e9 eficaz em doses muito baixas e em tempos de contatos m\u00ednimos. ?<\/li>\n<li>Prolonga a vida dos pain\u00e9is dos refrigeradores evaporativos, diminuindo a frequ\u00eancia de substitui\u00e7\u00e3o. ?<\/li>\n<li>N\u00e3o danifica materiais com a sua utiliza\u00e7\u00e3o, reduzindo-se os custos em manuten\u00e7\u00e3o e substitui\u00e7\u00e3o de instala\u00e7\u00f5es.<\/li>\n<\/ul>\n<p><strong>Seguran\u00e7a e meio ambiente:<\/strong><\/p>\n<ul>\n<li>N\u00e3o forma subprodutos t\u00f3xicos.<\/li>\n<li>N\u00e3o \u00e9 um produto t\u00f3xico para as pessoas e para o meio ambiente.<\/li>\n<\/ul>\n<p><strong>EFIC\u00c1CIA<\/strong><\/p>\n<p>Normas UNE-EN 1040, 1275, 1276, 1650, 13697, 1656, 1657, 14675, 14476.<\/p>\n<p>Efic\u00e1cia comprovada contra bact\u00e9rias: Staphylococcus aureus, Streptococcus spp., Clostridium spp., Enterococcus spp, Pseudomonas aeruginosa, Escherichia coli, Yersinia enterocolitica, Listeria spp., Salmonella spp., Campylobacter spp., etc.<\/p>\n<p><strong>Efic\u00e1cia comprovada contra virus<\/strong>: Influenza, Virus de la Fiebre Aftosa, Enterovirus spp, Adenovirus spp, Virus de la Hepatitis Infecciosa canina, Virus de la Mixomatosis, Poliovirus tipo 1, Orthopoxvirus Vaccinia, Parvovirus canino, etc.<\/p>\n<p>Efic\u00e1cia comprovada contra fungos: Candida albicans, Aspergillus niger.<\/p>\n<p>Efic\u00e1cia comprovada contra o\u00f3citos: de Cryptosporidium parvum.<\/p>\n<p>&nbsp;<\/p>\n<div><\/div>\n<div><\/div>\n","protected":false},"excerpt":{"rendered":"<div><strong>Desinfetante de elite &#8211; Bactericida, Fungicida, Virucida, Algicida e Esporicida<\/strong><\/div>\n<div><\/div>\n<div>\n<p>Biocida de comprovada efic\u00e1cia virucida, nomeadamente no combate a v\u00edrus encapsulados, de acordo com a Norma Europeia UNE EN 14476.<\/p>\n<p>Registado na DGAV com o ACM n.\u00ba 088\/00\/11NBVPT e com Certificado de Conformidade pela Direc\u00e7\u00e3o-Geral da Sa\u00fade (tipo de produto 2, 4 e 5).<\/p>\n<p>Ox-Virin \u00e9 100% biodegrad\u00e1vel, podendo ser aplicado por pulveriza\u00e7\u00e3o em superf\u00edcies (dilu\u00eddo a 1%), ou por nebuliza\u00e7\u00e3o a frio (dilu\u00eddo a 0,5%) com um rendimento superior a 1 lt. para 1000 m\u00b3.<\/p>\n<div>\n<p>1L de OX-VIRIN Concentrado equivalem a 100Litros de Flu\u00eddo Biocida Diu\u00eddo ou seja 20 garraf\u00f5es de 5L.<\/p>\n<\/div>\n<p>&nbsp;<\/p>\n<\/div>\n<p>&nbsp;<\/p>\n","protected":false},"featured_media":558,"comment_status":"open","ping_status":"closed","template":"","meta":[],"yoast_head":"<!-- This site is optimized with the Yoast SEO plugin v16.1.1 - https:\/\/yoast.com\/wordpress\/plugins\/seo\/ -->\n<title>Flu\u00eddo Biocida Ecol\u00f3gico OX-Virin Concentrado 1Kg - Oxygiene<\/title>\n<meta name=\"description\" content=\"Desinfetante de elite - Bactericida, Fungicida, Virucida, Algicida e EsporicidaBiocida de comprovada efic\u00e1cia virucida, nomeadamente no combate a v\u00edrus encapsulados, de acordo com a Norma Europeia UNE EN 14476.Registado na DGAV com o ACM n.\u00ba 088\/00\/11NBVPT e com Certificado de Conformidade pela Direc\u00e7\u00e3o-Geral da Sa\u00fade (tipo de produto 2, 4 e 5).\" \/>\n<link rel=\"canonical\" href=\"https:\/\/oxygiene.pt\/loja\/product\/fluido-biocida-ecologico-ox-virin-concentrado-1kg\/\" \/>\n<meta property=\"og:locale\" content=\"pt_PT\" \/>\n<meta property=\"og:type\" content=\"article\" \/>\n<meta property=\"og:title\" content=\"Flu\u00eddo Biocida Ecol\u00f3gico OX-Virin Concentrado 1Kg - Oxygiene\" \/>\n<meta property=\"og:description\" content=\"Desinfetante de elite - Bactericida, Fungicida, Virucida, Algicida e EsporicidaBiocida de comprovada efic\u00e1cia virucida, nomeadamente no combate a v\u00edrus encapsulados, de acordo com a Norma Europeia UNE EN 14476.Registado na DGAV com o ACM n.\u00ba 088\/00\/11NBVPT e com Certificado de Conformidade pela Direc\u00e7\u00e3o-Geral da Sa\u00fade (tipo de produto 2, 4 e 5).\" \/>\n<meta property=\"og:url\" content=\"https:\/\/oxygiene.pt\/loja\/product\/fluido-biocida-ecologico-ox-virin-concentrado-1kg\/\" \/>\n<meta property=\"og:site_name\" content=\"Oxygiene\" \/>\n<meta property=\"article:modified_time\" content=\"2022-10-20T10:21:34+00:00\" \/>\n<meta property=\"og:image\" content=\"https:\/\/oxygiene.pt\/loja\/wp-content\/uploads\/2021\/04\/ox-virin_1Kg.jpg\" \/>\n\t<meta property=\"og:image:width\" content=\"1946\" \/>\n\t<meta property=\"og:image:height\" content=\"1943\" \/>\n<meta name=\"twitter:card\" content=\"summary_large_image\" \/>\n<meta name=\"twitter:label1\" content=\"Tempo estimado de leitura\">\n\t<meta name=\"twitter:data1\" content=\"2 minutos\">\n<script type=\"application\/ld+json\" class=\"yoast-schema-graph\">{\"@context\":\"https:\/\/schema.org\",\"@graph\":[{\"@type\":\"WebSite\",\"@id\":\"https:\/\/oxygiene.pt\/loja\/#website\",\"url\":\"https:\/\/oxygiene.pt\/loja\/\",\"name\":\"Oxygiene\",\"description\":\"Solu\\u00e7\\u00f5es de desinfe\\u00e7\\u00e3o e limpeza\",\"potentialAction\":[{\"@type\":\"SearchAction\",\"target\":\"https:\/\/oxygiene.pt\/loja\/?s={search_term_string}\",\"query-input\":\"required name=search_term_string\"}],\"inLanguage\":\"pt-PT\"},{\"@type\":\"ImageObject\",\"@id\":\"https:\/\/oxygiene.pt\/loja\/product\/fluido-biocida-ecologico-ox-virin-concentrado-1kg\/#primaryimage\",\"inLanguage\":\"pt-PT\",\"url\":\"https:\/\/oxygiene.pt\/loja\/wp-content\/uploads\/2021\/04\/ox-virin_1Kg.jpg\",\"contentUrl\":\"https:\/\/oxygiene.pt\/loja\/wp-content\/uploads\/2021\/04\/ox-virin_1Kg.jpg\",\"width\":1946,\"height\":1943,\"caption\":\"OX-Virin 1Kg - 1L\"},{\"@type\":\"WebPage\",\"@id\":\"https:\/\/oxygiene.pt\/loja\/product\/fluido-biocida-ecologico-ox-virin-concentrado-1kg\/#webpage\",\"url\":\"https:\/\/oxygiene.pt\/loja\/product\/fluido-biocida-ecologico-ox-virin-concentrado-1kg\/\",\"name\":\"Flu\\u00eddo Biocida Ecol\\u00f3gico OX-Virin Concentrado 1Kg - Oxygiene\",\"isPartOf\":{\"@id\":\"https:\/\/oxygiene.pt\/loja\/#website\"},\"primaryImageOfPage\":{\"@id\":\"https:\/\/oxygiene.pt\/loja\/product\/fluido-biocida-ecologico-ox-virin-concentrado-1kg\/#primaryimage\"},\"datePublished\":\"2021-04-14T00:25:39+00:00\",\"dateModified\":\"2022-10-20T10:21:34+00:00\",\"description\":\"Desinfetante de elite - Bactericida, Fungicida, Virucida, Algicida e EsporicidaBiocida de comprovada efic\\u00e1cia virucida, nomeadamente no combate a v\\u00edrus encapsulados, de acordo com a Norma Europeia UNE EN 14476.Registado na DGAV com o ACM n.\\u00ba 088\/00\/11NBVPT e com Certificado de Conformidade pela Direc\\u00e7\\u00e3o-Geral da Sa\\u00fade (tipo de produto 2, 4 e 5).\",\"breadcrumb\":{\"@id\":\"https:\/\/oxygiene.pt\/loja\/product\/fluido-biocida-ecologico-ox-virin-concentrado-1kg\/#breadcrumb\"},\"inLanguage\":\"pt-PT\",\"potentialAction\":[{\"@type\":\"ReadAction\",\"target\":[\"https:\/\/oxygiene.pt\/loja\/product\/fluido-biocida-ecologico-ox-virin-concentrado-1kg\/\"]}]},{\"@type\":\"BreadcrumbList\",\"@id\":\"https:\/\/oxygiene.pt\/loja\/product\/fluido-biocida-ecologico-ox-virin-concentrado-1kg\/#breadcrumb\",\"itemListElement\":[{\"@type\":\"ListItem\",\"position\":1,\"item\":{\"@type\":\"WebPage\",\"@id\":\"https:\/\/oxygiene.pt\/loja\/\",\"url\":\"https:\/\/oxygiene.pt\/loja\/\",\"name\":\"In\\u00edcio\"}},{\"@type\":\"ListItem\",\"position\":2,\"item\":{\"@type\":\"WebPage\",\"@id\":\"https:\/\/oxygiene.pt\/loja\/?page_id=8\",\"url\":\"https:\/\/oxygiene.pt\/loja\/?page_id=8\",\"name\":\"Produtos_antigo\"}},{\"@type\":\"ListItem\",\"position\":3,\"item\":{\"@type\":\"WebPage\",\"@id\":\"https:\/\/oxygiene.pt\/loja\/product\/fluido-biocida-ecologico-ox-virin-concentrado-1kg\/\",\"url\":\"https:\/\/oxygiene.pt\/loja\/product\/fluido-biocida-ecologico-ox-virin-concentrado-1kg\/\",\"name\":\"Flu\\u00eddo Biocida Ecol\\u00f3gico OX-Virin Concentrado 1Kg\"}}]}]}<\/script>\n<!-- \/ Yoast SEO plugin. -->","_links":{"self":[{"href":"https:\/\/oxygiene.pt\/loja\/wp-json\/wp\/v2\/product\/556"}],"collection":[{"href":"https:\/\/oxygiene.pt\/loja\/wp-json\/wp\/v2\/product"}],"about":[{"href":"https:\/\/oxygiene.pt\/loja\/wp-json\/wp\/v2\/types\/product"}],"replies":[{"embeddable":true,"href":"https:\/\/oxygiene.pt\/loja\/wp-json\/wp\/v2\/comments?post=556"}],"wp:featuredmedia":[{"embeddable":true,"href":"https:\/\/oxygiene.pt\/loja\/wp-json\/wp\/v2\/media\/558"}],"wp:attachment":[{"href":"https:\/\/oxygiene.pt\/loja\/wp-json\/wp\/v2\/media?parent=556"}],"curies":[{"name":"wp","href":"https:\/\/api.w.org\/{rel}","templated":true}]}}