{"id":493,"date":"2021-03-05T13:56:29","date_gmt":"2021-03-05T13:56:29","guid":{"rendered":"https:\/\/oxygiene.pt\/loja\/?post_type=product&#038;p=493"},"modified":"2023-12-15T16:34:34","modified_gmt":"2023-12-15T16:34:34","slug":"calcheck-verificacao-de-calibracao-de-luminometros-hygiena-por-led","status":"publish","type":"product","link":"https:\/\/oxygiene.pt\/loja\/product\/calcheck-verificacao-de-calibracao-de-luminometros-hygiena-por-led\/","title":{"rendered":"CalCheck \u2013 Verifica\u00e7\u00e3o de Calibra\u00e7\u00e3o de Lumin\u00f3metros Hygiena por LED"},"content":{"rendered":"<p><strong>BENEFICIOS DO CalCheck \u2013 Verifica\u00e7\u00e3o de Calibra\u00e7\u00e3o de Lumin\u00f3metros Hygiena<\/strong><\/p>\n<p>&#8211; Verifica\u00e7\u00e3o imediata da calibra\u00e7\u00e3o de lumin\u00f3metros Hygiena, como procedimento de um Sistema de Gest\u00e3o da Qualidade;<\/p>\n<p>&#8211; Garante conformidade em contexto de auditoria, demonstrando o bom funcionamento do sistema implementado;<\/p>\n<p>&#8211; Reutiliz\u00e1vel, garante a verifica\u00e7\u00e3o de calibra\u00e7\u00e3o ilimitada durante a vida \u00fatil do dispositivo, sem qualquer custo adicional;<\/p>\n<p>&#8211; Funciona a pilha que \u00e9 facilmente substitu\u00edvel;<\/p>\n<p>&#8211; Fonte de luz est\u00e1vel em LED;<\/p>\n<p>&#8211; Verifica\u00e7\u00e3o da calibra\u00e7\u00e3o em apenas 60 segundos;<\/p>\n<p>&#8211; Dispositivo com materiais em conformidade com a diretiva RoHS;<\/p>\n<p>&#8211; Entregues com certificado de conformidade Hygiena.<\/p>\n<p>&nbsp;<\/p>\n<p><strong>CARACTER\u00cdSTICAS T\u00c9CNICAS<\/strong><\/p>\n<p><strong>&#8211; <\/strong>Luz LED;<\/p>\n<p>&#8211; Funciona a pilha de lit\u00edo, 1-CR1025 (3V), em forma de moeda;<\/p>\n<p>&#8211; Indicador de substitui\u00e7\u00e3o de pilha por LED de cor vermelho;<\/p>\n<p>&#8211; Armazenar na embalagem original, \u00e0 temperatura de 10 \u2013 25\u00baC;<\/p>\n<p>&#8211; Aguardar 2 minutos entre cada controlo positivo, para estender a dura\u00e7\u00e3o da bateria;<\/p>\n<p>&nbsp;<\/p>\n<p>CONTROLO NEGATIVO<\/p>\n<p>No seu estado desligado, o CalCheck pode ser utilizado como controlo negativo para alertar os utilizadores acerca da luz de fundo do instrumento ou erros raros de calibra\u00e7\u00e3o do sensor.<\/p>\n<p>&nbsp;<\/p>\n<p>INTERPRETA\u00c7\u00c3O DE RESULTADOS<\/p>\n<p>Na primeira utiliza\u00e7\u00e3o do CalCheck, devem ser anotados os valores obtidos para controlo negativo e para controlo positivo, para que sirvam de refer\u00eancia \u00e0s futuras leituras.<\/p>\n<p>Resultados para controlo negativo devem estar compreendidos nas gamas referidas na tabela seguinte, dependendo do equipamento que est\u00e1 a ser utilizado.<\/p>\n<p>Resultados de controlo positivo, devem estra entre os apresentados na tabela seguinte ou n\u00e3o apresentar varia\u00e7\u00e3o superior a 20% dos valores medidos aquando a sua primeira utiliza\u00e7\u00e3o.<\/p>\n<p>&nbsp;<\/p>\n<table width=\"675\">\n<tbody>\n<tr>\n<td width=\"225\"><\/td>\n<td width=\"225\">EnSURE\u2122 (RLU)<\/td>\n<td width=\"225\">SystemSURE Plus\u2122 (RLU)<\/td>\n<\/tr>\n<tr>\n<td width=\"225\">Negativo<\/td>\n<td width=\"225\">0 -4<\/td>\n<td width=\"225\">0 &#8211; 4<\/td>\n<\/tr>\n<tr>\n<td width=\"225\">Positivo<\/td>\n<td width=\"225\">140 &#8211; 220<\/td>\n<td width=\"225\">40 &#8211; 80<\/td>\n<\/tr>\n<tr>\n<td colspan=\"3\" width=\"675\">Para o lumin\u00f3metro EnSURE Touch\u2122, devem ser considerados os valores de RLU fornecidos no aplicativo de calibra\u00e7\u00e3o.<\/td>\n<\/tr>\n<\/tbody>\n<\/table>\n<p>&nbsp;<\/p>\n<p>Confira o v\u00eddeo de instru\u00e7\u00f5es de utiliza\u00e7\u00e3o do dispositivo Cacheck para verifica\u00e7\u00e3o da calibra\u00e7\u00e3o do seu equipamento Hygiena atrav\u00e9s do link:<\/p>\n<p><iframe loading=\"lazy\" title=\"CalCheck LED Calibration Verification Instructional Video\" width=\"1200\" height=\"675\" src=\"https:\/\/www.youtube.com\/embed\/Nc-q7fJxlQw?feature=oembed\" frameborder=\"0\" allow=\"accelerometer; autoplay; clipboard-write; encrypted-media; gyroscope; picture-in-picture\" allowfullscreen><\/iframe><\/p>\n<p>&nbsp;<\/p>\n<p>VALORES DE LEITURA SUPERIORES AO ESPERADO<\/p>\n<p>Valores de leitura de RLU superiores ao esperado, s\u00e3o indicativos de falha na calibra\u00e7\u00e3o do sistema. Neste caso, deve ser contactada a Hygiena.<\/p>\n<p>&nbsp;<\/p>\n<p>VALORES DE LEITURA INFERIORES AO ESPERADO<\/p>\n<p>A contamina\u00e7\u00e3o f\u00edsica pode causar leituras pelo dispositivo CalCheck, que sejam inferiores ao esperado. Neste caso, deve utilizar um pano que n\u00e3o deixe res\u00edduos, embebido em \u00e1lcool, para limpar cuidadosamente a parte externa da haste do dispositivo. Deixe secar ao ar e volte a repetir a leitura. Pode proceder igualmente \u00e0 limpeza da c\u00e2mara de leitura do lumin\u00f3metro. Se ap\u00f3s realizado o procedimento de limpeza, o problema n\u00e3o ficar solucionado, o fabricante deve ser contactado para suporte t\u00e9cnico.<\/p>\n<p>&nbsp;<\/p>\n<p>DESCARTE DO DISPOSITIVO DE TESTE<\/p>\n<p>Quando o CalCheck chega ao fim da sua vida \u00fatil e n\u00e3o puder ser mais substitu\u00edda a pilha do mesmo, este dispositivo, dever\u00e1 ser descartado para o eletr\u00e3o, caso a bateria n\u00e3o seja removida. Se remover a bateria, por favor descarte o dispositivo no lixo comum e a pilha no pilh\u00e3o.<\/p>\n<p>&nbsp;<\/p>\n<p>&nbsp;<\/p>\n","protected":false},"excerpt":{"rendered":"<p>Calcheck \u00e9 um dispositivo LED, reutiliz\u00e1vel para verifica\u00e7\u00e3o da calibra\u00e7\u00e3o de lumin\u00f3metros Hygiena <u>EnSURE Touch<\/u>\u2122 e <u>EnSURE<\/u>\u2122, de forma r\u00e1pida e fi\u00e1vel. Apesar de os lumin\u00f3metros executarem auto-verifica\u00e7\u00e3o de calibra\u00e7\u00e3o sempre que s\u00e3o iniciados, sistemas robustos de gest\u00e3o da qualidade, exigem prova de calibra\u00e7\u00e3o. Com recurso ao Calcheck garante a conformidade do seu lumin\u00f3metro, no imediato e apenas carregando num bot\u00e3o, evitando ter de realizar periodicamente a calibra\u00e7\u00e3o junto do fabricante e custos adicionais.<\/p>\n<p>Pre\u00e7o: <strong>Sob Consulta<\/strong><\/p>\n<p><a class=\"button product_type_simple add_to_cart_button ajax_add_to_cart\" href=\"https:\/\/oxygiene.pt\/contacts\">Encomendar<\/a><\/p>\n","protected":false},"featured_media":498,"comment_status":"open","ping_status":"closed","template":"","meta":[],"yoast_head":"<!-- This site is optimized with the Yoast SEO plugin v16.1.1 - https:\/\/yoast.com\/wordpress\/plugins\/seo\/ -->\n<title>CalCheck \u2013 Verifica\u00e7\u00e3o de Calibra\u00e7\u00e3o de Lumin\u00f3metros Hygiena por LED - Oxygiene<\/title>\n<link rel=\"canonical\" href=\"https:\/\/oxygiene.pt\/loja\/product\/calcheck-verificacao-de-calibracao-de-luminometros-hygiena-por-led\/\" \/>\n<meta property=\"og:locale\" content=\"pt_PT\" \/>\n<meta property=\"og:type\" content=\"article\" \/>\n<meta property=\"og:title\" content=\"CalCheck \u2013 Verifica\u00e7\u00e3o de Calibra\u00e7\u00e3o de Lumin\u00f3metros Hygiena por LED - Oxygiene\" \/>\n<meta property=\"og:description\" content=\"Calcheck \u00e9 um dispositivo LED, reutiliz\u00e1vel para verifica\u00e7\u00e3o da calibra\u00e7\u00e3o de lumin\u00f3metros Hygiena EnSURE Touch\u2122 e EnSURE\u2122, de forma r\u00e1pida e fi\u00e1vel. Apesar de os lumin\u00f3metros executarem auto-verifica\u00e7\u00e3o de calibra\u00e7\u00e3o sempre que s\u00e3o iniciados, sistemas robustos de gest\u00e3o da qualidade, exigem prova de calibra\u00e7\u00e3o. Com recurso ao Calcheck garante a conformidade do seu lumin\u00f3metro, no imediato e apenas carregando num bot\u00e3o, evitando ter de realizar periodicamente a calibra\u00e7\u00e3o junto do fabricante e custos adicionais.  Pre\u00e7o: Sob Consulta  Encomendar\" \/>\n<meta property=\"og:url\" content=\"https:\/\/oxygiene.pt\/loja\/product\/calcheck-verificacao-de-calibracao-de-luminometros-hygiena-por-led\/\" \/>\n<meta property=\"og:site_name\" content=\"Oxygiene\" \/>\n<meta property=\"article:modified_time\" content=\"2023-12-15T16:34:34+00:00\" \/>\n<meta property=\"og:image\" content=\"https:\/\/oxygiene.pt\/loja\/wp-content\/uploads\/2021\/03\/calcheck-oxygiene.jpg\" \/>\n\t<meta property=\"og:image:width\" content=\"600\" \/>\n\t<meta property=\"og:image:height\" content=\"600\" \/>\n<meta name=\"twitter:card\" content=\"summary_large_image\" \/>\n<meta name=\"twitter:label1\" content=\"Tempo estimado de leitura\">\n\t<meta name=\"twitter:data1\" content=\"3 minutos\">\n<script type=\"application\/ld+json\" class=\"yoast-schema-graph\">{\"@context\":\"https:\/\/schema.org\",\"@graph\":[{\"@type\":\"WebSite\",\"@id\":\"https:\/\/oxygiene.pt\/loja\/#website\",\"url\":\"https:\/\/oxygiene.pt\/loja\/\",\"name\":\"Oxygiene\",\"description\":\"Solu\\u00e7\\u00f5es de desinfe\\u00e7\\u00e3o e limpeza\",\"potentialAction\":[{\"@type\":\"SearchAction\",\"target\":\"https:\/\/oxygiene.pt\/loja\/?s={search_term_string}\",\"query-input\":\"required name=search_term_string\"}],\"inLanguage\":\"pt-PT\"},{\"@type\":\"ImageObject\",\"@id\":\"https:\/\/oxygiene.pt\/loja\/product\/calcheck-verificacao-de-calibracao-de-luminometros-hygiena-por-led\/#primaryimage\",\"inLanguage\":\"pt-PT\",\"url\":\"https:\/\/oxygiene.pt\/loja\/wp-content\/uploads\/2021\/03\/calcheck-oxygiene.jpg\",\"contentUrl\":\"https:\/\/oxygiene.pt\/loja\/wp-content\/uploads\/2021\/03\/calcheck-oxygiene.jpg\",\"width\":600,\"height\":600},{\"@type\":\"WebPage\",\"@id\":\"https:\/\/oxygiene.pt\/loja\/product\/calcheck-verificacao-de-calibracao-de-luminometros-hygiena-por-led\/#webpage\",\"url\":\"https:\/\/oxygiene.pt\/loja\/product\/calcheck-verificacao-de-calibracao-de-luminometros-hygiena-por-led\/\",\"name\":\"CalCheck \\u2013 Verifica\\u00e7\\u00e3o de Calibra\\u00e7\\u00e3o de Lumin\\u00f3metros Hygiena por LED - Oxygiene\",\"isPartOf\":{\"@id\":\"https:\/\/oxygiene.pt\/loja\/#website\"},\"primaryImageOfPage\":{\"@id\":\"https:\/\/oxygiene.pt\/loja\/product\/calcheck-verificacao-de-calibracao-de-luminometros-hygiena-por-led\/#primaryimage\"},\"datePublished\":\"2021-03-05T13:56:29+00:00\",\"dateModified\":\"2023-12-15T16:34:34+00:00\",\"breadcrumb\":{\"@id\":\"https:\/\/oxygiene.pt\/loja\/product\/calcheck-verificacao-de-calibracao-de-luminometros-hygiena-por-led\/#breadcrumb\"},\"inLanguage\":\"pt-PT\",\"potentialAction\":[{\"@type\":\"ReadAction\",\"target\":[\"https:\/\/oxygiene.pt\/loja\/product\/calcheck-verificacao-de-calibracao-de-luminometros-hygiena-por-led\/\"]}]},{\"@type\":\"BreadcrumbList\",\"@id\":\"https:\/\/oxygiene.pt\/loja\/product\/calcheck-verificacao-de-calibracao-de-luminometros-hygiena-por-led\/#breadcrumb\",\"itemListElement\":[{\"@type\":\"ListItem\",\"position\":1,\"item\":{\"@type\":\"WebPage\",\"@id\":\"https:\/\/oxygiene.pt\/loja\/\",\"url\":\"https:\/\/oxygiene.pt\/loja\/\",\"name\":\"In\\u00edcio\"}},{\"@type\":\"ListItem\",\"position\":2,\"item\":{\"@type\":\"WebPage\",\"@id\":\"https:\/\/oxygiene.pt\/loja\/?page_id=8\",\"url\":\"https:\/\/oxygiene.pt\/loja\/?page_id=8\",\"name\":\"Produtos_antigo\"}},{\"@type\":\"ListItem\",\"position\":3,\"item\":{\"@type\":\"WebPage\",\"@id\":\"https:\/\/oxygiene.pt\/loja\/product\/calcheck-verificacao-de-calibracao-de-luminometros-hygiena-por-led\/\",\"url\":\"https:\/\/oxygiene.pt\/loja\/product\/calcheck-verificacao-de-calibracao-de-luminometros-hygiena-por-led\/\",\"name\":\"CalCheck \\u2013 Verifica\\u00e7\\u00e3o de Calibra\\u00e7\\u00e3o de Lumin\\u00f3metros Hygiena por LED\"}}]}]}<\/script>\n<!-- \/ Yoast SEO plugin. -->","_links":{"self":[{"href":"https:\/\/oxygiene.pt\/loja\/wp-json\/wp\/v2\/product\/493"}],"collection":[{"href":"https:\/\/oxygiene.pt\/loja\/wp-json\/wp\/v2\/product"}],"about":[{"href":"https:\/\/oxygiene.pt\/loja\/wp-json\/wp\/v2\/types\/product"}],"replies":[{"embeddable":true,"href":"https:\/\/oxygiene.pt\/loja\/wp-json\/wp\/v2\/comments?post=493"}],"wp:featuredmedia":[{"embeddable":true,"href":"https:\/\/oxygiene.pt\/loja\/wp-json\/wp\/v2\/media\/498"}],"wp:attachment":[{"href":"https:\/\/oxygiene.pt\/loja\/wp-json\/wp\/v2\/media?parent=493"}],"curies":[{"name":"wp","href":"https:\/\/api.w.org\/{rel}","templated":true}]}}