{"id":487,"date":"2021-03-05T13:49:03","date_gmt":"2021-03-05T13:49:03","guid":{"rendered":"https:\/\/oxygiene.pt\/loja\/?post_type=product&#038;p=487"},"modified":"2024-06-06T19:12:08","modified_gmt":"2024-06-06T19:12:08","slug":"ultrasnap-dispositivo-de-testes-atp-de-contaminacao-de-superficies-hygiena","status":"publish","type":"product","link":"https:\/\/oxygiene.pt\/loja\/product\/ultrasnap-dispositivo-de-testes-atp-de-contaminacao-de-superficies-hygiena\/","title":{"rendered":"UltraSnap\u2122 \u2013 Dispositivo de Testes ATP de Contamina\u00e7\u00e3o de Superf\u00edcies Hygiena"},"content":{"rendered":"<p><strong>BENEF\u00cdCIOS DO UltraSnap\u2122 &#8211; Dispositivo de Testes ATP de Contamina\u00e7\u00e3o de Superf\u00edcies Hygiena<\/strong><\/p>\n<p>&#8211; Metade do valor de outros dispositivos de Teste ATP dispon\u00edveis no mercado;<\/p>\n<p>&#8211; Resultados em 15 segundos;<\/p>\n<p>&#8211; Resultados consistentes e confi\u00e1veis;<\/p>\n<p>&#8211; O seu cotonete pr\u00e9-humedecido, promove o rompimento do biofilme e facilita a m\u00e1xima recolha de amostras biol\u00f3gicas;<\/p>\n<p>&#8211; Reagente l\u00edquido e est\u00e1vel;<\/p>\n<p>&#8211; N\u00e3o t\u00f3xico;<\/p>\n<p>&#8211; Possui local para identifica\u00e7\u00e3o de cada amostra recolhida;<\/p>\n<p>&#8211; 100% Recicl\u00e1vel;<\/p>\n<p>&#8211; Utiliza 20 a 80% menos pl\u00e1stico que dispositivos concorrentes;<\/p>\n<p>&#8211; Not\u00e1vel precis\u00e3o e reprodutibilidade;<\/p>\n<p>&#8211; Alta sensibilidade;<\/p>\n<p>&#8211; Tolerante a diferen\u00e7as de temperatura;<\/p>\n<p>&#8211; Entregues com certificado de conformidade Hygiena.<\/p>\n<p><strong>\u00a0<\/strong><\/p>\n<p><strong>CARACTER\u00cdSTICAS T\u00c9CNICAS<\/strong><\/p>\n<p>&#8211; Sensibilidade: 0.1 \u2013 1.0 fentomoles de ATP<\/p>\n<p>&#8211; Validade (2-8\u00baC): 15 meses<\/p>\n<p>&#8211; Validade temperatura ambiente: 28 dias<\/p>\n<p>&#8211; Compat\u00edvel com lumin\u00f3metros Hygiena: <u>EnSURE Touch<\/u>\u2122 e <u>EnSURE<\/u>\u2122<\/p>\n<p>&#8211; Comercializado em caixa de 100 unidades com quatro saquetas, cada uma com de 25 unidades<\/p>\n<p>&nbsp;<\/p>\n<p>TESTES ATP DE CONTAMINA\u00c7\u00c3O DE SUPERF\u00cdCIES<\/p>\n<p>Trifosfato de adenosina, ou ATP, \u00e9 a mol\u00e9cula de energia encontrada em todos os seres vivos, tornando-a um indicador perfeito ao tentar determinar se uma superf\u00edcie est\u00e1 limpa ou n\u00e3o. As empresas usam os sistemas de ATP para verificar rapidamente se as superf\u00edcies foram completamente limpas e para garantir que os biofilmes se estejam a desenvolver nas superf\u00edcies, afetando a qualidade dos processos.<\/p>\n<p>&nbsp;<\/p>\n<p>INDICADOR DO GRAU DE CONTAMINA\u00c7\u00c3O<\/p>\n<p>O sistema de controlo de higieniza\u00e7\u00e3o de superf\u00edcies com base em testes de ATP, permite que ap\u00f3s recolha de amostra na superf\u00edcie cr\u00edtica, esta seja colocada em contacto com um reagente l\u00edquido, est\u00e1vel e exclusivo Hygiena, presente no dispositivo de teste. Ocorre uma rela\u00e7\u00e3o enzim\u00e1tica produtora de luz, sendo que a luz produzida \u00e9 proporcional \u00e1 quantidade de ATP da amostra recolhida. Em segundos, \u00e9 apurada a quantidade de ATP na superf\u00edcie e avaliado o grau de contamina\u00e7\u00e3o da mesma.<\/p>\n<p>&nbsp;<\/p>\n<p><strong>QU\u00cdMICA DE BIOLUMINESC\u00caNCIA POR TR\u00c9S DOS TESTES ATP<\/strong><\/p>\n<p>A qu\u00edmica utilizada nos equipamentos de teste \u00e9 um elemento cr\u00edtico no seu desempenho. Para apurar a quantidade de ATP presente nas superf\u00edcies, por rea\u00e7\u00e3o enzim\u00e1tica produtora de luz, o o EnSURE Touch \u2122 utiliza uma qu\u00edmica est\u00e1vel em l\u00edquido, contida no dispositivo de teste (zaragatoa), para recolha de amostras que possibilita a obten\u00e7\u00e3o de resultados mais precisos e reprodut\u00edveis a um custo menor. (<u>Ultra Snap<\/u>\u2122<u> \u2013 Testes ATP de Superf\u00edcies)<\/u><\/p>\n<p>&nbsp;<\/p>\n<p><strong>DISPOSITIVOS DE TESTE <\/strong><\/p>\n<p>Os dispositivos de Teste, <u>Ultra Snap\u2122 \u2013 Testes ATP de Superf\u00edcies<\/u>, foram especialmente concebidos para possibilitar uma recolha de excel\u00eancia, de amostras de material biol\u00f3gico, com baixo sinal de fundo e facilidade de utiliza\u00e7\u00e3o, mesmo nas condi\u00e7\u00f5es mais adversas ou locais de dif\u00edcil acesso atrav\u00e9s da tecnologia <u>Snap-Valve \u2122<\/u>. Os dispositivos de teste oferecem elimina\u00e7\u00e3o de materiais estranhos, o aumento de efici\u00eancia, a minimiza\u00e7\u00e3o da variabilidade e redu\u00e7\u00e3o de custos por teste.<\/p>\n<p>&nbsp;<\/p>\n<p>REALIZA\u00c7\u00c3O DE TESTE ATP<\/p>\n<p>Utilizar o dispositivo de teste UltraSnap\u2122 \u00e9 muito simples. Para realizar o teste basta escolher o local de recolha de amostra biol\u00f3gica, passar o cotonete do dispositivo na superf\u00edcie, ativar a rea\u00e7\u00e3o atrav\u00e9s da v\u00e1lvula e executar o teste no lumin\u00f3metro Hygiena. Confira o v\u00eddeo de execu\u00e7\u00e3o de teste ATP a partido do link,<\/p>\n<p><iframe loading=\"lazy\" title=\"UltraSnap Surface ATP Test\" width=\"1200\" height=\"675\" src=\"https:\/\/www.youtube.com\/embed\/us2HVZBdPSM?feature=oembed\" frameborder=\"0\" allow=\"accelerometer; autoplay; clipboard-write; encrypted-media; gyroscope; picture-in-picture\" allowfullscreen><\/iframe><\/p>\n<p>&nbsp;<\/p>\n<p>&nbsp;<\/p>\n<p>&nbsp;<\/p>\n<p>&nbsp;<\/p>\n","protected":false},"excerpt":{"rendered":"<p>O UltraSnap\u2122 \u00e9 um dispositivo de amostragem de testes ATP de contamina\u00e7\u00e3o de superf\u00edcies utilizado nos sistemas de monitoramento de higieniza\u00e7\u00e3o da Hygiena (<u>EnSURE Touch\u2122<\/u> e <u>EnSURE\u2122<\/u>). Eco-friendly, do tamanho de uma caneta, \u00e9 pr\u00e1tico e de muito f\u00e1cil utiliza\u00e7\u00e3o. O UltraSnap\u2122 utiliza como regente exclusivo, um l\u00edquido est\u00e1vel que garante precis\u00e3o extrema, resultados reprodut\u00edveis e intensidade de sinal duradoura. Em apenas 15 segundos permite verificar as condi\u00e7\u00f5es de higiene de qualquer superf\u00edcie e equipamento m\u00e9dico mesmo os de mais dif\u00edcil acesso, e em qualquer ambiente.<\/p>\n","protected":false},"featured_media":492,"comment_status":"open","ping_status":"closed","template":"","meta":[],"yoast_head":"<!-- This site is optimized with the Yoast SEO plugin v16.1.1 - https:\/\/yoast.com\/wordpress\/plugins\/seo\/ -->\n<title>UltraSnap\u2122 \u2013 Dispositivo de Testes ATP de Contamina\u00e7\u00e3o de Superf\u00edcies Hygiena - Oxygiene<\/title>\n<link rel=\"canonical\" href=\"https:\/\/oxygiene.pt\/loja\/product\/ultrasnap-dispositivo-de-testes-atp-de-contaminacao-de-superficies-hygiena\/\" \/>\n<meta property=\"og:locale\" content=\"pt_PT\" \/>\n<meta property=\"og:type\" content=\"article\" \/>\n<meta property=\"og:title\" content=\"UltraSnap\u2122 \u2013 Dispositivo de Testes ATP de Contamina\u00e7\u00e3o de Superf\u00edcies Hygiena - Oxygiene\" \/>\n<meta property=\"og:description\" content=\"O UltraSnap\u2122 \u00e9 um dispositivo de amostragem de testes ATP de contamina\u00e7\u00e3o de superf\u00edcies utilizado nos sistemas de monitoramento de higieniza\u00e7\u00e3o da Hygiena (EnSURE Touch\u2122 e EnSURE\u2122). Eco-friendly, do tamanho de uma caneta, \u00e9 pr\u00e1tico e de muito f\u00e1cil utiliza\u00e7\u00e3o. O UltraSnap\u2122 utiliza como regente exclusivo, um l\u00edquido est\u00e1vel que garante precis\u00e3o extrema, resultados reprodut\u00edveis e intensidade de sinal duradoura. Em apenas 15 segundos permite verificar as condi\u00e7\u00f5es de higiene de qualquer superf\u00edcie e equipamento m\u00e9dico mesmo os de mais dif\u00edcil acesso, e em qualquer ambiente.\" \/>\n<meta property=\"og:url\" content=\"https:\/\/oxygiene.pt\/loja\/product\/ultrasnap-dispositivo-de-testes-atp-de-contaminacao-de-superficies-hygiena\/\" \/>\n<meta property=\"og:site_name\" content=\"Oxygiene\" \/>\n<meta property=\"article:modified_time\" content=\"2024-06-06T19:12:08+00:00\" \/>\n<meta property=\"og:image\" content=\"https:\/\/oxygiene.pt\/loja\/wp-content\/uploads\/2021\/03\/utrasnap-oxygiene.jpg\" \/>\n\t<meta property=\"og:image:width\" content=\"600\" \/>\n\t<meta property=\"og:image:height\" content=\"600\" \/>\n<meta name=\"twitter:card\" content=\"summary_large_image\" \/>\n<meta name=\"twitter:label1\" content=\"Tempo estimado de leitura\">\n\t<meta name=\"twitter:data1\" content=\"3 minutos\">\n<script type=\"application\/ld+json\" class=\"yoast-schema-graph\">{\"@context\":\"https:\/\/schema.org\",\"@graph\":[{\"@type\":\"WebSite\",\"@id\":\"https:\/\/oxygiene.pt\/loja\/#website\",\"url\":\"https:\/\/oxygiene.pt\/loja\/\",\"name\":\"Oxygiene\",\"description\":\"Solu\\u00e7\\u00f5es de desinfe\\u00e7\\u00e3o e limpeza\",\"potentialAction\":[{\"@type\":\"SearchAction\",\"target\":\"https:\/\/oxygiene.pt\/loja\/?s={search_term_string}\",\"query-input\":\"required name=search_term_string\"}],\"inLanguage\":\"pt-PT\"},{\"@type\":\"ImageObject\",\"@id\":\"https:\/\/oxygiene.pt\/loja\/product\/ultrasnap-dispositivo-de-testes-atp-de-contaminacao-de-superficies-hygiena\/#primaryimage\",\"inLanguage\":\"pt-PT\",\"url\":\"https:\/\/oxygiene.pt\/loja\/wp-content\/uploads\/2021\/03\/utrasnap-oxygiene.jpg\",\"contentUrl\":\"https:\/\/oxygiene.pt\/loja\/wp-content\/uploads\/2021\/03\/utrasnap-oxygiene.jpg\",\"width\":600,\"height\":600},{\"@type\":\"WebPage\",\"@id\":\"https:\/\/oxygiene.pt\/loja\/product\/ultrasnap-dispositivo-de-testes-atp-de-contaminacao-de-superficies-hygiena\/#webpage\",\"url\":\"https:\/\/oxygiene.pt\/loja\/product\/ultrasnap-dispositivo-de-testes-atp-de-contaminacao-de-superficies-hygiena\/\",\"name\":\"UltraSnap\\u2122 \\u2013 Dispositivo de Testes ATP de Contamina\\u00e7\\u00e3o de Superf\\u00edcies Hygiena - Oxygiene\",\"isPartOf\":{\"@id\":\"https:\/\/oxygiene.pt\/loja\/#website\"},\"primaryImageOfPage\":{\"@id\":\"https:\/\/oxygiene.pt\/loja\/product\/ultrasnap-dispositivo-de-testes-atp-de-contaminacao-de-superficies-hygiena\/#primaryimage\"},\"datePublished\":\"2021-03-05T13:49:03+00:00\",\"dateModified\":\"2024-06-06T19:12:08+00:00\",\"breadcrumb\":{\"@id\":\"https:\/\/oxygiene.pt\/loja\/product\/ultrasnap-dispositivo-de-testes-atp-de-contaminacao-de-superficies-hygiena\/#breadcrumb\"},\"inLanguage\":\"pt-PT\",\"potentialAction\":[{\"@type\":\"ReadAction\",\"target\":[\"https:\/\/oxygiene.pt\/loja\/product\/ultrasnap-dispositivo-de-testes-atp-de-contaminacao-de-superficies-hygiena\/\"]}]},{\"@type\":\"BreadcrumbList\",\"@id\":\"https:\/\/oxygiene.pt\/loja\/product\/ultrasnap-dispositivo-de-testes-atp-de-contaminacao-de-superficies-hygiena\/#breadcrumb\",\"itemListElement\":[{\"@type\":\"ListItem\",\"position\":1,\"item\":{\"@type\":\"WebPage\",\"@id\":\"https:\/\/oxygiene.pt\/loja\/\",\"url\":\"https:\/\/oxygiene.pt\/loja\/\",\"name\":\"In\\u00edcio\"}},{\"@type\":\"ListItem\",\"position\":2,\"item\":{\"@type\":\"WebPage\",\"@id\":\"https:\/\/oxygiene.pt\/loja\/?page_id=8\",\"url\":\"https:\/\/oxygiene.pt\/loja\/?page_id=8\",\"name\":\"Produtos_antigo\"}},{\"@type\":\"ListItem\",\"position\":3,\"item\":{\"@type\":\"WebPage\",\"@id\":\"https:\/\/oxygiene.pt\/loja\/product\/ultrasnap-dispositivo-de-testes-atp-de-contaminacao-de-superficies-hygiena\/\",\"url\":\"https:\/\/oxygiene.pt\/loja\/product\/ultrasnap-dispositivo-de-testes-atp-de-contaminacao-de-superficies-hygiena\/\",\"name\":\"UltraSnap\\u2122 \\u2013 Dispositivo de Testes ATP de Contamina\\u00e7\\u00e3o de Superf\\u00edcies Hygiena\"}}]}]}<\/script>\n<!-- \/ Yoast SEO plugin. -->","_links":{"self":[{"href":"https:\/\/oxygiene.pt\/loja\/wp-json\/wp\/v2\/product\/487"}],"collection":[{"href":"https:\/\/oxygiene.pt\/loja\/wp-json\/wp\/v2\/product"}],"about":[{"href":"https:\/\/oxygiene.pt\/loja\/wp-json\/wp\/v2\/types\/product"}],"replies":[{"embeddable":true,"href":"https:\/\/oxygiene.pt\/loja\/wp-json\/wp\/v2\/comments?post=487"}],"wp:featuredmedia":[{"embeddable":true,"href":"https:\/\/oxygiene.pt\/loja\/wp-json\/wp\/v2\/media\/492"}],"wp:attachment":[{"href":"https:\/\/oxygiene.pt\/loja\/wp-json\/wp\/v2\/media?parent=487"}],"curies":[{"name":"wp","href":"https:\/\/api.w.org\/{rel}","templated":true}]}}