{"id":478,"date":"2021-03-05T13:43:01","date_gmt":"2021-03-05T13:43:01","guid":{"rendered":"https:\/\/oxygiene.pt\/loja\/?post_type=product&#038;p=478"},"modified":"2023-12-15T16:36:00","modified_gmt":"2023-12-15T16:36:00","slug":"luminometro-ensure-touch-hygiena-sistema-de-monitoramento-de-higienizacao-de-superficies","status":"publish","type":"product","link":"https:\/\/oxygiene.pt\/loja\/product\/luminometro-ensure-touch-hygiena-sistema-de-monitoramento-de-higienizacao-de-superficies\/","title":{"rendered":"Lumin\u00f3metro EnSURE TOUCH &#8211; Hygiena Sistema de monitoramento de Higieniza\u00e7\u00e3o de Superf\u00edcies"},"content":{"rendered":"<p>&nbsp;<\/p>\n<p>&#8211; Verifica\u00e7\u00e3o da higieniza\u00e7\u00e3o de superf\u00edcies em apenas 10 segundos;<\/p>\n<p>&#8211; Teste e compara\u00e7\u00e3o da efic\u00e1cia dos produtos e procedimentos de higieniza\u00e7\u00e3o e desinfe\u00e7\u00e3o;<\/p>\n<p>&#8211; Garantir o cumprimento dos padr\u00f5es de limpeza;<\/p>\n<p>&#8211; Identifica\u00e7\u00e3o de pontos cr\u00edticos ou problem\u00e1ticos nas instala\u00e7\u00f5es e que carecem de maior aten\u00e7\u00e3o;<\/p>\n<p>&#8211; Os resultados de ATP em tempo real e os resultados simult\u00e2neos do indicador microbiano tornam o EnSURE \u2122 Touch um sistema de solu\u00e7\u00e3o de problemas \u00fatil;<\/p>\n<p>&#8211; Auxilia no desenvolvimento e melhoria de processos e programas de avalia\u00e7\u00e3o de risco (HACCP e GMPs)<\/p>\n<p>&#8211; Cumprimento de padr\u00f5es das normas ISO, FSMA e GFSI;<\/p>\n<p>&#8211; Redu\u00e7\u00e3o de intoxica\u00e7\u00f5es alimentares, encerramento de instala\u00e7\u00f5es, substitui\u00e7\u00e3o de produtos e preju\u00edzos associados;<\/p>\n<p>&#8211; Redu\u00e7\u00e3o de custos por execu\u00e7\u00e3o interna de testes;<\/p>\n<p>&#8211; Proje\u00e7\u00e3o da reputa\u00e7\u00e3o da sua marca;<\/p>\n<p>&#8211; Obten\u00e7\u00e3o de evidencias de controlo e verifica\u00e7\u00e3o audit\u00e1veis;<\/p>\n<p>&#8211; Navega\u00e7\u00e3o simples e intuitiva, semelhante a um smartphone;<\/p>\n<p>&#8211; Configur\u00e1vel de acordo com as suas necessidades;<\/p>\n<p>&#8211; Conectividade Wi-Fi ou USB para software baseado em nuvem;<\/p>\n<p>&#8211; Sistema que permite recolher, analisar e reportar dados de v\u00e1rios indicadores de qualidade;<\/p>\n<p>&#8211; Recursos integrados de compartilhamento de tela permitem suporte remoto diretamente no dispositivo;<\/p>\n<p>&#8211; O sensor de inclina\u00e7\u00e3o integrado garante que os testes sejam sempre efetuados corretamente e com precis\u00e3o;<\/p>\n<p>&#8211; A gest\u00e3o inteligente de bateria, otimiza as configura\u00e7\u00f5es do dispositivo para maximizar a vida \u00fatil da bateria;<\/p>\n<p>&#8211; Nenhuma manuten\u00e7\u00e3o anual programada necess\u00e1ria;<\/p>\n<p>&#8211; Kit de controle de calibra\u00e7\u00e3o\u00a0dispon\u00edvel\u00a0para confirma\u00e7\u00e3o interna de calibra\u00e7\u00e3o (<u>Calcheck \u2013 Verifica\u00e7\u00e3o de Calibra\u00e7\u00e3o por LED<\/u>);<\/p>\n<p>&#8211; Software SureTrend Cloud integrado e gratuito.<\/p>\n<p>&nbsp;<\/p>\n<p><strong>CARACTER\u00cdSTICAS T\u00c9CNICAS<\/strong><\/p>\n<p>&#8211; Peso: 317g<\/p>\n<p>&#8211; Dimens\u00f5es: 17.8 x 7.6 x 2.5 cm<\/p>\n<p>&#8211; Tempo de leitura: 10 segundos<\/p>\n<p>&#8211; Bateria: Recarreg\u00e1vel, interna, i\u00f5es de l\u00edtio<\/p>\n<p>&#8211; Autonomia: 8 \u2013 10 horas<\/p>\n<p>&#8211; Tempo de carga: 3 \u2013 4 horas<\/p>\n<p>&#8211; Ecr\u00e3 t\u00e1til: 5\u2019\u2019<\/p>\n<p>&#8211; Wi-fi: Sim<\/p>\n<p>&#8211; Conectividade: Wi-fi e USB<\/p>\n<p>&#8211; Utiliza\u00e7\u00e3o em rede<\/p>\n<p>&#8211; Software de an\u00e1lise: SureTrend Cloud<\/p>\n<p>&#8211; Compat\u00edvel com Microssoft Excel<\/p>\n<p>&#8211; Sensor de luz de fotod\u00edodo \u2013 Detetor interno no estado s\u00f3lido, n\u00e3o \u00e9 afetado por quedas nem tremores;<\/p>\n<p>&#8211; Sensor de inclina\u00e7\u00e3o garante leituras precisas;<\/p>\n<p>&#8211; Desliga automaticamente;<\/p>\n<p>&#8211; Atualiza\u00e7\u00f5es autom\u00e1ticas do software;<\/p>\n<p>&#8211; Sensibilidade: 0.1 fentomoles<\/p>\n<p>&#8211; Reprodutibilidade: 8-18%<\/p>\n<p>&#8211; Verifica\u00e7\u00e3o de Calibra\u00e7\u00e3o: Sim<\/p>\n<p>&#8211; Localiza\u00e7\u00f5es Program\u00e1veis: &gt; 1.000.000<\/p>\n<p>&#8211; Capacidade de Armazenar Testes: &gt; 1.000.000<\/p>\n<p>&#8211; Executar Relat\u00f3rios: Sim<\/p>\n<p>&#8211; Gest\u00e3o de Planos de Testes<\/p>\n<p>&#8211; Gest\u00e3o de Localiza\u00e7\u00f5es de Testes<\/p>\n<p>&#8211; Programa\u00e7\u00e3o de Testes<\/p>\n<p>&#8211; Compat\u00edvel com: <u>Ultra Snap<\/u>\u2122<u> \u2013 Testes ATP de Superf\u00edcies<\/u> e <u>Calcheck<\/u>\u2122<u> \u2013 Verifica\u00e7\u00e3o de Calibra\u00e7\u00e3o de LED<\/u><\/p>\n<p>&nbsp;<\/p>\n<p>TESTES ATP DE CONTAMINA\u00c7\u00c3O DE SUPERF\u00cdCIES<\/p>\n<p>Trifosfato de adenosina, ou ATP, \u00e9 a mol\u00e9cula de energia encontrada em todos os seres vivos, tornando-a um indicador perfeito ao tentar determinar se uma superf\u00edcie est\u00e1 limpa ou n\u00e3o. As empresas usam os sistemas de ATP para verificar rapidamente se as superf\u00edcies foram completamente limpas e para garantir que os biofilmes se estejam a desenvolver nas superf\u00edcies, afetando a qualidade dos processos.<\/p>\n<p>&nbsp;<\/p>\n<p>INDICADOR DO GRAU DE CONTAMINA\u00c7\u00c3O<\/p>\n<p>O sistema de controlo de higieniza\u00e7\u00e3o de superf\u00edcies com base em testes de ATP, permite que ap\u00f3s recolha de amostra na superf\u00edcie cr\u00edtica, esta seja colocada em contacto com um reagente l\u00edquido, est\u00e1vel e exclusivo Hygiena, presente no dispositivo de teste. Ocorre uma rela\u00e7\u00e3o enzim\u00e1tica produtora de luz, sendo que a luz produzida \u00e9 proporcional \u00e1 quantidade de ATP da amostra recolhida. Em segundos, \u00e9 apurada a quantidade de ATP na superf\u00edcie e avaliado o grau de contamina\u00e7\u00e3o da mesma.<\/p>\n<p>&nbsp;<\/p>\n<p>TECNOLOGIA DE \u00daLTIMA GERA\u00c7\u00c3O<\/p>\n<p>O EnSURE Touch\u2122 utiliza uma tecnologia de sensor fotod\u00edodo, de \u00faltima gera\u00e7\u00e3o, que lhe confere elevada sensibilidade e estabilidade em combina\u00e7\u00e3o com uma interface totalmente t\u00e1til, que o torna extremamente intuitivo e f\u00e1cil de utilizar. Este min\u00fasculo sensor incorporado no equipamento, permite que os\u00a0dispositivos\u00a0Hygiena\u2122\u00a0sejam de menor dimens\u00e3o, mais leves, e mais duradouros, do que os sistemas que usam um sensor de tubo fotomultiplicador (PMT), que \u00e9 fr\u00e1gil e ocupa grande volume.<\/p>\n<p>&nbsp;<\/p>\n<p>REALIZA\u00c7\u00c3O R\u00c1PIDA E FI\u00c1VEL DE TESTES ATP DE CONTAMINA\u00c7\u00c3O DE SUPERF\u00cdCIES<\/p>\n<p>O sistema de monitoramento EnSURE Touch \u2122 foi projetado para ser usado em v\u00e1rios testes de qualidade e seguran\u00e7a alimentar.\u00a0Pode fazer-se uso do sistema para monitorar as condi\u00e7\u00f5es de higiene de um espa\u00e7o, por meio de <u>Testes ATP de contamina\u00e7\u00e3o de superf\u00edcies<\/u>. \u00c9 muito \u00fatil para a identifica\u00e7\u00e3o de locais problem\u00e1ticos e que carecem de maior aten\u00e7\u00e3o, no cumprimento de requisitos legais, realiza\u00e7\u00e3o de auditorias e contribui para a melhoria continua de planos de limpeza, higieniza\u00e7\u00e3o e desinfe\u00e7\u00e3o. Confira o v\u00eddeo demonstrando a r\u00e1pida execu\u00e7\u00e3o de um teste ATP com recurso ao sistema EnSURE Touch \u2122 atrav\u00e9s do link,<\/p>\n<p><iframe loading=\"lazy\" title=\"Running a Quick Test on the new EnSURE\u2122 Touch\" width=\"1200\" height=\"675\" src=\"https:\/\/www.youtube.com\/embed\/Cno4HwAvAAQ?feature=oembed\" frameborder=\"0\" allow=\"accelerometer; autoplay; clipboard-write; encrypted-media; gyroscope; picture-in-picture; web-share\" allowfullscreen><\/iframe><\/p>\n<p>&nbsp;<\/p>\n<p><strong>ROBUSTEZ, DURABILIDADE E \u00c0 PROVA DE ESTILHA\u00c7AMENTO<\/strong><\/p>\n<p>Possui revestimento externo de elevada robustez e a ecr\u00e3 sens\u00edvel ao toque, mesmo utilizando luvas, e \u00e0 prova de estilha\u00e7amento. Estas caracter\u00edsticas, mant\u00eam o EnSURE Touch \u2122 seguro nos ambientes mais adversos.\u00a0Para prote\u00e7\u00e3o extra, cada sistema tem inclu\u00edda uma capa de borracha, com uma al\u00e7a de ombro para transporte sem as m\u00e3os, nos diferentes locais de teste das suas instala\u00e7\u00f5es.<\/p>\n<p>&nbsp;<\/p>\n<p><strong>CONECTIVIDADE WIRELESS PARA DOMINIO COMPLETO DA GEST\u00c3O DE RISCOS<\/strong><\/p>\n<p>O EnSURE \u2122 Touch vem pronto para usar com Wi-Fi, permitindo que voc\u00ea sincronize seus resultados de forma direta e segura com software gratuito de an\u00e1lise de dados baseado em nuvem, SureTrend \u2122 Cloud, sem ser necess\u00e1ria conex\u00e3o via USB. O software user friendly, permite que os usu\u00e1rios monitorem, rastreiem e analisem tend\u00eancias dos resultados dos testes em v\u00e1rias instala\u00e7\u00f5es, agendem relat\u00f3rios autom\u00e1ticos, o que torna a gest\u00e3o de riscos mais f\u00e1cil do que nunca.<\/p>\n<p>&nbsp;<\/p>\n<p><strong>GARANTIA RESULTADOS SEMPRE CONFI\u00c1VIES<\/strong><\/p>\n<p>O EnSURE \u2122 Touch possui verifica\u00e7\u00f5es de sensor integradas e um\u00a0kit para verifica\u00e7\u00e3o da calibra\u00e7\u00e3o (<u>Calcheck\u2122 \u2013 Verifica\u00e7\u00e3o de Calibra\u00e7\u00e3o de LED<\/u>), que se comercializa separadamente, tornando a verifica\u00e7\u00e3o da calibra\u00e7\u00e3o extremamente f\u00e1cil e r\u00e1pida. Habilitando no seu equipamento o recurso Auto-Verifica\u00e7\u00e3o, sempre que o sistema for iniciado, a calibra\u00e7\u00e3o ser\u00e1 confirmada. Caso o seu programa HACCP, GMP ou sistema ISO, exigir garantia adicional de calibra\u00e7\u00e3o, basta utilizar o Kit <u>Calcheck\u2122 \u2013 Verifica\u00e7\u00e3o de Calibra\u00e7\u00e3o de LED <\/u>para garantir que o sistema est\u00e1 dentro das especifica\u00e7\u00f5es.<\/p>\n<p>&nbsp;<\/p>\n<p><strong>QU\u00cdMICA DE BIOLUMINESC\u00caNCIA POR TR\u00c9S DOS TESTES ATP<\/strong><\/p>\n<p>A qu\u00edmica utilizada nos equipamentos de teste \u00e9 um elemento cr\u00edtico no seu desempenho. Para apurar a quantidade de ATP presente nas superf\u00edcies, por rea\u00e7\u00e3o enzim\u00e1tica produtora de luz, o o EnSURE Touch \u2122 utiliza uma qu\u00edmica est\u00e1vel em l\u00edquido, contida no dispositivo de teste (zaragatoa), para recolha de amostras que possibilita a obten\u00e7\u00e3o de resultados mais precisos e reprodut\u00edveis a um custo menor. (<u>Ultra Snap<\/u>\u2122<u> \u2013 Testes ATP de Superf\u00edcies)<\/u><\/p>\n<p><strong>\u00a0<\/strong><\/p>\n<p><strong>DISPOSITIVOS DE TESTE <\/strong><\/p>\n<p>Os dispositivos de Teste, <u>Ultra Snap\u2122 \u2013 Testes ATP de Superf\u00edcies<\/u>, foram especialmente concebidos para possibilitar uma recolha de excel\u00eancia, de amostras de material biol\u00f3gico, com baixo sinal de fundo e facilidade de utiliza\u00e7\u00e3o, mesmo nas condi\u00e7\u00f5es mais adversas ou locais de dif\u00edcil acesso atrav\u00e9s da tecnologia <u>Snap-Valve \u2122<\/u>. Os dispositivos de teste oferecem elimina\u00e7\u00e3o de materiais estranhos, o aumento de efici\u00eancia, a minimiza\u00e7\u00e3o da variabilidade e redu\u00e7\u00e3o de custos por teste.<\/p>\n","protected":false},"excerpt":{"rendered":"<p>Garanta a seguran\u00e7a das suas instala\u00e7\u00f5es e cumprimento de legisla\u00e7\u00e3o inerente ao seu setor de atividade, atrav\u00e9s da realiza\u00e7\u00e3o de <u>Testes ATP de contamina\u00e7\u00e3o de superf\u00edcies.<\/u> Leve, r\u00e1pido, com liga\u00e7\u00e3o wireless e de utiliza\u00e7\u00e3o semelhante a um smartphone, o EnSure Touch\u2122 permite aferir o grau de contamina\u00e7\u00e3o de superf\u00edcies de qualquer material, em poucos segundos e com resultados fi\u00e1veis de qualidade. \u00c9 uma excelente ajuda na elabora\u00e7\u00e3o e melhoria de planos de Higieniza\u00e7\u00e3o e Desinfe\u00e7\u00e3o. Permite a consulta e an\u00e1lise de dados recolhidos, atrav\u00e9s software inclu\u00eddo, elaborar e agendar planos de controlo para diversos locais ou pontos cr\u00edticos e o registo de m\u00faltiplos usu\u00e1rios.<\/p>\n","protected":false},"featured_media":500,"comment_status":"open","ping_status":"closed","template":"","meta":[],"yoast_head":"<!-- This site is optimized with the Yoast SEO plugin v16.1.1 - https:\/\/yoast.com\/wordpress\/plugins\/seo\/ -->\n<title>Lumin\u00f3metro EnSURE TOUCH - Hygiena Sistema de monitoramento de Higieniza\u00e7\u00e3o de Superf\u00edcies - Oxygiene<\/title>\n<link rel=\"canonical\" href=\"https:\/\/oxygiene.pt\/loja\/product\/luminometro-ensure-touch-hygiena-sistema-de-monitoramento-de-higienizacao-de-superficies\/\" \/>\n<meta property=\"og:locale\" content=\"pt_PT\" \/>\n<meta property=\"og:type\" content=\"article\" \/>\n<meta property=\"og:title\" content=\"Lumin\u00f3metro EnSURE TOUCH - Hygiena Sistema de monitoramento de Higieniza\u00e7\u00e3o de Superf\u00edcies - Oxygiene\" \/>\n<meta property=\"og:description\" content=\"Garanta a seguran\u00e7a das suas instala\u00e7\u00f5es e cumprimento de legisla\u00e7\u00e3o inerente ao seu setor de atividade, atrav\u00e9s da realiza\u00e7\u00e3o de Testes ATP de contamina\u00e7\u00e3o de superf\u00edcies. Leve, r\u00e1pido, com liga\u00e7\u00e3o wireless e de utiliza\u00e7\u00e3o semelhante a um smartphone, o EnSure Touch\u2122 permite aferir o grau de contamina\u00e7\u00e3o de superf\u00edcies de qualquer material, em poucos segundos e com resultados fi\u00e1veis de qualidade. \u00c9 uma excelente ajuda na elabora\u00e7\u00e3o e melhoria de planos de Higieniza\u00e7\u00e3o e Desinfe\u00e7\u00e3o. Permite a consulta e an\u00e1lise de dados recolhidos, atrav\u00e9s software inclu\u00eddo, elaborar e agendar planos de controlo para diversos locais ou pontos cr\u00edticos e o registo de m\u00faltiplos usu\u00e1rios.\" \/>\n<meta property=\"og:url\" content=\"https:\/\/oxygiene.pt\/loja\/product\/luminometro-ensure-touch-hygiena-sistema-de-monitoramento-de-higienizacao-de-superficies\/\" \/>\n<meta property=\"og:site_name\" content=\"Oxygiene\" \/>\n<meta property=\"article:modified_time\" content=\"2023-12-15T16:36:00+00:00\" \/>\n<meta property=\"og:image\" content=\"https:\/\/oxygiene.pt\/loja\/wp-content\/uploads\/2021\/03\/Enruse-touch-oxygiene.jpg\" \/>\n\t<meta property=\"og:image:width\" content=\"600\" \/>\n\t<meta property=\"og:image:height\" content=\"600\" \/>\n<meta name=\"twitter:card\" content=\"summary_large_image\" \/>\n<meta name=\"twitter:label1\" content=\"Tempo estimado de leitura\">\n\t<meta name=\"twitter:data1\" content=\"5 minutos\">\n<script type=\"application\/ld+json\" class=\"yoast-schema-graph\">{\"@context\":\"https:\/\/schema.org\",\"@graph\":[{\"@type\":\"WebSite\",\"@id\":\"https:\/\/oxygiene.pt\/loja\/#website\",\"url\":\"https:\/\/oxygiene.pt\/loja\/\",\"name\":\"Oxygiene\",\"description\":\"Solu\\u00e7\\u00f5es de desinfe\\u00e7\\u00e3o e limpeza\",\"potentialAction\":[{\"@type\":\"SearchAction\",\"target\":\"https:\/\/oxygiene.pt\/loja\/?s={search_term_string}\",\"query-input\":\"required name=search_term_string\"}],\"inLanguage\":\"pt-PT\"},{\"@type\":\"ImageObject\",\"@id\":\"https:\/\/oxygiene.pt\/loja\/product\/luminometro-ensure-touch-hygiena-sistema-de-monitoramento-de-higienizacao-de-superficies\/#primaryimage\",\"inLanguage\":\"pt-PT\",\"url\":\"https:\/\/oxygiene.pt\/loja\/wp-content\/uploads\/2021\/03\/Enruse-touch-oxygiene.jpg\",\"contentUrl\":\"https:\/\/oxygiene.pt\/loja\/wp-content\/uploads\/2021\/03\/Enruse-touch-oxygiene.jpg\",\"width\":600,\"height\":600},{\"@type\":\"WebPage\",\"@id\":\"https:\/\/oxygiene.pt\/loja\/product\/luminometro-ensure-touch-hygiena-sistema-de-monitoramento-de-higienizacao-de-superficies\/#webpage\",\"url\":\"https:\/\/oxygiene.pt\/loja\/product\/luminometro-ensure-touch-hygiena-sistema-de-monitoramento-de-higienizacao-de-superficies\/\",\"name\":\"Lumin\\u00f3metro EnSURE TOUCH - Hygiena Sistema de monitoramento de Higieniza\\u00e7\\u00e3o de Superf\\u00edcies - Oxygiene\",\"isPartOf\":{\"@id\":\"https:\/\/oxygiene.pt\/loja\/#website\"},\"primaryImageOfPage\":{\"@id\":\"https:\/\/oxygiene.pt\/loja\/product\/luminometro-ensure-touch-hygiena-sistema-de-monitoramento-de-higienizacao-de-superficies\/#primaryimage\"},\"datePublished\":\"2021-03-05T13:43:01+00:00\",\"dateModified\":\"2023-12-15T16:36:00+00:00\",\"breadcrumb\":{\"@id\":\"https:\/\/oxygiene.pt\/loja\/product\/luminometro-ensure-touch-hygiena-sistema-de-monitoramento-de-higienizacao-de-superficies\/#breadcrumb\"},\"inLanguage\":\"pt-PT\",\"potentialAction\":[{\"@type\":\"ReadAction\",\"target\":[\"https:\/\/oxygiene.pt\/loja\/product\/luminometro-ensure-touch-hygiena-sistema-de-monitoramento-de-higienizacao-de-superficies\/\"]}]},{\"@type\":\"BreadcrumbList\",\"@id\":\"https:\/\/oxygiene.pt\/loja\/product\/luminometro-ensure-touch-hygiena-sistema-de-monitoramento-de-higienizacao-de-superficies\/#breadcrumb\",\"itemListElement\":[{\"@type\":\"ListItem\",\"position\":1,\"item\":{\"@type\":\"WebPage\",\"@id\":\"https:\/\/oxygiene.pt\/loja\/\",\"url\":\"https:\/\/oxygiene.pt\/loja\/\",\"name\":\"In\\u00edcio\"}},{\"@type\":\"ListItem\",\"position\":2,\"item\":{\"@type\":\"WebPage\",\"@id\":\"https:\/\/oxygiene.pt\/loja\/?page_id=8\",\"url\":\"https:\/\/oxygiene.pt\/loja\/?page_id=8\",\"name\":\"Produtos_antigo\"}},{\"@type\":\"ListItem\",\"position\":3,\"item\":{\"@type\":\"WebPage\",\"@id\":\"https:\/\/oxygiene.pt\/loja\/product\/luminometro-ensure-touch-hygiena-sistema-de-monitoramento-de-higienizacao-de-superficies\/\",\"url\":\"https:\/\/oxygiene.pt\/loja\/product\/luminometro-ensure-touch-hygiena-sistema-de-monitoramento-de-higienizacao-de-superficies\/\",\"name\":\"Lumin\\u00f3metro EnSURE TOUCH &#8211; Hygiena Sistema de monitoramento de Higieniza\\u00e7\\u00e3o de Superf\\u00edcies\"}}]}]}<\/script>\n<!-- \/ Yoast SEO plugin. -->","_links":{"self":[{"href":"https:\/\/oxygiene.pt\/loja\/wp-json\/wp\/v2\/product\/478"}],"collection":[{"href":"https:\/\/oxygiene.pt\/loja\/wp-json\/wp\/v2\/product"}],"about":[{"href":"https:\/\/oxygiene.pt\/loja\/wp-json\/wp\/v2\/types\/product"}],"replies":[{"embeddable":true,"href":"https:\/\/oxygiene.pt\/loja\/wp-json\/wp\/v2\/comments?post=478"}],"wp:featuredmedia":[{"embeddable":true,"href":"https:\/\/oxygiene.pt\/loja\/wp-json\/wp\/v2\/media\/500"}],"wp:attachment":[{"href":"https:\/\/oxygiene.pt\/loja\/wp-json\/wp\/v2\/media?parent=478"}],"curies":[{"name":"wp","href":"https:\/\/api.w.org\/{rel}","templated":true}]}}