{"id":472,"date":"2021-03-05T13:38:42","date_gmt":"2021-03-05T13:38:42","guid":{"rendered":"https:\/\/oxygiene.pt\/loja\/?post_type=product&#038;p=472"},"modified":"2023-12-15T16:36:16","modified_gmt":"2023-12-15T16:36:16","slug":"luminometro-ensure-hygiena-sistema-de-monitoramento-de-higienizacao-de-superficies","status":"publish","type":"product","link":"https:\/\/oxygiene.pt\/loja\/product\/luminometro-ensure-hygiena-sistema-de-monitoramento-de-higienizacao-de-superficies\/","title":{"rendered":"Lumin\u00f3metro EnSURE\u2122 &#8211; Hygiena Sistema de monitoramento de Higieniza\u00e7\u00e3o de Superf\u00edcies"},"content":{"rendered":"<p><strong>BENEF\u00cdCIOS DO LUMIN\u00d3METRO EnSURE \u2013 HYGIENA<\/strong><\/p>\n<p>&#8211; Verifica\u00e7\u00e3o da higieniza\u00e7\u00e3o de superf\u00edcies em apenas 10 segundos;<\/p>\n<p>&#8211; Teste e compara\u00e7\u00e3o da efic\u00e1cia dos produtos e procedimentos de higieniza\u00e7\u00e3o e desinfe\u00e7\u00e3o;<\/p>\n<p>&#8211; Garantir o cumprimento dos padr\u00f5es de limpeza;<\/p>\n<p>&#8211; Identifica\u00e7\u00e3o de pontos cr\u00edticos ou problem\u00e1ticos nas instala\u00e7\u00f5es e que carecem de maior aten\u00e7\u00e3o;<\/p>\n<p>&#8211; Auxilia no desenvolvimento e melhoria de processos e programas de avalia\u00e7\u00e3o de risco (HACCP e GMPs)<\/p>\n<p>&#8211; Cumprimento de padr\u00f5es das normas ISO, FSMA e GFSI;<\/p>\n<p>&#8211; Redu\u00e7\u00e3o de intoxica\u00e7\u00f5es alimentares, encerramento de instala\u00e7\u00f5es, substitui\u00e7\u00e3o de produtos e preju\u00edzos associados;<\/p>\n<p>&#8211; Redu\u00e7\u00e3o de custos por execu\u00e7\u00e3o interna de testes;<\/p>\n<p>&#8211; Proje\u00e7\u00e3o da reputa\u00e7\u00e3o da sua marca;<\/p>\n<p>&#8211; Obten\u00e7\u00e3o de evidencias de controlo e verifica\u00e7\u00e3o audit\u00e1veis;<\/p>\n<p>&#8211; Navega\u00e7\u00e3o simples e intuitiva;<\/p>\n<p>&#8211; Sistema que permite recolher, analisar e reportar dados de v\u00e1rios indicadores de qualidade;<\/p>\n<p>&#8211; Nenhuma manuten\u00e7\u00e3o anual programada necess\u00e1ria;<\/p>\n<p>&#8211; Kit de controle de calibra\u00e7\u00e3o\u00a0dispon\u00edvel\u00a0para confirma\u00e7\u00e3o interna de calibra\u00e7\u00e3o (<u>Calcheck \u2013 Verifica\u00e7\u00e3o de Calibra\u00e7\u00e3o por LED<\/u>);<\/p>\n<p>&#8211; Software SureTrend para an\u00e1lise de resultados inclu\u00eddo.<\/p>\n<p>&nbsp;<\/p>\n<p><strong>CARACTER\u00cdSTICAS T\u00c9CNICAS<\/strong><\/p>\n<p>&#8211; Peso: 258g<\/p>\n<p>&#8211; Dimens\u00f5es: 18.5 x 7 x 3 cm<\/p>\n<p>&#8211; Tempo de leitura: 15 segundos<\/p>\n<p>&#8211; Bateria: 2 Pilhas Alcalinas AA (inclu\u00eddas)<\/p>\n<p>&#8211; Autonomia: 8-12 meses dependendo da utiliza\u00e7\u00e3o<\/p>\n<p>&#8211; Tempo de carga: N\u00e3o aplic\u00e1vel<\/p>\n<p>&#8211; Wi-fi: N\u00e3o<\/p>\n<p>&#8211; Conectividade: USB<\/p>\n<p>&#8211; Utiliza\u00e7\u00e3o em rede: N\u00e3o<\/p>\n<p>&#8211; Software de an\u00e1lise: SureTrend\u2122<\/p>\n<p>&#8211; Compat\u00edvel com Microssoft Excel<\/p>\n<p>&#8211; Sensor de luz de fotod\u00edodo \u2013 Detetor interno no estado s\u00f3lido, n\u00e3o \u00e9 afetado por quedas nem tremores;<\/p>\n<p>&#8211; Sensibilidade: 0.1 fentomoles de ATP<\/p>\n<p>&#8211; Reprodutibilidade: 8-18%<\/p>\n<p>&#8211; Verifica\u00e7\u00e3o de Calibra\u00e7\u00e3o: Sim<\/p>\n<p>&#8211; Localiza\u00e7\u00f5es Program\u00e1veis: 5.000<\/p>\n<p>&#8211; Capacidade de Armazenar Testes: 2.000<\/p>\n<p>&#8211; Executar Relat\u00f3rios no lumin\u00f3metro: N\u00e3o<\/p>\n<p>&#8211; Gest\u00e3o de Planos de Testes no lumin\u00f3metro: N\u00e3o<\/p>\n<p>&#8211; Gest\u00e3o de Localiza\u00e7\u00f5es de Testes no lumin\u00f3metro: N\u00e3o<\/p>\n<p>&#8211; Programa\u00e7\u00e3o de Testes: Sim<\/p>\n<p>&#8211; Compat\u00edvel com: <u>Ultra Snap<\/u>\u2122<u> \u2013 Testes ATP de Superf\u00edcies<\/u> e <u>Calcheck<\/u>\u2122<u> \u2013 Verifica\u00e7\u00e3o de Calibra\u00e7\u00e3o de LED<\/u><\/p>\n<p>&nbsp;<\/p>\n<p>&nbsp;<\/p>\n<p>TESTES ATP DE CONTAMINA\u00c7\u00c3O DE SUPERF\u00cdCIES<\/p>\n<p>Trifosfato de adenosina, ou ATP, \u00e9 a mol\u00e9cula de energia encontrada em todos os seres vivos, tornando-a um indicador perfeito ao tentar determinar se uma superf\u00edcie est\u00e1 limpa ou n\u00e3o. As empresas usam os sistemas de ATP para verificar rapidamente se as superf\u00edcies foram completamente limpas e para garantir que os biofilmes se estejam a desenvolver nas superf\u00edcies, afetando a qualidade dos processos.<\/p>\n<p>&nbsp;<\/p>\n<p>INDICADOR DO GRAU DE CONTAMINA\u00c7\u00c3O<\/p>\n<p>O sistema de controlo de higieniza\u00e7\u00e3o de superf\u00edcies com base em testes de ATP, permite que ap\u00f3s recolha de amostra na superf\u00edcie cr\u00edtica, esta seja colocada em contacto com um reagente l\u00edquido, est\u00e1vel e exclusivo Hygiena, presente no dispositivo de teste. Ocorre uma rela\u00e7\u00e3o enzim\u00e1tica produtora de luz, sendo que a luz produzida \u00e9 proporcional \u00e1 quantidade de ATP da amostra recolhida. Em segundos, \u00e9 apurada a quantidade de ATP na superf\u00edcie e avaliado o grau de contamina\u00e7\u00e3o da mesma.<\/p>\n<p>&nbsp;<\/p>\n<p>TECNOLOGIA DE \u00daLTIMA GERA\u00c7\u00c3O<\/p>\n<p>O EnSURE\u2122 utiliza uma tecnologia de sensor fotod\u00edodo, de \u00faltima gera\u00e7\u00e3o, que lhe confere elevada sensibilidade e estabilidade. Este min\u00fasculo sensor incorporado no equipamento, permite que os\u00a0dispositivos\u00a0Hygiena\u2122\u00a0sejam de menor dimens\u00e3o, mais leves, e mais duradouros, do que os sistemas que usam um sensor de tubo fotomultiplicador (PMT), que \u00e9 fr\u00e1gil e ocupa grande volume.<\/p>\n<p><strong>\u00a0<\/strong><\/p>\n<p>REALIZA\u00c7\u00c3O R\u00c1PIDA E FI\u00c1VEL DE TESTES ATP DE CONTAMINA\u00c7\u00c3O DE SUPERF\u00cdCIES<\/p>\n<p>O sistema de monitoramento EnSURE \u2122 foi projetado para ser usado em v\u00e1rios testes de qualidade e seguran\u00e7a alimentar.\u00a0Pode fazer-se uso do sistema para monitorar as condi\u00e7\u00f5es de higiene de um espa\u00e7o, por meio de <u>Testes ATP de contamina\u00e7\u00e3o de superf\u00edcies<\/u>. \u00c9 muito \u00fatil para a identifica\u00e7\u00e3o de locais problem\u00e1ticos e que carecem de maior aten\u00e7\u00e3o, no cumprimento de requisitos legais, realiza\u00e7\u00e3o de auditorias e contribui para a melhoria continua de planos de limpeza, higieniza\u00e7\u00e3o e desinfe\u00e7\u00e3o. Confira o v\u00eddeo demonstrando a r\u00e1pida execu\u00e7\u00e3o de um teste ATP com recurso ao sistema EnSURE \u2122 atrav\u00e9s do link,<\/p>\n<p><iframe loading=\"lazy\" title=\"UltraSnap Surface ATP Test\" width=\"1200\" height=\"675\" src=\"https:\/\/www.youtube.com\/embed\/us2HVZBdPSM?feature=oembed\" frameborder=\"0\" allow=\"accelerometer; autoplay; clipboard-write; encrypted-media; gyroscope; picture-in-picture\" allowfullscreen><\/iframe><\/p>\n","protected":false},"excerpt":{"rendered":"<p>O EnSURE\u2122 da Hygiena \u00e9 um sistema de controlo de qualidade de condi\u00e7\u00f5es de higieniza\u00e7\u00e3o atrav\u00e9s da realiza\u00e7\u00e3o de <u>Testes ATP de contamina\u00e7\u00e3o de superf\u00edcies<\/u>. Com um \u00fanico equipamento, poder\u00e1 recolher, analisar e interpretar dados de v\u00e1rios indicadores de qualidade, de forma r\u00e1pida, f\u00e1cil e fi\u00e1vel. Fornece leituras em apenas 15 segundos e \u00e9 acompanhado de software SureTrend\u2122 para an\u00e1lise de resultados. Garanta o cumprimento do seu Plano de Higieniza\u00e7\u00e3o e legisla\u00e7\u00e3o aplicada ao seu sector de atividade evitando preju\u00edzos por contamina\u00e7\u00e3o ou n\u00e3o conformidade.<\/p>\n","protected":false},"featured_media":499,"comment_status":"open","ping_status":"closed","template":"","meta":[],"yoast_head":"<!-- This site is optimized with the Yoast SEO plugin v16.1.1 - https:\/\/yoast.com\/wordpress\/plugins\/seo\/ -->\n<title>Lumin\u00f3metro EnSURE\u2122 - Hygiena Sistema de monitoramento de Higieniza\u00e7\u00e3o de Superf\u00edcies - Oxygiene<\/title>\n<link rel=\"canonical\" href=\"https:\/\/oxygiene.pt\/loja\/product\/luminometro-ensure-hygiena-sistema-de-monitoramento-de-higienizacao-de-superficies\/\" \/>\n<meta property=\"og:locale\" content=\"pt_PT\" \/>\n<meta property=\"og:type\" content=\"article\" \/>\n<meta property=\"og:title\" content=\"Lumin\u00f3metro EnSURE\u2122 - Hygiena Sistema de monitoramento de Higieniza\u00e7\u00e3o de Superf\u00edcies - Oxygiene\" \/>\n<meta property=\"og:description\" content=\"O EnSURE\u2122 da Hygiena \u00e9 um sistema de controlo de qualidade de condi\u00e7\u00f5es de higieniza\u00e7\u00e3o atrav\u00e9s da realiza\u00e7\u00e3o de Testes ATP de contamina\u00e7\u00e3o de superf\u00edcies. Com um \u00fanico equipamento, poder\u00e1 recolher, analisar e interpretar dados de v\u00e1rios indicadores de qualidade, de forma r\u00e1pida, f\u00e1cil e fi\u00e1vel. Fornece leituras em apenas 15 segundos e \u00e9 acompanhado de software SureTrend\u2122 para an\u00e1lise de resultados. Garanta o cumprimento do seu Plano de Higieniza\u00e7\u00e3o e legisla\u00e7\u00e3o aplicada ao seu sector de atividade evitando preju\u00edzos por contamina\u00e7\u00e3o ou n\u00e3o conformidade.\" \/>\n<meta property=\"og:url\" content=\"https:\/\/oxygiene.pt\/loja\/product\/luminometro-ensure-hygiena-sistema-de-monitoramento-de-higienizacao-de-superficies\/\" \/>\n<meta property=\"og:site_name\" content=\"Oxygiene\" \/>\n<meta property=\"article:modified_time\" content=\"2023-12-15T16:36:16+00:00\" \/>\n<meta property=\"og:image\" content=\"https:\/\/oxygiene.pt\/loja\/wp-content\/uploads\/2021\/03\/Enruse-oxygiene.jpg\" \/>\n\t<meta property=\"og:image:width\" content=\"600\" \/>\n\t<meta property=\"og:image:height\" content=\"600\" \/>\n<meta name=\"twitter:card\" content=\"summary_large_image\" \/>\n<meta name=\"twitter:label1\" content=\"Tempo estimado de leitura\">\n\t<meta name=\"twitter:data1\" content=\"3 minutos\">\n<script type=\"application\/ld+json\" class=\"yoast-schema-graph\">{\"@context\":\"https:\/\/schema.org\",\"@graph\":[{\"@type\":\"WebSite\",\"@id\":\"https:\/\/oxygiene.pt\/loja\/#website\",\"url\":\"https:\/\/oxygiene.pt\/loja\/\",\"name\":\"Oxygiene\",\"description\":\"Solu\\u00e7\\u00f5es de desinfe\\u00e7\\u00e3o e limpeza\",\"potentialAction\":[{\"@type\":\"SearchAction\",\"target\":\"https:\/\/oxygiene.pt\/loja\/?s={search_term_string}\",\"query-input\":\"required name=search_term_string\"}],\"inLanguage\":\"pt-PT\"},{\"@type\":\"ImageObject\",\"@id\":\"https:\/\/oxygiene.pt\/loja\/product\/luminometro-ensure-hygiena-sistema-de-monitoramento-de-higienizacao-de-superficies\/#primaryimage\",\"inLanguage\":\"pt-PT\",\"url\":\"https:\/\/oxygiene.pt\/loja\/wp-content\/uploads\/2021\/03\/Enruse-oxygiene.jpg\",\"contentUrl\":\"https:\/\/oxygiene.pt\/loja\/wp-content\/uploads\/2021\/03\/Enruse-oxygiene.jpg\",\"width\":600,\"height\":600},{\"@type\":\"WebPage\",\"@id\":\"https:\/\/oxygiene.pt\/loja\/product\/luminometro-ensure-hygiena-sistema-de-monitoramento-de-higienizacao-de-superficies\/#webpage\",\"url\":\"https:\/\/oxygiene.pt\/loja\/product\/luminometro-ensure-hygiena-sistema-de-monitoramento-de-higienizacao-de-superficies\/\",\"name\":\"Lumin\\u00f3metro EnSURE\\u2122 - Hygiena Sistema de monitoramento de Higieniza\\u00e7\\u00e3o de Superf\\u00edcies - Oxygiene\",\"isPartOf\":{\"@id\":\"https:\/\/oxygiene.pt\/loja\/#website\"},\"primaryImageOfPage\":{\"@id\":\"https:\/\/oxygiene.pt\/loja\/product\/luminometro-ensure-hygiena-sistema-de-monitoramento-de-higienizacao-de-superficies\/#primaryimage\"},\"datePublished\":\"2021-03-05T13:38:42+00:00\",\"dateModified\":\"2023-12-15T16:36:16+00:00\",\"breadcrumb\":{\"@id\":\"https:\/\/oxygiene.pt\/loja\/product\/luminometro-ensure-hygiena-sistema-de-monitoramento-de-higienizacao-de-superficies\/#breadcrumb\"},\"inLanguage\":\"pt-PT\",\"potentialAction\":[{\"@type\":\"ReadAction\",\"target\":[\"https:\/\/oxygiene.pt\/loja\/product\/luminometro-ensure-hygiena-sistema-de-monitoramento-de-higienizacao-de-superficies\/\"]}]},{\"@type\":\"BreadcrumbList\",\"@id\":\"https:\/\/oxygiene.pt\/loja\/product\/luminometro-ensure-hygiena-sistema-de-monitoramento-de-higienizacao-de-superficies\/#breadcrumb\",\"itemListElement\":[{\"@type\":\"ListItem\",\"position\":1,\"item\":{\"@type\":\"WebPage\",\"@id\":\"https:\/\/oxygiene.pt\/loja\/\",\"url\":\"https:\/\/oxygiene.pt\/loja\/\",\"name\":\"In\\u00edcio\"}},{\"@type\":\"ListItem\",\"position\":2,\"item\":{\"@type\":\"WebPage\",\"@id\":\"https:\/\/oxygiene.pt\/loja\/?page_id=8\",\"url\":\"https:\/\/oxygiene.pt\/loja\/?page_id=8\",\"name\":\"Produtos_antigo\"}},{\"@type\":\"ListItem\",\"position\":3,\"item\":{\"@type\":\"WebPage\",\"@id\":\"https:\/\/oxygiene.pt\/loja\/product\/luminometro-ensure-hygiena-sistema-de-monitoramento-de-higienizacao-de-superficies\/\",\"url\":\"https:\/\/oxygiene.pt\/loja\/product\/luminometro-ensure-hygiena-sistema-de-monitoramento-de-higienizacao-de-superficies\/\",\"name\":\"Lumin\\u00f3metro EnSURE\\u2122 &#8211; Hygiena Sistema de monitoramento de Higieniza\\u00e7\\u00e3o de Superf\\u00edcies\"}}]}]}<\/script>\n<!-- \/ Yoast SEO plugin. -->","_links":{"self":[{"href":"https:\/\/oxygiene.pt\/loja\/wp-json\/wp\/v2\/product\/472"}],"collection":[{"href":"https:\/\/oxygiene.pt\/loja\/wp-json\/wp\/v2\/product"}],"about":[{"href":"https:\/\/oxygiene.pt\/loja\/wp-json\/wp\/v2\/types\/product"}],"replies":[{"embeddable":true,"href":"https:\/\/oxygiene.pt\/loja\/wp-json\/wp\/v2\/comments?post=472"}],"wp:featuredmedia":[{"embeddable":true,"href":"https:\/\/oxygiene.pt\/loja\/wp-json\/wp\/v2\/media\/499"}],"wp:attachment":[{"href":"https:\/\/oxygiene.pt\/loja\/wp-json\/wp\/v2\/media?parent=472"}],"curies":[{"name":"wp","href":"https:\/\/api.w.org\/{rel}","templated":true}]}}