{"id":470,"date":"2021-03-05T13:25:45","date_gmt":"2021-03-05T13:25:45","guid":{"rendered":"https:\/\/oxygiene.pt\/loja\/?post_type=product&#038;p=470"},"modified":"2023-05-03T19:03:56","modified_gmt":"2023-05-03T19:03:56","slug":"recarga-de-fluido-biocida-ecologico-oxygiene-100-ml","status":"publish","type":"product","link":"https:\/\/oxygiene.pt\/loja\/product\/recarga-de-fluido-biocida-ecologico-oxygiene-100-ml\/","title":{"rendered":"Recarga de Flu\u00eddo Biocida Ecol\u00f3gico Oxygiene &#8211; 100 ml"},"content":{"rendered":"","protected":false},"excerpt":{"rendered":"<p>Recargas de flu\u00eddo biocida ecol\u00f3gico Anti Coronav\u00edrus para o nebulizador Oxygiene nano.<br \/>\nO Flu\u00eddo Control \u00e9 um poderoso desinfetante de alto espectro e de uma \u00fanica etapa que elimina mais de 100 patog\u00e9nicos ( virus, bact\u00e9rias e fungos) entre eles o Coronav\u00edrus. Este biocida ecol\u00f3gico cria assim uma pel\u00edclia protectora que &#8220;&#8221;blinda&#8221;&#8221; as superf\u00edcies contra novas contamina\u00e7\u00f5es por um per\u00edodo at\u00e9 30 dias.<\/p>\n","protected":false},"featured_media":505,"comment_status":"open","ping_status":"closed","template":"","meta":[],"yoast_head":"<!-- This site is optimized with the Yoast SEO plugin v16.1.1 - https:\/\/yoast.com\/wordpress\/plugins\/seo\/ -->\n<title>Recarga de Flu\u00eddo Biocida Ecol\u00f3gico Oxygiene - 100 ml - Oxygiene<\/title>\n<link rel=\"canonical\" href=\"https:\/\/oxygiene.pt\/loja\/product\/recarga-de-fluido-biocida-ecologico-oxygiene-100-ml\/\" \/>\n<meta property=\"og:locale\" content=\"pt_PT\" \/>\n<meta property=\"og:type\" content=\"article\" \/>\n<meta property=\"og:title\" content=\"Recarga de Flu\u00eddo Biocida Ecol\u00f3gico Oxygiene - 100 ml - Oxygiene\" \/>\n<meta property=\"og:description\" content=\"Recargas de flu\u00eddo biocida ecol\u00f3gico Anti Coronav\u00edrus para o nebulizador Oxygiene nano. O Flu\u00eddo Control \u00e9 um poderoso desinfetante de alto espectro e de uma \u00fanica etapa que elimina mais de 100 patog\u00e9nicos ( virus, bact\u00e9rias e fungos) entre eles o Coronav\u00edrus. Este biocida ecol\u00f3gico cria assim uma pel\u00edclia protectora que &quot;&quot;blinda&quot;&quot; as superf\u00edcies contra novas contamina\u00e7\u00f5es por um per\u00edodo at\u00e9 30 dias.\" \/>\n<meta property=\"og:url\" content=\"https:\/\/oxygiene.pt\/loja\/product\/recarga-de-fluido-biocida-ecologico-oxygiene-100-ml\/\" \/>\n<meta property=\"og:site_name\" content=\"Oxygiene\" \/>\n<meta property=\"article:modified_time\" content=\"2023-05-03T19:03:56+00:00\" \/>\n<meta property=\"og:image\" content=\"https:\/\/oxygiene.pt\/loja\/wp-content\/uploads\/2021\/03\/oxygiene-recarga-nano-1.jpg\" \/>\n\t<meta property=\"og:image:width\" content=\"600\" \/>\n\t<meta property=\"og:image:height\" content=\"600\" \/>\n<meta name=\"twitter:card\" content=\"summary_large_image\" \/>\n<script type=\"application\/ld+json\" class=\"yoast-schema-graph\">{\"@context\":\"https:\/\/schema.org\",\"@graph\":[{\"@type\":\"WebSite\",\"@id\":\"https:\/\/oxygiene.pt\/loja\/#website\",\"url\":\"https:\/\/oxygiene.pt\/loja\/\",\"name\":\"Oxygiene\",\"description\":\"Solu\\u00e7\\u00f5es de desinfe\\u00e7\\u00e3o e limpeza\",\"potentialAction\":[{\"@type\":\"SearchAction\",\"target\":\"https:\/\/oxygiene.pt\/loja\/?s={search_term_string}\",\"query-input\":\"required name=search_term_string\"}],\"inLanguage\":\"pt-PT\"},{\"@type\":\"ImageObject\",\"@id\":\"https:\/\/oxygiene.pt\/loja\/product\/recarga-de-fluido-biocida-ecologico-oxygiene-100-ml\/#primaryimage\",\"inLanguage\":\"pt-PT\",\"url\":\"https:\/\/oxygiene.pt\/loja\/wp-content\/uploads\/2021\/03\/oxygiene-recarga-nano-1.jpg\",\"contentUrl\":\"https:\/\/oxygiene.pt\/loja\/wp-content\/uploads\/2021\/03\/oxygiene-recarga-nano-1.jpg\",\"width\":600,\"height\":600},{\"@type\":\"WebPage\",\"@id\":\"https:\/\/oxygiene.pt\/loja\/product\/recarga-de-fluido-biocida-ecologico-oxygiene-100-ml\/#webpage\",\"url\":\"https:\/\/oxygiene.pt\/loja\/product\/recarga-de-fluido-biocida-ecologico-oxygiene-100-ml\/\",\"name\":\"Recarga de Flu\\u00eddo Biocida Ecol\\u00f3gico Oxygiene - 100 ml - Oxygiene\",\"isPartOf\":{\"@id\":\"https:\/\/oxygiene.pt\/loja\/#website\"},\"primaryImageOfPage\":{\"@id\":\"https:\/\/oxygiene.pt\/loja\/product\/recarga-de-fluido-biocida-ecologico-oxygiene-100-ml\/#primaryimage\"},\"datePublished\":\"2021-03-05T13:25:45+00:00\",\"dateModified\":\"2023-05-03T19:03:56+00:00\",\"breadcrumb\":{\"@id\":\"https:\/\/oxygiene.pt\/loja\/product\/recarga-de-fluido-biocida-ecologico-oxygiene-100-ml\/#breadcrumb\"},\"inLanguage\":\"pt-PT\",\"potentialAction\":[{\"@type\":\"ReadAction\",\"target\":[\"https:\/\/oxygiene.pt\/loja\/product\/recarga-de-fluido-biocida-ecologico-oxygiene-100-ml\/\"]}]},{\"@type\":\"BreadcrumbList\",\"@id\":\"https:\/\/oxygiene.pt\/loja\/product\/recarga-de-fluido-biocida-ecologico-oxygiene-100-ml\/#breadcrumb\",\"itemListElement\":[{\"@type\":\"ListItem\",\"position\":1,\"item\":{\"@type\":\"WebPage\",\"@id\":\"https:\/\/oxygiene.pt\/loja\/\",\"url\":\"https:\/\/oxygiene.pt\/loja\/\",\"name\":\"In\\u00edcio\"}},{\"@type\":\"ListItem\",\"position\":2,\"item\":{\"@type\":\"WebPage\",\"@id\":\"https:\/\/oxygiene.pt\/loja\/?page_id=8\",\"url\":\"https:\/\/oxygiene.pt\/loja\/?page_id=8\",\"name\":\"Produtos_antigo\"}},{\"@type\":\"ListItem\",\"position\":3,\"item\":{\"@type\":\"WebPage\",\"@id\":\"https:\/\/oxygiene.pt\/loja\/product\/recarga-de-fluido-biocida-ecologico-oxygiene-100-ml\/\",\"url\":\"https:\/\/oxygiene.pt\/loja\/product\/recarga-de-fluido-biocida-ecologico-oxygiene-100-ml\/\",\"name\":\"Recarga de Flu\\u00eddo Biocida Ecol\\u00f3gico Oxygiene &#8211; 100 ml\"}}]}]}<\/script>\n<!-- \/ Yoast SEO plugin. -->","_links":{"self":[{"href":"https:\/\/oxygiene.pt\/loja\/wp-json\/wp\/v2\/product\/470"}],"collection":[{"href":"https:\/\/oxygiene.pt\/loja\/wp-json\/wp\/v2\/product"}],"about":[{"href":"https:\/\/oxygiene.pt\/loja\/wp-json\/wp\/v2\/types\/product"}],"replies":[{"embeddable":true,"href":"https:\/\/oxygiene.pt\/loja\/wp-json\/wp\/v2\/comments?post=470"}],"wp:featuredmedia":[{"embeddable":true,"href":"https:\/\/oxygiene.pt\/loja\/wp-json\/wp\/v2\/media\/505"}],"wp:attachment":[{"href":"https:\/\/oxygiene.pt\/loja\/wp-json\/wp\/v2\/media?parent=470"}],"curies":[{"name":"wp","href":"https:\/\/api.w.org\/{rel}","templated":true}]}}