{"id":402,"date":"2021-02-25T14:56:35","date_gmt":"2021-02-25T14:56:35","guid":{"rendered":"https:\/\/oxygiene.pt\/loja\/?post_type=product&#038;p=402"},"modified":"2023-05-03T19:03:28","modified_gmt":"2023-05-03T19:03:28","slug":"termo-higrometro-estacao-meteorologica-trotec-design-bz06","status":"publish","type":"product","link":"https:\/\/oxygiene.pt\/loja\/product\/termo-higrometro-estacao-meteorologica-trotec-design-bz06\/","title":{"rendered":"Termo Higr\u00f3metro Esta\u00e7\u00e3o Meteorol\u00f3gica TROTEC Design BZ06"},"content":{"rendered":"<p>Vis\u00e3o completa do ambiente interno e do clima<\/p>\n<p>O moderno Termo Higr\u00f3metro BZ06 oferece informa\u00e7\u00f5es r\u00e1pidas num piscar de olhos. O display digital de f\u00e1cil leitura mostra a temperatura interna atual (em \u00b0C ou \u00b0F), a humidade (em %), a data, o dia da semana e a hora em d\u00edgitos grandes. A previs\u00e3o de tend\u00eancias do tempo projetada graficamente tamb\u00e9m indica as mudan\u00e7as climat\u00e9ricas futuras. Um detalhe particularmente atraente e surpreendente \u00e9 a exibi\u00e7\u00e3o transparente nesta esta\u00e7\u00e3o clim\u00e1tica do interior.<\/p>\n<p>A multi-funcionalidade \u00e9 completada por um modo de despertar com um bot\u00e3o de snooze para seu total conforto. Seja na sala de estar, na cozinha, no ber\u00e7\u00e1rio, na sala de hobby, no quarto, no banheiro, na loja, na estrada ou no trabalho &#8211; para que voc\u00ea n\u00e3o seja incomodado, todas as telas s\u00e3o completamente silenciosas e sem tique-taque &#8211; exceto, \u00e9 claro, pelo bipe da fun\u00e7\u00e3o despertador.<\/p>\n<p>&nbsp;<\/p>\n<p>VANTAGENS<\/p>\n<p>Exibi\u00e7\u00e3o simult\u00e2nea de temperatura ambiente, humidade, data, hora, dia da semana e tend\u00eancia simb\u00f3lica do tempo<\/p>\n<p>Despertador com bot\u00e3o snooze<\/p>\n<p>Absolutamente silencioso (exceto para a fun\u00e7\u00e3o de alarme)<\/p>\n<p>Exibi\u00e7\u00e3o do valor m\u00ednimo e m\u00e1ximo<\/p>\n<p>Grande display LCD transparente com medi\u00e7\u00e3o clara e f\u00e1cil de ler<\/p>\n<p>Aparelho desktop compacto em um design moderno e elegante<\/p>\n<p>Fornece informa\u00e7\u00f5es \u00fateis sobre preven\u00e7\u00e3o de mofo<\/p>\n<p>&nbsp;<\/p>\n<p>Para um clima \u00f3timo de bem-estar e impedir a cria\u00e7\u00e3o de humidades e mofo<\/p>\n<p>A temperatura certa, bem como a humidade do ar ideal regulada, s\u00e3o fatores decisivos para um clima agrad\u00e1vel e saud\u00e1vel. Ambos os valores climat\u00e9ricos, muito altos ou muito baixos, afetam visivelmente nosso bem-estar. Portanto, vale a pena observar a temperatura e a humidade com o Termo Higr\u00f3metro BZ06 para que voc\u00ea possa ajust\u00e1-las idealmente com um desumidificador ou humidificador ou, ainda, um aparelho de ar condicionado, de acordo com a pot\u00eancia de arrefecimento ou aquecimento ou de desumidifica\u00e7\u00e3o, dependendo de suas necessidades individuais.<\/p>\n<p>Efeito colateral positivo: dados clim\u00e1ticos internos transparentes s\u00e3o o primeiro passo para reduzir os dispendiosos custos de energia. Cada grau de temperatura ambiente economizado reduz o consumo de energia em aproximadamente 6% e, portanto, tamb\u00e9m o c\u00e1lculo do custo de aquecimento. E humidade permanentemente muito alta favorece a forma\u00e7\u00e3o de mofo no ambiente. Mais uma vez, as percentagens devem ser mantidas em mente, a fim de tomar provid\u00eancias oportunas e evitar riscos \u00e0 sa\u00fade.<\/p>\n<p>Sentimo-nos mais confort\u00e1veis dentro de um corredor climat\u00e9rico de 20 a 22 \u00b0C com 40 a 60% de humidade relativa (diagrama de conforto segundo Leusden e Freymark).<\/p>\n<p>As condi\u00e7\u00f5es climat\u00e9ricas fora desses valores s\u00e3o percebidas pela maioria das pessoas como desagrad\u00e1veis. Al\u00e9m disso, humidade excessiva pode causar os mais diversos danos. Os primeiros sinais de alarme reconhec\u00edveis s\u00e3o geralmente roupas h\u00famidas, cheiro de mofo e paredes manchadas (mofadas) ou germina\u00e7\u00e3o de fungos nos por\u00f5es. Voc\u00ea sabia, por exemplo, que os fungos se formam j\u00e1 com uma humidade de 70% &#8211; e ferrugem a partir de 60%? Sem regula\u00e7\u00e3o, a humidade do ar interior pode flutuar muito e raramente atingir os valores ideais por si s\u00f3 &#8211; o que depende da esta\u00e7\u00e3o e das condi\u00e7\u00f5es clim\u00e1ticas na \u00e1rea externa.<\/p>\n<p>Com o monitor de clima interno BZ06, voc\u00ea sempre tem em mente a temperatura e o n\u00edvel de humidade.<\/p>\n<p>&nbsp;<\/p>\n<p>Multifuncional e simplesmente pr\u00e1tico<\/p>\n<p>O Termo Higr\u00f3metro BZ06 mede a temperatura ambiente atual e a humidade relativa a cada 20 segundos. A faixa de medi\u00e7\u00e3o de temperatura \u00e9 de -10 \u00b0C a +50 \u00b0C. A humidade relativa \u00e9 medida de 20% a 99% de humidade relativa. Com a fun\u00e7\u00e3o MIN \/ MAX integrada, o medidor lembra os valores mais baixos e mais altos. Isso lhe diz se os desvios indesejados aconteceram, por exemplo, \u00e0 noite ou durante as suas f\u00e9rias. Ao pressionar um bot\u00e3o, voc\u00ea pode recuperar os valores mais altos ou mais baixos ou redefini-los, se necess\u00e1rio.<\/p>\n<p>&nbsp;<\/p>\n<p>L\u00e1 vem o sol? Indicador simb\u00f3lico da tend\u00eancia de tempo<\/p>\n<p>Como fonte adicional de informa\u00e7\u00f5es meteorol\u00f3gicas, use a exibi\u00e7\u00e3o de tend\u00eancia de tempo projetada graficamente no BZ06. Com base nos valores de humidade, uma previs\u00e3o \u00e9 feita. Olhando de relance para o grande ecr\u00e3 LCD, voc\u00ea pode experimentar, sob a forma de 4 s\u00edmbolos clim\u00e1ticos apelativos, se est\u00e1 ensolarado, ligeiramente nublado, nublado ou chuvoso.<\/p>\n<p>&nbsp;<\/p>\n<p>Despertador digital com fun\u00e7\u00e3o snooze<\/p>\n<p>Para uso no quarto de dormir, uma fun\u00e7\u00e3o de despertador \u00e9 integrada no BZ06, que, sem tal fun\u00e7\u00e3o, tratar-se-ia de um aparelho completamente silencioso. A hora pode ser exibida no formato de 24 horas ou 12 horas. \u00c9 dif\u00edcil sair da cama pela manh\u00e3? Uma press\u00e3o no bot\u00e3o snooze \u00e9 suficiente para permitir mais 4 minutos antes do pr\u00f3ximo sinal sonoro. E se a previs\u00e3o do tempo promete sol, voc\u00ea come\u00e7a o dia, ent\u00e3o, mais motivado! Se desejado, um sinal sonoro pode ser configurado para exibir toda hora. Ali\u00e1s, se voc\u00ea n\u00e3o quiser acompanhar a hora, basta alternar para o modo de calend\u00e1rio. Na fun\u00e7\u00e3o rel\u00f3gio, o n\u00famero do ano atual \u00e9 exibido permanentemente.<\/p>\n<p>Dica: Com suas muitas fun\u00e7\u00f5es, o BZ06 \u00e9 certamente um presente pr\u00e1tico para seus familiares e amigos!<\/p>\n","protected":false},"excerpt":{"rendered":"<p>O aparelho combinado 4 em 1 com sensores clim\u00e1ticos internos, previs\u00e3o climat\u00e9rica, exibi\u00e7\u00e3o de hora e data e fun\u00e7\u00e3o de alarme. Elegantemente projetado com um display transparente.<\/p>\n","protected":false},"featured_media":403,"comment_status":"open","ping_status":"closed","template":"","meta":[],"yoast_head":"<!-- This site is optimized with the Yoast SEO plugin v16.1.1 - https:\/\/yoast.com\/wordpress\/plugins\/seo\/ -->\n<title>Termo Higr\u00f3metro Esta\u00e7\u00e3o Meteorol\u00f3gica TROTEC Design BZ06 - Oxygiene<\/title>\n<link rel=\"canonical\" href=\"https:\/\/oxygiene.pt\/loja\/product\/termo-higrometro-estacao-meteorologica-trotec-design-bz06\/\" \/>\n<meta property=\"og:locale\" content=\"pt_PT\" \/>\n<meta property=\"og:type\" content=\"article\" \/>\n<meta property=\"og:title\" content=\"Termo Higr\u00f3metro Esta\u00e7\u00e3o Meteorol\u00f3gica TROTEC Design BZ06 - Oxygiene\" \/>\n<meta property=\"og:description\" content=\"O aparelho combinado 4 em 1 com sensores clim\u00e1ticos internos, previs\u00e3o climat\u00e9rica, exibi\u00e7\u00e3o de hora e data e fun\u00e7\u00e3o de alarme. Elegantemente projetado com um display transparente.\" \/>\n<meta property=\"og:url\" content=\"https:\/\/oxygiene.pt\/loja\/product\/termo-higrometro-estacao-meteorologica-trotec-design-bz06\/\" \/>\n<meta property=\"og:site_name\" content=\"Oxygiene\" \/>\n<meta property=\"article:modified_time\" content=\"2023-05-03T19:03:28+00:00\" \/>\n<meta property=\"og:image\" content=\"https:\/\/oxygiene.pt\/loja\/wp-content\/uploads\/2021\/02\/TERMO-HIGR\u05d0METRO-ESTAE\u05b7O-METEOROL\u05d0GICA-TROTEC-DESIGN-BZ06_0.jpg\" \/>\n\t<meta property=\"og:image:width\" content=\"1000\" \/>\n\t<meta property=\"og:image:height\" content=\"1000\" \/>\n<meta name=\"twitter:card\" content=\"summary_large_image\" \/>\n<meta name=\"twitter:label1\" content=\"Tempo estimado de leitura\">\n\t<meta name=\"twitter:data1\" content=\"4 minutos\">\n<script type=\"application\/ld+json\" class=\"yoast-schema-graph\">{\"@context\":\"https:\/\/schema.org\",\"@graph\":[{\"@type\":\"WebSite\",\"@id\":\"https:\/\/oxygiene.pt\/loja\/#website\",\"url\":\"https:\/\/oxygiene.pt\/loja\/\",\"name\":\"Oxygiene\",\"description\":\"Solu\\u00e7\\u00f5es de desinfe\\u00e7\\u00e3o e limpeza\",\"potentialAction\":[{\"@type\":\"SearchAction\",\"target\":\"https:\/\/oxygiene.pt\/loja\/?s={search_term_string}\",\"query-input\":\"required name=search_term_string\"}],\"inLanguage\":\"pt-PT\"},{\"@type\":\"ImageObject\",\"@id\":\"https:\/\/oxygiene.pt\/loja\/product\/termo-higrometro-estacao-meteorologica-trotec-design-bz06\/#primaryimage\",\"inLanguage\":\"pt-PT\",\"url\":\"https:\/\/oxygiene.pt\/loja\/wp-content\/uploads\/2021\/02\/TERMO-HIGR\\u05d0METRO-ESTAE\\u05b7O-METEOROL\\u05d0GICA-TROTEC-DESIGN-BZ06_0.jpg\",\"contentUrl\":\"https:\/\/oxygiene.pt\/loja\/wp-content\/uploads\/2021\/02\/TERMO-HIGR\\u05d0METRO-ESTAE\\u05b7O-METEOROL\\u05d0GICA-TROTEC-DESIGN-BZ06_0.jpg\",\"width\":1000,\"height\":1000,\"caption\":\"Termo Higr\\u00f3metro Esta\\u00e7\\u00e3o Meteorol\\u00f3gica TROTEC Design BZ06\"},{\"@type\":\"WebPage\",\"@id\":\"https:\/\/oxygiene.pt\/loja\/product\/termo-higrometro-estacao-meteorologica-trotec-design-bz06\/#webpage\",\"url\":\"https:\/\/oxygiene.pt\/loja\/product\/termo-higrometro-estacao-meteorologica-trotec-design-bz06\/\",\"name\":\"Termo Higr\\u00f3metro Esta\\u00e7\\u00e3o Meteorol\\u00f3gica TROTEC Design BZ06 - Oxygiene\",\"isPartOf\":{\"@id\":\"https:\/\/oxygiene.pt\/loja\/#website\"},\"primaryImageOfPage\":{\"@id\":\"https:\/\/oxygiene.pt\/loja\/product\/termo-higrometro-estacao-meteorologica-trotec-design-bz06\/#primaryimage\"},\"datePublished\":\"2021-02-25T14:56:35+00:00\",\"dateModified\":\"2023-05-03T19:03:28+00:00\",\"breadcrumb\":{\"@id\":\"https:\/\/oxygiene.pt\/loja\/product\/termo-higrometro-estacao-meteorologica-trotec-design-bz06\/#breadcrumb\"},\"inLanguage\":\"pt-PT\",\"potentialAction\":[{\"@type\":\"ReadAction\",\"target\":[\"https:\/\/oxygiene.pt\/loja\/product\/termo-higrometro-estacao-meteorologica-trotec-design-bz06\/\"]}]},{\"@type\":\"BreadcrumbList\",\"@id\":\"https:\/\/oxygiene.pt\/loja\/product\/termo-higrometro-estacao-meteorologica-trotec-design-bz06\/#breadcrumb\",\"itemListElement\":[{\"@type\":\"ListItem\",\"position\":1,\"item\":{\"@type\":\"WebPage\",\"@id\":\"https:\/\/oxygiene.pt\/loja\/\",\"url\":\"https:\/\/oxygiene.pt\/loja\/\",\"name\":\"In\\u00edcio\"}},{\"@type\":\"ListItem\",\"position\":2,\"item\":{\"@type\":\"WebPage\",\"@id\":\"https:\/\/oxygiene.pt\/loja\/?page_id=8\",\"url\":\"https:\/\/oxygiene.pt\/loja\/?page_id=8\",\"name\":\"Produtos_antigo\"}},{\"@type\":\"ListItem\",\"position\":3,\"item\":{\"@type\":\"WebPage\",\"@id\":\"https:\/\/oxygiene.pt\/loja\/product\/termo-higrometro-estacao-meteorologica-trotec-design-bz06\/\",\"url\":\"https:\/\/oxygiene.pt\/loja\/product\/termo-higrometro-estacao-meteorologica-trotec-design-bz06\/\",\"name\":\"Termo Higr\\u00f3metro Esta\\u00e7\\u00e3o Meteorol\\u00f3gica TROTEC Design BZ06\"}}]}]}<\/script>\n<!-- \/ Yoast SEO plugin. -->","_links":{"self":[{"href":"https:\/\/oxygiene.pt\/loja\/wp-json\/wp\/v2\/product\/402"}],"collection":[{"href":"https:\/\/oxygiene.pt\/loja\/wp-json\/wp\/v2\/product"}],"about":[{"href":"https:\/\/oxygiene.pt\/loja\/wp-json\/wp\/v2\/types\/product"}],"replies":[{"embeddable":true,"href":"https:\/\/oxygiene.pt\/loja\/wp-json\/wp\/v2\/comments?post=402"}],"wp:featuredmedia":[{"embeddable":true,"href":"https:\/\/oxygiene.pt\/loja\/wp-json\/wp\/v2\/media\/403"}],"wp:attachment":[{"href":"https:\/\/oxygiene.pt\/loja\/wp-json\/wp\/v2\/media?parent=402"}],"curies":[{"name":"wp","href":"https:\/\/api.w.org\/{rel}","templated":true}]}}