{"id":396,"date":"2021-02-25T14:47:00","date_gmt":"2021-02-25T14:47:00","guid":{"rendered":"https:\/\/oxygiene.pt\/loja\/?post_type=product&#038;p=396"},"modified":"2024-12-10T16:57:20","modified_gmt":"2024-12-10T16:57:20","slug":"termo-higrometro-estacao-meteorologica-trotec-bz07","status":"publish","type":"product","link":"https:\/\/oxygiene.pt\/loja\/product\/termo-higrometro-estacao-meteorologica-trotec-bz07\/","title":{"rendered":"Termo Higr\u00f3metro Esta\u00e7\u00e3o Meteorol\u00f3gica TROTEC BZ07"},"content":{"rendered":"<p>VANTAGENS:<\/p>\n<p>&#8211; Exibi\u00e7\u00e3o simult\u00e2nea de temperatura ambiente, humidade, hora ou data, tend\u00eancia clim\u00e1tica, indicador de bem-estar e flutua\u00e7\u00f5es de temperatura<\/p>\n<p>&#8211; Visualiza\u00e7\u00e3o da mudan\u00e7a de temperatura nas \u00faltimas 12 horas<\/p>\n<p>&#8211; Exibi\u00e7\u00e3o de tend\u00eancia de tempo simb\u00f3lico<\/p>\n<p>&#8211; Indicador de bem-estar simplificado<\/p>\n<p>&#8211; Despertador com bot\u00e3o snooze<\/p>\n<p>&#8211; Absolutamente silencioso (exceto para a fun\u00e7\u00e3o de alarme)<\/p>\n<p>&#8211; Exibi\u00e7\u00e3o do valor m\u00ednimo e m\u00e1ximo<\/p>\n<p>&#8211; Grande display LCD de 5&#8243; com leituras claras e leg\u00edveis<\/p>\n<p>&#8211; Compacto aparelho de mesa ou de parede com design moderno e elegante<\/p>\n<p>&#8211; Fornece informa\u00e7\u00f5es \u00fateis \u00e0 preven\u00e7\u00e3o de humidades, mofo ou fungos<\/p>\n<p>&#8211; \u00d3tima rela\u00e7\u00e3o Qualidade\/Pre\u00e7o<\/p>\n<p>&nbsp;<\/p>\n<p>A evolu\u00e7\u00e3o da temperatura tamb\u00e9m \u00e9 gravada<\/p>\n<p>O indicador gr\u00e1fico de barras do BZ07 \u00e9 uma importante fonte de informa\u00e7\u00e3o de temperatura, podendo ser memorizada nas \u00faltimas 12 horas. Como um servi\u00e7o adicional, o indicador de tend\u00eancia climat\u00e9rica integrado mostra como o clima pode se desenvolver com base em 4 gr\u00e1ficos. A ampla gama de fun\u00e7\u00f5es \u00e9 completada pela exibi\u00e7\u00e3o de hora ou data e a fun\u00e7\u00e3o de alarme com o bot\u00e3o snooze.<\/p>\n<p>&nbsp;<\/p>\n<p>\u00datil em todos os lugares<\/p>\n<p>Seja na sua sala de estar, no jardim de inverno, na cozinha, no ber\u00e7\u00e1rio, na adega, na casa de banho, no quarto, na sala de vendas, em viagens ou no trabalho &#8211; o BZ07 \u00e9 uma interessante fonte de informa\u00e7\u00e3o clim\u00e1tica interna e combina com o meio ambiente gra\u00e7as ao seu design atraente e elegante.<\/p>\n<p>Claro que, com exce\u00e7\u00e3o da fun\u00e7\u00e3o de alarme, todas as telas s\u00e3o completamente silenciosas, sem aquele tique-taque &#8211; assim voc\u00ea n\u00e3o ser\u00e1 perturbado em sua paz ou concentra\u00e7\u00e3o.<\/p>\n<p>&nbsp;<\/p>\n<p>Desfrute do clima ideal de bem-estar<\/p>\n<p>Muito quente, muito frio, muito h\u00famido ou muito seco &#8211; todo mundo tem uma sensa\u00e7\u00e3o diferente. Com o BZ07, voc\u00ea sempre pode acompanhar o clima da sala e, usando os valores medidos, voc\u00ea pode conscientemente alterar as condi\u00e7\u00f5es para melhor, a fim de se sentir completamente confort\u00e1vel.<\/p>\n<p>&nbsp;<\/p>\n<p>Gra\u00e7as a informa\u00e7\u00f5es precisas, economize custos de energia<\/p>\n<p>Conhecer os dados exatos do clima interior tamb\u00e9m \u00e9 importante para reduzir seus custos de energia. Cada grau de temperatura ambiente economizado reduz o consumo de energia em aproximadamente 6% durante o aquecimento e, portanto, tamb\u00e9m no factura do aquecimento. Mas mesmo quando se trata de salas de refrigera\u00e7\u00e3o, nem sempre pode ser t\u00e3o frio. Basta prestar aten\u00e7\u00e3o aos valores de temperatura ambiente com o BZ07 para, ent\u00e3o, economizar!<\/p>\n<p>&nbsp;<\/p>\n<p>Evite antecipadamente humidades, mofo ou fungos<\/p>\n<p>Aten\u00e7\u00e3o: um perigo de sa\u00fade que n\u00e3o deve ser subestimado emana de c\u00f4modos, nos quais j\u00e1 se formou mofo por causa da humidade do ar muito alta. Para evitar que isso aconte\u00e7a, certifique-se com o BZ07 de que a humidade n\u00e3o seja muito alta. Os primeiros sinais de alarme reconhec\u00edveis s\u00e3o geralmente roupas h\u00famidas, cheiro de mofo, marcas nas paredes ou germina\u00e7\u00e3o de placas em por\u00f5es. Mofo pode formar a partir de t\u00e3o pouco quanto 70% de humidade. E quando o ar h\u00famido atinge paredes frias, forma-se condensa\u00e7\u00e3o, que pode rapidamente levar a marcas de mofo no papel de parede e nos cantos. Ventila\u00e7\u00e3o simples geralmente \u00e9 insuficiente para reduzir a humidade do ambiente. Os desumidificadores s\u00e3o, portanto, recomendados para uma regula\u00e7\u00e3o realmente confi\u00e1vel e ao mesmo tempo confort\u00e1vel da humidade.<\/p>\n<p>&nbsp;<\/p>\n<p>Mesmo o ar muito seco n\u00e3o \u00e9 particularmente agrad\u00e1vel, mas irrita permanentemente o trato respirat\u00f3rio, a pele e os olhos. Com um humidificador, no entanto, voc\u00ea pode aumentar rapidamente o teor de humidade para um n\u00edvel confort\u00e1vel. Gra\u00e7as \u00e0 exibi\u00e7\u00e3o clara do valor medido do BZ07, voc\u00ea pode verificar diretamente se suas medidas s\u00e3o eficazes e as condi\u00e7\u00f5es climat\u00e9ricas retornam ao normal.<\/p>\n<p>&nbsp;<\/p>\n<p>O seu Conforto \u00e9 mensur\u00e1vel<\/p>\n<p>Quais valores de temperatura e humidade s\u00e3o realmente percebidos como &#8220;agrad\u00e1veis&#8221;? Esta quest\u00e3o \u00e9 respondida pelo chamado &#8220;diagrama de conforto&#8221; (segundo Leusden e Freymark). Nesta tabela de vis\u00e3o geral, \u00e9 f\u00e1cil de ver que voc\u00ea se sente mais confort\u00e1vel num corredor clim\u00e1tico de 20 a 22\u00b0 C com humidade relativa de 40 a 60%. As condi\u00e7\u00f5es climat\u00e9ricas fora desses valores, no entanto, s\u00e3o percebidas pela maioria das pessoas como desagrad\u00e1veis.<\/p>\n<p>&nbsp;<\/p>\n<p>Indicador de bem-estar &#8211; tudo fica claro num piscar de olhos<\/p>\n<p>Com o monitor de clima interior BZ07, voc\u00ea n\u00e3o apenas tem em mente os valores exatos para a temperatura e a humidade. Voc\u00ea tamb\u00e9m ver\u00e1 um indicador de conforto f\u00e1cil de entender (Comfort Level) para simplificar. Usando os 3 s\u00edmbolos &#8220;DRY&#8221;, &#8220;COMFORT&#8221; e &#8220;WET&#8221;, voc\u00ea pode ver diretamente se o clima da sala est\u00e1 atualmente &#8220;seco&#8221;, &#8220;confort\u00e1vel&#8221; ou &#8220;h\u00famido&#8221;. Ent\u00e3o, se voc\u00ea ver o s\u00edmbolo CONFORTO na tela BZ07 na parte superior do gr\u00e1fico de barras, voc\u00ea pode sentar-se e se sentir confiante de que a sala tem as melhores condi\u00e7\u00f5es climat\u00e9ricas poss\u00edveis.<\/p>\n<p>&nbsp;<\/p>\n<p>As toler\u00e2ncias de temperatura e humidade armazenadas no aparelho para essa classifica\u00e7\u00e3o simplificada correspondem em grande parte ao diagrama de conforto de Leusden e Freymark. Mais confort\u00e1vel n\u00e3o \u00e9 poss\u00edvel!<\/p>\n<p>&nbsp;<\/p>\n<p>BZ07 &#8211; um verdadeiro polivalente<\/p>\n<p>O Termo Higr\u00f3metro BZ07 mede a temperatura ambiente atual e a humidade relativa a cada minuto. A faixa de medi\u00e7\u00e3o de temperatura \u00e9 de 0\u00b0 C a +50\u00b0 C. A humidade relativa \u00e9 medida de 20% de humidade relativa a 99% de humidade relativa. Com a fun\u00e7\u00e3o MIN \/ MAX integrada, o medidor exibe os valores di\u00e1rios mais baixos e mais altos. Para avaliar o desenvolvimento da temperatura ambiente, o indicador gr\u00e1fico de barras \u00e9 \u00fatil. O display LCD mostra as flutua\u00e7\u00f5es de temperatura nas \u00faltimas 1, 2, 3, 6 e 12 horas como um gr\u00e1fico de barras. Dentro de um intervalo de toler\u00e2ncia de +\/- 3\u00b0 C, voc\u00ea pode entender claramente as mudan\u00e7as de temperatura.<\/p>\n<p>&nbsp;<\/p>\n<p>Chuva ou sol? O indicador de tend\u00eancia do tempo revela<\/p>\n<p>Como uma fonte alternativa de informa\u00e7\u00f5es sobre o clima, o BZ07 oferece uma exibi\u00e7\u00e3o de tend\u00eancia de tempo simb\u00f3lico. Com base nos valores de humidade, voc\u00ea ver\u00e1 num relance na forma de 4 s\u00edmbolos atraentes, seja ensolarado, um pouco nublado, nublado ou chuvoso.<\/p>\n<p>&nbsp;<\/p>\n<p>Modo de despertar confort\u00e1vel com bot\u00e3o snooze<\/p>\n<p>Para uso em seu quarto, um alarme despertador \u00e9 integrado no BZ07, s\u00f3 por isso ele n\u00e3o \u00e9 completamente silencioso. A hora pode ser exibida no formato de 24 horas e 12 horas. \u00c9 dif\u00edcil voc\u00ea acordar de manh\u00e3? Pressione o bot\u00e3o soneca e fique 8 minutos a mais na cama. E se a previs\u00e3o do tempo indicar um dia de sol, comece o dia com um in\u00edcio particularmente motivado! Pressione o bot\u00e3o &#8220;Mode&#8221; para mudar o BZ07 para a visualiza\u00e7\u00e3o de calend\u00e1rio. Em vez da hora, a data atual \u00e9 exibida por aproximadamente 8 segundos. O BZ07 \u00e9 um verdadeiro polivalente! Seja para si mesmo ou como um presente para os outros, com o BZ07 voc\u00ea est\u00e1 sempre bem informado sobre o clima interior.<\/p>\n<p>&nbsp;<\/p>\n","protected":false},"excerpt":{"rendered":"<p>Esta\u00e7\u00e3o climat\u00e9rica interior com confort\u00e1vel indicador de bem-estar, mantenha o clima do seu quarto sempre \u00e0 vista.<\/p>\n<p>O Termo Higr\u00f3metro BZ07, de mesa ou de parede, \u00e9 facilmente acess\u00edvel com apenas um olhar, e num piscar de olhos d\u00e1 informa\u00e7\u00f5es relevantes sobre o clima no interior de sua casa. O display LCD de 5&#8243;, grande e f\u00e1cil de ler, mostra a temperatura ambiente (em \u00b0C ou \u00b0F), bem como a humidade (em %).<\/p>\n<p>Para garantir que voc\u00ea est\u00e1 aconchegado com a temperatura e humidade ideias, um indicador gr\u00e1fico de bem-estar disp\u00f5e de 3 s\u00edmbolos para mostrar identificando esse grau de conforto climat\u00e9rico. Assim, voc\u00ea n\u00e3o precisa interpretar apuradamente os valores medidos, bastando apenas dar uma vista de olhos no BZ07 para saber diretamente se tudo est\u00e1 em perfeita ordem com o clima no interior da sua casa.<\/p>\n","protected":false},"featured_media":397,"comment_status":"open","ping_status":"closed","template":"","meta":[],"yoast_head":"<!-- This site is optimized with the Yoast SEO plugin v16.1.1 - https:\/\/yoast.com\/wordpress\/plugins\/seo\/ -->\n<title>Termo Higr\u00f3metro Esta\u00e7\u00e3o Meteorol\u00f3gica TROTEC BZ07 - Oxygiene<\/title>\n<link rel=\"canonical\" href=\"https:\/\/oxygiene.pt\/loja\/product\/termo-higrometro-estacao-meteorologica-trotec-bz07\/\" \/>\n<meta property=\"og:locale\" content=\"pt_PT\" \/>\n<meta property=\"og:type\" content=\"article\" \/>\n<meta property=\"og:title\" content=\"Termo Higr\u00f3metro Esta\u00e7\u00e3o Meteorol\u00f3gica TROTEC BZ07 - Oxygiene\" \/>\n<meta property=\"og:description\" content=\"Esta\u00e7\u00e3o climat\u00e9rica interior com confort\u00e1vel indicador de bem-estar, mantenha o clima do seu quarto sempre \u00e0 vista.  O Termo Higr\u00f3metro BZ07, de mesa ou de parede, \u00e9 facilmente acess\u00edvel com apenas um olhar, e num piscar de olhos d\u00e1 informa\u00e7\u00f5es relevantes sobre o clima no interior de sua casa. O display LCD de 5&quot;, grande e f\u00e1cil de ler, mostra a temperatura ambiente (em \u00b0C ou \u00b0F), bem como a humidade (em %).  Para garantir que voc\u00ea est\u00e1 aconchegado com a temperatura e humidade ideias, um indicador gr\u00e1fico de bem-estar disp\u00f5e de 3 s\u00edmbolos para mostrar identificando esse grau de conforto climat\u00e9rico. Assim, voc\u00ea n\u00e3o precisa interpretar apuradamente os valores medidos, bastando apenas dar uma vista de olhos no BZ07 para saber diretamente se tudo est\u00e1 em perfeita ordem com o clima no interior da sua casa.\" \/>\n<meta property=\"og:url\" content=\"https:\/\/oxygiene.pt\/loja\/product\/termo-higrometro-estacao-meteorologica-trotec-bz07\/\" \/>\n<meta property=\"og:site_name\" content=\"Oxygiene\" \/>\n<meta property=\"article:modified_time\" content=\"2024-12-10T16:57:20+00:00\" \/>\n<meta property=\"og:image\" content=\"https:\/\/oxygiene.pt\/loja\/wp-content\/uploads\/2021\/02\/TERMO-HIGR\u05d0METRO-ESTAE\u05b7O-METEOROL\u05d0GICA-TROTEC-BZ07_0.jpg\" \/>\n\t<meta property=\"og:image:width\" content=\"1000\" \/>\n\t<meta property=\"og:image:height\" content=\"1000\" \/>\n<meta name=\"twitter:card\" content=\"summary_large_image\" \/>\n<meta name=\"twitter:label1\" content=\"Tempo estimado de leitura\">\n\t<meta name=\"twitter:data1\" content=\"5 minutos\">\n<script type=\"application\/ld+json\" class=\"yoast-schema-graph\">{\"@context\":\"https:\/\/schema.org\",\"@graph\":[{\"@type\":\"WebSite\",\"@id\":\"https:\/\/oxygiene.pt\/loja\/#website\",\"url\":\"https:\/\/oxygiene.pt\/loja\/\",\"name\":\"Oxygiene\",\"description\":\"Solu\\u00e7\\u00f5es de desinfe\\u00e7\\u00e3o e limpeza\",\"potentialAction\":[{\"@type\":\"SearchAction\",\"target\":\"https:\/\/oxygiene.pt\/loja\/?s={search_term_string}\",\"query-input\":\"required name=search_term_string\"}],\"inLanguage\":\"pt-PT\"},{\"@type\":\"ImageObject\",\"@id\":\"https:\/\/oxygiene.pt\/loja\/product\/termo-higrometro-estacao-meteorologica-trotec-bz07\/#primaryimage\",\"inLanguage\":\"pt-PT\",\"url\":\"https:\/\/oxygiene.pt\/loja\/wp-content\/uploads\/2021\/02\/TERMO-HIGR\\u05d0METRO-ESTAE\\u05b7O-METEOROL\\u05d0GICA-TROTEC-BZ07_0.jpg\",\"contentUrl\":\"https:\/\/oxygiene.pt\/loja\/wp-content\/uploads\/2021\/02\/TERMO-HIGR\\u05d0METRO-ESTAE\\u05b7O-METEOROL\\u05d0GICA-TROTEC-BZ07_0.jpg\",\"width\":1000,\"height\":1000,\"caption\":\"Termo Higr\\u00f3metro Esta\\u00e7\\u00e3o Meteorol\\u00f3gica TROTEC BZ07\"},{\"@type\":\"WebPage\",\"@id\":\"https:\/\/oxygiene.pt\/loja\/product\/termo-higrometro-estacao-meteorologica-trotec-bz07\/#webpage\",\"url\":\"https:\/\/oxygiene.pt\/loja\/product\/termo-higrometro-estacao-meteorologica-trotec-bz07\/\",\"name\":\"Termo Higr\\u00f3metro Esta\\u00e7\\u00e3o Meteorol\\u00f3gica TROTEC BZ07 - Oxygiene\",\"isPartOf\":{\"@id\":\"https:\/\/oxygiene.pt\/loja\/#website\"},\"primaryImageOfPage\":{\"@id\":\"https:\/\/oxygiene.pt\/loja\/product\/termo-higrometro-estacao-meteorologica-trotec-bz07\/#primaryimage\"},\"datePublished\":\"2021-02-25T14:47:00+00:00\",\"dateModified\":\"2024-12-10T16:57:20+00:00\",\"breadcrumb\":{\"@id\":\"https:\/\/oxygiene.pt\/loja\/product\/termo-higrometro-estacao-meteorologica-trotec-bz07\/#breadcrumb\"},\"inLanguage\":\"pt-PT\",\"potentialAction\":[{\"@type\":\"ReadAction\",\"target\":[\"https:\/\/oxygiene.pt\/loja\/product\/termo-higrometro-estacao-meteorologica-trotec-bz07\/\"]}]},{\"@type\":\"BreadcrumbList\",\"@id\":\"https:\/\/oxygiene.pt\/loja\/product\/termo-higrometro-estacao-meteorologica-trotec-bz07\/#breadcrumb\",\"itemListElement\":[{\"@type\":\"ListItem\",\"position\":1,\"item\":{\"@type\":\"WebPage\",\"@id\":\"https:\/\/oxygiene.pt\/loja\/\",\"url\":\"https:\/\/oxygiene.pt\/loja\/\",\"name\":\"In\\u00edcio\"}},{\"@type\":\"ListItem\",\"position\":2,\"item\":{\"@type\":\"WebPage\",\"@id\":\"https:\/\/oxygiene.pt\/loja\/?page_id=8\",\"url\":\"https:\/\/oxygiene.pt\/loja\/?page_id=8\",\"name\":\"Produtos_antigo\"}},{\"@type\":\"ListItem\",\"position\":3,\"item\":{\"@type\":\"WebPage\",\"@id\":\"https:\/\/oxygiene.pt\/loja\/product\/termo-higrometro-estacao-meteorologica-trotec-bz07\/\",\"url\":\"https:\/\/oxygiene.pt\/loja\/product\/termo-higrometro-estacao-meteorologica-trotec-bz07\/\",\"name\":\"Termo Higr\\u00f3metro Esta\\u00e7\\u00e3o Meteorol\\u00f3gica TROTEC BZ07\"}}]}]}<\/script>\n<!-- \/ Yoast SEO plugin. -->","_links":{"self":[{"href":"https:\/\/oxygiene.pt\/loja\/wp-json\/wp\/v2\/product\/396"}],"collection":[{"href":"https:\/\/oxygiene.pt\/loja\/wp-json\/wp\/v2\/product"}],"about":[{"href":"https:\/\/oxygiene.pt\/loja\/wp-json\/wp\/v2\/types\/product"}],"replies":[{"embeddable":true,"href":"https:\/\/oxygiene.pt\/loja\/wp-json\/wp\/v2\/comments?post=396"}],"wp:featuredmedia":[{"embeddable":true,"href":"https:\/\/oxygiene.pt\/loja\/wp-json\/wp\/v2\/media\/397"}],"wp:attachment":[{"href":"https:\/\/oxygiene.pt\/loja\/wp-json\/wp\/v2\/media?parent=396"}],"curies":[{"name":"wp","href":"https:\/\/api.w.org\/{rel}","templated":true}]}}