{"id":380,"date":"2021-02-25T14:37:59","date_gmt":"2021-02-25T14:37:59","guid":{"rendered":"https:\/\/oxygiene.pt\/loja\/?post_type=product&#038;p=380"},"modified":"2021-10-21T18:07:29","modified_gmt":"2021-10-21T18:07:29","slug":"desumidificador-trotec-ttk-72-e","status":"publish","type":"product","link":"https:\/\/oxygiene.pt\/loja\/product\/desumidificador-trotec-ttk-72-e\/","title":{"rendered":"Desumidificador TROTEC TTK 72 E"},"content":{"rendered":"<p>&#8211; LED azul: quando a humidade do ar est\u00e1 abaixo de 55%<\/p>\n<p>&#8211; LED verde: quando a humidade do ar se mant\u00e9m dentro da faixa ideal entre 55-70%<\/p>\n<p>&#8211; LED vermelho: a humidade do ambiente est\u00e1 acima de 70%<\/p>\n<p>Outros recursos do TTK 72 E incluem a fun\u00e7\u00e3o pr\u00e1tica de secar roupa, fun\u00e7\u00e3o timer, uma luz de advert\u00eancia do n\u00edvel do tanque de \u00e1gua e prote\u00e7\u00e3o contra transbordamento com desligamento autom\u00e1tico.<\/p>\n<p>Com uma capacidade de desumidifica\u00e7\u00e3o de at\u00e9 24 litros por dia, o TTK 72 E desumidifica de forma confi\u00e1vel espa\u00e7os de at\u00e9 50 m\u00b2. O painel de controle de baixa manuten\u00e7\u00e3o conta com um display digital com diferentes modos de desumidifica\u00e7\u00e3o para escolher: modo autom\u00e1tico com uma humidade pr\u00e9-estabelecida de 55%, desumidifica\u00e7\u00e3o autom\u00e1tica controlada por higr\u00f3stato entre 30 e 80%, em incrementos de 5%, opera\u00e7\u00e3o permanente e fun\u00e7\u00e3o de ventila\u00e7\u00e3o.<\/p>\n<p>&nbsp;<\/p>\n<p>CARACTER\u00cdSTICAS T\u00c9CNICAS:<\/p>\n<p>&#8211; Capacidade de desumidifica\u00e7\u00e3o max.: 24 Litros\/24h<\/p>\n<p>&#8211; Fluxo de ar: 195 m\u00b3\/h<\/p>\n<p>&#8211; Adequados para locais de at\u00e9: 50 m\u00b2 \/ 125 m\u00b3<\/p>\n<p>&#8211; Temperatura de funcionamento: 5 a 32 \u00b0C<\/p>\n<p>&#8211; Humidade de funcionamento: 30 at\u00e9 80 % de humidade relativa<\/p>\n<p>&#8211; Consumo de energia: 0.32 kW<\/p>\n<p>&#8211; Capacidade do reservat\u00f3rio: 5.5 Litros<\/p>\n<p>&#8211; N\u00edvel de ru\u00eddo a 1 metro: 48 dB (A)<\/p>\n<p>&#8211; Dimens\u00f5es (LxCxA): 182 x 330 x 550 mm<\/p>\n<p>&#8211; Peso: 14.5 kg<\/p>\n<p>&nbsp;<\/p>\n<p>VANTAGENS E BENEF\u00cdCIOS<\/p>\n<p>&#8211; Display em LED colorido para visualiza\u00e7\u00e3o da humidade atual<\/p>\n<p>&#8211; Exibi\u00e7\u00e3o da humidade relativa<\/p>\n<p>&#8211; Modo autom\u00e1tico<\/p>\n<p>&#8211; Fun\u00e7\u00e3o para secagem de roupa<\/p>\n<p>&#8211; Ventilador de 2 velocidades<\/p>\n<p>&#8211; Desumidifica\u00e7\u00e3o autom\u00e1tica controlada por higr\u00f3stato entre 30 e 80%, em incrementos de 5%<\/p>\n<p>&#8211; Assim que o n\u00edvel de humidade desejado \u00e9 alcan\u00e7ado, o compressor se desliga. O ventilador continua a funcionar e o indicador permanece aceso.<\/p>\n<p>&#8211; Descongelamento autom\u00e1tico<\/p>\n<p>&#8211; Conex\u00e3o externa para o desaguar da \u00e1gua condensada<\/p>\n<p>&nbsp;<\/p>\n<p>Secagem suave de roupas com desumidificadores de ar<\/p>\n<p>Al\u00e9m da desumidifica\u00e7\u00e3o do ar ambiente, um desumidificador pode ser usado convenientemente para secar roupas &#8211; como um suporte ou como um substituto completo para uma secadora convencional. A fun\u00e7\u00e3o de secagem da roupa (ou modo de secagem de t\u00eaxteis ou fun\u00e7\u00e3o SuperDry) \u00e9 compar\u00e1vel \u00e0 secagem tradicional ao ar livre.<\/p>\n<p>Os desumidificadores t\u00eam a vantagem de a roupa ser seca suavemente como na natureza. As cores permanecem brilhantes e as roupas t\u00eam uma vida \u00fatil mais longa do que as secadoras de roupa convencionais e com um consumo de energia significativamente menor.<\/p>\n<p>Al\u00e9m disso, materiais sens\u00edveis como l\u00e3, seda ou fibras sint\u00e9ticas tamb\u00e9m podem ser secos sem hesita\u00e7\u00e3o. Em contraste com a secagem ao ar puro, a roupa \u00e9 muito mais macia e mais confort\u00e1vel de usar na pele.<\/p>\n<p>Tamb\u00e9m \u00e9 poss\u00edvel secar roupas com desumidificadores de ar sem uma fun\u00e7\u00e3o de secagem de roupas. O valor alvo da humidade do ar deve ent\u00e3o ser definido de acordo com a humidade residual desejada:<\/p>\n<p>&#8211; Seco para arm\u00e1rios: 46% de humidade relativa<\/p>\n<p>&#8211; Humidade de engomar: 58% de humidade relativa<\/p>\n<p>&#8211; Parcialmente seco: 65% de humidade relativa<\/p>\n<p>&nbsp;<\/p>\n<p>Prote\u00e7\u00e3o do Meio Ambiente: Propano (R290) como refrigerante ecol\u00f3gico em desumidificadores<\/p>\n<p>Todos os anos, os refrigerantes sint\u00e9ticos liberam no ar v\u00e1rios milh\u00f5es de toneladas de emiss\u00f5es de CO2 prejudiciais ao meio ambiente (gases de efeito estufa). Portanto, o uso de refrigerantes alternativos \u00e9 um dos nossos principais objetivos. Com o uso de propano (R290) como refrigerante, este desumidificador d\u00e1 uma contribui\u00e7\u00e3o valiosa para a prote\u00e7\u00e3o do clima.<\/p>\n<p>O propano como refrigerante natural (R290) \u00e9 um composto org\u00e2nico e pertence aos hidrocarbonetos. Em contraste com os refrigerantes sint\u00e9ticos, o propano ambientalmente amig\u00e1vel (R290) n\u00e3o tem potencial de deple\u00e7\u00e3o de ozono (ODP = 0) nem um efeito estufa significativo (GWP = 3).<\/p>\n<p>Benef\u00edcios ambientais adicionais: devido \u00e0s suas excelentes propriedades termodin\u00e2micas, o propano (R290) \u00e9 um refrigerante particularmente eficiente em termos de energia e, portanto, reduz adicionalmente seus custos de energia.<\/p>\n","protected":false},"excerpt":{"rendered":"<p>O status da humidade sempre em vista<\/p>\n<p>Uma caracter\u00edstica especial do desumidificador TTK 72 E \u00e9 a de possuir um indicador LED frontal que indica o estado a humidade relativa atual. Dependendo da cor dos LEDs, a humidade est\u00e1 demasiada baixa, ideal ou muito alta.<\/p>\n","protected":false},"featured_media":382,"comment_status":"open","ping_status":"closed","template":"","meta":[],"yoast_head":"<!-- This site is optimized with the Yoast SEO plugin v16.1.1 - https:\/\/yoast.com\/wordpress\/plugins\/seo\/ -->\n<title>Desumidificador TROTEC TTK 72 E - Oxygiene<\/title>\n<link rel=\"canonical\" href=\"https:\/\/oxygiene.pt\/loja\/product\/desumidificador-trotec-ttk-72-e\/\" \/>\n<meta property=\"og:locale\" content=\"pt_PT\" \/>\n<meta property=\"og:type\" content=\"article\" \/>\n<meta property=\"og:title\" content=\"Desumidificador TROTEC TTK 72 E - Oxygiene\" \/>\n<meta property=\"og:description\" content=\"O status da humidade sempre em vista  Uma caracter\u00edstica especial do desumidificador TTK 72 E \u00e9 a de possuir um indicador LED frontal que indica o estado a humidade relativa atual. Dependendo da cor dos LEDs, a humidade est\u00e1 demasiada baixa, ideal ou muito alta.\" \/>\n<meta property=\"og:url\" content=\"https:\/\/oxygiene.pt\/loja\/product\/desumidificador-trotec-ttk-72-e\/\" \/>\n<meta property=\"og:site_name\" content=\"Oxygiene\" \/>\n<meta property=\"article:modified_time\" content=\"2021-10-21T18:07:29+00:00\" \/>\n<meta property=\"og:image\" content=\"https:\/\/oxygiene.pt\/loja\/wp-content\/uploads\/2021\/02\/DESUMIDIFICADOR-TROTEC-TTK-72-E_1.jpg\" \/>\n\t<meta property=\"og:image:width\" content=\"1000\" \/>\n\t<meta property=\"og:image:height\" content=\"1000\" \/>\n<meta name=\"twitter:card\" content=\"summary_large_image\" \/>\n<meta name=\"twitter:label1\" content=\"Tempo estimado de leitura\">\n\t<meta name=\"twitter:data1\" content=\"3 minutos\">\n<script type=\"application\/ld+json\" class=\"yoast-schema-graph\">{\"@context\":\"https:\/\/schema.org\",\"@graph\":[{\"@type\":\"WebSite\",\"@id\":\"https:\/\/oxygiene.pt\/loja\/#website\",\"url\":\"https:\/\/oxygiene.pt\/loja\/\",\"name\":\"Oxygiene\",\"description\":\"Solu\\u00e7\\u00f5es de desinfe\\u00e7\\u00e3o e limpeza\",\"potentialAction\":[{\"@type\":\"SearchAction\",\"target\":\"https:\/\/oxygiene.pt\/loja\/?s={search_term_string}\",\"query-input\":\"required name=search_term_string\"}],\"inLanguage\":\"pt-PT\"},{\"@type\":\"ImageObject\",\"@id\":\"https:\/\/oxygiene.pt\/loja\/product\/desumidificador-trotec-ttk-72-e\/#primaryimage\",\"inLanguage\":\"pt-PT\",\"url\":\"https:\/\/oxygiene.pt\/loja\/wp-content\/uploads\/2021\/02\/DESUMIDIFICADOR-TROTEC-TTK-72-E_1.jpg\",\"contentUrl\":\"https:\/\/oxygiene.pt\/loja\/wp-content\/uploads\/2021\/02\/DESUMIDIFICADOR-TROTEC-TTK-72-E_1.jpg\",\"width\":1000,\"height\":1000,\"caption\":\"Desumidificador TROTEC TTK 72 E\"},{\"@type\":\"WebPage\",\"@id\":\"https:\/\/oxygiene.pt\/loja\/product\/desumidificador-trotec-ttk-72-e\/#webpage\",\"url\":\"https:\/\/oxygiene.pt\/loja\/product\/desumidificador-trotec-ttk-72-e\/\",\"name\":\"Desumidificador TROTEC TTK 72 E - Oxygiene\",\"isPartOf\":{\"@id\":\"https:\/\/oxygiene.pt\/loja\/#website\"},\"primaryImageOfPage\":{\"@id\":\"https:\/\/oxygiene.pt\/loja\/product\/desumidificador-trotec-ttk-72-e\/#primaryimage\"},\"datePublished\":\"2021-02-25T14:37:59+00:00\",\"dateModified\":\"2021-10-21T18:07:29+00:00\",\"breadcrumb\":{\"@id\":\"https:\/\/oxygiene.pt\/loja\/product\/desumidificador-trotec-ttk-72-e\/#breadcrumb\"},\"inLanguage\":\"pt-PT\",\"potentialAction\":[{\"@type\":\"ReadAction\",\"target\":[\"https:\/\/oxygiene.pt\/loja\/product\/desumidificador-trotec-ttk-72-e\/\"]}]},{\"@type\":\"BreadcrumbList\",\"@id\":\"https:\/\/oxygiene.pt\/loja\/product\/desumidificador-trotec-ttk-72-e\/#breadcrumb\",\"itemListElement\":[{\"@type\":\"ListItem\",\"position\":1,\"item\":{\"@type\":\"WebPage\",\"@id\":\"https:\/\/oxygiene.pt\/loja\/\",\"url\":\"https:\/\/oxygiene.pt\/loja\/\",\"name\":\"In\\u00edcio\"}},{\"@type\":\"ListItem\",\"position\":2,\"item\":{\"@type\":\"WebPage\",\"@id\":\"https:\/\/oxygiene.pt\/loja\/?page_id=8\",\"url\":\"https:\/\/oxygiene.pt\/loja\/?page_id=8\",\"name\":\"Produtos_antigo\"}},{\"@type\":\"ListItem\",\"position\":3,\"item\":{\"@type\":\"WebPage\",\"@id\":\"https:\/\/oxygiene.pt\/loja\/product\/desumidificador-trotec-ttk-72-e\/\",\"url\":\"https:\/\/oxygiene.pt\/loja\/product\/desumidificador-trotec-ttk-72-e\/\",\"name\":\"Desumidificador TROTEC TTK 72 E\"}}]}]}<\/script>\n<!-- \/ Yoast SEO plugin. -->","_links":{"self":[{"href":"https:\/\/oxygiene.pt\/loja\/wp-json\/wp\/v2\/product\/380"}],"collection":[{"href":"https:\/\/oxygiene.pt\/loja\/wp-json\/wp\/v2\/product"}],"about":[{"href":"https:\/\/oxygiene.pt\/loja\/wp-json\/wp\/v2\/types\/product"}],"replies":[{"embeddable":true,"href":"https:\/\/oxygiene.pt\/loja\/wp-json\/wp\/v2\/comments?post=380"}],"wp:featuredmedia":[{"embeddable":true,"href":"https:\/\/oxygiene.pt\/loja\/wp-json\/wp\/v2\/media\/382"}],"wp:attachment":[{"href":"https:\/\/oxygiene.pt\/loja\/wp-json\/wp\/v2\/media?parent=380"}],"curies":[{"name":"wp","href":"https:\/\/api.w.org\/{rel}","templated":true}]}}