{"id":349,"date":"2021-02-25T14:23:54","date_gmt":"2021-02-25T14:23:54","guid":{"rendered":"https:\/\/oxygiene.pt\/loja\/?post_type=product&#038;p=349"},"modified":"2025-10-25T16:11:22","modified_gmt":"2025-10-25T16:11:22","slug":"desumidificador-trotec-peltier-ttp5e","status":"publish","type":"product","link":"https:\/\/oxygiene.pt\/loja\/product\/desumidificador-trotec-peltier-ttp5e\/","title":{"rendered":"Desumidificador TROTEC Peltier TTP5E"},"content":{"rendered":"<p>O desumidificador \u00e9 ideal, por exemplo, em roupeiros, c\u00e2maras de armazenamento de alimentos e casas de banho sem janelas. Nessas \u00e1reas especialmente sens\u00edveis \u00e0 humidade, ele remove efetivamente o excesso de humidade do ar, reduz a condensa\u00e7\u00e3o e evita o crescimento de mofo.<\/p>\n<p>Uma luz de aviso avisa quando o tanque est\u00e1 cheio e a prote\u00e7\u00e3o contra mini inunda\u00e7\u00f5es com desligar autom\u00e1tico evitando assim que o tanque de \u00e1gua de 0.7 litros transborde. Gra\u00e7as \u00e0 fun\u00e7\u00e3o integrada de limpeza do ar, o TTP 5 E filtra pelos, fiapos e o p\u00f3 do ar.<\/p>\n<p>A opera\u00e7\u00e3o do TTP 5 E \u00e9 otimizada de forma eficiente em termos de energia e, gra\u00e7as ao elemento Peltier, tamb\u00e9m \u00e9 silenciosa &#8211; de modo que o dispositivo n\u00e3o perturbe o sono da noite. Al\u00e9m disso, o dispositivo Peltier entra em modo de desumidifica\u00e7\u00e3o com opera\u00e7\u00e3o muito simples. Basta simplesmente lig\u00e1-lo a uma tomada el\u00e9trica e pronto! Uma al\u00e7a de transporte facilita o transporte ou a mudan\u00e7a do local de uso.<\/p>\n<p>&nbsp;<\/p>\n<p>VANTAGENS E BENEF\u00cdCIOS<\/p>\n<p>&#8211; Para manter secos pequenos ambientes mal ventilados, tais como arm\u00e1rios, closets, casas de banho sem janelas ou despensas<\/p>\n<p>&#8211; Alta flexibilidade devido ao design extra pequeno<\/p>\n<p>&#8211; Moderno elemento Peltier termoel\u00e9trico (sem compressor e refrigerante)<\/p>\n<p>&#8211; Fun\u00e7\u00e3o de limpeza do ar &#8211; filtra pelos, fiapos e poeiras<\/p>\n<p>&#8211; L\u00e2mpada de aviso de n\u00edvel quando o reservat\u00f3rio est\u00e1 cheio<\/p>\n<p>&#8211; Prote\u00e7\u00e3o contra transbordamento com desligar autom\u00e1tico<\/p>\n<p>&#8211; Design atraente e compacto<\/p>\n<p>&#8211; Coletor de \u00e1gua transparente<\/p>\n<p>&#8211; Luz de aviso de funcionamento<\/p>\n<p>&#8211; Opera\u00e7\u00e3o silenciosa<\/p>\n<p>&#8211; Eficiente gra\u00e7as ao baixo consumo de energia<\/p>\n<p>&nbsp;<\/p>\n<p>CARACTER\u00cdSTICAS T\u00c9CNICAS<\/p>\n<p>&#8211; Desumidifica\u00e7\u00e3o m\u00e1x. (l\/24h): 0,3<\/p>\n<p>&#8211; Adequados para locais de at\u00e9: 6 m\u00b2 \/ 15 m\u00b3<\/p>\n<p>&#8211; Liga\u00e7\u00e3o \u00e0 rede: 100 &#8211; 240 V\/50 &#8211; 60 Hz<\/p>\n<p>&#8211; Consumo de corrente nominal: 2,5 A<\/p>\n<p>&#8211; Consumo m\u00e1ximo de energia: 0,023 kW<\/p>\n<p>&#8211; Comprimento do cabo: 1,5 m<\/p>\n<p>&#8211; Reservat\u00f3rio de \u00e1gua: 0,7 l<\/p>\n<p>&#8211; N\u00edvel de ru\u00eddo (medido a 1 m): 35 dB(A)<\/p>\n<p>&#8211; Dimens\u00f5es (CxLxA): 100x160x260 mm<\/p>\n<p>&#8211; Peso: 1,5 kg<\/p>\n","protected":false},"excerpt":{"rendered":"<p>Solu\u00e7\u00e3o de desumidifica\u00e7\u00e3o confort\u00e1vel para pequenos ambientes<\/p>\n<p>O desumidificador Peltier compacto TTP 5 E combina seu desempenho atraente com o design discreto, o que o torna uma boa pe\u00e7a em qualquer ambiente. Gra\u00e7as \u00e0 sua inovadora tecnologia termoel\u00e9trica, o aparelho mant\u00e9m secos, de forma confi\u00e1vel, ambientes de at\u00e9 6 m\u00b2 com capacidade de desumidifica\u00e7\u00e3o de 330 ml por dia.<\/p>\n","protected":false},"featured_media":351,"comment_status":"open","ping_status":"closed","template":"","meta":[],"yoast_head":"<!-- This site is optimized with the Yoast SEO plugin v16.1.1 - https:\/\/yoast.com\/wordpress\/plugins\/seo\/ -->\n<title>Desumidificador TROTEC Peltier TTP5E - Oxygiene<\/title>\n<link rel=\"canonical\" href=\"https:\/\/oxygiene.pt\/loja\/product\/desumidificador-trotec-peltier-ttp5e\/\" \/>\n<meta property=\"og:locale\" content=\"pt_PT\" \/>\n<meta property=\"og:type\" content=\"article\" \/>\n<meta property=\"og:title\" content=\"Desumidificador TROTEC Peltier TTP5E - Oxygiene\" \/>\n<meta property=\"og:description\" content=\"Solu\u00e7\u00e3o de desumidifica\u00e7\u00e3o confort\u00e1vel para pequenos ambientes  O desumidificador Peltier compacto TTP 5 E combina seu desempenho atraente com o design discreto, o que o torna uma boa pe\u00e7a em qualquer ambiente. Gra\u00e7as \u00e0 sua inovadora tecnologia termoel\u00e9trica, o aparelho mant\u00e9m secos, de forma confi\u00e1vel, ambientes de at\u00e9 6 m\u00b2 com capacidade de desumidifica\u00e7\u00e3o de 330 ml por dia.\" \/>\n<meta property=\"og:url\" content=\"https:\/\/oxygiene.pt\/loja\/product\/desumidificador-trotec-peltier-ttp5e\/\" \/>\n<meta property=\"og:site_name\" content=\"Oxygiene\" \/>\n<meta property=\"article:modified_time\" content=\"2025-10-25T16:11:22+00:00\" \/>\n<meta property=\"og:image\" content=\"https:\/\/oxygiene.pt\/loja\/wp-content\/uploads\/2021\/02\/Desumidificador-Peltier-TTP-5-E_1.jpg\" \/>\n\t<meta property=\"og:image:width\" content=\"1000\" \/>\n\t<meta property=\"og:image:height\" content=\"1000\" \/>\n<meta name=\"twitter:card\" content=\"summary_large_image\" \/>\n<meta name=\"twitter:label1\" content=\"Tempo estimado de leitura\">\n\t<meta name=\"twitter:data1\" content=\"2 minutos\">\n<script type=\"application\/ld+json\" class=\"yoast-schema-graph\">{\"@context\":\"https:\/\/schema.org\",\"@graph\":[{\"@type\":\"WebSite\",\"@id\":\"https:\/\/oxygiene.pt\/loja\/#website\",\"url\":\"https:\/\/oxygiene.pt\/loja\/\",\"name\":\"Oxygiene\",\"description\":\"Solu\\u00e7\\u00f5es de desinfe\\u00e7\\u00e3o e limpeza\",\"potentialAction\":[{\"@type\":\"SearchAction\",\"target\":\"https:\/\/oxygiene.pt\/loja\/?s={search_term_string}\",\"query-input\":\"required name=search_term_string\"}],\"inLanguage\":\"pt-PT\"},{\"@type\":\"ImageObject\",\"@id\":\"https:\/\/oxygiene.pt\/loja\/product\/desumidificador-trotec-peltier-ttp5e\/#primaryimage\",\"inLanguage\":\"pt-PT\",\"url\":\"https:\/\/oxygiene.pt\/loja\/wp-content\/uploads\/2021\/02\/Desumidificador-Peltier-TTP-5-E_1.jpg\",\"contentUrl\":\"https:\/\/oxygiene.pt\/loja\/wp-content\/uploads\/2021\/02\/Desumidificador-Peltier-TTP-5-E_1.jpg\",\"width\":1000,\"height\":1000},{\"@type\":\"WebPage\",\"@id\":\"https:\/\/oxygiene.pt\/loja\/product\/desumidificador-trotec-peltier-ttp5e\/#webpage\",\"url\":\"https:\/\/oxygiene.pt\/loja\/product\/desumidificador-trotec-peltier-ttp5e\/\",\"name\":\"Desumidificador TROTEC Peltier TTP5E - Oxygiene\",\"isPartOf\":{\"@id\":\"https:\/\/oxygiene.pt\/loja\/#website\"},\"primaryImageOfPage\":{\"@id\":\"https:\/\/oxygiene.pt\/loja\/product\/desumidificador-trotec-peltier-ttp5e\/#primaryimage\"},\"datePublished\":\"2021-02-25T14:23:54+00:00\",\"dateModified\":\"2025-10-25T16:11:22+00:00\",\"breadcrumb\":{\"@id\":\"https:\/\/oxygiene.pt\/loja\/product\/desumidificador-trotec-peltier-ttp5e\/#breadcrumb\"},\"inLanguage\":\"pt-PT\",\"potentialAction\":[{\"@type\":\"ReadAction\",\"target\":[\"https:\/\/oxygiene.pt\/loja\/product\/desumidificador-trotec-peltier-ttp5e\/\"]}]},{\"@type\":\"BreadcrumbList\",\"@id\":\"https:\/\/oxygiene.pt\/loja\/product\/desumidificador-trotec-peltier-ttp5e\/#breadcrumb\",\"itemListElement\":[{\"@type\":\"ListItem\",\"position\":1,\"item\":{\"@type\":\"WebPage\",\"@id\":\"https:\/\/oxygiene.pt\/loja\/\",\"url\":\"https:\/\/oxygiene.pt\/loja\/\",\"name\":\"In\\u00edcio\"}},{\"@type\":\"ListItem\",\"position\":2,\"item\":{\"@type\":\"WebPage\",\"@id\":\"https:\/\/oxygiene.pt\/loja\/?page_id=8\",\"url\":\"https:\/\/oxygiene.pt\/loja\/?page_id=8\",\"name\":\"Produtos_antigo\"}},{\"@type\":\"ListItem\",\"position\":3,\"item\":{\"@type\":\"WebPage\",\"@id\":\"https:\/\/oxygiene.pt\/loja\/product\/desumidificador-trotec-peltier-ttp5e\/\",\"url\":\"https:\/\/oxygiene.pt\/loja\/product\/desumidificador-trotec-peltier-ttp5e\/\",\"name\":\"Desumidificador TROTEC Peltier TTP5E\"}}]}]}<\/script>\n<!-- \/ Yoast SEO plugin. -->","_links":{"self":[{"href":"https:\/\/oxygiene.pt\/loja\/wp-json\/wp\/v2\/product\/349"}],"collection":[{"href":"https:\/\/oxygiene.pt\/loja\/wp-json\/wp\/v2\/product"}],"about":[{"href":"https:\/\/oxygiene.pt\/loja\/wp-json\/wp\/v2\/types\/product"}],"replies":[{"embeddable":true,"href":"https:\/\/oxygiene.pt\/loja\/wp-json\/wp\/v2\/comments?post=349"}],"wp:featuredmedia":[{"embeddable":true,"href":"https:\/\/oxygiene.pt\/loja\/wp-json\/wp\/v2\/media\/351"}],"wp:attachment":[{"href":"https:\/\/oxygiene.pt\/loja\/wp-json\/wp\/v2\/media?parent=349"}],"curies":[{"name":"wp","href":"https:\/\/api.w.org\/{rel}","templated":true}]}}