{"id":340,"date":"2021-02-25T14:21:12","date_gmt":"2021-02-25T14:21:12","guid":{"rendered":"https:\/\/oxygiene.pt\/loja\/?post_type=product&#038;p=340"},"modified":"2025-03-01T07:50:40","modified_gmt":"2025-03-01T07:50:40","slug":"desumidificador-trotec-peltier-ttp2e","status":"publish","type":"product","link":"https:\/\/oxygiene.pt\/loja\/product\/desumidificador-trotec-peltier-ttp2e\/","title":{"rendered":"Desumidificador TROTEC Peltier TTP2E"},"content":{"rendered":"<p><span style=\"font-weight: 400;\">Com uma capacidade de desumidifica\u00e7\u00e3o de cerca de 220 ml, ambientes de at\u00e9 5 m\u00b2 podem ser secos de forma confi\u00e1vel. Devido \u00e0s suas dimens\u00f5es compactas e design elegante, o desumidificador TTP 2 \u00e9 facilmente integrado em qualquer ambiente, seja dom\u00e9stico ou escrit\u00f3rios. O desumidificador Peltier \u00e9 not\u00e1vel em locais sens\u00edveis \u00e0 humidade. Despensas, arm\u00e1rios de sapato, ambiente de armazenamento de alimentos ou mesmo lavabos sem janelas, o TTP 2 E libera o excesso de humidade do ar ou reduz a condensa\u00e7\u00e3o, evitando assim o crescimento de mofo.<\/span><\/p>\n<p><span style=\"font-weight: 400;\">Como o seu funcionamento n\u00e3o \u00e9 apenas otimizado de forma eficiente em termos de energia, mas tamb\u00e9m gra\u00e7as ao elemento Peltier, ele \u00e9 silencioso e n\u00e3o perturba a noite de sono. Al\u00e9m disso, o TTP entra em modo de desumidifica\u00e7\u00e3o com opera\u00e7\u00e3o muito simples. Basta simplesmente conect\u00e1-lo a uma tomada el\u00e9trica e ele come\u00e7a a fazer seu trabalho<\/span><\/p>\n<p><span style=\"font-weight: 400;\">Uma luz de LED indica se o aparelho est\u00e1 em opera\u00e7\u00e3o e se o tanque de \u00e1gua condensado deve ser esvaziado. O aparelho funciona enquanto um sensor reconhece que o tanque de \u00e1gua de 500 ml est\u00e1 cheio e ele desliga automaticamente neste momento. Uma vez que o tanque foi esvaziado, o desumidificador inicia o funcionamento automaticamente. Com a fun\u00e7\u00e3o de limpeza do ar, o TTP 2 E filtra p\u00ealos, fiapos e p\u00f3 do ar.<\/span><\/p>\n<p>&nbsp;<\/p>\n<p><span style=\"font-weight: 400;\">VANTAGENS E BENEF\u00cdCIOS<\/span><\/p>\n<p><span style=\"font-weight: 400;\">Para manter secos pequenos ambientes mal ventilados<\/span><\/p>\n<p><span style=\"font-weight: 400;\">Alta flexibilidade devido ao design extra pequeno<\/span><\/p>\n<p><span style=\"font-weight: 400;\">Moderno elemento Peltier termoel\u00e9trico (sem compressor e refrigerante)<\/span><\/p>\n<p><span style=\"font-weight: 400;\">Fun\u00e7\u00e3o de limpeza do ar &#8211; filtra p\u00ealos, fiapos e poeiras<\/span><\/p>\n<p><span style=\"font-weight: 400;\">L\u00e2mpada de advert\u00eancia de n\u00edvel quando o tanque de codensado est\u00e1 cheio<\/span><\/p>\n<p><span style=\"font-weight: 400;\">Prote\u00e7\u00e3o contra transbordamento com desligamento autom\u00e1tico<\/span><\/p>\n<p><span style=\"font-weight: 400;\">Design atraente e compacto<\/span><\/p>\n<p><span style=\"font-weight: 400;\">Coletor de \u00e1gua transparente<\/span><\/p>\n<p><span style=\"font-weight: 400;\">Luz de aviso de funcionamento<\/span><\/p>\n<p>&nbsp;<\/p>\n<p><span style=\"font-weight: 400;\">CARACTER\u00cdSTICAS T\u00c9CNICAS<\/span><\/p>\n<p><span style=\"font-weight: 400;\">Desumidifica\u00e7\u00e3o m\u00e1x. (l\/24h): 0,22<\/span><\/p>\n<p><span style=\"font-weight: 400;\">Adequados para locais de at\u00e9: 5 m\u00b2 \/ 12,5 m\u00b3<\/span><\/p>\n<p><span style=\"font-weight: 400;\">Liga\u00e7\u00e3o \u00e0 rede: 100 &#8211; 240 V\/50 &#8211; 60 Hz<\/span><\/p>\n<p><span style=\"font-weight: 400;\">Consumo de corrente nominal: 0,6 A<\/span><\/p>\n<p><span style=\"font-weight: 400;\">Consumo m\u00e1ximo de energia: 0,02 kW<\/span><\/p>\n<p><span style=\"font-weight: 400;\">Comprimento do cabo: 1,4 m<\/span><\/p>\n<p><span style=\"font-weight: 400;\">Reservat\u00f3rio de \u00e1gua: 0,5 l<\/span><\/p>\n<p><span style=\"font-weight: 400;\">N\u00edvel de ru\u00eddo (medido a 1 m): 35 dB(A)<\/span><\/p>\n<p><span style=\"font-weight: 400;\">Dimens\u00f5es (CxLxA): 95x150x220 mm<\/span><\/p>\n<p><span style=\"font-weight: 400;\">Peso: 1 kg<\/span><\/p>\n","protected":false},"excerpt":{"rendered":"<p><span style=\"font-weight: 400;\">Solu\u00e7\u00e3o de secagem ideal &#8211; em um design atemporal<\/span><\/p>\n<p><span style=\"font-weight: 400;\">Com o desumidificador ultra-compacto Peltier TTP 2 E, grandes resultados podem ser alcan\u00e7ados em ambientes pequenos. Este desumidificador de 2\/3 polegadas est\u00e1 equipado com uma t\u00e9cnica termoel\u00e9trica inovadora, que mant\u00e9m a atmosfera seca e livre de humidade e cheiro de mofo.<\/span><\/p>\n","protected":false},"featured_media":348,"comment_status":"open","ping_status":"closed","template":"","meta":[],"yoast_head":"<!-- This site is optimized with the Yoast SEO plugin v16.1.1 - https:\/\/yoast.com\/wordpress\/plugins\/seo\/ -->\n<title>Desumidificador TROTEC Peltier TTP2E - Oxygiene<\/title>\n<link rel=\"canonical\" href=\"https:\/\/oxygiene.pt\/loja\/product\/desumidificador-trotec-peltier-ttp2e\/\" \/>\n<meta property=\"og:locale\" content=\"pt_PT\" \/>\n<meta property=\"og:type\" content=\"article\" \/>\n<meta property=\"og:title\" content=\"Desumidificador TROTEC Peltier TTP2E - Oxygiene\" \/>\n<meta property=\"og:description\" content=\"Solu\u00e7\u00e3o de secagem ideal - em um design atemporal  Com o desumidificador ultra-compacto Peltier TTP 2 E, grandes resultados podem ser alcan\u00e7ados em ambientes pequenos. Este desumidificador de 2\/3 polegadas est\u00e1 equipado com uma t\u00e9cnica termoel\u00e9trica inovadora, que mant\u00e9m a atmosfera seca e livre de humidade e cheiro de mofo.\" \/>\n<meta property=\"og:url\" content=\"https:\/\/oxygiene.pt\/loja\/product\/desumidificador-trotec-peltier-ttp2e\/\" \/>\n<meta property=\"og:site_name\" content=\"Oxygiene\" \/>\n<meta property=\"article:modified_time\" content=\"2025-03-01T07:50:40+00:00\" \/>\n<meta property=\"og:image\" content=\"https:\/\/oxygiene.pt\/loja\/wp-content\/uploads\/2021\/02\/DESUMIDIFICADOR-TROTEC-PELTIER-TTP-2-E.jpg\" \/>\n\t<meta property=\"og:image:width\" content=\"1000\" \/>\n\t<meta property=\"og:image:height\" content=\"1000\" \/>\n<meta name=\"twitter:card\" content=\"summary_large_image\" \/>\n<meta name=\"twitter:label1\" content=\"Tempo estimado de leitura\">\n\t<meta name=\"twitter:data1\" content=\"2 minutos\">\n<script type=\"application\/ld+json\" class=\"yoast-schema-graph\">{\"@context\":\"https:\/\/schema.org\",\"@graph\":[{\"@type\":\"WebSite\",\"@id\":\"https:\/\/oxygiene.pt\/loja\/#website\",\"url\":\"https:\/\/oxygiene.pt\/loja\/\",\"name\":\"Oxygiene\",\"description\":\"Solu\\u00e7\\u00f5es de desinfe\\u00e7\\u00e3o e limpeza\",\"potentialAction\":[{\"@type\":\"SearchAction\",\"target\":\"https:\/\/oxygiene.pt\/loja\/?s={search_term_string}\",\"query-input\":\"required name=search_term_string\"}],\"inLanguage\":\"pt-PT\"},{\"@type\":\"ImageObject\",\"@id\":\"https:\/\/oxygiene.pt\/loja\/product\/desumidificador-trotec-peltier-ttp2e\/#primaryimage\",\"inLanguage\":\"pt-PT\",\"url\":\"https:\/\/oxygiene.pt\/loja\/wp-content\/uploads\/2021\/02\/DESUMIDIFICADOR-TROTEC-PELTIER-TTP-2-E.jpg\",\"contentUrl\":\"https:\/\/oxygiene.pt\/loja\/wp-content\/uploads\/2021\/02\/DESUMIDIFICADOR-TROTEC-PELTIER-TTP-2-E.jpg\",\"width\":1000,\"height\":1000},{\"@type\":\"WebPage\",\"@id\":\"https:\/\/oxygiene.pt\/loja\/product\/desumidificador-trotec-peltier-ttp2e\/#webpage\",\"url\":\"https:\/\/oxygiene.pt\/loja\/product\/desumidificador-trotec-peltier-ttp2e\/\",\"name\":\"Desumidificador TROTEC Peltier TTP2E - Oxygiene\",\"isPartOf\":{\"@id\":\"https:\/\/oxygiene.pt\/loja\/#website\"},\"primaryImageOfPage\":{\"@id\":\"https:\/\/oxygiene.pt\/loja\/product\/desumidificador-trotec-peltier-ttp2e\/#primaryimage\"},\"datePublished\":\"2021-02-25T14:21:12+00:00\",\"dateModified\":\"2025-03-01T07:50:40+00:00\",\"breadcrumb\":{\"@id\":\"https:\/\/oxygiene.pt\/loja\/product\/desumidificador-trotec-peltier-ttp2e\/#breadcrumb\"},\"inLanguage\":\"pt-PT\",\"potentialAction\":[{\"@type\":\"ReadAction\",\"target\":[\"https:\/\/oxygiene.pt\/loja\/product\/desumidificador-trotec-peltier-ttp2e\/\"]}]},{\"@type\":\"BreadcrumbList\",\"@id\":\"https:\/\/oxygiene.pt\/loja\/product\/desumidificador-trotec-peltier-ttp2e\/#breadcrumb\",\"itemListElement\":[{\"@type\":\"ListItem\",\"position\":1,\"item\":{\"@type\":\"WebPage\",\"@id\":\"https:\/\/oxygiene.pt\/loja\/\",\"url\":\"https:\/\/oxygiene.pt\/loja\/\",\"name\":\"In\\u00edcio\"}},{\"@type\":\"ListItem\",\"position\":2,\"item\":{\"@type\":\"WebPage\",\"@id\":\"https:\/\/oxygiene.pt\/loja\/?page_id=8\",\"url\":\"https:\/\/oxygiene.pt\/loja\/?page_id=8\",\"name\":\"Produtos_antigo\"}},{\"@type\":\"ListItem\",\"position\":3,\"item\":{\"@type\":\"WebPage\",\"@id\":\"https:\/\/oxygiene.pt\/loja\/product\/desumidificador-trotec-peltier-ttp2e\/\",\"url\":\"https:\/\/oxygiene.pt\/loja\/product\/desumidificador-trotec-peltier-ttp2e\/\",\"name\":\"Desumidificador TROTEC Peltier TTP2E\"}}]}]}<\/script>\n<!-- \/ Yoast SEO plugin. -->","_links":{"self":[{"href":"https:\/\/oxygiene.pt\/loja\/wp-json\/wp\/v2\/product\/340"}],"collection":[{"href":"https:\/\/oxygiene.pt\/loja\/wp-json\/wp\/v2\/product"}],"about":[{"href":"https:\/\/oxygiene.pt\/loja\/wp-json\/wp\/v2\/types\/product"}],"replies":[{"embeddable":true,"href":"https:\/\/oxygiene.pt\/loja\/wp-json\/wp\/v2\/comments?post=340"}],"wp:featuredmedia":[{"embeddable":true,"href":"https:\/\/oxygiene.pt\/loja\/wp-json\/wp\/v2\/media\/348"}],"wp:attachment":[{"href":"https:\/\/oxygiene.pt\/loja\/wp-json\/wp\/v2\/media?parent=340"}],"curies":[{"name":"wp","href":"https:\/\/api.w.org\/{rel}","templated":true}]}}