{"id":333,"date":"2021-02-24T17:45:25","date_gmt":"2021-02-24T17:45:25","guid":{"rendered":"https:\/\/oxygiene.pt\/loja\/?post_type=product&#038;p=333"},"modified":"2022-10-20T10:35:31","modified_gmt":"2022-10-20T10:35:31","slug":"oculos-de-protecao-panoramicos-univet","status":"publish","type":"product","link":"https:\/\/oxygiene.pt\/loja\/product\/oculos-de-protecao-panoramicos-univet\/","title":{"rendered":"\u00d3culos de Prote\u00e7\u00e3o Panor\u00e2micos Univet"},"content":{"rendered":"<p>Lentes em policarbonato panor\u00e2mica e envolvente para uma melhor prote\u00e7\u00e3o lateral;<\/p>\n<p>Banda el\u00e1stica ajust\u00e1vel;<\/p>\n<p>Interior em borracha macia para um apoio suave no nariz e rosto;<\/p>\n<p>Prote\u00e7\u00e3o contra got\u00edculas, salpicos e grandes part\u00edculas de poeira;<\/p>\n<p>Extremamente leve e envolvente;<\/p>\n<p>Peso: 39 g<\/p>\n<p>Este produto est\u00e1 de acordo com as normas CE, EN166, EN170<\/p>\n","protected":false},"excerpt":{"rendered":"<p>Lentes em policarbonato panor\u00e2mica e envolvente para uma melhor prote\u00e7\u00e3o lateral; Banda el\u00e1stica ajust\u00e1vel; Interior em borracha macia para um apoio suave no nariz e rosto; Prote\u00e7\u00e3o contra got\u00edculas, salpicos e grandes part\u00edculas de poeira; Extremamente leve e envolvente; Peso: 39 g Este produto est\u00e1 de acordo com as normas CE, EN166, EN170<\/p>\n","protected":false},"featured_media":334,"comment_status":"open","ping_status":"closed","template":"","meta":[],"yoast_head":"<!-- This site is optimized with the Yoast SEO plugin v16.1.1 - https:\/\/yoast.com\/wordpress\/plugins\/seo\/ -->\n<title>\u00d3culos de Prote\u00e7\u00e3o Panor\u00e2micos Univet - Oxygiene<\/title>\n<link rel=\"canonical\" href=\"https:\/\/oxygiene.pt\/loja\/product\/oculos-de-protecao-panoramicos-univet\/\" \/>\n<meta property=\"og:locale\" content=\"pt_PT\" \/>\n<meta property=\"og:type\" content=\"article\" \/>\n<meta property=\"og:title\" content=\"\u00d3culos de Prote\u00e7\u00e3o Panor\u00e2micos Univet - Oxygiene\" \/>\n<meta property=\"og:description\" content=\"Lentes em policarbonato panor\u00e2mica e envolvente para uma melhor prote\u00e7\u00e3o lateral; Banda el\u00e1stica ajust\u00e1vel; Interior em borracha macia para um apoio suave no nariz e rosto; Prote\u00e7\u00e3o contra got\u00edculas, salpicos e grandes part\u00edculas de poeira; Extremamente leve e envolvente; Peso: 39 g Este produto est\u00e1 de acordo com as normas CE, EN166, EN170\" \/>\n<meta property=\"og:url\" content=\"https:\/\/oxygiene.pt\/loja\/product\/oculos-de-protecao-panoramicos-univet\/\" \/>\n<meta property=\"og:site_name\" content=\"Oxygiene\" \/>\n<meta property=\"article:modified_time\" content=\"2022-10-20T10:35:31+00:00\" \/>\n<meta property=\"og:image\" content=\"https:\/\/oxygiene.pt\/loja\/wp-content\/uploads\/2021\/02\/0302040-640x640-1.jpg\" \/>\n\t<meta property=\"og:image:width\" content=\"640\" \/>\n\t<meta property=\"og:image:height\" content=\"640\" \/>\n<meta name=\"twitter:card\" content=\"summary_large_image\" \/>\n<meta name=\"twitter:label1\" content=\"Tempo estimado de leitura\">\n\t<meta name=\"twitter:data1\" content=\"1 minuto\">\n<script type=\"application\/ld+json\" class=\"yoast-schema-graph\">{\"@context\":\"https:\/\/schema.org\",\"@graph\":[{\"@type\":\"WebSite\",\"@id\":\"https:\/\/oxygiene.pt\/loja\/#website\",\"url\":\"https:\/\/oxygiene.pt\/loja\/\",\"name\":\"Oxygiene\",\"description\":\"Solu\\u00e7\\u00f5es de desinfe\\u00e7\\u00e3o e limpeza\",\"potentialAction\":[{\"@type\":\"SearchAction\",\"target\":\"https:\/\/oxygiene.pt\/loja\/?s={search_term_string}\",\"query-input\":\"required name=search_term_string\"}],\"inLanguage\":\"pt-PT\"},{\"@type\":\"ImageObject\",\"@id\":\"https:\/\/oxygiene.pt\/loja\/product\/oculos-de-protecao-panoramicos-univet\/#primaryimage\",\"inLanguage\":\"pt-PT\",\"url\":\"https:\/\/oxygiene.pt\/loja\/wp-content\/uploads\/2021\/02\/0302040-640x640-1.jpg\",\"contentUrl\":\"https:\/\/oxygiene.pt\/loja\/wp-content\/uploads\/2021\/02\/0302040-640x640-1.jpg\",\"width\":640,\"height\":640},{\"@type\":\"WebPage\",\"@id\":\"https:\/\/oxygiene.pt\/loja\/product\/oculos-de-protecao-panoramicos-univet\/#webpage\",\"url\":\"https:\/\/oxygiene.pt\/loja\/product\/oculos-de-protecao-panoramicos-univet\/\",\"name\":\"\\u00d3culos de Prote\\u00e7\\u00e3o Panor\\u00e2micos Univet - Oxygiene\",\"isPartOf\":{\"@id\":\"https:\/\/oxygiene.pt\/loja\/#website\"},\"primaryImageOfPage\":{\"@id\":\"https:\/\/oxygiene.pt\/loja\/product\/oculos-de-protecao-panoramicos-univet\/#primaryimage\"},\"datePublished\":\"2021-02-24T17:45:25+00:00\",\"dateModified\":\"2022-10-20T10:35:31+00:00\",\"breadcrumb\":{\"@id\":\"https:\/\/oxygiene.pt\/loja\/product\/oculos-de-protecao-panoramicos-univet\/#breadcrumb\"},\"inLanguage\":\"pt-PT\",\"potentialAction\":[{\"@type\":\"ReadAction\",\"target\":[\"https:\/\/oxygiene.pt\/loja\/product\/oculos-de-protecao-panoramicos-univet\/\"]}]},{\"@type\":\"BreadcrumbList\",\"@id\":\"https:\/\/oxygiene.pt\/loja\/product\/oculos-de-protecao-panoramicos-univet\/#breadcrumb\",\"itemListElement\":[{\"@type\":\"ListItem\",\"position\":1,\"item\":{\"@type\":\"WebPage\",\"@id\":\"https:\/\/oxygiene.pt\/loja\/\",\"url\":\"https:\/\/oxygiene.pt\/loja\/\",\"name\":\"In\\u00edcio\"}},{\"@type\":\"ListItem\",\"position\":2,\"item\":{\"@type\":\"WebPage\",\"@id\":\"https:\/\/oxygiene.pt\/loja\/?page_id=8\",\"url\":\"https:\/\/oxygiene.pt\/loja\/?page_id=8\",\"name\":\"Produtos_antigo\"}},{\"@type\":\"ListItem\",\"position\":3,\"item\":{\"@type\":\"WebPage\",\"@id\":\"https:\/\/oxygiene.pt\/loja\/product\/oculos-de-protecao-panoramicos-univet\/\",\"url\":\"https:\/\/oxygiene.pt\/loja\/product\/oculos-de-protecao-panoramicos-univet\/\",\"name\":\"\\u00d3culos de Prote\\u00e7\\u00e3o Panor\\u00e2micos Univet\"}}]}]}<\/script>\n<!-- \/ Yoast SEO plugin. -->","_links":{"self":[{"href":"https:\/\/oxygiene.pt\/loja\/wp-json\/wp\/v2\/product\/333"}],"collection":[{"href":"https:\/\/oxygiene.pt\/loja\/wp-json\/wp\/v2\/product"}],"about":[{"href":"https:\/\/oxygiene.pt\/loja\/wp-json\/wp\/v2\/types\/product"}],"replies":[{"embeddable":true,"href":"https:\/\/oxygiene.pt\/loja\/wp-json\/wp\/v2\/comments?post=333"}],"wp:featuredmedia":[{"embeddable":true,"href":"https:\/\/oxygiene.pt\/loja\/wp-json\/wp\/v2\/media\/334"}],"wp:attachment":[{"href":"https:\/\/oxygiene.pt\/loja\/wp-json\/wp\/v2\/media?parent=333"}],"curies":[{"name":"wp","href":"https:\/\/api.w.org\/{rel}","templated":true}]}}