{"id":331,"date":"2021-02-24T17:42:09","date_gmt":"2021-02-24T17:42:09","guid":{"rendered":"https:\/\/oxygiene.pt\/loja\/?post_type=product&#038;p=331"},"modified":"2025-04-10T22:12:24","modified_gmt":"2025-04-10T22:12:24","slug":"mascara-descartavel-field-para-uso-social-3-camadas","status":"publish","type":"product","link":"https:\/\/oxygiene.pt\/loja\/product\/mascara-descartavel-field-para-uso-social-3-camadas\/","title":{"rendered":"M\u00e1scara Descart\u00e1vel Field para uso social\u00a0(3 camadas) &#8211; 50un"},"content":{"rendered":"<ul>\n<li>CONTROLO MICROBIOL\u00d3GICO (BIOBURDEN) \/ ISO 11737-1:2018 (EN 14683);<\/li>\n<li>Tecido n\u00e3o tecido em 100% polipropileno nas camadas interna e externa e filtro Meltblown em polipropileno;<\/li>\n<li>1\u00ba CAMADA: Tecido n\u00e3o tecido, 25g\/m;<\/li>\n<li>2\u00ba CAMADA: Tecido fundido (meltblown) 25g\/m;<\/li>\n<li>3\u00ba CAMADA: Tecido n\u00e3o tecido, 25g\/m;<\/li>\n<li>Descart\u00e1vel;<\/li>\n<li>Tamanho adulto;<\/li>\n<li>Clipe nasal entre as camadas de filtra\u00e7\u00e3o;<\/li>\n<li>Bloqueia a expira\u00e7\u00e3o, e a inala\u00e7\u00e3o de pat\u00f3genos e got\u00edculas presentes no ar, expelidas quando uma pessoa fala, tosse ou espirra;<\/li>\n<li>N\u00e3o utilizar por um per\u00edodo de tempo superior a 4 horas (se a m\u00e1scara estiver h\u00famida, ou suja, dever\u00e1 ser substitu\u00edda de imediato);<\/li>\n<li>Este produto n\u00e3o \u00e9 um dispositivo m\u00e9dico nem um EPI.<\/li>\n<li>Este produto est\u00e1 de acordo com as normas CE<\/li>\n<\/ul>\n","protected":false},"excerpt":{"rendered":"<p>Conforme com os referencias DNP TS 4575:2020 e DNP CWA 17553:2020, no \u00e2mbito da certifica\u00e7\u00e3o de Avalia\u00e7\u00e3o de Conformidade de M\u00e1scaras para Uso Social; &#8211;<\/p>\n<p>Garante um n\u00edvel m\u00ednimo de filtra\u00e7\u00e3o de 90% para part\u00edculas com cerca de 3 (\u00b10,5) \u00b5m;<\/p>\n<p>Pronta a utilizar (higienizada) &#8211; 50 unidades<\/p>\n","protected":false},"featured_media":332,"comment_status":"open","ping_status":"closed","template":"","meta":[],"yoast_head":"<!-- This site is optimized with the Yoast SEO plugin v16.1.1 - https:\/\/yoast.com\/wordpress\/plugins\/seo\/ -->\n<title>M\u00e1scara Descart\u00e1vel Field para uso social\u00a0(3 camadas) - 50un - Oxygiene<\/title>\n<link rel=\"canonical\" href=\"https:\/\/oxygiene.pt\/loja\/product\/mascara-descartavel-field-para-uso-social-3-camadas\/\" \/>\n<meta property=\"og:locale\" content=\"pt_PT\" \/>\n<meta property=\"og:type\" content=\"article\" \/>\n<meta property=\"og:title\" content=\"M\u00e1scara Descart\u00e1vel Field para uso social\u00a0(3 camadas) - 50un - Oxygiene\" \/>\n<meta property=\"og:description\" content=\"Conforme com os referencias DNP TS 4575:2020 e DNP CWA 17553:2020, no \u00e2mbito da certifica\u00e7\u00e3o de Avalia\u00e7\u00e3o de Conformidade de M\u00e1scaras para Uso Social; -  Garante um n\u00edvel m\u00ednimo de filtra\u00e7\u00e3o de 90% para part\u00edculas com cerca de 3 (\u00b10,5) \u00b5m;  Pronta a utilizar (higienizada) - 50 unidades\" \/>\n<meta property=\"og:url\" content=\"https:\/\/oxygiene.pt\/loja\/product\/mascara-descartavel-field-para-uso-social-3-camadas\/\" \/>\n<meta property=\"og:site_name\" content=\"Oxygiene\" \/>\n<meta property=\"article:modified_time\" content=\"2025-04-10T22:12:24+00:00\" \/>\n<meta property=\"og:image\" content=\"https:\/\/oxygiene.pt\/loja\/wp-content\/uploads\/2021\/02\/Ma\u0301scara.jpg\" \/>\n\t<meta property=\"og:image:width\" content=\"640\" \/>\n\t<meta property=\"og:image:height\" content=\"640\" \/>\n<meta name=\"twitter:card\" content=\"summary_large_image\" \/>\n<meta name=\"twitter:label1\" content=\"Tempo estimado de leitura\">\n\t<meta name=\"twitter:data1\" content=\"1 minuto\">\n<script type=\"application\/ld+json\" class=\"yoast-schema-graph\">{\"@context\":\"https:\/\/schema.org\",\"@graph\":[{\"@type\":\"WebSite\",\"@id\":\"https:\/\/oxygiene.pt\/loja\/#website\",\"url\":\"https:\/\/oxygiene.pt\/loja\/\",\"name\":\"Oxygiene\",\"description\":\"Solu\\u00e7\\u00f5es de desinfe\\u00e7\\u00e3o e limpeza\",\"potentialAction\":[{\"@type\":\"SearchAction\",\"target\":\"https:\/\/oxygiene.pt\/loja\/?s={search_term_string}\",\"query-input\":\"required name=search_term_string\"}],\"inLanguage\":\"pt-PT\"},{\"@type\":\"ImageObject\",\"@id\":\"https:\/\/oxygiene.pt\/loja\/product\/mascara-descartavel-field-para-uso-social-3-camadas\/#primaryimage\",\"inLanguage\":\"pt-PT\",\"url\":\"https:\/\/oxygiene.pt\/loja\/wp-content\/uploads\/2021\/02\/Ma\\u0301scara.jpg\",\"contentUrl\":\"https:\/\/oxygiene.pt\/loja\/wp-content\/uploads\/2021\/02\/Ma\\u0301scara.jpg\",\"width\":640,\"height\":640},{\"@type\":\"WebPage\",\"@id\":\"https:\/\/oxygiene.pt\/loja\/product\/mascara-descartavel-field-para-uso-social-3-camadas\/#webpage\",\"url\":\"https:\/\/oxygiene.pt\/loja\/product\/mascara-descartavel-field-para-uso-social-3-camadas\/\",\"name\":\"M\\u00e1scara Descart\\u00e1vel Field para uso social\\u00a0(3 camadas) - 50un - Oxygiene\",\"isPartOf\":{\"@id\":\"https:\/\/oxygiene.pt\/loja\/#website\"},\"primaryImageOfPage\":{\"@id\":\"https:\/\/oxygiene.pt\/loja\/product\/mascara-descartavel-field-para-uso-social-3-camadas\/#primaryimage\"},\"datePublished\":\"2021-02-24T17:42:09+00:00\",\"dateModified\":\"2025-04-10T22:12:24+00:00\",\"breadcrumb\":{\"@id\":\"https:\/\/oxygiene.pt\/loja\/product\/mascara-descartavel-field-para-uso-social-3-camadas\/#breadcrumb\"},\"inLanguage\":\"pt-PT\",\"potentialAction\":[{\"@type\":\"ReadAction\",\"target\":[\"https:\/\/oxygiene.pt\/loja\/product\/mascara-descartavel-field-para-uso-social-3-camadas\/\"]}]},{\"@type\":\"BreadcrumbList\",\"@id\":\"https:\/\/oxygiene.pt\/loja\/product\/mascara-descartavel-field-para-uso-social-3-camadas\/#breadcrumb\",\"itemListElement\":[{\"@type\":\"ListItem\",\"position\":1,\"item\":{\"@type\":\"WebPage\",\"@id\":\"https:\/\/oxygiene.pt\/loja\/\",\"url\":\"https:\/\/oxygiene.pt\/loja\/\",\"name\":\"In\\u00edcio\"}},{\"@type\":\"ListItem\",\"position\":2,\"item\":{\"@type\":\"WebPage\",\"@id\":\"https:\/\/oxygiene.pt\/loja\/?page_id=8\",\"url\":\"https:\/\/oxygiene.pt\/loja\/?page_id=8\",\"name\":\"Produtos_antigo\"}},{\"@type\":\"ListItem\",\"position\":3,\"item\":{\"@type\":\"WebPage\",\"@id\":\"https:\/\/oxygiene.pt\/loja\/product\/mascara-descartavel-field-para-uso-social-3-camadas\/\",\"url\":\"https:\/\/oxygiene.pt\/loja\/product\/mascara-descartavel-field-para-uso-social-3-camadas\/\",\"name\":\"M\\u00e1scara Descart\\u00e1vel Field para uso social\\u00a0(3 camadas) &#8211; 50un\"}}]}]}<\/script>\n<!-- \/ Yoast SEO plugin. -->","_links":{"self":[{"href":"https:\/\/oxygiene.pt\/loja\/wp-json\/wp\/v2\/product\/331"}],"collection":[{"href":"https:\/\/oxygiene.pt\/loja\/wp-json\/wp\/v2\/product"}],"about":[{"href":"https:\/\/oxygiene.pt\/loja\/wp-json\/wp\/v2\/types\/product"}],"replies":[{"embeddable":true,"href":"https:\/\/oxygiene.pt\/loja\/wp-json\/wp\/v2\/comments?post=331"}],"wp:featuredmedia":[{"embeddable":true,"href":"https:\/\/oxygiene.pt\/loja\/wp-json\/wp\/v2\/media\/332"}],"wp:attachment":[{"href":"https:\/\/oxygiene.pt\/loja\/wp-json\/wp\/v2\/media?parent=331"}],"curies":[{"name":"wp","href":"https:\/\/api.w.org\/{rel}","templated":true}]}}