{"id":325,"date":"2021-02-24T17:31:38","date_gmt":"2021-02-24T17:31:38","guid":{"rendered":"https:\/\/oxygiene.pt\/loja\/?post_type=product&#038;p=325"},"modified":"2025-01-31T07:29:32","modified_gmt":"2025-01-31T07:29:32","slug":"fato-de-macaco-proteccao-field-em-sms-tipo-5-6","status":"publish","type":"product","link":"https:\/\/oxygiene.pt\/loja\/product\/fato-de-macaco-proteccao-field-em-sms-tipo-5-6\/","title":{"rendered":"Fato de Macaco Protec\u00e7\u00e3o Field em SMS Tipo 5-6"},"content":{"rendered":"<ul>\n<li>Tecido SMS extremamente respir\u00e1vel (50 g\/m\u00b2).<\/li>\n<li>Adequado para per\u00edodos prolongados de uso.<\/li>\n<li>As suas propriedades fornecem uma boa barreira qu\u00edmica, especialmente contra part\u00edculas perigosas.<\/li>\n<li>Fato de tipo 5 e 6;<\/li>\n<li>Vestu\u00e1rio de prote\u00e7\u00e3o de categoria III;<\/li>\n<li>El\u00e1stico no capuz, tornozelos, punhos e cintura;<\/li>\n<li>Fecho ZIP recoberto com pala autoadesiva;<\/li>\n<li>Isento de silicones;<\/li>\n<li>N\u00e3o reutiliz\u00e1vel;<\/li>\n<li>Este produto est\u00e1 de acordo com as normas CE, EN 13982-1.<\/li>\n<\/ul>\n","protected":false},"excerpt":{"rendered":"<p>Vestu\u00e1rio de prote\u00e7\u00e3o de categoria III.<\/p>\n<p>As suas propriedades fornecem uma boa barreira qu\u00edmica, especialmente contra part\u00edculas perigosas.<\/p>\n<p>&nbsp;<\/p>\n","protected":false},"featured_media":326,"comment_status":"open","ping_status":"closed","template":"","meta":[],"yoast_head":"<!-- This site is optimized with the Yoast SEO plugin v16.1.1 - https:\/\/yoast.com\/wordpress\/plugins\/seo\/ -->\n<title>Fato de Macaco Protec\u00e7\u00e3o Field em SMS Tipo 5-6 - Oxygiene<\/title>\n<link rel=\"canonical\" href=\"https:\/\/oxygiene.pt\/loja\/product\/fato-de-macaco-proteccao-field-em-sms-tipo-5-6\/\" \/>\n<meta property=\"og:locale\" content=\"pt_PT\" \/>\n<meta property=\"og:type\" content=\"article\" \/>\n<meta property=\"og:title\" content=\"Fato de Macaco Protec\u00e7\u00e3o Field em SMS Tipo 5-6 - Oxygiene\" \/>\n<meta property=\"og:description\" content=\"Vestu\u00e1rio de prote\u00e7\u00e3o de categoria III.  As suas propriedades fornecem uma boa barreira qu\u00edmica, especialmente contra part\u00edculas perigosas.  &nbsp;\" \/>\n<meta property=\"og:url\" content=\"https:\/\/oxygiene.pt\/loja\/product\/fato-de-macaco-proteccao-field-em-sms-tipo-5-6\/\" \/>\n<meta property=\"og:site_name\" content=\"Oxygiene\" \/>\n<meta property=\"article:modified_time\" content=\"2025-01-31T07:29:32+00:00\" \/>\n<meta property=\"og:image\" content=\"https:\/\/oxygiene.pt\/loja\/wp-content\/uploads\/2021\/02\/0801020-640x640-1.jpg\" \/>\n\t<meta property=\"og:image:width\" content=\"640\" \/>\n\t<meta property=\"og:image:height\" content=\"640\" \/>\n<meta name=\"twitter:card\" content=\"summary_large_image\" \/>\n<meta name=\"twitter:label1\" content=\"Tempo estimado de leitura\">\n\t<meta name=\"twitter:data1\" content=\"1 minuto\">\n<script type=\"application\/ld+json\" class=\"yoast-schema-graph\">{\"@context\":\"https:\/\/schema.org\",\"@graph\":[{\"@type\":\"WebSite\",\"@id\":\"https:\/\/oxygiene.pt\/loja\/#website\",\"url\":\"https:\/\/oxygiene.pt\/loja\/\",\"name\":\"Oxygiene\",\"description\":\"Solu\\u00e7\\u00f5es de desinfe\\u00e7\\u00e3o e limpeza\",\"potentialAction\":[{\"@type\":\"SearchAction\",\"target\":\"https:\/\/oxygiene.pt\/loja\/?s={search_term_string}\",\"query-input\":\"required name=search_term_string\"}],\"inLanguage\":\"pt-PT\"},{\"@type\":\"ImageObject\",\"@id\":\"https:\/\/oxygiene.pt\/loja\/product\/fato-de-macaco-proteccao-field-em-sms-tipo-5-6\/#primaryimage\",\"inLanguage\":\"pt-PT\",\"url\":\"https:\/\/oxygiene.pt\/loja\/wp-content\/uploads\/2021\/02\/0801020-640x640-1.jpg\",\"contentUrl\":\"https:\/\/oxygiene.pt\/loja\/wp-content\/uploads\/2021\/02\/0801020-640x640-1.jpg\",\"width\":640,\"height\":640},{\"@type\":\"WebPage\",\"@id\":\"https:\/\/oxygiene.pt\/loja\/product\/fato-de-macaco-proteccao-field-em-sms-tipo-5-6\/#webpage\",\"url\":\"https:\/\/oxygiene.pt\/loja\/product\/fato-de-macaco-proteccao-field-em-sms-tipo-5-6\/\",\"name\":\"Fato de Macaco Protec\\u00e7\\u00e3o Field em SMS Tipo 5-6 - Oxygiene\",\"isPartOf\":{\"@id\":\"https:\/\/oxygiene.pt\/loja\/#website\"},\"primaryImageOfPage\":{\"@id\":\"https:\/\/oxygiene.pt\/loja\/product\/fato-de-macaco-proteccao-field-em-sms-tipo-5-6\/#primaryimage\"},\"datePublished\":\"2021-02-24T17:31:38+00:00\",\"dateModified\":\"2025-01-31T07:29:32+00:00\",\"breadcrumb\":{\"@id\":\"https:\/\/oxygiene.pt\/loja\/product\/fato-de-macaco-proteccao-field-em-sms-tipo-5-6\/#breadcrumb\"},\"inLanguage\":\"pt-PT\",\"potentialAction\":[{\"@type\":\"ReadAction\",\"target\":[\"https:\/\/oxygiene.pt\/loja\/product\/fato-de-macaco-proteccao-field-em-sms-tipo-5-6\/\"]}]},{\"@type\":\"BreadcrumbList\",\"@id\":\"https:\/\/oxygiene.pt\/loja\/product\/fato-de-macaco-proteccao-field-em-sms-tipo-5-6\/#breadcrumb\",\"itemListElement\":[{\"@type\":\"ListItem\",\"position\":1,\"item\":{\"@type\":\"WebPage\",\"@id\":\"https:\/\/oxygiene.pt\/loja\/\",\"url\":\"https:\/\/oxygiene.pt\/loja\/\",\"name\":\"In\\u00edcio\"}},{\"@type\":\"ListItem\",\"position\":2,\"item\":{\"@type\":\"WebPage\",\"@id\":\"https:\/\/oxygiene.pt\/loja\/?page_id=8\",\"url\":\"https:\/\/oxygiene.pt\/loja\/?page_id=8\",\"name\":\"Produtos_antigo\"}},{\"@type\":\"ListItem\",\"position\":3,\"item\":{\"@type\":\"WebPage\",\"@id\":\"https:\/\/oxygiene.pt\/loja\/product\/fato-de-macaco-proteccao-field-em-sms-tipo-5-6\/\",\"url\":\"https:\/\/oxygiene.pt\/loja\/product\/fato-de-macaco-proteccao-field-em-sms-tipo-5-6\/\",\"name\":\"Fato de Macaco Protec\\u00e7\\u00e3o Field em SMS Tipo 5-6\"}}]}]}<\/script>\n<!-- \/ Yoast SEO plugin. -->","_links":{"self":[{"href":"https:\/\/oxygiene.pt\/loja\/wp-json\/wp\/v2\/product\/325"}],"collection":[{"href":"https:\/\/oxygiene.pt\/loja\/wp-json\/wp\/v2\/product"}],"about":[{"href":"https:\/\/oxygiene.pt\/loja\/wp-json\/wp\/v2\/types\/product"}],"replies":[{"embeddable":true,"href":"https:\/\/oxygiene.pt\/loja\/wp-json\/wp\/v2\/comments?post=325"}],"wp:featuredmedia":[{"embeddable":true,"href":"https:\/\/oxygiene.pt\/loja\/wp-json\/wp\/v2\/media\/326"}],"wp:attachment":[{"href":"https:\/\/oxygiene.pt\/loja\/wp-json\/wp\/v2\/media?parent=325"}],"curies":[{"name":"wp","href":"https:\/\/api.w.org\/{rel}","templated":true}]}}