{"id":318,"date":"2021-02-24T17:11:14","date_gmt":"2021-02-24T17:11:14","guid":{"rendered":"https:\/\/oxygiene.pt\/loja\/?post_type=product&#038;p=318"},"modified":"2022-10-20T10:41:13","modified_gmt":"2022-10-20T10:41:13","slug":"fluido-detergente-ecologico-teccare-daily","status":"publish","type":"product","link":"https:\/\/oxygiene.pt\/loja\/product\/fluido-detergente-ecologico-teccare-daily\/","title":{"rendered":"Flu\u00eddo Detergente Ecol\u00f3gico TecCare Daily"},"content":{"rendered":"<div>\n<p><strong>Informa\u00e7\u00e3o do produto<\/strong><\/p>\n<ul>\n<li>N\u00e3o t\u00f3xico, n\u00e3o irritante, n\u00e3o perigoso;<\/li>\n<li>Rapidamente biodegrad\u00e1vel;<\/li>\n<li>Safety Sheet Hazard Range (HMSI) \u00e9 0 0 0;<\/li>\n<li>Feito de mat\u00e9rias-primas renov\u00e1veis;<\/li>\n<li>Seguro para pessoas, equipamentos e meio ambiente;<\/li>\n<li>Excelente desengordurante e substituinte de solventes e produtos qu\u00edmicos;<\/li>\n<li>Acesso sem COV \u00e0 diretiva da UE 1999\/13 \/ EC;<\/li>\n<li>Livre de enzimas, \u00e1cidos e fosfatos;<\/li>\n<li>Sem \u00e1lcool e conservantes;<\/li>\n<li>Completamente sol\u00favel em \u00e1gua;<\/li>\n<li>Limpeza eficaz a pH neutro;<\/li>\n<li>Compat\u00edvel com \u00e1gua doce, \u00e1gua pot\u00e1vel e \u00e1gua salgada.;<\/li>\n<li>\u00c9 um produto ecol\u00f3gico verde.<\/li>\n<\/ul>\n<p>&nbsp;<\/p>\n<p><strong>Mais informa\u00e7\u00f5es sobre o DAILY<\/strong><\/p>\n<p>&nbsp;<\/p>\n<\/div>\n<div>\n<p><strong>+O que \u00e9 DAILY?<\/strong><\/p>\n<div id=\"info1\" class=\"panel-collapse collapse show\" role=\"tablist\" aria-expanded=\"false\">DAILY usa o mesmo adjuvante que est\u00e1 presente nos nossos outros produtos e deve ser usado como alternativa de limpeza. Recomendado para o uso di\u00e1rio como parte da sua rotina de limpeza, e tamb\u00e9m para lavar roupas. DAILY ir\u00e1 estabelecer e manter as superf\u00edcies perfeitas para que CONTROL seja aplicado semanalmente e, sem entrarem em conflito, ir\u00e3o refor\u00e7ar a a\u00e7\u00e3o de limpeza e desinfe\u00e7\u00e3o. DAILY n\u00e3o requer EPI e \u00e9 seguro para o utilizador. Um flu\u00eddo de alto n\u00edvel, revolucion\u00e1rio para todos os neg\u00f3cios e ind\u00fastrias, sem impacto ambiental.<\/div>\n<div role=\"tablist\" aria-expanded=\"false\"><\/div>\n<p><strong>+Como o DAILY realmente limpa?<\/strong><\/p>\n<div id=\"info2\" class=\"panel-collapse collapse show\" role=\"tablist\" aria-expanded=\"false\">\n<p>DAILY \u00e9 uma solu\u00e7\u00e3o de limpeza di\u00e1ria que consome mat\u00e9ria org\u00e2nica e sujidade. Deve ser usado diariamente como parte do seu protocolo de limpeza e foi projetado e desenvolvido para quebrar \u00f3leos, lip\u00eddios, fluidos corporais secos e mat\u00e9ria org\u00e2nica, usando o mesmo adjuvante existente em todos os nossos produtos. Assim como Ultra e Control matam bact\u00e9rias, Daily decomp\u00f5e-nas, e pode ser limpo se necess\u00e1ria a remo\u00e7\u00e3o f\u00edsica de superf\u00edcies muito sujas. DAILY \u00e9 um produto testado mas, sendo usado apenas como detergente de limpeza. Recomendamos que seja usado todos os dias em todos os ambientes, pois \u00e9 mais seguro e muito mais eficaz do que outros produtos qu\u00edmicos de limpeza. Tamb\u00e9m \u00e9 muito mais seguro para a pessoa que o manuseia, protegendo o ambiente interno, garantindo a base perfeita para o CONTROL.<\/p>\n<ul>\n<li>SEM bioacumula\u00e7\u00e3o;<\/li>\n<li>Dados de teste de laborat\u00f3rios independentes de BPL, BPF e ISO;<\/li>\n<li>N\u00e3o t\u00f3xico, livre de fosfatos, parabenos e conservantes;<\/li>\n<li>Sem COV e limpa com pH neutro;<\/li>\n<\/ul>\n<p>DAILY \u00e9 um flu\u00eddo de ac\u00e7\u00e3o r\u00e1pida e totalmente biodegrad\u00e1vel, sem bioacumula\u00e7\u00e3o no ambiente ou em superf\u00edcies, o que significa que n\u00e3o ter impacto ambiental na m\u00e3e natureza. DAILY pode ser usado com substratos org\u00e2nicos e n\u00e3o org\u00e2nicos. N\u00e3o possui COV, limpa com pH neutro, quebra \u00f3leos, lip\u00eddios, fluidos corporais secos e mat\u00e9ria org\u00e2nica.<br \/>\nN\u00e3o deixa manchas nem riscos, n\u00e3o \u00e9 perigoso e \u00e9 completamente n\u00e3o t\u00f3xico, al\u00e9m de ser livre de fosfatos, parabenos e conservantes. DAILY tem origem em fontes org\u00e2nicas sustent\u00e1veis e renov\u00e1veis, apresenta riscos se inalado, nem para os olhos ou pele e n\u00e3o requer EPI. Testado por laborat\u00f3rios independentes de GLP, GMP e ISO, garantindo a base perfeita para CONTROL e ULTRA.<br \/>\nPara entender a limpeza, ser\u00e1 preciso entender realmente o conceito de limpeza. Usando DAILY e todos os nossos outros fluidos atrav\u00e9s dos nossos pulverizadores, ir\u00e1 aumentar em cerca de 300% a sua aplica\u00e7\u00e3o (ou usar 65% menos fluido do que est\u00e1 a usar atualmente). Ao usar DAILY diariamente, ir\u00e1 manter a persist\u00eancia da superf\u00edcie e a persist\u00eancia cont\u00ednua dos nossos outros fluidos. DAILY tamb\u00e9m protege o utilizador, sendo seguro para uso em todos os ambientes. Para \u00e1reas muito sujas (manchas), limpe e aplique novamente, se necess\u00e1rio.<\/p>\n<p>&nbsp;<\/p>\n<\/div>\n<p><strong>+Perguntas frequentes<\/strong><\/p>\n<\/div>\n<div>\n<div role=\"tablist\" aria-expanded=\"false\"><\/div>\n<div id=\"info3\" class=\"panel-collapse collapse show\" role=\"tablist\" aria-expanded=\"false\">\n<p><strong>Como funciona?<\/strong>\u00a0DAILY reduz a tens\u00e3o superficial da mol\u00e9cula de contamina\u00e7\u00e3o de res\u00edduos, permitindo a rutura de cadeias moleculares complexas em part\u00edculas menores. Isto aumenta a \u00e1rea de contacto, permitindo uma biodegrada\u00e7\u00e3o mais r\u00e1pida.<\/p>\n<p><strong>Composi\u00e7\u00e3o qu\u00edmica?<\/strong>\u00a0Uma mistura de mat\u00e9rias-primas naturais de extratos vegetais e surfactantes verdes n\u00e3o i\u00f3nicos produzidos atrav\u00e9s de um processo de fabrico inovador.<\/p>\n<p><strong>Pode ser usado em comida?<\/strong>\u00a0Como DAILY \u00e9 um produto ecol\u00f3gico e seguro para humanos, \u00e9 a alternativa perfeita a produtos qu\u00edmicos cancer\u00edgenos, como formalde\u00eddo e formalina. Pode ser pulverizado diretamente em vegetais, frutas, carne crua e peixe, eliminando a carga biol\u00f3gica, aumentando a vida \u00fatil dos alimentos!<\/p>\n<p><strong>Com que outros produtos qu\u00edmicos DAILY pode ser usado?\u00a0<\/strong>DAILY \u00e9 compat\u00edvel com praticamente todos os surfactantes n\u00e3o-i\u00f3nicos, ani\u00f3nicos, cati\u00f3nicos e anfot\u00e9ricos, al\u00e9m de uma ampla variedade de aditivos.<\/p>\n<p><strong>O produto congelado \/ descongelado \u00e9 est\u00e1vel?<\/strong>\u00a0O ponto de congelamento do produto \u00e9 de 3 \u00b0 C. Se congelar, este pode ser aquecido com agita\u00e7\u00e3o sem perda de propriedades.<\/p>\n<p><strong>Existem superf\u00edcies com as quais n\u00e3o \u00e9 compat\u00edvel?<\/strong>\u00a0DAILY \u00e9 compat\u00edvel com a maioria das superf\u00edcies, incluindo metais, cantaria e pl\u00e1sticos.<\/p>\n<p><strong>Deixa res\u00edduos?<\/strong>\u00a0N\u00e3o, n\u00e3o deixa res\u00edduos vis\u00edveis.<\/p>\n<p><strong>Tira a cor dos tecidos?<\/strong>\u00a0N\u00e3o, a estabilidade com a cor \u00e9 boa, embora seja recomend\u00e1vel testar sempre primeiro numa pequena \u00e1rea.<\/p>\n<p><strong>Pode ser engrossado?<\/strong>\u00a0Sim, e pode ser misturado e usado como espuma.<\/p>\n<p><strong>Qual \u00e9 a propor\u00e7\u00e3o da mistura?<\/strong>\u00a0Este produto pode ser usado concentrado, mas a nossa recomenda\u00e7\u00e3o de propor\u00e7\u00e3o para a mistura \u00e9 de 1:20 &#8211; 1:33, dependendo do ambiente.<\/p>\n<p><strong>Ingredientes:<\/strong> Glutarato de dimetilo &#8211; Succinato de dimetilo &#8211; Adipato de dimetilo &#8211; Polissorbato 20 &#8211; Aloe Vera &#8211; Avel\u00e3-bruxa &#8211; Hortel\u00e3-pimenta &#8211; Alecrim &#8211; S\u00e1bio &#8211; Linden &#8211; Tomilho \u2013 Valeriana<\/p>\n<\/div>\n<\/div>\n<p>&nbsp;<\/p>\n","protected":false},"excerpt":{"rendered":"<p><strong>DAILY \u00e9 uma solu\u00e7\u00e3o de limpeza di\u00e1ria, biodegrad\u00e1vel, sem bioacumula\u00e7\u00e3o nas superf\u00edcies o que significa ZERO impacto ambiental!<\/strong><\/p>\n<p>DAILY pode ser usado em substratos org\u00e2nicos e n\u00e3o org\u00e2nicos. Possui zero COV, limpa em pH neutro e decomp\u00f5e derramamentos de \u00f3leos gordos ou gorduras(FOG),lip\u00eddios, flu\u00eddos corporais secos e mat\u00e9ria org\u00e2nica.<\/p>\n<p>Concentrado 30ml para 1L de Flu\u00eddo pronto a utilizar &#8211; d\u00e1 para 33.33Li de Daily dilu\u00eddo<\/p>\n","protected":false},"featured_media":443,"comment_status":"open","ping_status":"closed","template":"","meta":[],"yoast_head":"<!-- This site is optimized with the Yoast SEO plugin v16.1.1 - https:\/\/yoast.com\/wordpress\/plugins\/seo\/ -->\n<title>Flu\u00eddo Detergente Ecol\u00f3gico TecCare Daily - Oxygiene<\/title>\n<link rel=\"canonical\" href=\"https:\/\/oxygiene.pt\/loja\/product\/fluido-detergente-ecologico-teccare-daily\/\" \/>\n<meta property=\"og:locale\" content=\"pt_PT\" \/>\n<meta property=\"og:type\" content=\"article\" \/>\n<meta property=\"og:title\" content=\"Flu\u00eddo Detergente Ecol\u00f3gico TecCare Daily - Oxygiene\" \/>\n<meta property=\"og:description\" content=\"DAILY \u00e9 uma solu\u00e7\u00e3o de limpeza di\u00e1ria, biodegrad\u00e1vel, sem bioacumula\u00e7\u00e3o nas superf\u00edcies o que significa ZERO impacto ambiental!  DAILY pode ser usado em substratos org\u00e2nicos e n\u00e3o org\u00e2nicos. Possui zero COV, limpa em pH neutro e decomp\u00f5e derramamentos de \u00f3leos gordos ou gorduras(FOG),lip\u00eddios, flu\u00eddos corporais secos e mat\u00e9ria org\u00e2nica.  Concentrado 30ml para 1L de Flu\u00eddo pronto a utilizar - d\u00e1 para 33.33Li de Daily dilu\u00eddo\" \/>\n<meta property=\"og:url\" content=\"https:\/\/oxygiene.pt\/loja\/product\/fluido-detergente-ecologico-teccare-daily\/\" \/>\n<meta property=\"og:site_name\" content=\"Oxygiene\" \/>\n<meta property=\"article:modified_time\" content=\"2022-10-20T10:41:13+00:00\" \/>\n<meta property=\"og:image\" content=\"https:\/\/oxygiene.pt\/loja\/wp-content\/uploads\/2021\/02\/oxygiene-teccare-daily.jpg\" \/>\n\t<meta property=\"og:image:width\" content=\"600\" \/>\n\t<meta property=\"og:image:height\" content=\"600\" \/>\n<meta name=\"twitter:card\" content=\"summary_large_image\" \/>\n<meta name=\"twitter:label1\" content=\"Tempo estimado de leitura\">\n\t<meta name=\"twitter:data1\" content=\"4 minutos\">\n<script type=\"application\/ld+json\" class=\"yoast-schema-graph\">{\"@context\":\"https:\/\/schema.org\",\"@graph\":[{\"@type\":\"WebSite\",\"@id\":\"https:\/\/oxygiene.pt\/loja\/#website\",\"url\":\"https:\/\/oxygiene.pt\/loja\/\",\"name\":\"Oxygiene\",\"description\":\"Solu\\u00e7\\u00f5es de desinfe\\u00e7\\u00e3o e limpeza\",\"potentialAction\":[{\"@type\":\"SearchAction\",\"target\":\"https:\/\/oxygiene.pt\/loja\/?s={search_term_string}\",\"query-input\":\"required name=search_term_string\"}],\"inLanguage\":\"pt-PT\"},{\"@type\":\"ImageObject\",\"@id\":\"https:\/\/oxygiene.pt\/loja\/product\/fluido-detergente-ecologico-teccare-daily\/#primaryimage\",\"inLanguage\":\"pt-PT\",\"url\":\"https:\/\/oxygiene.pt\/loja\/wp-content\/uploads\/2021\/02\/oxygiene-teccare-daily.jpg\",\"contentUrl\":\"https:\/\/oxygiene.pt\/loja\/wp-content\/uploads\/2021\/02\/oxygiene-teccare-daily.jpg\",\"width\":600,\"height\":600,\"caption\":\"oxygiene-teccare-daily\"},{\"@type\":\"WebPage\",\"@id\":\"https:\/\/oxygiene.pt\/loja\/product\/fluido-detergente-ecologico-teccare-daily\/#webpage\",\"url\":\"https:\/\/oxygiene.pt\/loja\/product\/fluido-detergente-ecologico-teccare-daily\/\",\"name\":\"Flu\\u00eddo Detergente Ecol\\u00f3gico TecCare Daily - Oxygiene\",\"isPartOf\":{\"@id\":\"https:\/\/oxygiene.pt\/loja\/#website\"},\"primaryImageOfPage\":{\"@id\":\"https:\/\/oxygiene.pt\/loja\/product\/fluido-detergente-ecologico-teccare-daily\/#primaryimage\"},\"datePublished\":\"2021-02-24T17:11:14+00:00\",\"dateModified\":\"2022-10-20T10:41:13+00:00\",\"breadcrumb\":{\"@id\":\"https:\/\/oxygiene.pt\/loja\/product\/fluido-detergente-ecologico-teccare-daily\/#breadcrumb\"},\"inLanguage\":\"pt-PT\",\"potentialAction\":[{\"@type\":\"ReadAction\",\"target\":[\"https:\/\/oxygiene.pt\/loja\/product\/fluido-detergente-ecologico-teccare-daily\/\"]}]},{\"@type\":\"BreadcrumbList\",\"@id\":\"https:\/\/oxygiene.pt\/loja\/product\/fluido-detergente-ecologico-teccare-daily\/#breadcrumb\",\"itemListElement\":[{\"@type\":\"ListItem\",\"position\":1,\"item\":{\"@type\":\"WebPage\",\"@id\":\"https:\/\/oxygiene.pt\/loja\/\",\"url\":\"https:\/\/oxygiene.pt\/loja\/\",\"name\":\"In\\u00edcio\"}},{\"@type\":\"ListItem\",\"position\":2,\"item\":{\"@type\":\"WebPage\",\"@id\":\"https:\/\/oxygiene.pt\/loja\/?page_id=8\",\"url\":\"https:\/\/oxygiene.pt\/loja\/?page_id=8\",\"name\":\"Produtos_antigo\"}},{\"@type\":\"ListItem\",\"position\":3,\"item\":{\"@type\":\"WebPage\",\"@id\":\"https:\/\/oxygiene.pt\/loja\/product\/fluido-detergente-ecologico-teccare-daily\/\",\"url\":\"https:\/\/oxygiene.pt\/loja\/product\/fluido-detergente-ecologico-teccare-daily\/\",\"name\":\"Flu\\u00eddo Detergente Ecol\\u00f3gico TecCare Daily\"}}]}]}<\/script>\n<!-- \/ Yoast SEO plugin. -->","_links":{"self":[{"href":"https:\/\/oxygiene.pt\/loja\/wp-json\/wp\/v2\/product\/318"}],"collection":[{"href":"https:\/\/oxygiene.pt\/loja\/wp-json\/wp\/v2\/product"}],"about":[{"href":"https:\/\/oxygiene.pt\/loja\/wp-json\/wp\/v2\/types\/product"}],"replies":[{"embeddable":true,"href":"https:\/\/oxygiene.pt\/loja\/wp-json\/wp\/v2\/comments?post=318"}],"wp:featuredmedia":[{"embeddable":true,"href":"https:\/\/oxygiene.pt\/loja\/wp-json\/wp\/v2\/media\/443"}],"wp:attachment":[{"href":"https:\/\/oxygiene.pt\/loja\/wp-json\/wp\/v2\/media?parent=318"}],"curies":[{"name":"wp","href":"https:\/\/api.w.org\/{rel}","templated":true}]}}