{"id":316,"date":"2021-02-24T17:08:00","date_gmt":"2021-02-24T17:08:00","guid":{"rendered":"https:\/\/oxygiene.pt\/loja\/?post_type=product&#038;p=316"},"modified":"2022-10-20T10:42:47","modified_gmt":"2022-10-20T10:42:47","slug":"fluido-biocida-ecologico-teccare-control","status":"publish","type":"product","link":"https:\/\/oxygiene.pt\/loja\/product\/fluido-biocida-ecologico-teccare-control\/","title":{"rendered":"Flu\u00eddo Biocida Ecol\u00f3gico TecCare Control"},"content":{"rendered":"<p><strong>Informa\u00e7\u00f5es sobre o produto<\/strong><\/p>\n<ul>\n<li>Sem perfume, sem cloro, sem \u00e1lcool<\/li>\n<li>Altos n\u00edveis de atividade antimicrobiana (continua trabalhando sendo uma solu\u00e7\u00e3o persistente)<\/li>\n<li>N\u00e3o corrosivo, n\u00e3o irritante, n\u00e3o t\u00f3xico<\/li>\n<li>Seguro para alimentos<\/li>\n<li>Seguro para o utilizador<\/li>\n<li>Com um baixo custo vs alto benef\u00edcio<\/li>\n<li>Excelentes n\u00edveis de aceita\u00e7\u00e3o do usu\u00e1rio com efeito antimicrobiano prolongado<\/li>\n<li>Excelente compatibilidade de material<\/li>\n<li>Prote\u00e7\u00e3o m\u00e1xima para o seu ambiente por at\u00e9 28 dias<\/li>\n<\/ul>\n<div>Oferece alto n\u00edvel de atividade antimicrobiana, Sem cloro, Sem \u00e1lcool e N\u00e3o corrosivo, Seguro, N\u00e3o t\u00f3xico, N\u00e3o irritante<\/div>\n<div><\/div>\n<div><a href=\"https:\/\/oxygiene.pt\/public\/web\/img\/93d4f-oxygiene-control-eficacia-contra-virus-bacterias-fungos.pdf\" target=\"_blank\" rel=\"noopener\">Veja aqui a ficha t\u00e9cnica do produto e qual a sua efic\u00e1cia contra V\u00edrus, Bact\u00e9rias, Fungos, etc.<\/a><\/div>\n<div><\/div>\n<div><\/div>\n<div><strong><img loading=\"lazy\" class=\"\" src=\"https:\/\/oxygiene.pt\/public\/web\/img\/42b22-spectrum-disinfection-100x100.png\" alt=\"\" width=\"70\" height=\"70\" data-no-retina=\"\" \/>\u00a0CONTROL\u00a0oferece desinfec\u00e7\u00e3o de amplo espectro<\/strong>\u00a0&#8211; Um poderoso agente l\u00edtico que \u00e9 letal para a estrutura celular de um micr\u00f3bio. Testes extensivos em laborat\u00f3rios credenciados demonstram altos n\u00edveis de efic\u00e1cia em tempos de contato r\u00e1pidos para uma variedade de bact\u00e9rias, v\u00edrus e fungos<\/div>\n<div><\/div>\n<div><strong><img loading=\"lazy\" class=\"\" src=\"https:\/\/oxygiene.pt\/public\/web\/img\/add58-low_chemical_concentration-100x100.png\" alt=\"\" width=\"70\" height=\"70\" data-no-retina=\"\" \/>\u00a0Concentra\u00e7\u00e3o qu\u00edmica muito baixa, mas altamente eficaz<\/strong>\u00a0&#8211; Sem cloro, \u00e1lcool e n\u00edveis muito baixos de produto qu\u00edmico garantem que o CONTROL n\u00e3o seja t\u00f3xico, irritante ou corrosivo e seguro para alimentos<\/div>\n<div><\/div>\n<div><strong><img loading=\"lazy\" class=\"\" src=\"https:\/\/oxygiene.pt\/public\/web\/img\/b1857-single-step-cleaning-disinfection-100x100.png\" alt=\"\" width=\"70\" height=\"70\" data-no-retina=\"\" \/>\u00a0Limpeza e desinfe\u00e7\u00e3o numa \u00fanica etapa<\/strong>\u00a0&#8211; Limpeza e Desinfe\u00e7\u00e3o, tudo em um, o Control \u00e9 facilmente preparado e permite a de limpeza numa \u00fanica etapa<\/div>\n<div><\/div>\n<div><strong><img loading=\"lazy\" class=\"\" src=\"https:\/\/oxygiene.pt\/public\/web\/img\/6b0af-residue-free-100x100.png\" alt=\"\" width=\"70\" height=\"70\" data-no-retina=\"\" \/>\u00a0Pode ser usado em todas as superf\u00edcies e sem res\u00edduos<\/strong>\u00a0&#8211; O Control \u00e9 um desinfetante \u00e0 base de \u00e1gua que cont\u00e9m baixos n\u00edveis de produtos qu\u00edmicos n\u00e3o corrosivos, tornando-o seguro para uso em todas as superf\u00edcies e qualquer ambiente de aplica\u00e7\u00e3o.<\/div>\n<div><\/div>\n<div><\/div>\n<div><strong>Mais informa\u00e7\u00f5es sobre o CONTROL<\/strong><\/div>\n<div><\/div>\n<div>\n<p><strong>+O que \u00e9 CONTROL?<\/strong><\/p>\n<div id=\"perg1\" class=\"panel-collapse collapse show\" role=\"tablist\" aria-expanded=\"false\">CONTROL \u00e9 um desinfetante de alto n\u00edvel que oferece limpeza e desinfe\u00e7\u00e3o numa \u00fanica etapa, segura e eficaz, e aplic\u00e1vel a uma vasta gama de ind\u00fastrias, desde cuidados de sa\u00fade a estabelecimentos de ensino, processamento de alimentos ou ci\u00eancias veterin\u00e1rias. O CONTROL baseia-se nos compostos de am\u00f4nio quatern\u00e1rio cloreto de didecildimetil am\u00f4nio (DDAC) e cloreto de benzalc\u00f4nio (BAC) com um efeito adjuvante para aumentar sua efic\u00e1cia antimicrobiana.<\/div>\n<p>&nbsp;<\/p>\n<p><strong>+Para que foi projetado? Indica\u00e7\u00f5es de uso<\/strong><\/p>\n<div id=\"perg2\" class=\"panel-collapse collapse show\" role=\"tablist\" aria-expanded=\"false\">O CONTROL foi desenvolvido para desinfe\u00e7\u00e3o de alto n\u00edvel de superf\u00edcies duras e macias, ambientes, equipamentos e ar. \u00c9 para ser usado em \u00e1reas nas quais \u00e9 necess\u00e1ria a redu\u00e7\u00e3o da carga biol\u00f3gica, para permitir a interrup\u00e7\u00e3o das principais vias de transmiss\u00e3o (superf\u00edcies e ar) e reduzir o risco de infe\u00e7\u00e3o cruzada e contamina\u00e7\u00e3o. O CONTROL tamb\u00e9m foi desenvolvido especificamente para ser pulverizado com os nossos pulverizadores eletrost\u00e1ticos, para ser usado na fase de desinfe\u00e7\u00e3o no processo de limpeza ou tamb\u00e9m na parte de limpeza de um protocolo.<\/div>\n<p>&nbsp;<\/p>\n<p><strong>+Como o CONTROL afeta os micr\u00f3bios?<\/strong><\/p>\n<div id=\"perg3\" class=\"panel-collapse collapse show\" role=\"tablist\" aria-expanded=\"false\">CONTROL \u00e9 um limpador desinfetante de alto n\u00edvel e amplo espectro, eficaz contra todas as classes microbianas, incluindo esporos bacterianos. O CONTROL foi desenvolvido como um desinfetante de alto n\u00edvel combinado para todas as superf\u00edcies duras e macias, ambientes, equipamentos e ar. CONTROL \u00e9 um poderoso agente l\u00edtico que \u00e9 baseado nos compostos de am\u00f4nio quatern\u00e1rio cloreto de benzalc\u00f4nio e cloreto de didecildimetil am\u00f4nio. Os compostos de am\u00f4nio quatern\u00e1rio t\u00eam m\u00faltiplos efeitos e pontos de a\u00e7\u00e3o no micr\u00f3bio incluem:<br \/>\n\u2022 Inativa\u00e7\u00e3o de enzimas produtoras de energia<br \/>\n\u2022 Desnatura\u00e7\u00e3o de prote\u00ednas microbianas essenciais<br \/>\n\u2022 Ruptura f\u00edsica dos lip\u00eddios da membrana<br \/>\n\u2022 Paredes celulares bacterianas<br \/>\nProte\u00ednas e lip\u00eddios s\u00e3o componentes essenciais de bact\u00e9rias, v\u00edrus, fungos e esporos bacterianos. Danos significativos a esses componentes microbianos importantes costumam ser fatais para o organismo. O CONTROL causa altera\u00e7\u00f5es r\u00e1pidas e significativas em v\u00e1rios locais dentro do micr\u00f3bio. A magnitude desse efeito \u00e9 t\u00e3o grande que, normalmente, \u00e9 letal para o micr\u00f3bio poucos minutos ap\u00f3s o contato.<br \/>\nBiofilme &#8211; O controle funciona quebrando o EPS (cola \/ matriz que atua como barreira protetora de difus\u00e3o ao redor das bact\u00e9rias). Tipicamente, uma conglomera\u00e7\u00e3o polim\u00e9rica de polissacar\u00eddeos extracelulares, prote\u00ednas, lip\u00eddios e DNA. Portanto, possibilitamos a penetra\u00e7\u00e3o do biofilme na bact\u00e9ria que mata bact\u00e9rias aer\u00f3bicas e anaer\u00f3bias nas col\u00f4nias de biofilme. A tecnologia avan\u00e7ada do produto CONTROL resultou na produ\u00e7\u00e3o de um composto de am\u00f4nio quatern\u00e1rio de sexta gera\u00e7\u00e3o QAC.<\/div>\n<div class=\"panel-collapse collapse show\" role=\"tablist\" aria-expanded=\"false\"><img src=\"https:\/\/oxygiene.pt\/public\/web\/img\/32172-oxygiene-key-bacterial-structures-afected-by-control.jpg\" alt=\"\" data-no-retina=\"\" \/><\/div>\n<p>&nbsp;<\/p>\n<p><strong>+Qu\u00e3o efetivo \u00e9 o Control?<\/strong><\/p>\n<div id=\"perg4\" class=\"panel-collapse collapse show\" role=\"tablist\" aria-expanded=\"false\">O CONTROL foi formulado para limpar e desinfetar usando apenas 0,08% do produto qu\u00edmico em uma garrafa de 5 litros e oferece altos n\u00edveis de atividade antimicrobiana, pois continua a trabalhar como solu\u00e7\u00e3o persistente. Em formato concentrado, \u00e9 de cor verde, sem perfume, sem cloro, sem \u00e1lcool e oferece excelentes n\u00edveis de aceita\u00e7\u00e3o do usu\u00e1rio com efeito antimicrobiano prolongado, com excelente compatibilidade de materiais e fortalecendo a M\u00e3e Natureza. O CONTROL continua a trabalhar no ar do seu ambiente, ao passar pela remo\u00e7\u00e3o de COV&#8217;s nocivos. CONTROL \u00e9 uma solu\u00e7\u00e3o de limpeza e desinfetante de alto n\u00edvel e amplo espectro, eficaz contra todas as classes microbianas, incluindo esporos bacterianos.<\/div>\n<\/div>\n<p>&nbsp;<\/p>\n<p><a href=\"https:\/\/oxygiene.pt\/public\/web\/img\/54bf5-teccare-antimicrobial-technology-platforms-at-a-glance-v6-may-16-7-1514902674.pdf\" target=\"_blank\" rel=\"noopener\">Veja aqui as propriedades dos flu\u00eddos anitmicrobianos da Oxygiene<\/a><\/p>\n","protected":false},"excerpt":{"rendered":"<p><strong>A Solu\u00e7\u00e3o mais eficaz de Limpeza e desinfe\u00e7\u00e3o de todas as superf\u00edcies numa \u00fanica etapa!<\/strong><\/p>\n<p>O TECcare CONTROL alcan\u00e7a um equil\u00edbrio \u00fanico entre a \u00f3tima capacidade de limpeza e o desempenho antimicrobiano l\u00edder da sua classe. Esta solu\u00e7\u00e3o de limpeza e desinfe\u00e7\u00e3o de uma \u00fanica etapa \u00e9 segura para uso em todas as superf\u00edcies e qualquer ambiente de aplica\u00e7\u00e3o.<\/p>\n<p>Concentrado 60ml para 5L de Flu\u00eddo pronto a utilizar<\/p>\n","protected":false},"featured_media":449,"comment_status":"open","ping_status":"closed","template":"","meta":[],"yoast_head":"<!-- This site is optimized with the Yoast SEO plugin v16.1.1 - https:\/\/yoast.com\/wordpress\/plugins\/seo\/ -->\n<title>Flu\u00eddo Biocida Ecol\u00f3gico TecCare Control - Oxygiene<\/title>\n<link rel=\"canonical\" href=\"https:\/\/oxygiene.pt\/loja\/product\/fluido-biocida-ecologico-teccare-control\/\" \/>\n<meta property=\"og:locale\" content=\"pt_PT\" \/>\n<meta property=\"og:type\" content=\"article\" \/>\n<meta property=\"og:title\" content=\"Flu\u00eddo Biocida Ecol\u00f3gico TecCare Control - Oxygiene\" \/>\n<meta property=\"og:description\" content=\"A Solu\u00e7\u00e3o mais eficaz de Limpeza e desinfe\u00e7\u00e3o de todas as superf\u00edcies numa \u00fanica etapa!  O TECcare CONTROL alcan\u00e7a um equil\u00edbrio \u00fanico entre a \u00f3tima capacidade de limpeza e o desempenho antimicrobiano l\u00edder da sua classe. Esta solu\u00e7\u00e3o de limpeza e desinfe\u00e7\u00e3o de uma \u00fanica etapa \u00e9 segura para uso em todas as superf\u00edcies e qualquer ambiente de aplica\u00e7\u00e3o.  Concentrado 60ml para 5L de Flu\u00eddo pronto a utilizar\" \/>\n<meta property=\"og:url\" content=\"https:\/\/oxygiene.pt\/loja\/product\/fluido-biocida-ecologico-teccare-control\/\" \/>\n<meta property=\"og:site_name\" content=\"Oxygiene\" \/>\n<meta property=\"article:modified_time\" content=\"2022-10-20T10:42:47+00:00\" \/>\n<meta property=\"og:image\" content=\"https:\/\/oxygiene.pt\/loja\/wp-content\/uploads\/2021\/02\/oxygiene-teccare-control.jpg\" \/>\n\t<meta property=\"og:image:width\" content=\"600\" \/>\n\t<meta property=\"og:image:height\" content=\"600\" \/>\n<meta name=\"twitter:card\" content=\"summary_large_image\" \/>\n<meta name=\"twitter:label1\" content=\"Tempo estimado de leitura\">\n\t<meta name=\"twitter:data1\" content=\"5 minutos\">\n<script type=\"application\/ld+json\" class=\"yoast-schema-graph\">{\"@context\":\"https:\/\/schema.org\",\"@graph\":[{\"@type\":\"WebSite\",\"@id\":\"https:\/\/oxygiene.pt\/loja\/#website\",\"url\":\"https:\/\/oxygiene.pt\/loja\/\",\"name\":\"Oxygiene\",\"description\":\"Solu\\u00e7\\u00f5es de desinfe\\u00e7\\u00e3o e limpeza\",\"potentialAction\":[{\"@type\":\"SearchAction\",\"target\":\"https:\/\/oxygiene.pt\/loja\/?s={search_term_string}\",\"query-input\":\"required name=search_term_string\"}],\"inLanguage\":\"pt-PT\"},{\"@type\":\"ImageObject\",\"@id\":\"https:\/\/oxygiene.pt\/loja\/product\/fluido-biocida-ecologico-teccare-control\/#primaryimage\",\"inLanguage\":\"pt-PT\",\"url\":\"https:\/\/oxygiene.pt\/loja\/wp-content\/uploads\/2021\/02\/oxygiene-teccare-control.jpg\",\"contentUrl\":\"https:\/\/oxygiene.pt\/loja\/wp-content\/uploads\/2021\/02\/oxygiene-teccare-control.jpg\",\"width\":600,\"height\":600,\"caption\":\"oxygiene-teccare-control\"},{\"@type\":\"WebPage\",\"@id\":\"https:\/\/oxygiene.pt\/loja\/product\/fluido-biocida-ecologico-teccare-control\/#webpage\",\"url\":\"https:\/\/oxygiene.pt\/loja\/product\/fluido-biocida-ecologico-teccare-control\/\",\"name\":\"Flu\\u00eddo Biocida Ecol\\u00f3gico TecCare Control - Oxygiene\",\"isPartOf\":{\"@id\":\"https:\/\/oxygiene.pt\/loja\/#website\"},\"primaryImageOfPage\":{\"@id\":\"https:\/\/oxygiene.pt\/loja\/product\/fluido-biocida-ecologico-teccare-control\/#primaryimage\"},\"datePublished\":\"2021-02-24T17:08:00+00:00\",\"dateModified\":\"2022-10-20T10:42:47+00:00\",\"breadcrumb\":{\"@id\":\"https:\/\/oxygiene.pt\/loja\/product\/fluido-biocida-ecologico-teccare-control\/#breadcrumb\"},\"inLanguage\":\"pt-PT\",\"potentialAction\":[{\"@type\":\"ReadAction\",\"target\":[\"https:\/\/oxygiene.pt\/loja\/product\/fluido-biocida-ecologico-teccare-control\/\"]}]},{\"@type\":\"BreadcrumbList\",\"@id\":\"https:\/\/oxygiene.pt\/loja\/product\/fluido-biocida-ecologico-teccare-control\/#breadcrumb\",\"itemListElement\":[{\"@type\":\"ListItem\",\"position\":1,\"item\":{\"@type\":\"WebPage\",\"@id\":\"https:\/\/oxygiene.pt\/loja\/\",\"url\":\"https:\/\/oxygiene.pt\/loja\/\",\"name\":\"In\\u00edcio\"}},{\"@type\":\"ListItem\",\"position\":2,\"item\":{\"@type\":\"WebPage\",\"@id\":\"https:\/\/oxygiene.pt\/loja\/?page_id=8\",\"url\":\"https:\/\/oxygiene.pt\/loja\/?page_id=8\",\"name\":\"Produtos_antigo\"}},{\"@type\":\"ListItem\",\"position\":3,\"item\":{\"@type\":\"WebPage\",\"@id\":\"https:\/\/oxygiene.pt\/loja\/product\/fluido-biocida-ecologico-teccare-control\/\",\"url\":\"https:\/\/oxygiene.pt\/loja\/product\/fluido-biocida-ecologico-teccare-control\/\",\"name\":\"Flu\\u00eddo Biocida Ecol\\u00f3gico TecCare Control\"}}]}]}<\/script>\n<!-- \/ Yoast SEO plugin. -->","_links":{"self":[{"href":"https:\/\/oxygiene.pt\/loja\/wp-json\/wp\/v2\/product\/316"}],"collection":[{"href":"https:\/\/oxygiene.pt\/loja\/wp-json\/wp\/v2\/product"}],"about":[{"href":"https:\/\/oxygiene.pt\/loja\/wp-json\/wp\/v2\/types\/product"}],"replies":[{"embeddable":true,"href":"https:\/\/oxygiene.pt\/loja\/wp-json\/wp\/v2\/comments?post=316"}],"wp:featuredmedia":[{"embeddable":true,"href":"https:\/\/oxygiene.pt\/loja\/wp-json\/wp\/v2\/media\/449"}],"wp:attachment":[{"href":"https:\/\/oxygiene.pt\/loja\/wp-json\/wp\/v2\/media?parent=316"}],"curies":[{"name":"wp","href":"https:\/\/api.w.org\/{rel}","templated":true}]}}