{"id":314,"date":"2021-02-24T17:05:14","date_gmt":"2021-02-24T17:05:14","guid":{"rendered":"https:\/\/oxygiene.pt\/loja\/?post_type=product&#038;p=314"},"modified":"2023-01-12T11:25:17","modified_gmt":"2023-01-12T11:25:17","slug":"fluido-biocida-ecologico-teccare-ultra","status":"publish","type":"product","link":"https:\/\/oxygiene.pt\/loja\/product\/fluido-biocida-ecologico-teccare-ultra\/","title":{"rendered":"Flu\u00eddo Biocida Ecol\u00f3gico TecCare Ultra"},"content":{"rendered":"<p><strong>Informa\u00e7\u00f5es sobre o produto<\/strong><\/p>\n<p><a href=\"https:\/\/oxygiene.pt\/public\/web\/img\/794b8-oxygiene-ultra-eficacia-contra-virus-bacterias-fungos.pdf\" target=\"_blank\" rel=\"noopener\">Veja aqui a ficha t\u00e9cnica do produto e qual a sua efic\u00e1cia contra V\u00edrus, Bact\u00e9rias, Fungos, etc.<\/a><\/p>\n<ul>\n<li>Tecnologia desinfetante de alto n\u00edvel<\/li>\n<li>Aplic\u00e1vel a surtos pand\u00e9micos<\/li>\n<li>Sem perfume, sem cloro, sem \u00e1lcool<\/li>\n<li>N\u00e3o corrosivo, n\u00e3o irritante, n\u00e3o t\u00f3xico<\/li>\n<li>Seguro para alimentos<\/li>\n<li>Seguro para o utilizador<\/li>\n<li>Com baixo custo vs alto benef\u00edcio<\/li>\n<li>F\u00e1cil de usar<\/li>\n<li>Degrada \/ decomp\u00f5e-se em subprodutos seguros ap\u00f3s a applica\u00e7\u00e3o &#8211; \u00e1gua e oxig\u00eanio<\/li>\n<li>Excelentes n\u00edveis de aceita\u00e7\u00e3o do usu\u00e1rio com efeito microbiano prolongado<\/li>\n<li>Excelente compatibilidade de materiais<\/li>\n<\/ul>\n<div>Morte instant\u00e2nea de mais de 100 pat\u00f3genos, incluindo coronav\u00edrus, SARS, gripe avi\u00e1ria.<\/div>\n<div><\/div>\n<div>Remove o biofilme de superf\u00edcie. Este \u00e9 o primeiro desinfetante em spray que elimina C-Diff em menos de 2 minutos &#8211; ideal para limpeza profunda em tratamentos para surtos pand\u00e9micos.<\/div>\n<div><\/div>\n<div><\/div>\n<div><strong><img loading=\"lazy\" class=\"\" src=\"https:\/\/oxygiene.pt\/public\/web\/img\/7e371-potency-205x205px-4-1499180262.png\" alt=\"\" width=\"70\" height=\"70\" data-no-retina=\"\" \/>\u00a0<\/strong><strong>Antimicrobianos altamente potentes<\/strong>\u00a0&#8211; Os radicais livres de hidroxila destroem os micr\u00f3bios em 5 minutos ou menos. Testes extensivos em laborat\u00f3rios credenciados demonstram altos n\u00edveis de redu\u00e7\u00e3o de log nos tempos de contato entre 1 e 5 minutos para uma variedade de bact\u00e9rias, v\u00edrus, fungos, esporos bacterianos e micobact\u00e9rias.<\/div>\n<div><strong>\u00a0<\/strong><\/div>\n<div><strong><img loading=\"lazy\" class=\"\" src=\"https:\/\/oxygiene.pt\/public\/web\/img\/bd493-effective-fast-sporicidal-0-1496416174.png\" alt=\"\" width=\"70\" height=\"70\" data-no-retina=\"\" \/>\u00a0<\/strong><strong>Um esporicida extremamente eficaz que trabalha r\u00e1pido<\/strong>\u00a0&#8211; ULTRA alcan\u00e7a uma redu\u00e7\u00e3o superior a Log 6 nos esporos de C-Diff em um minuto de contato.<\/div>\n<div><\/div>\n<div><strong><img loading=\"lazy\" class=\"\" src=\"https:\/\/oxygiene.pt\/public\/web\/img\/09933-prolonged-anti-microbial-effect-9-1496416139.png\" alt=\"\" width=\"70\" height=\"70\" data-no-retina=\"\" \/>\u00a0Efeito antimicrobiano prolongado<\/strong>\u00a0&#8211; Nos testes Ultra tem a maior efic\u00e1cia sustentada em todas as classes microbianas em compara\u00e7\u00e3o com outros agentes qu\u00edmicos de limpeza profunda.<\/div>\n<div><\/div>\n<div><strong><img loading=\"lazy\" class=\"\" src=\"https:\/\/oxygiene.pt\/public\/web\/img\/6736d-teccare-ultra-safe-5-1496416201.png\" alt=\"\" width=\"70\" height=\"70\" data-no-retina=\"\" \/>\u00a0ULTRA safe<\/strong>\u00a0&#8211; Livre de cloro, \u00e1lcool e n\u00edveis muito baixos de produtos qu\u00edmicos garantem que o Ultra n\u00e3o seja t\u00f3xico, irritante, corrosivo e seguro para alimentos.<\/div>\n<div><\/div>\n<div><strong><img loading=\"lazy\" class=\"\" src=\"https:\/\/oxygiene.pt\/public\/web\/img\/f0f70-fully-compliant-1-1499180842.jpg\" alt=\"\" width=\"70\" height=\"70\" data-no-retina=\"\" \/>\u00a0 Totalmente compat\u00edvel\u00a0<\/strong>&#8211; Totalmente compat\u00edvel com REACH, CE, COSHH e OSHA.<\/div>\n<div><\/div>\n<div><\/div>\n<div>\n<div><strong>Mais informa\u00e7\u00f5es sobre o ULTRA<\/strong><\/div>\n<div><\/div>\n<div>\n<p><strong>+O que \u00e9 ULTRA?<\/strong><\/p>\n<div id=\"perg1\" class=\"panel-collapse collapse show\" role=\"tablist\" aria-expanded=\"false\">ULTRA \u00e9 uma tecnologia de desinfetante esporicida de alto n\u00edvel de classe mundial, que oferece desinfe\u00e7\u00e3o r\u00e1pida, segura e eficaz numa variedade de ind\u00fastrias, desde servi\u00e7os de sa\u00fade a estabelecimentos de ensino e locais de processamento de alimentos. A tecnologia do produto ULTRA \u00e9 baseada numa massa de per\u00e1cidos com um efeito adjuvante, para aprimorar sua atividade antimicrobiana. Os per\u00e1cidos produzem radicais livres de hidroxila destrutivos, que s\u00e3o fortes agentes oxidantes. A fun\u00e7\u00e3o antimicrobiana do ULTRA \u00e9 semelhante a outros desinfetantes esporicidas de alto n\u00edvel, como \u00e1cido perac\u00e9tico e per\u00f3xido de hidrog\u00eanio, cujo mecanismo de a\u00e7\u00e3o prim\u00e1rio tamb\u00e9m \u00e9 alcan\u00e7ado por oxida\u00e7\u00e3o como resultado da produ\u00e7\u00e3o de radicais livres de hidroxila.<\/div>\n<div role=\"tablist\" aria-expanded=\"false\"><\/div>\n<p><strong>+Para que foi projetado? Instru\u00e7\u00f5es de uso<\/strong><\/p>\n<div id=\"perg2\" class=\"panel-collapse collapse show\" role=\"tablist\" aria-expanded=\"false\">O ULTRA foi desenvolvido para desinfe\u00e7\u00e3o de alto n\u00edvel de superf\u00edcies duras e, portanto, ambientes, equipamentos e ar. Ele deve ser usado em \u00e1reas nas quais \u00e9 necess\u00e1ria a redu\u00e7\u00e3o da carga biol\u00f3gica, para permitir a interrup\u00e7\u00e3o das principais vias de transmiss\u00e3o (superf\u00edcies e ar) e reduzir o risco de infe\u00e7\u00e3o cruzada e contamina\u00e7\u00e3o. O ULTRA tamb\u00e9m foi desenvolvido especificamente para ser pulverizado atrav\u00e9s dos nossos pulverizadores eletrost\u00e1ticos, para ser usado na fase de desinfe\u00e7\u00e3o do processo de limpeza.<\/div>\n<div role=\"tablist\" aria-expanded=\"false\"><\/div>\n<p><strong>+Como o ULTRA afeta os micr\u00f3bios?<\/strong><\/p>\n<div id=\"perg3\" class=\"panel-collapse collapse show\" role=\"tablist\" aria-expanded=\"false\">Os radicais livres de hidroxila produzidos pela ULTRA s\u00e3o respons\u00e1veis por sua potente atividade antimicrobiana. Os radicais livres de hidroxila t\u00eam v\u00e1rios pontos de a\u00e7\u00e3o nos micr\u00f3bios, que incluem:<br \/>\n\u2022 Ataca os lip\u00eddios da membrana<br \/>\n\u2022Desmembram \u00e1cidos nucleicos (DNA e RNA)<br \/>\n\u2022Prote\u00ednas desnaturantes<br \/>\n\u2022Rompem a permeabilidade da parede celular<br \/>\n\u2022Oxida\u00e7\u00e3o de liga\u00e7\u00f5es sulfidrilo e enxofre em prote\u00ednas, enzimas e outros metab\u00f3litos.<br \/>\nProte\u00ednas, lip\u00eddios e nucleicos s\u00e3o os componentes essenciais de bact\u00e9rias, fungos, v\u00edrus e esporos bacterianos, e danos significativos a um ou mais desses componentes geralmente s\u00e3o fatais para o micr\u00f3bio. A natureza destrutiva dos radicais livres de hidroxila, juntamente com v\u00e1rios pontos de a\u00e7\u00e3o, resulta na solu\u00e7\u00e3o ULTRA tendo um efeito letal nos micr\u00f3bios em segundos\/minutos ap\u00f3s o contato inicial.<\/div>\n<div class=\"panel-collapse collapse show\" role=\"tablist\" aria-expanded=\"false\"><img src=\"https:\/\/oxygiene.pt\/public\/web\/img\/5726e-oxygiene-virus.jpg\" alt=\"\" data-no-retina=\"\" \/><\/div>\n<p>&nbsp;<\/p>\n<p><strong>+Qual a efic\u00e1cia do Ultra?<\/strong><\/p>\n<div id=\"perg4\" class=\"panel-collapse collapse show\" role=\"tablist\" aria-expanded=\"false\">O ULTRA foi formulado em uma massa reagida de per\u00e1cidos para criar uma solu\u00e7\u00e3o de limpeza altamente eficaz que remove a sujidade que abriga mofo, fungos e leveduras. Mata C-Diff em menos de 2 minutos e oferece at\u00e9 48 horas de atividade antimicrobiana (continua trabalhando como uma solu\u00e7\u00e3o persistente). \u00c9 livre de fragr\u00e2ncias, livre de cloro e degrada\/decomp\u00f5e-se em subprodutos seguros ap\u00f3s o uso (\u00e1gua e oxig\u00eanio). \u00c9 f\u00e1cil de usar, com excelentes n\u00edveis de aceita\u00e7\u00e3o do usu\u00e1rio, com efeito antimicrobiano prolongado e excelente compatibilidade de materiais.<\/div>\n<p>&nbsp;<\/p>\n<\/div>\n<p><a href=\"https:\/\/oxygiene.pt\/public\/web\/img\/54bf5-teccare-antimicrobial-technology-platforms-at-a-glance-v6-may-16-7-1514902674.pdf\" target=\"_blank\" rel=\"noopener\">Veja aqui as propriedades dos flu\u00eddos antimicrobianos da Oxygiene<\/a><\/p>\n<\/div>\n<div><\/div>\n","protected":false},"excerpt":{"rendered":"<div><strong>TECcare ULTRA, o desinfetante esporicida mais seguro e potente do mercado!<\/strong><\/div>\n<div><\/div>\n<div>O TECcare ULTRA \u00e9 poderoso o suficiente para ser esporicida em 1 minuto, mas suave o suficiente para ser n\u00e3o corrosivo, n\u00e3o irritante, n\u00e3o t\u00f3xico e seguro para alimentos. Este desinfetante de alt\u00edssimo n\u00edvel e classe mundial degrada se em oxig\u00eanio e \u00e1gua ap\u00f3s a sua aplica\u00e7\u00e3o.<\/div>\n<div><\/div>\n<div>Concentrado 200ml para 5L de Flu\u00eddo pronto a utilizar<\/div>\n<p>&nbsp;<\/p>\n","protected":false},"featured_media":439,"comment_status":"open","ping_status":"closed","template":"","meta":[],"yoast_head":"<!-- This site is optimized with the Yoast SEO plugin v16.1.1 - https:\/\/yoast.com\/wordpress\/plugins\/seo\/ -->\n<title>Flu\u00eddo Biocida Ecol\u00f3gico TecCare Ultra - Oxygiene<\/title>\n<link rel=\"canonical\" href=\"https:\/\/oxygiene.pt\/loja\/product\/fluido-biocida-ecologico-teccare-ultra\/\" \/>\n<meta property=\"og:locale\" content=\"pt_PT\" \/>\n<meta property=\"og:type\" content=\"article\" \/>\n<meta property=\"og:title\" content=\"Flu\u00eddo Biocida Ecol\u00f3gico TecCare Ultra - Oxygiene\" \/>\n<meta property=\"og:description\" content=\"TECcare ULTRA, o desinfetante esporicida mais seguro e potente do mercado!  O TECcare ULTRA \u00e9 poderoso o suficiente para ser esporicida em 1 minuto, mas suave o suficiente para ser n\u00e3o corrosivo, n\u00e3o irritante, n\u00e3o t\u00f3xico e seguro para alimentos. Este desinfetante de alt\u00edssimo n\u00edvel e classe mundial degrada se em oxig\u00eanio e \u00e1gua ap\u00f3s a sua aplica\u00e7\u00e3o.  Concentrado 200ml para 5L de Flu\u00eddo pronto a utilizar &nbsp;\" \/>\n<meta property=\"og:url\" content=\"https:\/\/oxygiene.pt\/loja\/product\/fluido-biocida-ecologico-teccare-ultra\/\" \/>\n<meta property=\"og:site_name\" content=\"Oxygiene\" \/>\n<meta property=\"article:modified_time\" content=\"2023-01-12T11:25:17+00:00\" \/>\n<meta property=\"og:image\" content=\"https:\/\/oxygiene.pt\/loja\/wp-content\/uploads\/2021\/02\/oxygiene-teccare-ultra-1.jpg\" \/>\n\t<meta property=\"og:image:width\" content=\"600\" \/>\n\t<meta property=\"og:image:height\" content=\"600\" \/>\n<meta name=\"twitter:card\" content=\"summary_large_image\" \/>\n<meta name=\"twitter:label1\" content=\"Tempo estimado de leitura\">\n\t<meta name=\"twitter:data1\" content=\"5 minutos\">\n<script type=\"application\/ld+json\" class=\"yoast-schema-graph\">{\"@context\":\"https:\/\/schema.org\",\"@graph\":[{\"@type\":\"WebSite\",\"@id\":\"https:\/\/oxygiene.pt\/loja\/#website\",\"url\":\"https:\/\/oxygiene.pt\/loja\/\",\"name\":\"Oxygiene\",\"description\":\"Solu\\u00e7\\u00f5es de desinfe\\u00e7\\u00e3o e limpeza\",\"potentialAction\":[{\"@type\":\"SearchAction\",\"target\":\"https:\/\/oxygiene.pt\/loja\/?s={search_term_string}\",\"query-input\":\"required name=search_term_string\"}],\"inLanguage\":\"pt-PT\"},{\"@type\":\"ImageObject\",\"@id\":\"https:\/\/oxygiene.pt\/loja\/product\/fluido-biocida-ecologico-teccare-ultra\/#primaryimage\",\"inLanguage\":\"pt-PT\",\"url\":\"https:\/\/oxygiene.pt\/loja\/wp-content\/uploads\/2021\/02\/oxygiene-teccare-ultra-1.jpg\",\"contentUrl\":\"https:\/\/oxygiene.pt\/loja\/wp-content\/uploads\/2021\/02\/oxygiene-teccare-ultra-1.jpg\",\"width\":600,\"height\":600,\"caption\":\"oxygiene-teccare-ultra\"},{\"@type\":\"WebPage\",\"@id\":\"https:\/\/oxygiene.pt\/loja\/product\/fluido-biocida-ecologico-teccare-ultra\/#webpage\",\"url\":\"https:\/\/oxygiene.pt\/loja\/product\/fluido-biocida-ecologico-teccare-ultra\/\",\"name\":\"Flu\\u00eddo Biocida Ecol\\u00f3gico TecCare Ultra - Oxygiene\",\"isPartOf\":{\"@id\":\"https:\/\/oxygiene.pt\/loja\/#website\"},\"primaryImageOfPage\":{\"@id\":\"https:\/\/oxygiene.pt\/loja\/product\/fluido-biocida-ecologico-teccare-ultra\/#primaryimage\"},\"datePublished\":\"2021-02-24T17:05:14+00:00\",\"dateModified\":\"2023-01-12T11:25:17+00:00\",\"breadcrumb\":{\"@id\":\"https:\/\/oxygiene.pt\/loja\/product\/fluido-biocida-ecologico-teccare-ultra\/#breadcrumb\"},\"inLanguage\":\"pt-PT\",\"potentialAction\":[{\"@type\":\"ReadAction\",\"target\":[\"https:\/\/oxygiene.pt\/loja\/product\/fluido-biocida-ecologico-teccare-ultra\/\"]}]},{\"@type\":\"BreadcrumbList\",\"@id\":\"https:\/\/oxygiene.pt\/loja\/product\/fluido-biocida-ecologico-teccare-ultra\/#breadcrumb\",\"itemListElement\":[{\"@type\":\"ListItem\",\"position\":1,\"item\":{\"@type\":\"WebPage\",\"@id\":\"https:\/\/oxygiene.pt\/loja\/\",\"url\":\"https:\/\/oxygiene.pt\/loja\/\",\"name\":\"In\\u00edcio\"}},{\"@type\":\"ListItem\",\"position\":2,\"item\":{\"@type\":\"WebPage\",\"@id\":\"https:\/\/oxygiene.pt\/loja\/?page_id=8\",\"url\":\"https:\/\/oxygiene.pt\/loja\/?page_id=8\",\"name\":\"Produtos_antigo\"}},{\"@type\":\"ListItem\",\"position\":3,\"item\":{\"@type\":\"WebPage\",\"@id\":\"https:\/\/oxygiene.pt\/loja\/product\/fluido-biocida-ecologico-teccare-ultra\/\",\"url\":\"https:\/\/oxygiene.pt\/loja\/product\/fluido-biocida-ecologico-teccare-ultra\/\",\"name\":\"Flu\\u00eddo Biocida Ecol\\u00f3gico TecCare Ultra\"}}]}]}<\/script>\n<!-- \/ Yoast SEO plugin. -->","_links":{"self":[{"href":"https:\/\/oxygiene.pt\/loja\/wp-json\/wp\/v2\/product\/314"}],"collection":[{"href":"https:\/\/oxygiene.pt\/loja\/wp-json\/wp\/v2\/product"}],"about":[{"href":"https:\/\/oxygiene.pt\/loja\/wp-json\/wp\/v2\/types\/product"}],"replies":[{"embeddable":true,"href":"https:\/\/oxygiene.pt\/loja\/wp-json\/wp\/v2\/comments?post=314"}],"wp:featuredmedia":[{"embeddable":true,"href":"https:\/\/oxygiene.pt\/loja\/wp-json\/wp\/v2\/media\/439"}],"wp:attachment":[{"href":"https:\/\/oxygiene.pt\/loja\/wp-json\/wp\/v2\/media?parent=314"}],"curies":[{"name":"wp","href":"https:\/\/api.w.org\/{rel}","templated":true}]}}