{"id":157,"date":"2021-02-16T12:21:34","date_gmt":"2021-02-16T12:21:34","guid":{"rendered":"https:\/\/oxygiene.pt\/loja\/?post_type=product&#038;p=157"},"modified":"2021-10-21T18:10:01","modified_gmt":"2021-10-21T18:10:01","slug":"humidificador-ultrassonico-trotec-b6-e","status":"publish","type":"product","link":"https:\/\/oxygiene.pt\/loja\/product\/humidificador-ultrassonico-trotec-b6-e\/","title":{"rendered":"Humidificador Ultrass\u00f3nico TROTEC B6 E"},"content":{"rendered":"<p>Vantagens Humidificador B 6 E:<br \/>\n&#8211; Aparelho 3-em-1 Humidificador, purificador e difusor de aroma<br \/>\n&#8211; Tecnologia ultrass\u00f3nica para um clima interior agrad\u00e1vel e para melhorar a qualidade do ar<br \/>\n&#8211; Bocal rotativo de 360 \u00b0<br \/>\n&#8211; 6 n\u00edveis ajust\u00e1veis de intensidade de nebuliza\u00e7\u00e3o<br \/>\n&#8211; At\u00e9 16 horas de dura\u00e7\u00e3o gra\u00e7as ao grande tanque de \u00e1gua<br \/>\n&#8211; Pass\u00edvel de utiliza\u00e7\u00e3o com \u00e1gua da torneira normal &#8211; n\u00e3o \u00e9 necess\u00e1ria \u00e1gua destilada<br \/>\n&#8211; Ionizador para melhor qualidade do ar<br \/>\n&#8211; Modo autom\u00e1tico, modo beb\u00e9 e noites<br \/>\n&#8211; Fun\u00e7\u00e3o de temporizador<br \/>\n&#8211; Painel de controle por toque<br \/>\n&#8211; Exibi\u00e7\u00e3o da humidade atual<br \/>\n&#8211; Desligar autom\u00e1tico<br \/>\n&#8211; Ilumina\u00e7\u00e3o LED do tanque de \u00e1gua<\/p>\n<p>Caracter\u00edsticas T\u00e9cnicas B 6 E:<br \/>\n&#8211; Adequado para ambientes de at\u00e9 30 m\u00b2 \/ 75 m\u00b3<br \/>\n&#8211; Humidifica\u00e7\u00e3o m\u00e1x.: 7,2 l\/Tag<br \/>\n&#8211; Abastecimento de \u00e1gua: 5 l<br \/>\n&#8211; Consumo de pot\u00eancia: 25 W<br \/>\n&#8211; N\u00edvel de ru\u00eddo : 35 dB(A)<br \/>\n&#8211; Dimens\u00f5es (C x L x A) 66 x 262 x 383 mm<br \/>\n&#8211; Peso: 3 kg<\/p>\n<p>Com o seu exclusivo m\u00e9todo ultrass\u00f3nico, a humidade \u00e9 dispersa no ambiente de forma efetiva, garantindo assim uma respira\u00e7\u00e3o mais tranquila, especialmente em locais aquecidos onde o ar \u00e9 geralmente muito seco. Com a ajuda de um som de alta frequ\u00eancia que gera ondas de alta press\u00e3o na parte inferior do humidificador, s\u00e3o geradas pequenas bolhas de ar libertando-se no ar em grandes quantidades.<br \/>\nElas elevam-se \u00e0 superf\u00edcie atrav\u00e9s das ondas de press\u00e3o e depois quebram. Isso resulta numa neblina de pequenas gotas que podem ser facilmente difundidas pelo ar. A frequ\u00eancia de 1,8 megahertz da vibra\u00e7\u00e3o ultrass\u00f3nica pode ser interpretada como 1,8 milh\u00e3o de vibra\u00e7\u00f5es que se propagam atrav\u00e9s da \u00e1gua \/ segundo.<br \/>\nA qualidade da \u00e1gua \u00e9 muito importante para n\u00e3o espalhar bact\u00e9rias no ambiente. \u00c9 por isso que a \u00e1gua n\u00e3o deve ficar muito tempo no tanque (idealmente, tamb\u00e9m deve ser utilizada \u00e1gua destilada).<br \/>\nDica: Pode tamb\u00e9m usar \u00e1gua da torneira rec\u00e9m-fervida todos os dias &#8211; economiza dinheiro e \u00e9 suficiente do ponto de vista da higiene. Para prote\u00e7\u00e3o duradoura, podem ser utilizados Sticks Secosan, dispon\u00edveis como acess\u00f3rio.<\/p>\n<p>Dados Importante para a sua sa\u00fade<br \/>\nAumentar a humidade para mais de 50% reduz hipoteticamente o risco de transmiss\u00e3o de v\u00edrus<br \/>\nOs especialistas avaliaram os resultados de pesquisas sobre a resist\u00eancia de v\u00edrus (por exemplo, SARS-CoV, MERS-CoV ou SARS-CoV-2 (Covid-19), influenza) e humidade do ar. Descobriu-se que a humidade do ar produz efeitos significativos na capacidade de infe\u00e7\u00e3o das got\u00edculas contaminadas. O ar seco do ambiente com um teor de humidade relativa inferior a 40% seca pequenas got\u00edculas que est\u00e3o contaminadas com v\u00edrus da gripe ou resfriado. Como resultado, os pat\u00f3genos s\u00e3o preservados e permanecem infeciosos por muito tempo. Na faixa ideal de 40 a 60% de humidade relativa, os aeross\u00f3is encolhem apenas a tal ponto que, a concentra\u00e7\u00e3o de sal em seu n\u00facleo aumenta de modo que os germes e micro-organismos nele contidos sejam eliminados. O risco de pegar v\u00edrus da gripe e constipa\u00e7\u00e3o \u00e9 minimizado aqui.<br \/>\nOs investigadores enfatizam que podemos reduzir o risco de infe\u00e7\u00e3o aumentando a humidade em edif\u00edcios onde a humidade \u00e9 m\u00ednima. Por exemplo, aumentar a humidade por humidifica\u00e7\u00e3o para cerca de 50% leva hipoteticamente a uma redu\u00e7\u00e3o no risco de transmiss\u00e3o viral. Al\u00e9m disso, o ar humidificado melhora a situa\u00e7\u00e3o de defesa do corpo, limpando as vias a\u00e9reas com mais efici\u00eancia e promovendo o sistema imunol\u00f3gico. Em edif\u00edcios modernos com um inv\u00f3lucro denso, sistemas de aquecimento e ventila\u00e7\u00e3o central, esses valores-limite geralmente n\u00e3o podem ser alcan\u00e7ados quotidianamente sem a humidifica\u00e7\u00e3o adicional do ar. No entanto, um aparelho com uma fun\u00e7\u00e3o de humidifica\u00e7\u00e3o do ar pode suportar isso.<\/p>\n","protected":false},"excerpt":{"rendered":"<p>Evite constipa\u00e7\u00f5es e tosse usando a fun\u00e7\u00e3o de humidifica\u00e7\u00e3o para evitar que o ambiente e tamb\u00e9m as membranas mucosas sequem. O ar com um teor de humidade controlada reduz o risco de transmiss\u00e3o de v\u00edrus e bact\u00e9rias.<\/p>\n","protected":false},"featured_media":158,"comment_status":"open","ping_status":"closed","template":"","meta":[],"yoast_head":"<!-- This site is optimized with the Yoast SEO plugin v16.1.1 - https:\/\/yoast.com\/wordpress\/plugins\/seo\/ -->\n<title>Humidificador Ultrass\u00f3nico TROTEC B6 E - Oxygiene<\/title>\n<link rel=\"canonical\" href=\"https:\/\/oxygiene.pt\/loja\/product\/humidificador-ultrassonico-trotec-b6-e\/\" \/>\n<meta property=\"og:locale\" content=\"pt_PT\" \/>\n<meta property=\"og:type\" content=\"article\" \/>\n<meta property=\"og:title\" content=\"Humidificador Ultrass\u00f3nico TROTEC B6 E - Oxygiene\" \/>\n<meta property=\"og:description\" content=\"Evite constipa\u00e7\u00f5es e tosse usando a fun\u00e7\u00e3o de humidifica\u00e7\u00e3o para evitar que o ambiente e tamb\u00e9m as membranas mucosas sequem. O ar com um teor de humidade controlada reduz o risco de transmiss\u00e3o de v\u00edrus e bact\u00e9rias.\" \/>\n<meta property=\"og:url\" content=\"https:\/\/oxygiene.pt\/loja\/product\/humidificador-ultrassonico-trotec-b6-e\/\" \/>\n<meta property=\"og:site_name\" content=\"Oxygiene\" \/>\n<meta property=\"article:modified_time\" content=\"2021-10-21T18:10:01+00:00\" \/>\n<meta property=\"og:image\" content=\"https:\/\/oxygiene.pt\/loja\/wp-content\/uploads\/2021\/02\/Humidificador-Ultrasso\u0301nico-TROTEC-B6-E-1.jpg\" \/>\n\t<meta property=\"og:image:width\" content=\"1000\" \/>\n\t<meta property=\"og:image:height\" content=\"1000\" \/>\n<meta name=\"twitter:card\" content=\"summary_large_image\" \/>\n<meta name=\"twitter:label1\" content=\"Tempo estimado de leitura\">\n\t<meta name=\"twitter:data1\" content=\"3 minutos\">\n<script type=\"application\/ld+json\" class=\"yoast-schema-graph\">{\"@context\":\"https:\/\/schema.org\",\"@graph\":[{\"@type\":\"WebSite\",\"@id\":\"https:\/\/oxygiene.pt\/loja\/#website\",\"url\":\"https:\/\/oxygiene.pt\/loja\/\",\"name\":\"Oxygiene\",\"description\":\"Solu\\u00e7\\u00f5es de desinfe\\u00e7\\u00e3o e limpeza\",\"potentialAction\":[{\"@type\":\"SearchAction\",\"target\":\"https:\/\/oxygiene.pt\/loja\/?s={search_term_string}\",\"query-input\":\"required name=search_term_string\"}],\"inLanguage\":\"pt-PT\"},{\"@type\":\"ImageObject\",\"@id\":\"https:\/\/oxygiene.pt\/loja\/product\/humidificador-ultrassonico-trotec-b6-e\/#primaryimage\",\"inLanguage\":\"pt-PT\",\"url\":\"https:\/\/oxygiene.pt\/loja\/wp-content\/uploads\/2021\/02\/Humidificador-Ultrasso\\u0301nico-TROTEC-B6-E-1.jpg\",\"contentUrl\":\"https:\/\/oxygiene.pt\/loja\/wp-content\/uploads\/2021\/02\/Humidificador-Ultrasso\\u0301nico-TROTEC-B6-E-1.jpg\",\"width\":1000,\"height\":1000,\"caption\":\"Humidificador Ultrasso\\u0301nico TROTEC B6 E-1\"},{\"@type\":\"WebPage\",\"@id\":\"https:\/\/oxygiene.pt\/loja\/product\/humidificador-ultrassonico-trotec-b6-e\/#webpage\",\"url\":\"https:\/\/oxygiene.pt\/loja\/product\/humidificador-ultrassonico-trotec-b6-e\/\",\"name\":\"Humidificador Ultrass\\u00f3nico TROTEC B6 E - Oxygiene\",\"isPartOf\":{\"@id\":\"https:\/\/oxygiene.pt\/loja\/#website\"},\"primaryImageOfPage\":{\"@id\":\"https:\/\/oxygiene.pt\/loja\/product\/humidificador-ultrassonico-trotec-b6-e\/#primaryimage\"},\"datePublished\":\"2021-02-16T12:21:34+00:00\",\"dateModified\":\"2021-10-21T18:10:01+00:00\",\"breadcrumb\":{\"@id\":\"https:\/\/oxygiene.pt\/loja\/product\/humidificador-ultrassonico-trotec-b6-e\/#breadcrumb\"},\"inLanguage\":\"pt-PT\",\"potentialAction\":[{\"@type\":\"ReadAction\",\"target\":[\"https:\/\/oxygiene.pt\/loja\/product\/humidificador-ultrassonico-trotec-b6-e\/\"]}]},{\"@type\":\"BreadcrumbList\",\"@id\":\"https:\/\/oxygiene.pt\/loja\/product\/humidificador-ultrassonico-trotec-b6-e\/#breadcrumb\",\"itemListElement\":[{\"@type\":\"ListItem\",\"position\":1,\"item\":{\"@type\":\"WebPage\",\"@id\":\"https:\/\/oxygiene.pt\/loja\/\",\"url\":\"https:\/\/oxygiene.pt\/loja\/\",\"name\":\"In\\u00edcio\"}},{\"@type\":\"ListItem\",\"position\":2,\"item\":{\"@type\":\"WebPage\",\"@id\":\"https:\/\/oxygiene.pt\/loja\/?page_id=8\",\"url\":\"https:\/\/oxygiene.pt\/loja\/?page_id=8\",\"name\":\"Produtos_antigo\"}},{\"@type\":\"ListItem\",\"position\":3,\"item\":{\"@type\":\"WebPage\",\"@id\":\"https:\/\/oxygiene.pt\/loja\/product\/humidificador-ultrassonico-trotec-b6-e\/\",\"url\":\"https:\/\/oxygiene.pt\/loja\/product\/humidificador-ultrassonico-trotec-b6-e\/\",\"name\":\"Humidificador Ultrass\\u00f3nico TROTEC B6 E\"}}]}]}<\/script>\n<!-- \/ Yoast SEO plugin. -->","_links":{"self":[{"href":"https:\/\/oxygiene.pt\/loja\/wp-json\/wp\/v2\/product\/157"}],"collection":[{"href":"https:\/\/oxygiene.pt\/loja\/wp-json\/wp\/v2\/product"}],"about":[{"href":"https:\/\/oxygiene.pt\/loja\/wp-json\/wp\/v2\/types\/product"}],"replies":[{"embeddable":true,"href":"https:\/\/oxygiene.pt\/loja\/wp-json\/wp\/v2\/comments?post=157"}],"wp:featuredmedia":[{"embeddable":true,"href":"https:\/\/oxygiene.pt\/loja\/wp-json\/wp\/v2\/media\/158"}],"wp:attachment":[{"href":"https:\/\/oxygiene.pt\/loja\/wp-json\/wp\/v2\/media?parent=157"}],"curies":[{"name":"wp","href":"https:\/\/api.w.org\/{rel}","templated":true}]}}