{"id":152,"date":"2021-02-16T12:17:38","date_gmt":"2021-02-16T12:17:38","guid":{"rendered":"https:\/\/oxygiene.pt\/loja\/?post_type=product&#038;p=152"},"modified":"2021-10-21T18:10:22","modified_gmt":"2021-10-21T18:10:22","slug":"desumidificador-trotec-ttk-95-e","status":"publish","type":"product","link":"https:\/\/oxygiene.pt\/loja\/product\/desumidificador-trotec-ttk-95-e\/","title":{"rendered":"Desumidificador TROTEC TTK 95 E"},"content":{"rendered":"<p>Caracter\u00edsticas T\u00e9cnicas:<br \/>\n&#8211; Capacidade de desumidifica\u00e7\u00e3o max.: 30 Litros\/24h<br \/>\n&#8211; Fluxo de ar: 185 m\u00b3\/h<br \/>\n&#8211; Adequados para locais de at\u00e9: 90 m\u00b2 \/ 230 m\u00b3<br \/>\n&#8211; Temperatura de funcionamento: 5 a 32 \u00b0C<br \/>\n&#8211; Humidade de funcionamento: 30 at\u00e9 90 % de humidade relativa<br \/>\n&#8211; Consumo de energia: 0,5 kW<br \/>\n&#8211; Capacidade do reservat\u00f3rio: 5.3 Litros<br \/>\n&#8211; N\u00edvel de ru\u00eddo a 1 metro: 43 dB (A)<br \/>\n&#8211; Dimens\u00f5es (LxCxA): 235 x 355 x 560 mm<br \/>\n&#8211; Peso: 15.5 kg<\/p>\n<p>Eficaz e confi\u00e1vel que mant\u00e9m espa\u00e7os secos de at\u00e9 90m\u00b2 e condensa diariamente at\u00e9 30 litros de humidade do ar ambiente.<br \/>\nDesumidifica\u00e7\u00e3o autom\u00e1tica controlada por sensor de humidade autom\u00e1tica com valores pr\u00e9-selecion\u00e1veis entre 30 e 90% de humidade relativa com incrementos de 5%.<br \/>\nUma vez que o n\u00edvel de humidade desejado \u00e9 atingido, o compressor desliga-se automaticamente, economizando assim energia. Quando o n\u00edvel de humidade desejado \u00e9 ultrapassado, o condensador \u00e9 ativado novamente. Nesta opera\u00e7\u00e3o, o ventilador continua em funcionamento e a visualiza\u00e7\u00e3o no display digital permanece ativa. Assim, em qualquer momento o status atual humidade relativa pode ser controlado.<br \/>\nO fluxo de ar pode ser adaptado perfeitamente a qualquer tipo de ambiente por meio de dois ajustes de velocidade, a fun\u00e7\u00e3o Swing para distribui\u00e7\u00e3o uniforme de ar assim como a dire\u00e7\u00e3o de descarga ajust\u00e1vel.<br \/>\nA fun\u00e7\u00e3o temporizador, a pr\u00e1tica fun\u00e7\u00e3o de secagem de roupa, uma luz de aviso de n\u00edvel quando o tanque de \u00e1gua est\u00e1 cheio e a prote\u00e7\u00e3o contra transbordar com desligar autom\u00e1tico, completam as caracter\u00edsticas do TTK 95 E Confort. Al\u00e9m disso, o filtro de ar integrado lav\u00e1vel, permite uma limpeza do ar adicional atrav\u00e9s da extra\u00e7\u00e3o de p\u00f3 e pelos de animais e um conector para um dreno de condensado externo permite o um funcionamento sem vigil\u00e2ncia.<br \/>\nGra\u00e7as \u00e0 sua al\u00e7a retr\u00e1ctil, fazem que o TTK 95E seja flex\u00edvel e bem preparado para mudar facilmente de local.<\/p>\n<p>Secagem suave de roupas com desumidificadores de ar<br \/>\nAl\u00e9m da desumidifica\u00e7\u00e3o do ar ambiente, um desumidificador pode ser usado convenientemente para secar roupas &#8211; como um suporte ou como um substituto completo para uma secadora convencional. A fun\u00e7\u00e3o de secagem da roupa (ou modo de secagem de t\u00eaxteis ou fun\u00e7\u00e3o SuperDry) \u00e9 compar\u00e1vel \u00e0 secagem tradicional ao ar livre.<br \/>\nOs desumidificadores t\u00eam a vantagem de a roupa ser seca suavemente como na natureza. As cores permanecem brilhantes e as roupas t\u00eam uma vida \u00fatil mais longa do que as secadoras de roupa convencionais e com um consumo de energia significativamente menor.<br \/>\nAl\u00e9m disso, materiais sens\u00edveis como l\u00e3, seda ou fibras sint\u00e9ticas tamb\u00e9m podem ser secos sem hesita\u00e7\u00e3o. Em contraste com a secagem ao ar puro, a roupa \u00e9 muito mais macia e mais confort\u00e1vel de usar na pele.<br \/>\nTamb\u00e9m \u00e9 poss\u00edvel secar roupas com desumidificadores de ar sem uma fun\u00e7\u00e3o de secagem de roupas. O valor alvo da humidade do ar deve ent\u00e3o ser definido de acordo com a humidade residual desejada.<br \/>\n&#8211; Seco para arm\u00e1rios:\u00a046% de humidade relativa<br \/>\n&#8211; Humidade de engomar:\u00a058% de humidade relativa<br \/>\n&#8211; Parcialmente seco:\u00a065% de humidade relativa<\/p>\n<p>Vantagens para a pr\u00e1tica:<br \/>\n&#8211; Desumidifica\u00e7\u00e3o autom\u00e1tica controlada por higr\u00f3stato com pr\u00e9-sele\u00e7\u00e3o do valor objetivo entre 30 e 90% de h.r. em etapas de 5%<br \/>\n&#8211; Assim que o n\u00edvel de humidade desejado for alcan\u00e7ado, o compressor se desliga automaticamente. O ventilador ainda continua. Se excedido, o aparelho \u00e9 ativado automaticamente<br \/>\n&#8211; Luz de aviso de n\u00edvel com tanque de \u00e1gua cheio<br \/>\n&#8211; Prote\u00e7\u00e3o contra transbordamento com desligamento autom\u00e1tico<br \/>\n&#8211; Degelo autom\u00e1tico<br \/>\n&#8211; Conex\u00e3o para dreno externo de condensado<br \/>\n&#8211; Visor iluminado de f\u00e1cil leitura<br \/>\n&#8211; Exibi\u00e7\u00e3o de humidade relativa<\/p>\n<p>Prote\u00e7\u00e3o do Meio Ambiente : Propano (R290) como refrigerante ecol\u00f3gico em desumidificadores<br \/>\nTodos os anos, os refrigerantes sint\u00e9ticos liberam no ar v\u00e1rios milh\u00f5es de toneladas de emiss\u00f5es de CO2 prejudiciais ao meio ambiente (gases de efeito estufa). Portanto, o uso de refrigerantes alternativos \u00e9 um dos nossos principais objetivos. Com o uso de propano (R290) como refrigerante, este desumidificador d\u00e1 uma contribui\u00e7\u00e3o valiosa para a prote\u00e7\u00e3o do clima.<br \/>\nO propano como refrigerante natural (R290) \u00e9 um composto org\u00e2nico e pertence aos hidrocarbonetos. Em contraste com os refrigerantes sint\u00e9ticos, o propano ambientalmente amig\u00e1vel (R290) n\u00e3o tem potencial de deple\u00e7\u00e3o de ozono (ODP = 0) nem um efeito estufa significativo (GWP = 3).<br \/>\nBenef\u00edcios ambientais adicionais: devido \u00e0s suas excelentes propriedades termodin\u00e2micas, o propano (R290) \u00e9 um refrigerante particularmente eficiente em termos de energia e, portanto, reduz adicionalmente seus custos de energia.<\/p>\n","protected":false},"excerpt":{"rendered":"<p>A melhor solu\u00e7\u00e3o do mercado para a desumidifica\u00e7\u00e3o ou secagem eficaz de grandes espa\u00e7os residenciais e escrit\u00f3rios.<\/p>\n","protected":false},"featured_media":153,"comment_status":"open","ping_status":"closed","template":"","meta":[],"yoast_head":"<!-- This site is optimized with the Yoast SEO plugin v16.1.1 - https:\/\/yoast.com\/wordpress\/plugins\/seo\/ -->\n<title>Desumidificador TROTEC TTK 95 E - Oxygiene<\/title>\n<link rel=\"canonical\" href=\"https:\/\/oxygiene.pt\/loja\/product\/desumidificador-trotec-ttk-95-e\/\" \/>\n<meta property=\"og:locale\" content=\"pt_PT\" \/>\n<meta property=\"og:type\" content=\"article\" \/>\n<meta property=\"og:title\" content=\"Desumidificador TROTEC TTK 95 E - Oxygiene\" \/>\n<meta property=\"og:description\" content=\"A melhor solu\u00e7\u00e3o do mercado para a desumidifica\u00e7\u00e3o ou secagem eficaz de grandes espa\u00e7os residenciais e escrit\u00f3rios.\" \/>\n<meta property=\"og:url\" content=\"https:\/\/oxygiene.pt\/loja\/product\/desumidificador-trotec-ttk-95-e\/\" \/>\n<meta property=\"og:site_name\" content=\"Oxygiene\" \/>\n<meta property=\"article:modified_time\" content=\"2021-10-21T18:10:22+00:00\" \/>\n<meta property=\"og:image\" content=\"https:\/\/oxygiene.pt\/loja\/wp-content\/uploads\/2021\/02\/Desumidificador-TROTEC-TTK-95-E.jpg\" \/>\n\t<meta property=\"og:image:width\" content=\"1000\" \/>\n\t<meta property=\"og:image:height\" content=\"1000\" \/>\n<meta name=\"twitter:card\" content=\"summary_large_image\" \/>\n<meta name=\"twitter:label1\" content=\"Tempo estimado de leitura\">\n\t<meta name=\"twitter:data1\" content=\"4 minutos\">\n<script type=\"application\/ld+json\" class=\"yoast-schema-graph\">{\"@context\":\"https:\/\/schema.org\",\"@graph\":[{\"@type\":\"WebSite\",\"@id\":\"https:\/\/oxygiene.pt\/loja\/#website\",\"url\":\"https:\/\/oxygiene.pt\/loja\/\",\"name\":\"Oxygiene\",\"description\":\"Solu\\u00e7\\u00f5es de desinfe\\u00e7\\u00e3o e limpeza\",\"potentialAction\":[{\"@type\":\"SearchAction\",\"target\":\"https:\/\/oxygiene.pt\/loja\/?s={search_term_string}\",\"query-input\":\"required name=search_term_string\"}],\"inLanguage\":\"pt-PT\"},{\"@type\":\"ImageObject\",\"@id\":\"https:\/\/oxygiene.pt\/loja\/product\/desumidificador-trotec-ttk-95-e\/#primaryimage\",\"inLanguage\":\"pt-PT\",\"url\":\"https:\/\/oxygiene.pt\/loja\/wp-content\/uploads\/2021\/02\/Desumidificador-TROTEC-TTK-95-E.jpg\",\"contentUrl\":\"https:\/\/oxygiene.pt\/loja\/wp-content\/uploads\/2021\/02\/Desumidificador-TROTEC-TTK-95-E.jpg\",\"width\":1000,\"height\":1000,\"caption\":\"Desumidificador TROTEC TTK 95 E\"},{\"@type\":\"WebPage\",\"@id\":\"https:\/\/oxygiene.pt\/loja\/product\/desumidificador-trotec-ttk-95-e\/#webpage\",\"url\":\"https:\/\/oxygiene.pt\/loja\/product\/desumidificador-trotec-ttk-95-e\/\",\"name\":\"Desumidificador TROTEC TTK 95 E - Oxygiene\",\"isPartOf\":{\"@id\":\"https:\/\/oxygiene.pt\/loja\/#website\"},\"primaryImageOfPage\":{\"@id\":\"https:\/\/oxygiene.pt\/loja\/product\/desumidificador-trotec-ttk-95-e\/#primaryimage\"},\"datePublished\":\"2021-02-16T12:17:38+00:00\",\"dateModified\":\"2021-10-21T18:10:22+00:00\",\"breadcrumb\":{\"@id\":\"https:\/\/oxygiene.pt\/loja\/product\/desumidificador-trotec-ttk-95-e\/#breadcrumb\"},\"inLanguage\":\"pt-PT\",\"potentialAction\":[{\"@type\":\"ReadAction\",\"target\":[\"https:\/\/oxygiene.pt\/loja\/product\/desumidificador-trotec-ttk-95-e\/\"]}]},{\"@type\":\"BreadcrumbList\",\"@id\":\"https:\/\/oxygiene.pt\/loja\/product\/desumidificador-trotec-ttk-95-e\/#breadcrumb\",\"itemListElement\":[{\"@type\":\"ListItem\",\"position\":1,\"item\":{\"@type\":\"WebPage\",\"@id\":\"https:\/\/oxygiene.pt\/loja\/\",\"url\":\"https:\/\/oxygiene.pt\/loja\/\",\"name\":\"In\\u00edcio\"}},{\"@type\":\"ListItem\",\"position\":2,\"item\":{\"@type\":\"WebPage\",\"@id\":\"https:\/\/oxygiene.pt\/loja\/?page_id=8\",\"url\":\"https:\/\/oxygiene.pt\/loja\/?page_id=8\",\"name\":\"Produtos_antigo\"}},{\"@type\":\"ListItem\",\"position\":3,\"item\":{\"@type\":\"WebPage\",\"@id\":\"https:\/\/oxygiene.pt\/loja\/product\/desumidificador-trotec-ttk-95-e\/\",\"url\":\"https:\/\/oxygiene.pt\/loja\/product\/desumidificador-trotec-ttk-95-e\/\",\"name\":\"Desumidificador TROTEC TTK 95 E\"}}]}]}<\/script>\n<!-- \/ Yoast SEO plugin. -->","_links":{"self":[{"href":"https:\/\/oxygiene.pt\/loja\/wp-json\/wp\/v2\/product\/152"}],"collection":[{"href":"https:\/\/oxygiene.pt\/loja\/wp-json\/wp\/v2\/product"}],"about":[{"href":"https:\/\/oxygiene.pt\/loja\/wp-json\/wp\/v2\/types\/product"}],"replies":[{"embeddable":true,"href":"https:\/\/oxygiene.pt\/loja\/wp-json\/wp\/v2\/comments?post=152"}],"wp:featuredmedia":[{"embeddable":true,"href":"https:\/\/oxygiene.pt\/loja\/wp-json\/wp\/v2\/media\/153"}],"wp:attachment":[{"href":"https:\/\/oxygiene.pt\/loja\/wp-json\/wp\/v2\/media?parent=152"}],"curies":[{"name":"wp","href":"https:\/\/api.w.org\/{rel}","templated":true}]}}