{"id":137,"date":"2021-02-16T12:07:30","date_gmt":"2021-02-16T12:07:30","guid":{"rendered":"https:\/\/oxygiene.pt\/loja\/?post_type=product&#038;p=137"},"modified":"2024-12-04T13:12:36","modified_gmt":"2024-12-04T13:12:36","slug":"purificador-de-ar-trotec-airgoclean-design-250-e","status":"publish","type":"product","link":"https:\/\/oxygiene.pt\/loja\/product\/purificador-de-ar-trotec-airgoclean-design-250-e\/","title":{"rendered":"Purificador de Ar TROTEC AirgoClean\u00ae Design 250 E"},"content":{"rendered":"<p>VIVA\/TRABALHE DE FORMA MAIS SAUD\u00c1VEL COM AR LIMPO E PURIFICADO<br \/>\nPassamos at\u00e9 90% de nossa vida em ambientes fechados e interiores. No entanto, muitos n\u00e3o sabem que o ar interior \u00e9 2 a 5x mais polu\u00eddo do que o ar que se respira no exterior. E mesmo o ar exterior, supostamente fresco, nem sempre \u00e9 t\u00e3o limpo como se pensa devido \u00e0s concentra\u00e7\u00f5es de poeira fina da cidade. Como tal, conv\u00e9m assim monitorar, controlar e purificar o ar que respira e assim dar um verdadeiro uso ao seu novo amigo da sa\u00fade \u2013 o purificador de ar inteligente AirgoClean\u00ae 250 E.<\/p>\n<p>BENEF\u00cdCIOS DO PURIFICADOR TROTEC AIRGOCLEAN\u00ae DESIGN 250 E:<br \/>\n\u2022 Sistema de filtro de ar ambiente de v\u00e1rios est\u00e1gios com pr\u00e9-filtro DACRON\u00ae, filtro de carbono HEPA e ioniza\u00e7\u00e3o<br \/>\n\u2022 Filtragem HEPA altamente eficiente de part\u00edculas finas de poeira, part\u00edculas suspensas, poluentes, germes e odores<br \/>\n\u2022 Exibi\u00e7\u00e3o combinada da qualidade do ar em cores LED com exibi\u00e7\u00e3o do valor real de part\u00edculas finas de poeira (valor PM 2,5)<br \/>\n\u2022 Adequado para purifica\u00e7\u00e3o de ar totalmente autom\u00e1tica em salas de at\u00e9 220 m\u00b3<br \/>\n\u2022 Volume de limpeza m\u00e1x. 740 m\u00b3 \/ h<br \/>\n\u2022 3 velocidades do ventilador<br \/>\n\u2022 3 modos de opera\u00e7\u00e3o: modo autom\u00e1tico, modo turbo, modo noturno<br \/>\n\u2022 Compacto e poderoso com f\u00e1cil opera\u00e7\u00e3o<br \/>\n\u2022 Troca r\u00e1pida e descomplicada do filtro<br \/>\n\u2022 Dete\u00e7\u00e3o de luz<br \/>\n\u2022 Controlo parental<br \/>\n\u2022 Fun\u00e7\u00e3o de mem\u00f3ria<br \/>\n\u2022 Luzes indicadoras de filtro<br \/>\n\u2022 Modo noturno (ru\u00eddo reduzido)<br \/>\n\u2022 Baixo consumo de energia<br \/>\n\u2022 Antial\u00e9rgico<\/p>\n<p>CARACTER\u00cdSTICAS T\u00c9CNICAS<br \/>\n\u2022 Fluxo de ar<br \/>\nApropriado para recintos com tamanho de at\u00e9 [m\u00b2] 88<br \/>\nN\u00edvel 1 [m\u00b3\/h] 384<br \/>\nN\u00edvel 2 [m\u00b3\/h] 503<br \/>\nN\u00edvel 3 [m\u00b3\/h] 624<br \/>\nN\u00edvel 4 [m\u00b3\/h] 740<br \/>\n\u2022 Pot\u00eancia absorvida [kW] 0,045<br \/>\n\u2022 Comprimento do cabo [m] 1,8<br \/>\n\u2022 Valores ac\u00fasticos<br \/>\nN\u00edvel 1 &#8211; Dist\u00e2ncia 1 m [dB(A)] 42<br \/>\nN\u00edvel 2 &#8211; Dist\u00e2ncia 1 m [dB(A)] 45<br \/>\nN\u00edvel 3 &#8211; Dist\u00e2ncia 1 m [dB(A)] 51<br \/>\nN\u00edvel 4 &#8211; Dist\u00e2ncia 1 m [dB(A)] 56<br \/>\n\u2022 Ventilador<br \/>\nVelocidades de ventila\u00e7\u00e3o 4<br \/>\n\u2022 Dimens\u00f5es<br \/>\nComprimento [mm] 360<br \/>\nLargura [mm] 360<br \/>\nAltura [mm] 710<br \/>\n\u2022 Peso [kg] 12<\/p>\n<p>O FILTRO DE AR MONITORA E LIMPA O AR DE FORMA TOTALMENTE AUTOM\u00c1TICA<br \/>\nProteja -se a si e aos seus, com ar limpo filtrado por HEPA, que ret\u00e9m cerca de 99,97% das subst\u00e2ncias nocivas no ar e poluentes. Os &#8220;sensores de qualidade do ar&#8221; do 250 E medem continuamente a qualidade do ar e a polui\u00e7\u00e3o de poeira fina, sendo activados automaticamente caso os n\u00edveis admiss\u00edveis sejam ultrapassados. A ventila\u00e7\u00e3o ajust\u00e1vel em tr\u00eas est\u00e1gios, e uma circula\u00e7\u00e3o de ar m\u00e1xima de 740 m\u00b3 \/ h permite uma melhoria impressionante na qualidade do ar nos ambientes at\u00e9 88 m\u00b2 ou 220 m\u00b3, o que o torna ideal para escrit\u00f3rios, consult\u00f3rios ou em casa.<\/p>\n<p>EXIBI\u00c7\u00c3O COMBINADA DE POEIRA FINA E QUALIDADE DO AR COM EXIBI\u00c7\u00c3O DO VALOR REAL DO VALOR PM2.5<br \/>\nAl\u00e9m do controle manual do desempenho da purifica\u00e7\u00e3o do ar em 3 est\u00e1gios, o AirgoClean\u00ae 250 E possui um modo autom\u00e1tico inteligente. V\u00e1rios \u201cAi Sensores de qualidade R &#8220;medem a qualidade do ar e a quantidade de mat\u00e9ria suspensa no ar em tempo real para reagir imediatamente a uma mudan\u00e7a na qualidade do ar interior.<br \/>\nO visor multifuncional da qualidade do ar do AirgoClean\u00ae 250 E torna vis\u00edvel a polui\u00e7\u00e3o de poeira fina e outros poluentes do ar ambiente invis\u00edveis, mas n\u00e3o inofensivos. Al\u00e9m do display num\u00e9rico do valor PM2,5 (n\u00famero de part\u00edculas finas de poeira &lt; 2,5 \u00b5m), um display \u00f3tico com luzes LED coloridas indica a pureza do ar ambiente em quatro n\u00edveis de cores.<br \/>\nAzul:&#8217; Excelente qualidade do ar, valor PM2.5 &#8211; 0 &#8211; 55 &#8216;<br \/>\nVerde:&#8217; Boa qualidade do ar, valor PM2.5 &#8211; 56 &#8211; 100 &#8216;<br \/>\nLaranja:&#8217; Qualidade m\u00e9dia do ar, valor PM2.5 &#8211; 101 &#8211; 150<br \/>\n&#8216;Vermelho:&#8217; M\u00e1 qualidade do ar, valor PM2.5&gt; 150<\/p>\n<p>Os sensores de qualidade do ar altamente sens\u00edveis medem continuamente a exposi\u00e7\u00e3o \u00e0 poeira fina e poluentes gasosos (VOC). Mesmo as menores altera\u00e7\u00f5es s\u00e3o reconhecidas imediatamente reagindo assim com uma purifica\u00e7\u00e3o de ar adaptada. O sistema de sensores permite assim de forma autom\u00e1tica acionar o sistema de purifica\u00e7\u00e3o de forma a remover as part\u00edculas em suspens\u00e3o, purificando o ambiente no menor tempo poss\u00edvel.<\/p>\n<p>\u00c1REAS DE APLICA\u00c7\u00c3O E TAMANHOS DAS SALAS:<br \/>\n&#8211; Filtrando poeira fina, p\u00f3len e pelos de animais (CADR):Adequado para salas de at\u00e9 88 m\u00b2 \/ 220 m\u00b3.Recomenda\u00e7\u00e3o Trotec * 60 m\u00b2 \/ 150m\u00b3<br \/>\n&#8211; Filtragem de v\u00edrus SARS-CoV-2:Com 6 renova\u00e7\u00f5es de ar (escrit\u00f3rio, salas de reuni\u00f5es) adequadas para salas at\u00e9 no m\u00e1x. 49 m\u00b2 \/ 123 m\u00b3.Recomenda\u00e7\u00e3o Trotec * 30m\u00b2 \/ 75m\u00b3.<br \/>\n&#8211; Com 10 renova\u00e7\u00f5es de ar (cl\u00ednicas, salas de tratamento) adequadas para salas de at\u00e9 no m\u00e1x. 29 m\u00b2 \/ 74 m\u00b3.Recomenda\u00e7\u00e3o Trotec * 20m\u00b2 \/ 50m\u00b3.<\/p>\n<p>TECNOLOGIA DE FILTRO DUPLO 3 EM 1 HEPA COM IONIZA\u00c7\u00c3O PARA UM AMBIENTE SAUD\u00c1VEL<br \/>\nGra\u00e7as ao sistema de filtro combinado de carbono HEPA e tecnologia de filtro DACRON em design duplo com ioniza\u00e7\u00e3o adicional, part\u00edculas finas de poeira, al\u00e9rgenos e outros pat\u00f3genos s\u00e3o filtrados gerando assim total confian\u00e7a na purifica\u00e7\u00e3o do ar interior.<\/p>\n<p>FILTRO HEPA DE 2 VIAS<br \/>\nV\u00edrus, bact\u00e9rias, p\u00f3len, al\u00e9rgenos, part\u00edculas finas de poeira e esporos de mofo de at\u00e9 0,3 micr\u00f4metros s\u00e3o eliminados nos dois filtros HEPA. Devido \u00e0 alta efici\u00eancia de separa\u00e7\u00e3o de 99,97%, os filtros desta classe de filtros s\u00e3o usados, por exemplo, em \u00e1reas de laborat\u00f3rio sens\u00edveis \u00e0 higiene e na produ\u00e7\u00e3o de alimentos. As melhores condi\u00e7\u00f5es para transformar as suas pr\u00f3prias quatro paredes num o\u00e1sis de bem-estar com ar ambiente limpo, filtrado e fresco.<\/p>\n<p>FILTRO DE CARV\u00c3O DUPLO (FILTRO DE CARV\u00c3O ACTIVADO)<br \/>\nO filtro de carbono adicional feito de carbono \u00e9 ideal para todos os fumadores. Al\u00e9m de poluentes, este filtro de carv\u00e3o ativado neutraliza efetivamente odores de tabaco, odores de animais de estima\u00e7\u00e3o, odores de cozinha, odores de fumo, bem como odores de formalde\u00eddo e solvente do ar ambiente. Para ar puro &#8211; sem cheiros desagrad\u00e1veis.<\/p>\n<p>2 PR\u00c9-FILTROS DACRON\u00ae<br \/>\nDACRON\u00ae \u00e9 um nome para filamentos cont\u00ednuos produzidos sinteticamente feitos de poli\u00e9ster, que s\u00e3o ideais como pr\u00e9-filtros na purifica\u00e7\u00e3o do ar devido \u00e0s suas propriedades antial\u00e9rgicas. Os pr\u00e9-filtros de fibra sint\u00e9tica produzidos com ele s\u00e3o particularmente resistentes ao rasgo, dur\u00e1veis e repelentes de \u00e1gua. O filtro de fibra sint\u00e9tica j\u00e1 filtra de forma confi\u00e1vel odores leves a m\u00e9dios, poeira dom\u00e9stica grossa e pelos de animais do ar ambiente.<\/p>\n<p>IONIZA\u00c7\u00c3O<br \/>\nO j\u00e1 alto desempenho do filtro \u00e9 adicionalmente refor\u00e7ado pela ioniza\u00e7\u00e3o totalmente autom\u00e1tica. Isso libera \u00ed\u00f5es com carga negativa, cuja carga est\u00e1tica liga p\u00f3len flutuante, poeira, v\u00edrus e bact\u00e9rias e os deixa afundar no solo, onde s\u00e3o imediatamente sugados e removidos pelo fluxo de ar do ventilador de tr\u00eas est\u00e1gios. Desta forma, o ar ambiente \u00e9 limpo de forma ainda mais eficaz e tamb\u00e9m enriquecido com oxig\u00e9nio ativo.<\/p>\n<p>RECOMENDA\u00c7\u00d5ES DE LIMPEZA \/ SUBSTITUI\u00c7\u00c3O E TROCA DE FILTROS<br \/>\nCom quatro exibi\u00e7\u00f5es diretas no display digital que fornecem informa\u00e7\u00f5es sobre os pr\u00e9-filtros e filtros HEPA usados, voc\u00ea nunca mais perder\u00e1 a hora de limpar os pr\u00e9-filtros ou substituir os filtros HEPA. A barra de cinco n\u00edveis exibe informa\u00e7\u00f5es sobre o grau de sujidade. As medidas de manuten\u00e7\u00e3o e cuidados necess\u00e1rias, como limpeza do pr\u00e9-filtro ou substitui\u00e7\u00e3o do filtro HEPA, s\u00e3o exibidas com um aviso.<br \/>\nT\u00e3o f\u00e1cil quanto operar o AirgoClean\u00ae 250 E \u00e9 a troca r\u00e1pida dos filtros pr\u00e9-montados. As tampas do dispositivo podem ser removidas em ambos os lados sem ferramentas com um movimento de m\u00e3o, de modo que o pr\u00e9-filtro e o filtro HEPA possam ser inspecionados visualmente e trocados se necess\u00e1rio.<\/p>\n<p>DETEC\u00c7\u00c3O DE LUZ COM CONTROLE AUTOM\u00c1TICO DE SA\u00cdDA DE AR<br \/>\nQuando a luminosidade do ambiente diminui, por exemplo, quando a ilumina\u00e7\u00e3o \u00e9 desligada ou ao anoitecer, o visor digital \u00e9 escurecido no modo autom\u00e1tico e o n\u00edvel de ventila\u00e7\u00e3o \u00e9 reduzido.<\/p>\n<p>FUN\u00c7\u00c3O DIMMER<br \/>\nPara ajustar o brilho do display digital \u00e0 situa\u00e7\u00e3o de luz da sua sala ou para desligar o display completamente, tudo que voc\u00ea precisa fazer \u00e9 pressionar um bot\u00e3o. Al\u00e9m do brilho padr\u00e3o, as configura\u00e7\u00f5es s\u00e3o escurecidas e desligadas.<\/p>\n<p>SEGURAN\u00c7A DE CRIAN\u00c7AS E ANIMAIS DE ESTIMA\u00c7\u00c3O<br \/>\nAs crian\u00e7as s\u00e3o naturalmente curiosas e at\u00e9 os animais de estima\u00e7\u00e3o descobrem o ambiente todos os dias com o seu nariz de peles. O dispositivo de seguran\u00e7a para crian\u00e7as, que pode ser ativado por uma combina\u00e7\u00e3o de teclas, protege a configura\u00e7\u00e3o do dispositivo do purificador de ar das m\u00e3os das crian\u00e7as curiosas e dos seus animais de estima\u00e7\u00e3o. O status do bloqueio para crian\u00e7as \u00e9 mostrado no display digital.<\/p>\n<p>MODO NOCTURNO COM N\u00cdVEL DE VENTILA\u00c7\u00c3O REDUZIDO E BAIXO RU\u00cdDO DE FUNDO<br \/>\nO modo noturno com redu\u00e7\u00e3o de ru\u00eddo e ilumina\u00e7\u00e3o reduzida permite uma filtragem limpa do ar ambiente, mesmo durante o sono. O fluxo de ar \u00e9 automaticamente adaptado \u00e0s necessidades de sono e a sa\u00edda de ar \u00e9 regulada para o n\u00edvel de ventila\u00e7\u00e3o mais baixo.<\/p>\n","protected":false},"excerpt":{"rendered":"<p>A Solu\u00e7\u00e3o mais eficaz e tecnol\u00f3gica para purificar o ar em escrit\u00f3rios, consult\u00f3rios ou em sua casa, devido ao seu potente filtro HEPA de tripla camada.<\/p>\n","protected":false},"featured_media":140,"comment_status":"open","ping_status":"closed","template":"","meta":[],"yoast_head":"<!-- This site is optimized with the Yoast SEO plugin v16.1.1 - https:\/\/yoast.com\/wordpress\/plugins\/seo\/ -->\n<title>Purificador de Ar TROTEC AirgoClean\u00ae Design 250 E - Oxygiene<\/title>\n<link rel=\"canonical\" href=\"https:\/\/oxygiene.pt\/loja\/product\/purificador-de-ar-trotec-airgoclean-design-250-e\/\" \/>\n<meta property=\"og:locale\" content=\"pt_PT\" \/>\n<meta property=\"og:type\" content=\"article\" \/>\n<meta property=\"og:title\" content=\"Purificador de Ar TROTEC AirgoClean\u00ae Design 250 E - Oxygiene\" \/>\n<meta property=\"og:description\" content=\"A Solu\u00e7\u00e3o mais eficaz e tecnol\u00f3gica para purificar o ar em escrit\u00f3rios, consult\u00f3rios ou em sua casa, devido ao seu potente filtro HEPA de tripla camada.\" \/>\n<meta property=\"og:url\" content=\"https:\/\/oxygiene.pt\/loja\/product\/purificador-de-ar-trotec-airgoclean-design-250-e\/\" \/>\n<meta property=\"og:site_name\" content=\"Oxygiene\" \/>\n<meta property=\"article:modified_time\" content=\"2024-12-04T13:12:36+00:00\" \/>\n<meta property=\"og:image\" content=\"https:\/\/oxygiene.pt\/loja\/wp-content\/uploads\/2021\/02\/Purificador-de-Ar-TROTEC-AirgoClean\u00ae-Design-250-E.jpg\" \/>\n\t<meta property=\"og:image:width\" content=\"1000\" \/>\n\t<meta property=\"og:image:height\" content=\"1000\" \/>\n<meta name=\"twitter:card\" content=\"summary_large_image\" \/>\n<meta name=\"twitter:label1\" content=\"Tempo estimado de leitura\">\n\t<meta name=\"twitter:data1\" content=\"8 minutos\">\n<script type=\"application\/ld+json\" class=\"yoast-schema-graph\">{\"@context\":\"https:\/\/schema.org\",\"@graph\":[{\"@type\":\"WebSite\",\"@id\":\"https:\/\/oxygiene.pt\/loja\/#website\",\"url\":\"https:\/\/oxygiene.pt\/loja\/\",\"name\":\"Oxygiene\",\"description\":\"Solu\\u00e7\\u00f5es de desinfe\\u00e7\\u00e3o e limpeza\",\"potentialAction\":[{\"@type\":\"SearchAction\",\"target\":\"https:\/\/oxygiene.pt\/loja\/?s={search_term_string}\",\"query-input\":\"required name=search_term_string\"}],\"inLanguage\":\"pt-PT\"},{\"@type\":\"ImageObject\",\"@id\":\"https:\/\/oxygiene.pt\/loja\/product\/purificador-de-ar-trotec-airgoclean-design-250-e\/#primaryimage\",\"inLanguage\":\"pt-PT\",\"url\":\"https:\/\/oxygiene.pt\/loja\/wp-content\/uploads\/2021\/02\/Purificador-de-Ar-TROTEC-AirgoClean\\u00ae-Design-250-E.jpg\",\"contentUrl\":\"https:\/\/oxygiene.pt\/loja\/wp-content\/uploads\/2021\/02\/Purificador-de-Ar-TROTEC-AirgoClean\\u00ae-Design-250-E.jpg\",\"width\":1000,\"height\":1000,\"caption\":\"Purificador de Ar TROTEC AirgoClean\\u00ae Design 250 E\"},{\"@type\":\"WebPage\",\"@id\":\"https:\/\/oxygiene.pt\/loja\/product\/purificador-de-ar-trotec-airgoclean-design-250-e\/#webpage\",\"url\":\"https:\/\/oxygiene.pt\/loja\/product\/purificador-de-ar-trotec-airgoclean-design-250-e\/\",\"name\":\"Purificador de Ar TROTEC AirgoClean\\u00ae Design 250 E - Oxygiene\",\"isPartOf\":{\"@id\":\"https:\/\/oxygiene.pt\/loja\/#website\"},\"primaryImageOfPage\":{\"@id\":\"https:\/\/oxygiene.pt\/loja\/product\/purificador-de-ar-trotec-airgoclean-design-250-e\/#primaryimage\"},\"datePublished\":\"2021-02-16T12:07:30+00:00\",\"dateModified\":\"2024-12-04T13:12:36+00:00\",\"breadcrumb\":{\"@id\":\"https:\/\/oxygiene.pt\/loja\/product\/purificador-de-ar-trotec-airgoclean-design-250-e\/#breadcrumb\"},\"inLanguage\":\"pt-PT\",\"potentialAction\":[{\"@type\":\"ReadAction\",\"target\":[\"https:\/\/oxygiene.pt\/loja\/product\/purificador-de-ar-trotec-airgoclean-design-250-e\/\"]}]},{\"@type\":\"BreadcrumbList\",\"@id\":\"https:\/\/oxygiene.pt\/loja\/product\/purificador-de-ar-trotec-airgoclean-design-250-e\/#breadcrumb\",\"itemListElement\":[{\"@type\":\"ListItem\",\"position\":1,\"item\":{\"@type\":\"WebPage\",\"@id\":\"https:\/\/oxygiene.pt\/loja\/\",\"url\":\"https:\/\/oxygiene.pt\/loja\/\",\"name\":\"In\\u00edcio\"}},{\"@type\":\"ListItem\",\"position\":2,\"item\":{\"@type\":\"WebPage\",\"@id\":\"https:\/\/oxygiene.pt\/loja\/?page_id=8\",\"url\":\"https:\/\/oxygiene.pt\/loja\/?page_id=8\",\"name\":\"Produtos_antigo\"}},{\"@type\":\"ListItem\",\"position\":3,\"item\":{\"@type\":\"WebPage\",\"@id\":\"https:\/\/oxygiene.pt\/loja\/product\/purificador-de-ar-trotec-airgoclean-design-250-e\/\",\"url\":\"https:\/\/oxygiene.pt\/loja\/product\/purificador-de-ar-trotec-airgoclean-design-250-e\/\",\"name\":\"Purificador de Ar TROTEC AirgoClean\\u00ae Design 250 E\"}}]}]}<\/script>\n<!-- \/ Yoast SEO plugin. -->","_links":{"self":[{"href":"https:\/\/oxygiene.pt\/loja\/wp-json\/wp\/v2\/product\/137"}],"collection":[{"href":"https:\/\/oxygiene.pt\/loja\/wp-json\/wp\/v2\/product"}],"about":[{"href":"https:\/\/oxygiene.pt\/loja\/wp-json\/wp\/v2\/types\/product"}],"replies":[{"embeddable":true,"href":"https:\/\/oxygiene.pt\/loja\/wp-json\/wp\/v2\/comments?post=137"}],"wp:featuredmedia":[{"embeddable":true,"href":"https:\/\/oxygiene.pt\/loja\/wp-json\/wp\/v2\/media\/140"}],"wp:attachment":[{"href":"https:\/\/oxygiene.pt\/loja\/wp-json\/wp\/v2\/media?parent=137"}],"curies":[{"name":"wp","href":"https:\/\/api.w.org\/{rel}","templated":true}]}}