{"id":131,"date":"2021-02-16T11:57:05","date_gmt":"2021-02-16T11:57:05","guid":{"rendered":"https:\/\/oxygiene.pt\/loja\/?post_type=product&#038;p=131"},"modified":"2025-04-12T15:43:21","modified_gmt":"2025-04-12T15:43:21","slug":"purificador-de-ar-trotec-airgoclean-design-200-e","status":"publish","type":"product","link":"https:\/\/oxygiene.pt\/loja\/product\/purificador-de-ar-trotec-airgoclean-design-200-e\/","title":{"rendered":"Purificador de Ar TROTEC AirgoClean\u00ae Design 200 E"},"content":{"rendered":"<p>BENEF\u00cdCIOS DO PURIFICADOR TROTEC AIRGOCLEAN\u00ae DESIGN 200 E:<br \/>\n\u2022 Vencedor do Pr\u00e9mio de Red Dot Design<br \/>\n\u2022 Constru\u00e7\u00e3o de alta qualidade com a\u00e7o inoxid\u00e1vel escovado e cantos arredondados<br \/>\n\u2022 Sistema de filtro de ar ambiente de v\u00e1rios est\u00e1gios com pr\u00e9-filtro DACRON\u00ae, filtro HEPA \/ carbono combinado e ioniza\u00e7\u00e3o<br \/>\n\u2022 Filtragem HEPA altamente eficiente de part\u00edculas finas de poeira, part\u00edculas suspensas, poluentes, germes e odores<br \/>\n\u2022 Display em cores LED com visualiza\u00e7\u00e3o em tempo real do n\u00edvel de part\u00edculas finas de poeira (valor PM 2,5)<br \/>\n\u2022 Adequado para purifica\u00e7\u00e3o de ar totalmente autom\u00e1tica em salas de at\u00e9 66 m\u00b2 ou 165 m\u00b3<br \/>\n\u2022 Volume de limpeza m\u00e1x. 550 m\u00b3 \/ h<br \/>\n\u2022 3 velocidades do ventilador<br \/>\n\u2022 3 modos de opera\u00e7\u00e3o: modo autom\u00e1tico, modo turbo, modo noturno<br \/>\n\u2022 Compacto e poderoso com f\u00e1cil opera\u00e7\u00e3o<br \/>\n\u2022 Troca r\u00e1pida e descomplicada do filtro<br \/>\n\u2022 Dete\u00e7\u00e3o de luz<br \/>\n\u2022 Fun\u00e7\u00e3o temporizador<br \/>\n\u2022 Fun\u00e7\u00e3o de mem\u00f3ria<br \/>\n\u2022 Luz indicadora de filtro<br \/>\n\u2022 Modo noturno (ru\u00eddo reduzido)<br \/>\n\u2022 Baixo consumo de energia<br \/>\n\u2022 Antial\u00e9rgico<\/p>\n<p>CARACTER\u00cdSTICAS T\u00c9CNICAS<br \/>\n\u2022 Fluxo de ar<br \/>\nApropriado para recintos com tamanho de at\u00e9 [m\u00b2] 66<br \/>\nN\u00edvel 1 [m\u00b3\/h] 179<br \/>\nN\u00edvel 2 [m\u00b3\/h] 267<br \/>\nN\u00edvel 3 [m\u00b3\/h] 433<br \/>\nN\u00edvel 4 [m\u00b3\/h] 550<br \/>\n\u2022 Pot\u00eancia absorvida [kW] 0,038<br \/>\n\u2022 Comprimento do cabo [m] 1,8<br \/>\n\u2022 Valores ac\u00fasticos<br \/>\nN\u00edvel 1 &#8211; Dist\u00e2ncia 1 m [dB(A)] 31<br \/>\nN\u00edvel 2 &#8211; Dist\u00e2ncia 1 m [dB(A)] 38<br \/>\nN\u00edvel 3 &#8211; Dist\u00e2ncia 1 m [dB(A)] 49<br \/>\nN\u00edvel 4 &#8211; Dist\u00e2ncia 1 m [dB(A)] 54<br \/>\n\u2022 Ventilador<br \/>\nVelocidades de ventila\u00e7\u00e3o 4<br \/>\n\u2022 Dimens\u00f5es<br \/>\nComprimento [mm] 310<br \/>\nLargura [mm] 310<br \/>\nAltura [mm] 680<br \/>\n\u2022 Peso [kg] 10.5<\/p>\n<p>O AIRGOCLEAN\u00ae 200 E MELHORA A QUALIDADE DO AR E PROTEGE-O CONTRA DOEN\u00c7AS<br \/>\nProteja a si e todos os seus com ar limpo filtrado por HEPA, que \u00e9 ret\u00e9m 99,97% de subst\u00e2ncias nocivas transportadas pelo ar e poluentes. Totalmente autom\u00e1tico, gra\u00e7as aos mais recentes sensores de qualidade do ar. Os &#8220;Sensores de qualidade do ar&#8221; do AirgoClean\u00ae 200 E medem continuamente a polui\u00e7\u00e3o de poeira fina e a qualidade do ar ambiente de forma a purific\u00e1-lo de forma inteligente e autom\u00e1tica. A ventila\u00e7\u00e3o ajust\u00e1vel em quatro est\u00e1gios com uma circula\u00e7\u00e3o de ar m\u00e1xima de 550 m\u00b3 \/ h permite uma melhoria not\u00e1vel da qualidade do ar em ambientes at\u00e9 66 m\u00b2 ou 165 m\u00b3.<\/p>\n<p>PODEROSA TECNOLOGIA DE FILTRO HEPA MUITO USER FRINDLY<br \/>\nO filtro de ar AirgoClean\u00ae 200 E combina um design premiado, uma poderosa tecnologia de filtro HEPA e uma opera\u00e7\u00e3o extremamente simples. O moderno display LED mostra o valor da poeira fina e a qualidade do ar ambiente em tempo real, um display de barra de cinco n\u00edveis indica que o filtro precisa ser trocado. O funcionamento do AirgoClean\u00ae 200 E tem como op\u00e7\u00e3o tr\u00eas modos de opera\u00e7\u00e3o (modo autom\u00e1tico, modo turbo, modo noturno).<\/p>\n<p>VISOR COLORIDO DA QUALIDADE DO AR COM EXIBI\u00c7\u00c3O DO VALOR PM2,5<br \/>\nO visor de qualidade do ar colocado no centro do AirgoClean\u00ae 200 E torna vis\u00edvel a polui\u00e7\u00e3o de poeira fina e outros poluentes do ar ambiente invis\u00edveis, mas igualmente perigosos. O valor PM-2.5 (n\u00famero de part\u00edculas finas de poeira &lt; 2,5 \u00b5m) e a qualidade do ar da sala podem ser lidos no display LED regul\u00e1vel, mesmo de uma grande dist\u00e2ncia. Um anel colorido fornece informa\u00e7\u00f5es claramente vis\u00edveis sobre a qualidade do ar em tr\u00eas grada\u00e7\u00f5es de cores:<br \/>\nVerde: Boa qualidade do ar, valor de PM2,5 0 \u2013 35<br \/>\nAzul: Qualidade m\u00e9dia do ar, valor de PM2.5 36 \u2013 116<br \/>\nVermelho: M\u00e1 qualidade do ar, valor de PM2.5&gt; 116<\/p>\n<p>MODO AUTOM\u00c1TICO PARA DESEMPENHO DE LIMPEZA CONTROLADO DE FORMA INTELIGENTE<br \/>\nA qualidade do ar interior pode ter efeitos positivos e negativos no nosso bem-estar, no nosso desempenho e, em particular, na nossa sa\u00fade. Com o AirgoClean\u00ae 200E pode contar com ar limpo e filtrado para uma respira\u00e7\u00e3o saud\u00e1vel. No modo autom\u00e1tico conveniente, o purificador de ar reduz automaticamente os riscos \u00e0 sa\u00fade no ar em seu ambiente.<\/p>\n<p>EXIBI\u00c7\u00c3O COMBINADA DE POEIRA FINA PM2.5 E QUALIDADE DO AR<br \/>\nAl\u00e9m do controle manual do desempenho da purifica\u00e7\u00e3o do ar em 3 est\u00e1gios, o AirgoClean\u00ae 200 E possui um modo autom\u00e1tico. &#8220;Sensores de qualidade do ar&#8221; altamente precisos medem a qualidade do ar Interior e polui\u00e7\u00e3o de poeira fina no ar em tempo real bem como os poluentes gasosos (VOC) acionando assim modos de purifica\u00e7\u00e3o mais eficazes. O desempenho do ar e do filtro do dispositivo \u00e9 regulado de forma totalmente autom\u00e1tica para o n\u00edvel necess\u00e1rio para remover as part\u00edculas em suspens\u00e3o do ar ambiente no menor tempo poss\u00edvel.<\/p>\n<p>\u00c1REAS DE APLICA\u00c7\u00c3O E TAMANHOS DAS SALAS:<br \/>\n&#8211; Filtrando poeira fina, p\u00f3len e pelos de animais (CADR):Adequado para salas de at\u00e9 66 m\u00b2 \/ 165 m\u00b3.Recomenda\u00e7\u00e3o Trotec * 32 m\u00b2 \/ 80 m\u00b3<br \/>\n&#8211; Filtragem de v\u00edrus SARS-CoV-2:Com 6 renova\u00e7\u00f5es de ar (escrit\u00f3rio, salas de reuni\u00f5es) adequadas para salas at\u00e9 no m\u00e1x. 36 m\u00b2 \/ 91 m\u00b3.Recomenda\u00e7\u00e3o Trotec * 18 m\u00b2 \/ 45 m\u00b3.<br \/>\n&#8211; Com 10 renova\u00e7\u00f5es de ar (cl\u00ednicas, salas de tratamento) adequadas para salas de at\u00e9 no m\u00e1x. 22 m\u00b2 \/ 55 m\u00b3.Recomenda\u00e7\u00e3o Trotec * 11 m\u00b2 \/ 28 m\u00b3.<\/p>\n<p>TECNOLOGIA DE FILTRO DUPLO 3 EM 1 HEPA COM IONIZA\u00c7\u00c3O<br \/>\nGra\u00e7as ao sistema de filtro combinado de carbono HEPA e tecnologia de filtro DACRON em design duplo com ioniza\u00e7\u00e3o adicional, part\u00edculas finas de poeira, al\u00e9rgenos e outros pat\u00f3genos s\u00e3o filtrados de forma imbat\u00edvel no ar interior.<\/p>\n<p>FILTRO HEPA DE 2 VIAS<br \/>\nV\u00edrus, bact\u00e9rias, p\u00f3len, al\u00e9rgenos, part\u00edculas finas de poeira e esporos de mofo de at\u00e9 0,3 micr\u00f4metros s\u00e3o eliminados nos dois filtros HEPA. Devido \u00e0 alta efici\u00eancia de separa\u00e7\u00e3o de 99,97%, os filtros desta classe de filtros s\u00e3o usados, por exemplo, em \u00e1reas de laborat\u00f3rio sens\u00edveis \u00e0 higiene e na produ\u00e7\u00e3o de alimentos. As melhores condi\u00e7\u00f5es para transformar as suas pr\u00f3prias quatro paredes num o\u00e1sis de bem-estar com ar ambiente limpo, filtrado e fresco.<\/p>\n<p>FILTRO DE CARV\u00c3O DUPLO (FILTRO DE CARV\u00c3O ATIVADO)<br \/>\nO filtro de carbono adicional feito de carbono \u00e9 ideal para todos os fumadores. Al\u00e9m de poluentes, este filtro de carv\u00e3o ativado neutraliza efetivamente odores de tabaco, odores de animais de estima\u00e7\u00e3o, odores de cozinha, odores de fumo, bem como odores de formalde\u00eddo e solvente do ar ambiente. Para ar puro &#8211; sem cheiros desagrad\u00e1veis.<\/p>\n<p>2 PR\u00c9-FILTROS DACRON\u00ae<br \/>\nDACRON\u00ae \u00e9 um nome para filamentos cont\u00ednuos produzidos sinteticamente feitos de poli\u00e9ster, que s\u00e3o ideais como pr\u00e9-filtros na purifica\u00e7\u00e3o do ar devido \u00e0s suas propriedades antial\u00e9rgicas. Os pr\u00e9-filtros de fibra sint\u00e9tica produzidos com ele s\u00e3o particularmente resistentes ao rasgo, dur\u00e1veis e repelentes de \u00e1gua. O filtro de fibra sint\u00e9tica j\u00e1 filtra de forma confi\u00e1vel odores leves a m\u00e9dios, poeira dom\u00e9stica grossa e pelos de animais do ar ambiente.<\/p>\n<p>MODO TURBO PARA LIMPEZA DE AR ACELERADA<br \/>\nN\u00e3o espere para poder respirar profundamente ar saud\u00e1vel. Com sua alta sa\u00edda de ar, o AirgoClean 200 E garante resultados de limpeza r\u00e1pidos e ar limpo e filtrado por HEPA em toda a sala. Gra\u00e7as \u00e0 combina\u00e7\u00e3o perfeita de fluxo de ar optimizador e funcionamento potente, este purificador de ar ajuda-o a alcan\u00e7ar um ar interior saud\u00e1vel com qualidade aprimorada de forma impressionantemente r\u00e1pida.<\/p>\n<p>DETEC\u00c7\u00c3O DE LUZ COM CONTROLE AUTOM\u00c1TICO DE SA\u00cdDA DE AR<br \/>\nQuando a luz ambiente diminui ou chega o anoitecer, ou \u00e9 mesmo desligada, o display digital desliga-se e o n\u00edvel de ventila\u00e7\u00e3o \u00e9 reduzido para um ambiente silencioso para dormir.<\/p>\n<p>MUDAN\u00c7A DO FILTRO E INDICADOR DE LIMPEZA DO FILTRO<br \/>\nDois visores de barra de cinco n\u00edveis fornecem informa\u00e7\u00f5es sobre o grau de contamina\u00e7\u00e3o do pr\u00e9-filtro e do filtro HEPA \/ carbono. Assim que os dois filtros HEPA \/ carv\u00e3o pr\u00e9-instalados precisarem ser substitu\u00eddos ou os pr\u00e9-filtros precisarem ser limpos, uma mensagem de aviso (Substitua ou Limpe) aparecer\u00e1 no display digital de LED.<\/p>\n<p>TEMPORIZADOR COM DESLIGAR AUTOM\u00c1TICO<br \/>\nO temporizador \u00e9 muito f\u00e1cil de programar e permite que um tempo de opera\u00e7\u00e3o seja definido. O n\u00famero de horas at\u00e9 o desligar autom\u00e1tico pode ser ajustado para 12, 24, 48 ou 72 horas. Assim como o seu equil\u00edbrio entre vida profissional e pessoal exige &#8211; tempos de opera\u00e7\u00e3o desnecess\u00e1rios tamb\u00e9m podem ser evitados.<\/p>\n<p>MODO NOTURNO COM N\u00cdVEL DE VENTILA\u00c7\u00c3O REDUZIDO E BAIXO RU\u00cdDO DE FUNDO<br \/>\nO modo noturno permite uma redu\u00e7\u00e3o significativa de ru\u00eddo, para que consiga ter boas noites de sono respirando a o ar puro. O fluxo de ar \u00e9 automaticamente adaptado \u00e0s necessidades de um sono saud\u00e1vel e a sa\u00edda de ar \u00e9 regulada para o n\u00edvel de ventila\u00e7\u00e3o mais baixo.<\/p>\n","protected":false},"excerpt":{"rendered":"<p>Respire Ar Puro e fortale\u00e7a a sua sa\u00fade com o purificador de ar super eficaz e com um design premiado com o Red Dot Design Award. Possui um filtro HEPA de desgin 3 em 1 com ioniza\u00e7\u00e3o.<br \/>\nCom seu corpo em a\u00e7o inoxid\u00e1vel escovado e cor ice white, o filtro de ar de design AirgoClean 200 E \u00e9 um exemplo claro que o design tamb\u00e9m conta na forma de despolui\u00e7\u00e3o do ar.<\/p>\n","protected":false},"featured_media":135,"comment_status":"open","ping_status":"closed","template":"","meta":[],"yoast_head":"<!-- This site is optimized with the Yoast SEO plugin v16.1.1 - https:\/\/yoast.com\/wordpress\/plugins\/seo\/ -->\n<title>Purificador de Ar TROTEC AirgoClean\u00ae Design 200 E - Oxygiene<\/title>\n<link rel=\"canonical\" href=\"https:\/\/oxygiene.pt\/loja\/product\/purificador-de-ar-trotec-airgoclean-design-200-e\/\" \/>\n<meta property=\"og:locale\" content=\"pt_PT\" \/>\n<meta property=\"og:type\" content=\"article\" \/>\n<meta property=\"og:title\" content=\"Purificador de Ar TROTEC AirgoClean\u00ae Design 200 E - Oxygiene\" \/>\n<meta property=\"og:description\" content=\"Respire Ar Puro e fortale\u00e7a a sua sa\u00fade com o purificador de ar super eficaz e com um design premiado com o Red Dot Design Award. Possui um filtro HEPA de desgin 3 em 1 com ioniza\u00e7\u00e3o. Com seu corpo em a\u00e7o inoxid\u00e1vel escovado e cor ice white, o filtro de ar de design AirgoClean 200 E \u00e9 um exemplo claro que o design tamb\u00e9m conta na forma de despolui\u00e7\u00e3o do ar.\" \/>\n<meta property=\"og:url\" content=\"https:\/\/oxygiene.pt\/loja\/product\/purificador-de-ar-trotec-airgoclean-design-200-e\/\" \/>\n<meta property=\"og:site_name\" content=\"Oxygiene\" \/>\n<meta property=\"article:modified_time\" content=\"2025-04-12T15:43:21+00:00\" \/>\n<meta property=\"og:image\" content=\"https:\/\/oxygiene.pt\/loja\/wp-content\/uploads\/2021\/02\/Purificador-de-Ar-TROTEC-AirgoClean\u00ae-Design-200-E.jpg\" \/>\n\t<meta property=\"og:image:width\" content=\"1000\" \/>\n\t<meta property=\"og:image:height\" content=\"1000\" \/>\n<meta name=\"twitter:card\" content=\"summary_large_image\" \/>\n<meta name=\"twitter:label1\" content=\"Tempo estimado de leitura\">\n\t<meta name=\"twitter:data1\" content=\"7 minutos\">\n<script type=\"application\/ld+json\" class=\"yoast-schema-graph\">{\"@context\":\"https:\/\/schema.org\",\"@graph\":[{\"@type\":\"WebSite\",\"@id\":\"https:\/\/oxygiene.pt\/loja\/#website\",\"url\":\"https:\/\/oxygiene.pt\/loja\/\",\"name\":\"Oxygiene\",\"description\":\"Solu\\u00e7\\u00f5es de desinfe\\u00e7\\u00e3o e limpeza\",\"potentialAction\":[{\"@type\":\"SearchAction\",\"target\":\"https:\/\/oxygiene.pt\/loja\/?s={search_term_string}\",\"query-input\":\"required name=search_term_string\"}],\"inLanguage\":\"pt-PT\"},{\"@type\":\"ImageObject\",\"@id\":\"https:\/\/oxygiene.pt\/loja\/product\/purificador-de-ar-trotec-airgoclean-design-200-e\/#primaryimage\",\"inLanguage\":\"pt-PT\",\"url\":\"https:\/\/oxygiene.pt\/loja\/wp-content\/uploads\/2021\/02\/Purificador-de-Ar-TROTEC-AirgoClean\\u00ae-Design-200-E.jpg\",\"contentUrl\":\"https:\/\/oxygiene.pt\/loja\/wp-content\/uploads\/2021\/02\/Purificador-de-Ar-TROTEC-AirgoClean\\u00ae-Design-200-E.jpg\",\"width\":1000,\"height\":1000,\"caption\":\"Purificador de Ar TROTEC AirgoClean\\u00ae Design 200 E\"},{\"@type\":\"WebPage\",\"@id\":\"https:\/\/oxygiene.pt\/loja\/product\/purificador-de-ar-trotec-airgoclean-design-200-e\/#webpage\",\"url\":\"https:\/\/oxygiene.pt\/loja\/product\/purificador-de-ar-trotec-airgoclean-design-200-e\/\",\"name\":\"Purificador de Ar TROTEC AirgoClean\\u00ae Design 200 E - Oxygiene\",\"isPartOf\":{\"@id\":\"https:\/\/oxygiene.pt\/loja\/#website\"},\"primaryImageOfPage\":{\"@id\":\"https:\/\/oxygiene.pt\/loja\/product\/purificador-de-ar-trotec-airgoclean-design-200-e\/#primaryimage\"},\"datePublished\":\"2021-02-16T11:57:05+00:00\",\"dateModified\":\"2025-04-12T15:43:21+00:00\",\"breadcrumb\":{\"@id\":\"https:\/\/oxygiene.pt\/loja\/product\/purificador-de-ar-trotec-airgoclean-design-200-e\/#breadcrumb\"},\"inLanguage\":\"pt-PT\",\"potentialAction\":[{\"@type\":\"ReadAction\",\"target\":[\"https:\/\/oxygiene.pt\/loja\/product\/purificador-de-ar-trotec-airgoclean-design-200-e\/\"]}]},{\"@type\":\"BreadcrumbList\",\"@id\":\"https:\/\/oxygiene.pt\/loja\/product\/purificador-de-ar-trotec-airgoclean-design-200-e\/#breadcrumb\",\"itemListElement\":[{\"@type\":\"ListItem\",\"position\":1,\"item\":{\"@type\":\"WebPage\",\"@id\":\"https:\/\/oxygiene.pt\/loja\/\",\"url\":\"https:\/\/oxygiene.pt\/loja\/\",\"name\":\"In\\u00edcio\"}},{\"@type\":\"ListItem\",\"position\":2,\"item\":{\"@type\":\"WebPage\",\"@id\":\"https:\/\/oxygiene.pt\/loja\/?page_id=8\",\"url\":\"https:\/\/oxygiene.pt\/loja\/?page_id=8\",\"name\":\"Produtos_antigo\"}},{\"@type\":\"ListItem\",\"position\":3,\"item\":{\"@type\":\"WebPage\",\"@id\":\"https:\/\/oxygiene.pt\/loja\/product\/purificador-de-ar-trotec-airgoclean-design-200-e\/\",\"url\":\"https:\/\/oxygiene.pt\/loja\/product\/purificador-de-ar-trotec-airgoclean-design-200-e\/\",\"name\":\"Purificador de Ar TROTEC AirgoClean\\u00ae Design 200 E\"}}]}]}<\/script>\n<!-- \/ Yoast SEO plugin. -->","_links":{"self":[{"href":"https:\/\/oxygiene.pt\/loja\/wp-json\/wp\/v2\/product\/131"}],"collection":[{"href":"https:\/\/oxygiene.pt\/loja\/wp-json\/wp\/v2\/product"}],"about":[{"href":"https:\/\/oxygiene.pt\/loja\/wp-json\/wp\/v2\/types\/product"}],"replies":[{"embeddable":true,"href":"https:\/\/oxygiene.pt\/loja\/wp-json\/wp\/v2\/comments?post=131"}],"wp:featuredmedia":[{"embeddable":true,"href":"https:\/\/oxygiene.pt\/loja\/wp-json\/wp\/v2\/media\/135"}],"wp:attachment":[{"href":"https:\/\/oxygiene.pt\/loja\/wp-json\/wp\/v2\/media?parent=131"}],"curies":[{"name":"wp","href":"https:\/\/api.w.org\/{rel}","templated":true}]}}