{"id":103,"date":"2021-02-15T13:21:00","date_gmt":"2021-02-15T13:21:00","guid":{"rendered":"https:\/\/oxygiene.pt\/loja\/?post_type=product&#038;p=103"},"modified":"2026-03-31T22:32:15","modified_gmt":"2026-03-31T22:32:15","slug":"garrafao-de-liquido-antiseptica-de-desinfecao-de-maos-para-enchimento-5l","status":"publish","type":"product","link":"https:\/\/oxygiene.pt\/loja\/product\/garrafao-de-liquido-antiseptica-de-desinfecao-de-maos-para-enchimento-5l\/","title":{"rendered":"Garraf\u00e3o de L\u00edquido Antis\u00e9ptica de Desinfe\u00e7\u00e3o de M\u00e3os para Enchimento &#8211; 5L"},"content":{"rendered":"<p><strong>Informa\u00e7\u00e3o do produto<\/strong><\/p>\n<ul>\n<li>\u00c0 base de \u00e1gua<\/li>\n<li>Sem \u00e1lcool, higieniza e hidrata a pele simultaneamente<\/li>\n<li>N\u00e3o corrosivo, n\u00e3o irritante, n\u00e3o t\u00f3xico, n\u00e3o inflam\u00e1vel<\/li>\n<li>Pode ser usado em alimentos<\/li>\n<li>Utiliza\u00e7\u00e3o segura<\/li>\n<li>Econ\u00f3mico<\/li>\n<li>F\u00e1cil de usar, com excelentes n\u00edveis de aceita\u00e7\u00e3o do utilizador<\/li>\n<li>Efeito antimicrobiano prolongado at\u00e9 4 horas ap\u00f3s a aplica\u00e7\u00e3o<\/li>\n<\/ul>\n<p>Utilize o desinfetante para as m\u00e3os PROTECT, e ficar\u00e1 com as m\u00e3os desinfetadas at\u00e9 4 horas. Ao contr\u00e1rio de desinfetantes \u00e0 base de \u00e1lcool, PROTECT tem um efeito antimicrobiano prolongado entre duas a quatro horas. PROTECT est\u00e1 em conformidade com a Monografia Tentativa Final (FDA) para prepara\u00e7\u00f5es de higieniza\u00e7\u00e3o manual das OTC.<\/p>\n<p><a href=\"https:\/\/oxygiene.pt\/public\/web\/img\/19c9a-oxygiene-protect-eficacia-contra-virus-bacterias-fungos.pdf\" target=\"_blank\" rel=\"noopener noreferrer\">Veja aqui a ficha t\u00e9cnica do produto e qual a sua efic\u00e1cia contra V\u00edrus, Bact\u00e9rias, Fungos, etc.<\/a><\/p>\n<p><img loading=\"lazy\" class=\"\" src=\"https:\/\/oxygiene.pt\/public\/web\/img\/d3a20-alcohol-free-100x100.png\" width=\"60\" height=\"60\" \/><strong>Sem \u00e1lcool<\/strong>\u00a0&#8211; Protect\u00a0 n\u00e3o tem \u00e1lcool, logo n\u00e3o \u00e9 irritante, n\u00e3o \u00e9 t\u00f3xico nem inflam\u00e1vel<\/p>\n<p><strong><img loading=\"lazy\" class=\"alignnone\" src=\"https:\/\/oxygiene.pt\/public\/web\/img\/65200-user-friendly-100x100.png\" width=\"57\" height=\"57\" data-no-retina=\"\" \/><\/strong><strong>\u00a0<\/strong><strong>Muito f\u00e1cil de usar<\/strong>\u00a0&#8211; sem emolientes, \u00e1lcool ou fragr\u00e2ncia na sua formula\u00e7\u00e3o, Protect \u00e9 incrivelmente f\u00e1cil de utilizar<\/p>\n<p><strong><img loading=\"lazy\" class=\"alignnone\" src=\"https:\/\/oxygiene.pt\/public\/web\/img\/c9806-target-100x100.png\" width=\"56\" height=\"56\" data-no-retina=\"\" \/><\/strong><strong>\u00a0<\/strong><strong>Eficaz contra bact\u00e9rias, v\u00edrus e fungos<\/strong>\u00a0&#8211; Exames laboratoriais extensivos provam que PROTECT elimina pelo menos 99,9% de bact\u00e9rias e v\u00edrus num minuto ou menos<\/p>\n<p><strong><img loading=\"lazy\" class=\"\" src=\"https:\/\/oxygiene.pt\/public\/web\/img\/ea6df-tackiness-odour-skin-100x100.png\" width=\"62\" height=\"62\" data-no-retina=\"\" \/><\/strong><strong>\u00a0<\/strong><strong>N\u00e3o deixa res\u00edduos, viscosidade ou odor na pele<\/strong>\u00a0&#8211; A sua formula\u00e7\u00e3o sem \u00e1lcool, sem perfume e sem emolientes deixa a pele macia e suave, sem res\u00edduos, viscosidades ou odores<\/p>\n<p>&nbsp;<\/p>\n<p><strong>Mais informa\u00e7\u00f5es sobre o PROTECT<\/strong><\/p>\n<div><strong>+O que \u00e9 PROTECT?<\/strong><br \/>\nPROTECT \u00e9 um produto \u00e0 base de \u00e1gua, sem \u00e1lcool, que simultaneamente higieniza e hidrata a pele. N\u00e3o \u00e9 inflam\u00e1vel, \u00e9 econ\u00f3mico e f\u00e1cil de usar, com excelentes n\u00edveis de aceita\u00e7\u00e3o do utilizador, e efeito antimicrobiano prolongado at\u00e9 4 horas ap\u00f3s a aplica\u00e7\u00e3o, enquanto protege e aprimora o sistema de autodefesa das suas m\u00e3os, contrariamente ao \u00e1lcool que as deixa desprotegidas. Est\u00e1 em conformidade com a EN 1500 e \u00e9 um anti-s\u00e9ptico, podendo ser aplicado em cortes e arranh\u00f5es.<\/div>\n<div><\/div>\n<div><strong>+Como o PROTECT afeta os micr\u00f3bios?<\/strong><\/div>\n<div>O PROTECT foi desenvolvido como um desinfetante de pele para ser usado em situa\u00e7\u00f5es onde a higiene da pele e m\u00e3os \u00e9 de extrema import\u00e2ncia. \u00c9 um desinfetante \/ anti-s\u00e9ptico e oferece limpeza, desinfe\u00e7\u00e3o e higieniza\u00e7\u00e3o da pele de modo seguro e eficaz, e \u00e9 extremamente f\u00e1cil de usar, com altos n\u00edveis de efic\u00e1cia antimicrobiana, conforme descrito nos dados t\u00e9cnicos. PROTECT \u00e9 um forte agente l\u00edtico baseado no am\u00f3nio quatern\u00e1rio composto do cloreto de benzalc\u00f3nio. Os compostos de am\u00f3nio quatern\u00e1rio t\u00eam m\u00faltiplos efeitos e pontos de a\u00e7\u00e3o nos micr\u00f3bios, que incluem:<\/div>\n<ul>\n<li>Inativa\u00e7\u00e3o de enzimas produtoras de energia<\/li>\n<li>Desnatura\u00e7\u00e3o de prote\u00ednas microbianas essenciais<\/li>\n<li>Rutura f\u00edsica dos lip\u00eddios da membrana<\/li>\n<li>Paredes celulares bacterianas<\/li>\n<\/ul>\n<p>Prote\u00ednas e lip\u00eddios s\u00e3o componentes essenciais de bact\u00e9rias, v\u00edrus e fungos, logo, se um dano significativo for feito nestes componentes-chave, \u00e9 fatal para o organismo destes. PROTECT causa altera\u00e7\u00f5es r\u00e1pidas e significativas em v\u00e1rios locais dentro do micr\u00f3bio &#8211; a magnitude desse efeito \u00e9 t\u00e3o grande que, normalmente, \u00e9 letal poucos minutos ap\u00f3s o contato.<\/p>\n<p><img src=\"https:\/\/oxygiene.pt\/public\/web\/img\/ddf65-key-viral-structures-affected-by-protect.jpg\" alt=\"\" data-no-retina=\"\" \/><\/p>\n<p><a href=\"https:\/\/oxygiene.pt\/public\/web\/img\/54bf5-teccare-antimicrobial-technology-platforms-at-a-glance-v6-may-16-7-1514902674.pdf\" target=\"_blank\" rel=\"noopener noreferrer\">Veja aqui as propriedades dos flu\u00eddos antimicrobianos da Oxygiene<\/a><\/p>\n","protected":false},"excerpt":{"rendered":"<p><strong>O TECcare PROTECT foi projetado especificamente para higienizar e hidratar as m\u00e3os e a pele<\/strong><\/p>\n<p>PROTECT \u00e9 um anti-s\u00e9ptico da pele que oferece uma limpeza e desinfe\u00e7\u00e3o seguras e efetivas. Pode ser utilizado numa ampla gama de ind\u00fastrias, desde cuidados de sa\u00fade a estabelecimentos de ensino, processamento de alimentos ou ci\u00eancias veterin\u00e1rias.<\/p>\n","protected":false},"featured_media":448,"comment_status":"open","ping_status":"closed","template":"","meta":[],"yoast_head":"<!-- This site is optimized with the Yoast SEO plugin v16.1.1 - https:\/\/yoast.com\/wordpress\/plugins\/seo\/ -->\n<title>Garraf\u00e3o de L\u00edquido Antis\u00e9ptica de Desinfe\u00e7\u00e3o de M\u00e3os para Enchimento - 5L - Oxygiene<\/title>\n<link rel=\"canonical\" href=\"https:\/\/oxygiene.pt\/loja\/product\/garrafao-de-liquido-antiseptica-de-desinfecao-de-maos-para-enchimento-5l\/\" \/>\n<meta property=\"og:locale\" content=\"pt_PT\" \/>\n<meta property=\"og:type\" content=\"article\" \/>\n<meta property=\"og:title\" content=\"Garraf\u00e3o de L\u00edquido Antis\u00e9ptica de Desinfe\u00e7\u00e3o de M\u00e3os para Enchimento - 5L - Oxygiene\" \/>\n<meta property=\"og:description\" content=\"O TECcare PROTECT foi projetado especificamente para higienizar e hidratar as m\u00e3os e a pele  PROTECT \u00e9 um anti-s\u00e9ptico da pele que oferece uma limpeza e desinfe\u00e7\u00e3o seguras e efetivas. Pode ser utilizado numa ampla gama de ind\u00fastrias, desde cuidados de sa\u00fade a estabelecimentos de ensino, processamento de alimentos ou ci\u00eancias veterin\u00e1rias.\" \/>\n<meta property=\"og:url\" content=\"https:\/\/oxygiene.pt\/loja\/product\/garrafao-de-liquido-antiseptica-de-desinfecao-de-maos-para-enchimento-5l\/\" \/>\n<meta property=\"og:site_name\" content=\"Oxygiene\" \/>\n<meta property=\"article:modified_time\" content=\"2026-03-31T22:32:15+00:00\" \/>\n<meta property=\"og:image\" content=\"https:\/\/oxygiene.pt\/loja\/wp-content\/uploads\/2021\/02\/oxygiene-teccare-protect-garrafao.jpg\" \/>\n\t<meta property=\"og:image:width\" content=\"600\" \/>\n\t<meta property=\"og:image:height\" content=\"600\" \/>\n<meta name=\"twitter:card\" content=\"summary_large_image\" \/>\n<meta name=\"twitter:label1\" content=\"Tempo estimado de leitura\">\n\t<meta name=\"twitter:data1\" content=\"3 minutos\">\n<script type=\"application\/ld+json\" class=\"yoast-schema-graph\">{\"@context\":\"https:\/\/schema.org\",\"@graph\":[{\"@type\":\"WebSite\",\"@id\":\"https:\/\/oxygiene.pt\/loja\/#website\",\"url\":\"https:\/\/oxygiene.pt\/loja\/\",\"name\":\"Oxygiene\",\"description\":\"Solu\\u00e7\\u00f5es de desinfe\\u00e7\\u00e3o e limpeza\",\"potentialAction\":[{\"@type\":\"SearchAction\",\"target\":\"https:\/\/oxygiene.pt\/loja\/?s={search_term_string}\",\"query-input\":\"required name=search_term_string\"}],\"inLanguage\":\"pt-PT\"},{\"@type\":\"ImageObject\",\"@id\":\"https:\/\/oxygiene.pt\/loja\/product\/garrafao-de-liquido-antiseptica-de-desinfecao-de-maos-para-enchimento-5l\/#primaryimage\",\"inLanguage\":\"pt-PT\",\"url\":\"https:\/\/oxygiene.pt\/loja\/wp-content\/uploads\/2021\/02\/oxygiene-teccare-protect-garrafao.jpg\",\"contentUrl\":\"https:\/\/oxygiene.pt\/loja\/wp-content\/uploads\/2021\/02\/oxygiene-teccare-protect-garrafao.jpg\",\"width\":600,\"height\":600},{\"@type\":\"WebPage\",\"@id\":\"https:\/\/oxygiene.pt\/loja\/product\/garrafao-de-liquido-antiseptica-de-desinfecao-de-maos-para-enchimento-5l\/#webpage\",\"url\":\"https:\/\/oxygiene.pt\/loja\/product\/garrafao-de-liquido-antiseptica-de-desinfecao-de-maos-para-enchimento-5l\/\",\"name\":\"Garraf\\u00e3o de L\\u00edquido Antis\\u00e9ptica de Desinfe\\u00e7\\u00e3o de M\\u00e3os para Enchimento - 5L - Oxygiene\",\"isPartOf\":{\"@id\":\"https:\/\/oxygiene.pt\/loja\/#website\"},\"primaryImageOfPage\":{\"@id\":\"https:\/\/oxygiene.pt\/loja\/product\/garrafao-de-liquido-antiseptica-de-desinfecao-de-maos-para-enchimento-5l\/#primaryimage\"},\"datePublished\":\"2021-02-15T13:21:00+00:00\",\"dateModified\":\"2026-03-31T22:32:15+00:00\",\"breadcrumb\":{\"@id\":\"https:\/\/oxygiene.pt\/loja\/product\/garrafao-de-liquido-antiseptica-de-desinfecao-de-maos-para-enchimento-5l\/#breadcrumb\"},\"inLanguage\":\"pt-PT\",\"potentialAction\":[{\"@type\":\"ReadAction\",\"target\":[\"https:\/\/oxygiene.pt\/loja\/product\/garrafao-de-liquido-antiseptica-de-desinfecao-de-maos-para-enchimento-5l\/\"]}]},{\"@type\":\"BreadcrumbList\",\"@id\":\"https:\/\/oxygiene.pt\/loja\/product\/garrafao-de-liquido-antiseptica-de-desinfecao-de-maos-para-enchimento-5l\/#breadcrumb\",\"itemListElement\":[{\"@type\":\"ListItem\",\"position\":1,\"item\":{\"@type\":\"WebPage\",\"@id\":\"https:\/\/oxygiene.pt\/loja\/\",\"url\":\"https:\/\/oxygiene.pt\/loja\/\",\"name\":\"In\\u00edcio\"}},{\"@type\":\"ListItem\",\"position\":2,\"item\":{\"@type\":\"WebPage\",\"@id\":\"https:\/\/oxygiene.pt\/loja\/?page_id=8\",\"url\":\"https:\/\/oxygiene.pt\/loja\/?page_id=8\",\"name\":\"Produtos_antigo\"}},{\"@type\":\"ListItem\",\"position\":3,\"item\":{\"@type\":\"WebPage\",\"@id\":\"https:\/\/oxygiene.pt\/loja\/product\/garrafao-de-liquido-antiseptica-de-desinfecao-de-maos-para-enchimento-5l\/\",\"url\":\"https:\/\/oxygiene.pt\/loja\/product\/garrafao-de-liquido-antiseptica-de-desinfecao-de-maos-para-enchimento-5l\/\",\"name\":\"Garraf\\u00e3o de L\\u00edquido Antis\\u00e9ptica de Desinfe\\u00e7\\u00e3o de M\\u00e3os para Enchimento &#8211; 5L\"}}]}]}<\/script>\n<!-- \/ Yoast SEO plugin. -->","_links":{"self":[{"href":"https:\/\/oxygiene.pt\/loja\/wp-json\/wp\/v2\/product\/103"}],"collection":[{"href":"https:\/\/oxygiene.pt\/loja\/wp-json\/wp\/v2\/product"}],"about":[{"href":"https:\/\/oxygiene.pt\/loja\/wp-json\/wp\/v2\/types\/product"}],"replies":[{"embeddable":true,"href":"https:\/\/oxygiene.pt\/loja\/wp-json\/wp\/v2\/comments?post=103"}],"wp:featuredmedia":[{"embeddable":true,"href":"https:\/\/oxygiene.pt\/loja\/wp-json\/wp\/v2\/media\/448"}],"wp:attachment":[{"href":"https:\/\/oxygiene.pt\/loja\/wp-json\/wp\/v2\/media?parent=103"}],"curies":[{"name":"wp","href":"https:\/\/api.w.org\/{rel}","templated":true}]}}