{"id":15,"date":"2020-11-30T11:04:25","date_gmt":"2020-11-30T11:04:25","guid":{"rendered":"https:\/\/oxygiene.pt\/loja\/?page_id=15"},"modified":"2021-10-12T22:39:35","modified_gmt":"2021-10-12T22:39:35","slug":"inicio","status":"publish","type":"page","link":"https:\/\/oxygiene.pt\/loja\/","title":{"rendered":"Destaque"},"content":{"rendered":"<section data-vc-full-width=\"true\" data-vc-full-width-init=\"false\" class=\"vc_row wpb_row vc_row-fluid  vc_custom_1614014692351 pofo-stretch-content pofo-stretch-row-container\"><div class=\"wpb_column vc_column_container vc_col-sm-12  col-xs-mobile-fullwidth\"><div class=\"vc_column-inner vc_custom_1607362156453\"><div class=\"wpb_wrapper\">\n\t\t\t<!-- START Slider 1 REVOLUTION SLIDER 6.2.23 --><p class=\"rs-p-wp-fix\"><\/p>\n\t\t\t<rs-module-wrap id=\"rev_slider_1_1_wrapper\" data-source=\"gallery\" style=\"background:transparent;padding:0;margin:0px auto;margin-top:0;margin-bottom:0;\">\n\t\t\t\t<rs-module id=\"rev_slider_1_1\" style=\"\" data-version=\"6.2.23\">\n\t\t\t\t\t<rs-slides>\n\t\t\t\t\t\t<rs-slide data-key=\"rs-1\" data-title=\"Slide\" data-anim=\"ei:d;eo:d;s:1000;r:0;t:fade;sl:0;\">\n\t\t\t\t\t\t\t<img src=\"\/\/oxygiene.pt\/loja\/wp-content\/plugins\/revslider\/public\/assets\/assets\/transparent.png\" alt=\"Slide\" title=\"banner-oxygiene-mobile\" width=\"400\" height=\"500\" class=\"rev-slidebg\" data-no-retina>\n<!--\n\t\t\t\t\t\t\t--><rs-layer\n\t\t\t\t\t\t\t\tid=\"slider-1-slide-1-layer-2\" \n\t\t\t\t\t\t\t\tdata-type=\"image\"\n\t\t\t\t\t\t\t\tdata-rsp_ch=\"on\"\n\t\t\t\t\t\t\t\tdata-xy=\"x:l,l,l,c;xo:50px,50px,50px,1px;yo:50px,50px,50px,-4px;\"\n\t\t\t\t\t\t\t\tdata-text=\"w:normal;s:20,20,20,4;l:0,0,0,6;\"\n\t\t\t\t\t\t\t\tdata-dim=\"w:300px,300px,300px,479px;h:180px,180px,180px,599px;\"\n\t\t\t\t\t\t\t\tdata-vbility=\"f,f,t,t\"\n\t\t\t\t\t\t\t\tdata-frame_999=\"o:0;st:w;\"\n\t\t\t\t\t\t\t\tstyle=\"z-index:10;\"\n\t\t\t\t\t\t\t><img src=\"\/\/oxygiene.pt\/loja\/wp-content\/uploads\/2021\/03\/banner-oxygiene-mobile.png\" width=\"400\" height=\"500\" data-no-retina> \n\t\t\t\t\t\t\t<\/rs-layer><!--\n\n\t\t\t\t\t\t\t--><a\n\t\t\t\t\t\t\t\tid=\"slider-1-slide-1-layer-3\" \n\t\t\t\t\t\t\t\tclass=\"rs-layer\"\n\t\t\t\t\t\t\t\thref=\"https:\/\/oxygiene.pt\/loja\/product-category\/tratamento-do-ar\/prurificadores-de-ar\/\" target=\"_self\" rel=\"nofollow\"\n\t\t\t\t\t\t\t\tdata-type=\"text\"\n\t\t\t\t\t\t\t\tdata-tsh=\"h:5px,5px,5px,0px;v:5px,5px,5px,0px;b:5px,5px,5px,0px;\"\n\t\t\t\t\t\t\t\tdata-rsp_ch=\"on\"\n\t\t\t\t\t\t\t\tdata-xy=\"xo:75px,75px,75px,18px;y:m;yo:82px,82px,82px,19px;\"\n\t\t\t\t\t\t\t\tdata-text=\"w:normal;s:40,40,40,9;l:42,42,42,9;fw:600;\"\n\t\t\t\t\t\t\t\tdata-dim=\"w:514px,514px,514px,128px;\"\n\t\t\t\t\t\t\t\tdata-border=\"bos:solid;boc:#0c0c0c;bow:0,0,0,0px;bor:5px,5px,5px,5px;\"\n\t\t\t\t\t\t\t\tdata-frame_999=\"o:0;st:w;\"\n\t\t\t\t\t\t\t\tstyle=\"z-index:9;font-family:Montserrat;\"\n\t\t\t\t\t\t\t>GAMA DE \nPURIFICADORES DE AR \nOXYGIENE \n\t\t\t\t\t\t\t<\/a><!--\n\n\t\t\t\t\t\t\t--><a\n\t\t\t\t\t\t\t\tid=\"slider-1-slide-1-layer-6\" \n\t\t\t\t\t\t\t\tclass=\"rs-layer\"\n\t\t\t\t\t\t\t\thref=\"https:\/\/oxygiene.pt\/loja\/product-category\/tratamento-do-ar\/purificadores-de-ar\/\" target=\"_self\" rel=\"nofollow\"\n\t\t\t\t\t\t\t\tdata-type=\"image\"\n\t\t\t\t\t\t\t\tdata-rsp_ch=\"on\"\n\t\t\t\t\t\t\t\tdata-xy=\"x:c;yo:-30px,-30px,-30px,-7px;\"\n\t\t\t\t\t\t\t\tdata-text=\"w:normal;s:20,20,20,4;l:0,0,0,6;\"\n\t\t\t\t\t\t\t\tdata-dim=\"w:['100%','100%','100%','100%'];\"\n\t\t\t\t\t\t\t\tdata-frame_999=\"o:0;st:w;\"\n\t\t\t\t\t\t\t\tstyle=\"z-index:8;\"\n\t\t\t\t\t\t\t><img src=\"\/\/oxygiene.pt\/loja\/wp-content\/uploads\/2021\/02\/oxygiene-purificadores-de-ar.jpg\" alt=\"oxygiene-purificadores-de-ar\" width=\"1292\" height=\"516\" data-c=\"fullwidth\" data-no-retina> \n\t\t\t\t\t\t\t<\/a><!--\n-->\t\t\t\t\t\t<\/rs-slide>\n\t\t\t\t\t<\/rs-slides>\n\t\t\t\t<\/rs-module>\n\t\t\t\t<script type=\"text\/javascript\">\n\t\t\t\t\tsetREVStartSize({c: 'rev_slider_1_1',rl:[1240,1240,1240,480],el:[500,500,500,720],gw:[1920,1920,1920,480],gh:[500,500,500,720],type:'standard',justify:'',layout:'fullwidth',mh:\"0\"});\n\t\t\t\t\tvar\trevapi1,\n\t\t\t\t\t\ttpj;\n\t\t\t\t\tfunction revinit_revslider11() {\n\t\t\t\t\tjQuery(function() {\n\t\t\t\t\t\ttpj = jQuery;\n\t\t\t\t\t\trevapi1 = tpj(\"#rev_slider_1_1\");\n\t\t\t\t\t\tif(revapi1==undefined || revapi1.revolution == undefined){\n\t\t\t\t\t\t\trevslider_showDoubleJqueryError(\"rev_slider_1_1\");\n\t\t\t\t\t\t}else{\n\t\t\t\t\t\t\trevapi1.revolution({\n\t\t\t\t\t\t\t\tvisibilityLevels:\"1240,1240,1240,480\",\n\t\t\t\t\t\t\t\tgridwidth:\"1920,1920,1920,480\",\n\t\t\t\t\t\t\t\tgridheight:\"500,500,500,720\",\n\t\t\t\t\t\t\t\tspinner:\"spinner0\",\n\t\t\t\t\t\t\t\tperspective:600,\n\t\t\t\t\t\t\t\tperspectiveType:\"global\",\n\t\t\t\t\t\t\t\teditorheight:\"500,768,339,720\",\n\t\t\t\t\t\t\t\tresponsiveLevels:\"1240,1240,1240,480\",\n\t\t\t\t\t\t\t\tprogressBar:{disableProgressBar:true},\n\t\t\t\t\t\t\t\tnavigation: {\n\t\t\t\t\t\t\t\t\tonHoverStop:false\n\t\t\t\t\t\t\t\t},\n\t\t\t\t\t\t\t\tfallbacks: {\n\t\t\t\t\t\t\t\t\tallowHTML5AutoPlayOnAndroid:true\n\t\t\t\t\t\t\t\t},\n\t\t\t\t\t\t\t});\n\t\t\t\t\t\t}\n\t\t\t\t\t\t\n\t\t\t\t\t});\n\t\t\t\t\t} \/\/ End of RevInitScript\n\t\t\t\tvar once_revslider11 = false;\n\t\t\t\tif (document.readyState === \"loading\") {document.addEventListener('readystatechange',function() { if((document.readyState === \"interactive\" || document.readyState === \"complete\") && !once_revslider11 ) { once_revslider11 = true; revinit_revslider11();}});} else {once_revslider11 = true; revinit_revslider11();}\n\t\t\t\t<\/script>\n\t\t\t<\/rs-module-wrap>\n\t\t\t<!-- END REVOLUTION SLIDER -->\n<div class=\"vc_row wpb_row vc_inner vc_row-fluid  vc_custom_1614014727419\"><div class=\"wpb_column vc_column_container vc_col-sm-12  col-xs-mobile-fullwidth\"><div class=\"vc_column-inner \"><div class=\"wpb_wrapper\">[vc_custom_heading text=&#8221;Outras Categorias&#8221; font_container=&#8221;tag:h2|font_size:18px|text_align:left|color:%23777777|line_height:40px&#8221; google_fonts=&#8221;font_family:Montserrat%3Aregular%2C700|font_style:400%20regular%3A400%3Anormal&#8221;]<\/div><\/div><\/div><\/div><div class=\"vc_row wpb_row vc_inner vc_row-fluid\"><div class=\"wpb_column vc_column_container vc_col-sm-3  col-xs-mobile-fullwidth\"><div class=\"vc_column-inner \"><div class=\"wpb_wrapper\">[vc_single_image image=&#8221;303&#8243; img_size=&#8221;300&#215;300&#8243; alignment=&#8221;center&#8221; onclick=&#8221;custom_link&#8221; link=&#8221;https:\/\/oxygiene.pt\/loja\/product-category\/desinfecao-de-superficies\/equipamentos-desinfecao-de-superficies\/&#8221;]<div class=\"last-paragraph-no-margin\" style=\"color: #777777;\"><p style=\"text-align: center;\"><a href=\"https:\/\/oxygiene.pt\/loja\/product-category\/desinfecao-de-superficies\/equipamentos-desinfecao-de-superficies\/\"><strong>Equipamentos de Desinfe\u00e7\u00e3o de Superf\u00edcies<\/strong><\/a><\/p>\n<\/div><\/div><\/div><\/div><div class=\"wpb_column vc_column_container vc_col-sm-3  col-xs-mobile-fullwidth\"><div class=\"vc_column-inner \"><div class=\"wpb_wrapper\">[vc_single_image image=&#8221;307&#8243; img_size=&#8221;300&#215;300&#8243; alignment=&#8221;center&#8221; onclick=&#8221;custom_link&#8221; link=&#8221;https:\/\/oxygiene.pt\/loja\/product-category\/desinfecao-de-superficies\/fluidos-biocidas-ecologicos-para-superficies\/&#8221;]<div class=\"last-paragraph-no-margin\" style=\"color: #777777;\"><p style=\"text-align: center;\"><a href=\"https:\/\/oxygiene.pt\/loja\/product-category\/desinfecao-de-superficies\/fluidos-biocidas-ecologicos-para-superficies\/\"><strong>Biocidas Ecol\u00f3gicos para Superf\u00edcies<\/strong><\/a><\/p>\n<\/div><\/div><\/div><\/div><div class=\"wpb_column vc_column_container vc_col-sm-3  col-xs-mobile-fullwidth\"><div class=\"vc_column-inner \"><div class=\"wpb_wrapper\">[vc_single_image image=&#8221;308&#8243; img_size=&#8221;300&#215;300&#8243; alignment=&#8221;center&#8221; onclick=&#8221;custom_link&#8221; link=&#8221;https:\/\/oxygiene.pt\/loja\/product-category\/desinfecao-das-maos\/espuma-antisepatica-de-desinfecao-de-maos\/&#8221;]<div class=\"last-paragraph-no-margin\" style=\"color: #777777;\"><p style=\"text-align: center;\"><a href=\"https:\/\/oxygiene.pt\/loja\/product-category\/desinfecao-das-maos\/espuma-antisepatica-de-desinfecao-de-maos\/\"><strong>Desinfe\u00e7\u00e3o das M\u00e3os &#8211; Flu\u00eddos<\/strong><\/a><\/p>\n<\/div><\/div><\/div><\/div><div class=\"wpb_column vc_column_container vc_col-sm-3  col-xs-mobile-fullwidth\"><div class=\"vc_column-inner \"><div class=\"wpb_wrapper\">[vc_single_image image=&#8221;418&#8243; img_size=&#8221;300&#215;300&#8243; alignment=&#8221;center&#8221; onclick=&#8221;custom_link&#8221; link=&#8221;https:\/\/oxygiene.pt\/loja\/product-category\/tratamento-do-ar\/desumidificadores\/&#8221;]<div class=\"last-paragraph-no-margin\" style=\"color: #777777;\"><p style=\"text-align: center;\"><a href=\"https:\/\/oxygiene.pt\/loja\/product-category\/tratamento-do-ar\/desumidificadores\/\"><strong>Desumidificadores<\/strong><\/a><\/p>\n<\/div><\/div><\/div><\/div><\/div><\/div><\/div><\/div><\/section><div class=\"vc_row-full-width vc_clearfix\"><\/div>\n","protected":false},"excerpt":{"rendered":"GAMA DE PURIFICADORES DE AR OXYGIENE [vc_custom_heading text=\"Outras Categorias\" font_container=\"tag:h2|font_size:18px|text_align:left|color:%23777777|line_height:40px\" google_fonts=\"font_family:Montserrat%3Aregular%2C700|font_style:400%20regular%3A400%3Anormal\"][vc_single_image image=\"303\" img_size=\"300x300\" alignment=\"center\" onclick=\"custom_link\" link=\"https:\/\/oxygiene.pt\/loja\/product-category\/desinfecao-de-superficies\/equipamentos-desinfecao-de-superficies\/\"]Equipamentos de Desinfe\u00e7\u00e3o de Superf\u00edcies [vc_single_image image=\"307\" img_size=\"300x300\" alignment=\"center\" onclick=\"custom_link\" link=\"https:\/\/oxygiene.pt\/loja\/product-category\/desinfecao-de-superficies\/fluidos-biocidas-ecologicos-para-superficies\/\"]Biocidas Ecol\u00f3gicos para Superf\u00edcies [vc_single_image image=\"308\" img_size=\"300x300\" alignment=\"center\" onclick=\"custom_link\" link=\"https:\/\/oxygiene.pt\/loja\/product-category\/desinfecao-das-maos\/espuma-antisepatica-de-desinfecao-de-maos\/\"]Desinfe\u00e7\u00e3o das M\u00e3os - Flu\u00eddos [vc_single_image image=\"418\" img_size=\"300x300\" alignment=\"center\" onclick=\"custom_link\" link=\"https:\/\/oxygiene.pt\/loja\/product-category\/tratamento-do-ar\/desumidificadores\/\"]Desumidificadores","protected":false},"author":1,"featured_media":0,"parent":0,"menu_order":0,"comment_status":"closed","ping_status":"closed","template":"","meta":[],"yoast_head":"<!-- This site is optimized with the Yoast SEO plugin v16.1.1 - https:\/\/yoast.com\/wordpress\/plugins\/seo\/ -->\n<title>Destaque - Oxygiene<\/title>\n<link rel=\"canonical\" href=\"https:\/\/oxygiene.pt\/loja\/\" \/>\n<meta property=\"og:locale\" content=\"pt_PT\" \/>\n<meta property=\"og:type\" content=\"article\" \/>\n<meta property=\"og:title\" content=\"Destaque - Oxygiene\" \/>\n<meta property=\"og:url\" content=\"https:\/\/oxygiene.pt\/loja\/\" \/>\n<meta property=\"og:site_name\" content=\"Oxygiene\" \/>\n<meta property=\"article:modified_time\" content=\"2021-10-12T22:39:35+00:00\" \/>\n<meta name=\"twitter:card\" content=\"summary_large_image\" \/>\n<meta name=\"twitter:label1\" content=\"Tempo estimado de leitura\">\n\t<meta name=\"twitter:data1\" content=\"1 minuto\">\n<script type=\"application\/ld+json\" class=\"yoast-schema-graph\">{\"@context\":\"https:\/\/schema.org\",\"@graph\":[{\"@type\":\"WebSite\",\"@id\":\"https:\/\/oxygiene.pt\/loja\/#website\",\"url\":\"https:\/\/oxygiene.pt\/loja\/\",\"name\":\"Oxygiene\",\"description\":\"Solu\\u00e7\\u00f5es de desinfe\\u00e7\\u00e3o e limpeza\",\"potentialAction\":[{\"@type\":\"SearchAction\",\"target\":\"https:\/\/oxygiene.pt\/loja\/?s={search_term_string}\",\"query-input\":\"required name=search_term_string\"}],\"inLanguage\":\"pt-PT\"},{\"@type\":\"WebPage\",\"@id\":\"https:\/\/oxygiene.pt\/loja\/#webpage\",\"url\":\"https:\/\/oxygiene.pt\/loja\/\",\"name\":\"Destaque - Oxygiene\",\"isPartOf\":{\"@id\":\"https:\/\/oxygiene.pt\/loja\/#website\"},\"datePublished\":\"2020-11-30T11:04:25+00:00\",\"dateModified\":\"2021-10-12T22:39:35+00:00\",\"breadcrumb\":{\"@id\":\"https:\/\/oxygiene.pt\/loja\/#breadcrumb\"},\"inLanguage\":\"pt-PT\",\"potentialAction\":[{\"@type\":\"ReadAction\",\"target\":[\"https:\/\/oxygiene.pt\/loja\/\"]}]},{\"@type\":\"BreadcrumbList\",\"@id\":\"https:\/\/oxygiene.pt\/loja\/#breadcrumb\",\"itemListElement\":[{\"@type\":\"ListItem\",\"position\":1,\"item\":{\"@type\":\"WebPage\",\"@id\":\"https:\/\/oxygiene.pt\/loja\/\",\"url\":\"https:\/\/oxygiene.pt\/loja\/\",\"name\":\"In\\u00edcio\"}},{\"@type\":\"ListItem\",\"position\":2,\"item\":{\"@type\":\"WebPage\",\"@id\":\"https:\/\/oxygiene.pt\/loja\/\",\"url\":\"https:\/\/oxygiene.pt\/loja\/\",\"name\":\"Destaque\"}}]}]}<\/script>\n<!-- \/ Yoast SEO plugin. -->","_links":{"self":[{"href":"https:\/\/oxygiene.pt\/loja\/wp-json\/wp\/v2\/pages\/15"}],"collection":[{"href":"https:\/\/oxygiene.pt\/loja\/wp-json\/wp\/v2\/pages"}],"about":[{"href":"https:\/\/oxygiene.pt\/loja\/wp-json\/wp\/v2\/types\/page"}],"author":[{"embeddable":true,"href":"https:\/\/oxygiene.pt\/loja\/wp-json\/wp\/v2\/users\/1"}],"replies":[{"embeddable":true,"href":"https:\/\/oxygiene.pt\/loja\/wp-json\/wp\/v2\/comments?post=15"}],"version-history":[{"count":25,"href":"https:\/\/oxygiene.pt\/loja\/wp-json\/wp\/v2\/pages\/15\/revisions"}],"predecessor-version":[{"id":630,"href":"https:\/\/oxygiene.pt\/loja\/wp-json\/wp\/v2\/pages\/15\/revisions\/630"}],"wp:attachment":[{"href":"https:\/\/oxygiene.pt\/loja\/wp-json\/wp\/v2\/media?parent=15"}],"curies":[{"name":"wp","href":"https:\/\/api.w.org\/{rel}","templated":true}]}}